{"id":3465,"date":"2020-05-24T19:34:36","date_gmt":"2020-05-24T17:34:36","guid":{"rendered":"https:\/\/aguideinbarcelona.com\/barcelona-city-tours\/"},"modified":"2020-05-26T14:38:58","modified_gmt":"2020-05-26T12:38:58","slug":"visites-guiades-barcelona","status":"publish","type":"page","link":"https:\/\/aguideinbarcelona.com\/ca\/visites-guiades-barcelona\/","title":{"rendered":"Visites guiades Barcelona"},"content":{"rendered":"\t\t<div data-elementor-type=\"wp-page\" data-elementor-id=\"3465\" class=\"elementor elementor-3465 elementor-504\" data-elementor-post-type=\"page\">\n\t\t\t\t\t\t<section class=\"elementor-section elementor-top-section elementor-element elementor-element-824ea3b elementor-section-boxed elementor-section-height-default elementor-section-height-default\" data-id=\"824ea3b\" data-element_type=\"section\" data-e-type=\"section\">\n\t\t\t\t\t\t<div class=\"elementor-container elementor-column-gap-default\">\n\t\t\t\t\t<div class=\"elementor-column elementor-col-100 elementor-top-column elementor-element elementor-element-77ec470\" data-id=\"77ec470\" data-element_type=\"column\" data-e-type=\"column\">\n\t\t\t<div class=\"elementor-widget-wrap elementor-element-populated\">\n\t\t\t\t\t\t<div class=\"elementor-element elementor-element-38653ca5 elementor-widget elementor-widget-text-editor\" data-id=\"38653ca5\" data-element_type=\"widget\" data-e-type=\"widget\" data-widget_type=\"text-editor.default\">\n\t\t\t\t<div class=\"elementor-widget-container\">\n\t\t\t\t\t\t\t\t\t<h3><span style=\"color: #99ec00;\">Visites guiades Barcelona\u00a0<\/span><\/h3>\t\t\t\t\t\t\t\t<\/div>\n\t\t\t\t<\/div>\n\t\t\t\t\t<\/div>\n\t\t<\/div>\n\t\t\t\t\t<\/div>\n\t\t<\/section>\n\t\t\t\t<section class=\"elementor-section elementor-top-section elementor-element elementor-element-ac5b060 elementor-section-boxed elementor-section-height-default elementor-section-height-default\" data-id=\"ac5b060\" data-element_type=\"section\" data-e-type=\"section\">\n\t\t\t\t\t\t<div class=\"elementor-container elementor-column-gap-default\">\n\t\t\t\t\t<div class=\"elementor-column elementor-col-100 elementor-top-column elementor-element elementor-element-1be8eb9\" data-id=\"1be8eb9\" data-element_type=\"column\" data-e-type=\"column\">\n\t\t\t<div class=\"elementor-widget-wrap elementor-element-populated\">\n\t\t\t\t\t\t<div class=\"elementor-element elementor-element-589f6a4 elementor-grid-3 elementor-grid-tablet-2 elementor-grid-mobile-1 elementor-posts--thumbnail-top elementor-widget elementor-widget-posts\" data-id=\"589f6a4\" data-element_type=\"widget\" data-e-type=\"widget\" data-settings=\"{&quot;classic_row_gap&quot;:{&quot;unit&quot;:&quot;px&quot;,&quot;size&quot;:40,&quot;sizes&quot;:[]},&quot;classic_columns&quot;:&quot;3&quot;,&quot;classic_columns_tablet&quot;:&quot;2&quot;,&quot;classic_columns_mobile&quot;:&quot;1&quot;,&quot;classic_row_gap_tablet&quot;:{&quot;unit&quot;:&quot;px&quot;,&quot;size&quot;:&quot;&quot;,&quot;sizes&quot;:[]},&quot;classic_row_gap_mobile&quot;:{&quot;unit&quot;:&quot;px&quot;,&quot;size&quot;:&quot;&quot;,&quot;sizes&quot;:[]}}\" data-widget_type=\"posts.classic\">\n\t\t\t\t<div class=\"elementor-widget-container\">\n\t\t\t\t\t\t\t<div class=\"elementor-posts-container elementor-posts elementor-posts--skin-classic elementor-grid\" role=\"list\">\n\t\t\t\t<article class=\"elementor-post elementor-grid-item post-3735 page type-page status-publish has-post-thumbnail hentry category-tast-de-vins-i-visites-cellers entry\" role=\"listitem\">\n\t\t\t\t<a class=\"elementor-post__thumbnail__link\" href=\"https:\/\/aguideinbarcelona.com\/ca\/visita-sagrada-familia\/\" tabindex=\"-1\" >\n\t\t\t<div class=\"elementor-post__thumbnail\"><img fetchpriority=\"high\" decoding=\"async\" width=\"300\" height=\"200\" src=\"https:\/\/aguideinbarcelona.com\/wp-content\/uploads\/2020\/05\/Sagrada-Familia-entera-1-300x200.jpg\" class=\"attachment-medium size-medium wp-image-4355\" alt=\"\" srcset=\"https:\/\/aguideinbarcelona.com\/wp-content\/uploads\/2020\/05\/Sagrada-Familia-entera-1-300x200.jpg 300w, https:\/\/aguideinbarcelona.com\/wp-content\/uploads\/2020\/05\/Sagrada-Familia-entera-1.jpg 667w\" sizes=\"(max-width: 300px) 100vw, 300px\" \/><\/div>\n\t\t<\/a>\n\t\t\t\t<div class=\"elementor-post__text\">\n\t\t\t\t<h3 class=\"elementor-post__title\">\n\t\t\t<a href=\"https:\/\/aguideinbarcelona.com\/ca\/visita-sagrada-familia\/\" >\n\t\t\t\tVisita Sagrada Familia\t\t\t<\/a>\n\t\t<\/h3>\n\t\t\t\t<div class=\"elementor-post__excerpt\">\n\t\t\t<p>Per reservar aquest tour contacteu amb nosaltres Visita Sagrada Familia Visita guiada Sagrada Fam\u00edlia privada per tu i el teu grup La Bas\u00edlica de la<\/p>\n\t\t<\/div>\n\t\t\n\t\t<a class=\"elementor-post__read-more\" href=\"https:\/\/aguideinbarcelona.com\/ca\/visita-sagrada-familia\/\" aria-label=\"Read more about Visita Sagrada Familia\" tabindex=\"-1\" >\n\t\t\t<div id=\"book_btn_green\">+ M\u00e9s informaci\u00f3<\/div>\t\t<\/a>\n\n\t\t\t\t<\/div>\n\t\t\t\t<\/article>\n\t\t\t\t<article class=\"elementor-post elementor-grid-item post-3729 page type-page status-publish has-post-thumbnail hentry category-tast-de-vins-i-visites-cellers entry\" role=\"listitem\">\n\t\t\t\t<a class=\"elementor-post__thumbnail__link\" href=\"https:\/\/aguideinbarcelona.com\/ca\/visita-gaudi\/\" tabindex=\"-1\" >\n\t\t\t<div class=\"elementor-post__thumbnail\"><img decoding=\"async\" width=\"300\" height=\"217\" src=\"https:\/\/aguideinbarcelona.com\/wp-content\/uploads\/2020\/05\/Parc-Gu\u0308ell-banco-con-palmeras-1-300x217.jpg\" class=\"attachment-medium size-medium wp-image-2762\" alt=\"\" srcset=\"https:\/\/aguideinbarcelona.com\/wp-content\/uploads\/2020\/05\/Parc-Gu\u0308ell-banco-con-palmeras-1-300x217.jpg 300w, https:\/\/aguideinbarcelona.com\/wp-content\/uploads\/2020\/05\/Parc-Gu\u0308ell-banco-con-palmeras-1-768x556.jpg 768w, https:\/\/aguideinbarcelona.com\/wp-content\/uploads\/2020\/05\/Parc-Gu\u0308ell-banco-con-palmeras-1.jpg 810w\" sizes=\"(max-width: 300px) 100vw, 300px\" \/><\/div>\n\t\t<\/a>\n\t\t\t\t<div class=\"elementor-post__text\">\n\t\t\t\t<h3 class=\"elementor-post__title\">\n\t\t\t<a href=\"https:\/\/aguideinbarcelona.com\/ca\/visita-gaudi\/\" >\n\t\t\t\tVisita Gaud\u00ed\t\t\t<\/a>\n\t\t<\/h3>\n\t\t\t\t<div class=\"elementor-post__excerpt\">\n\t\t\t<p>Si voleu visitar les obres m\u00e9s importants d&#8217;Antoni Gaud\u00ed a Barcelona, \u200b\u200baquest \u00e9s l\u00b4opci\u00f3 ideal: Sagrada Fam\u00edlia,  La Pedrera, Casa Batll\u00f3 &#8230; i molt m\u00e9s.<\/p>\n\t\t<\/div>\n\t\t\n\t\t<a class=\"elementor-post__read-more\" href=\"https:\/\/aguideinbarcelona.com\/ca\/visita-gaudi\/\" aria-label=\"Read more about Visita Gaud\u00ed\" tabindex=\"-1\" >\n\t\t\t<div id=\"book_btn_green\">+ M\u00e9s informaci\u00f3<\/div>\t\t<\/a>\n\n\t\t\t\t<\/div>\n\t\t\t\t<\/article>\n\t\t\t\t<article class=\"elementor-post elementor-grid-item post-3740 page type-page status-publish has-post-thumbnail hentry category-tast-de-vins-i-visites-cellers entry\" role=\"listitem\">\n\t\t\t\t<a class=\"elementor-post__thumbnail__link\" href=\"https:\/\/aguideinbarcelona.com\/ca\/visita-del-barri-gotic\/\" tabindex=\"-1\" >\n\t\t\t<div class=\"elementor-post__thumbnail\"><img decoding=\"async\" width=\"300\" height=\"201\" src=\"https:\/\/aguideinbarcelona.com\/wp-content\/uploads\/2020\/05\/Carrer-del-Bisbe-1-principal-300x201.jpg\" class=\"attachment-medium size-medium wp-image-2774\" alt=\"\" srcset=\"https:\/\/aguideinbarcelona.com\/wp-content\/uploads\/2020\/05\/Carrer-del-Bisbe-1-principal-300x201.jpg 300w, https:\/\/aguideinbarcelona.com\/wp-content\/uploads\/2020\/05\/Carrer-del-Bisbe-1-principal-768x515.jpg 768w, https:\/\/aguideinbarcelona.com\/wp-content\/uploads\/2020\/05\/Carrer-del-Bisbe-1-principal.jpg 1024w\" sizes=\"(max-width: 300px) 100vw, 300px\" \/><\/div>\n\t\t<\/a>\n\t\t\t\t<div class=\"elementor-post__text\">\n\t\t\t\t<h3 class=\"elementor-post__title\">\n\t\t\t<a href=\"https:\/\/aguideinbarcelona.com\/ca\/visita-del-barri-gotic\/\" >\n\t\t\t\tVisita del Barri G\u00f2tic\t\t\t<\/a>\n\t\t<\/h3>\n\t\t\t\t<div class=\"elementor-post__excerpt\">\n\t\t\t<p>Un passeig pels primers 1500 anys d\u00b4hist\u00f2ria de Barcelona. A l\u00b4entramat de carrerons i places de Ciutat Vella, el passat i el present es donen la m\u00e0.\u00a0<\/p>\n\t\t<\/div>\n\t\t\n\t\t<a class=\"elementor-post__read-more\" href=\"https:\/\/aguideinbarcelona.com\/ca\/visita-del-barri-gotic\/\" aria-label=\"Read more about Visita del Barri G\u00f2tic\" tabindex=\"-1\" >\n\t\t\t<div id=\"book_btn_green\">+ M\u00e9s informaci\u00f3<\/div>\t\t<\/a>\n\n\t\t\t\t<\/div>\n\t\t\t\t<\/article>\n\t\t\t\t<article class=\"elementor-post elementor-grid-item post-3746 page type-page status-publish has-post-thumbnail hentry category-tast-de-vins-i-visites-cellers entry\" role=\"listitem\">\n\t\t\t\t<a class=\"elementor-post__thumbnail__link\" href=\"https:\/\/aguideinbarcelona.com\/ca\/casa-vicens-i-tast-de-vins\/\" tabindex=\"-1\" >\n\t\t\t<div class=\"elementor-post__thumbnail\"><img loading=\"lazy\" decoding=\"async\" width=\"300\" height=\"138\" src=\"https:\/\/aguideinbarcelona.com\/wp-content\/uploads\/2020\/05\/Casa-Vicens-1-300x138.jpg\" class=\"attachment-medium size-medium wp-image-2747\" alt=\"\" srcset=\"https:\/\/aguideinbarcelona.com\/wp-content\/uploads\/2020\/05\/Casa-Vicens-1-300x138.jpg 300w, https:\/\/aguideinbarcelona.com\/wp-content\/uploads\/2020\/05\/Casa-Vicens-1-1024x471.jpg 1024w, https:\/\/aguideinbarcelona.com\/wp-content\/uploads\/2020\/05\/Casa-Vicens-1-768x353.jpg 768w, https:\/\/aguideinbarcelona.com\/wp-content\/uploads\/2020\/05\/Casa-Vicens-1-1536x706.jpg 1536w, https:\/\/aguideinbarcelona.com\/wp-content\/uploads\/2020\/05\/Casa-Vicens-1-1568x721.jpg 1568w, https:\/\/aguideinbarcelona.com\/wp-content\/uploads\/2020\/05\/Casa-Vicens-1.jpg 1680w\" sizes=\"(max-width: 300px) 100vw, 300px\" \/><\/div>\n\t\t<\/a>\n\t\t\t\t<div class=\"elementor-post__text\">\n\t\t\t\t<h3 class=\"elementor-post__title\">\n\t\t\t<a href=\"https:\/\/aguideinbarcelona.com\/ca\/casa-vicens-i-tast-de-vins\/\" >\n\t\t\t\tCasa Vicens i Tast de Vins\t\t\t<\/a>\n\t\t<\/h3>\n\t\t\t\t<div class=\"elementor-post__excerpt\">\n\t\t\t<p>Exploreu el captivador barri de Gr\u00e0cia, on Gaud\u00ed va construir una de les seves primeres i menys conegudes obres: Casa Vicens. I gaudiu d&#8217;un tast guiat de vins catalans.<\/p>\n\t\t<\/div>\n\t\t\n\t\t<a class=\"elementor-post__read-more\" href=\"https:\/\/aguideinbarcelona.com\/ca\/casa-vicens-i-tast-de-vins\/\" aria-label=\"Read more about Casa Vicens i Tast de Vins\" tabindex=\"-1\" >\n\t\t\t<div id=\"book_btn_green\">+ M\u00e9s informaci\u00f3<\/div>\t\t<\/a>\n\n\t\t\t\t<\/div>\n\t\t\t\t<\/article>\n\t\t\t\t<article class=\"elementor-post elementor-grid-item post-3467 page type-page status-publish has-post-thumbnail hentry category-tast-de-vins-i-visites-cellers entry\" role=\"listitem\">\n\t\t\t\t<a class=\"elementor-post__thumbnail__link\" href=\"https:\/\/aguideinbarcelona.com\/ca\/la-barcelona-essencial\/\" tabindex=\"-1\" >\n\t\t\t<div class=\"elementor-post__thumbnail\"><img loading=\"lazy\" decoding=\"async\" width=\"300\" height=\"225\" src=\"https:\/\/aguideinbarcelona.com\/wp-content\/uploads\/2020\/05\/Panora\u0301mica-Barcelona-4-Principal-1-300x225.jpg\" class=\"attachment-medium size-medium wp-image-2699\" alt=\"\" srcset=\"https:\/\/aguideinbarcelona.com\/wp-content\/uploads\/2020\/05\/Panora\u0301mica-Barcelona-4-Principal-1-300x225.jpg 300w, https:\/\/aguideinbarcelona.com\/wp-content\/uploads\/2020\/05\/Panora\u0301mica-Barcelona-4-Principal-1-1024x768.jpg 1024w, https:\/\/aguideinbarcelona.com\/wp-content\/uploads\/2020\/05\/Panora\u0301mica-Barcelona-4-Principal-1-768x576.jpg 768w, https:\/\/aguideinbarcelona.com\/wp-content\/uploads\/2020\/05\/Panora\u0301mica-Barcelona-4-Principal-1-1536x1152.jpg 1536w, https:\/\/aguideinbarcelona.com\/wp-content\/uploads\/2020\/05\/Panora\u0301mica-Barcelona-4-Principal-1-2048x1536.jpg 2048w, https:\/\/aguideinbarcelona.com\/wp-content\/uploads\/2020\/05\/Panora\u0301mica-Barcelona-4-Principal-1-1568x1176.jpg 1568w\" sizes=\"(max-width: 300px) 100vw, 300px\" \/><\/div>\n\t\t<\/a>\n\t\t\t\t<div class=\"elementor-post__text\">\n\t\t\t\t<h3 class=\"elementor-post__title\">\n\t\t\t<a href=\"https:\/\/aguideinbarcelona.com\/ca\/la-barcelona-essencial\/\" >\n\t\t\t\tLa Barcelona essencial\t\t\t<\/a>\n\t\t<\/h3>\n\t\t\t\t<div class=\"elementor-post__excerpt\">\n\t\t\t<p>Per reservar aquest tour contacteu amb nosaltres La Barcelona essencial en 4 hores Visita guiada de la Barcelona que has de con\u00e8ixer L\u00b4arquitectura d\u00b4Antoni Gaud\u00ed<\/p>\n\t\t<\/div>\n\t\t\n\t\t<a class=\"elementor-post__read-more\" href=\"https:\/\/aguideinbarcelona.com\/ca\/la-barcelona-essencial\/\" aria-label=\"Read more about La Barcelona essencial\" tabindex=\"-1\" >\n\t\t\t<div id=\"book_btn_green\">+ M\u00e9s informaci\u00f3<\/div>\t\t<\/a>\n\n\t\t\t\t<\/div>\n\t\t\t\t<\/article>\n\t\t\t\t<article class=\"elementor-post elementor-grid-item post-3743 page type-page status-publish has-post-thumbnail hentry category-tast-de-vins-i-visites-cellers entry\" role=\"listitem\">\n\t\t\t\t<a class=\"elementor-post__thumbnail__link\" href=\"https:\/\/aguideinbarcelona.com\/ca\/museu-picasso-i-tast-de-vins\/\" tabindex=\"-1\" >\n\t\t\t<div class=\"elementor-post__thumbnail\"><img loading=\"lazy\" decoding=\"async\" width=\"300\" height=\"222\" src=\"https:\/\/aguideinbarcelona.com\/wp-content\/uploads\/2020\/05\/meninas-pintura-Picasso-1-300x222.jpg\" class=\"attachment-medium size-medium wp-image-2816\" alt=\"\" srcset=\"https:\/\/aguideinbarcelona.com\/wp-content\/uploads\/2020\/05\/meninas-pintura-Picasso-1-300x222.jpg 300w, https:\/\/aguideinbarcelona.com\/wp-content\/uploads\/2020\/05\/meninas-pintura-Picasso-1-1024x757.jpg 1024w, https:\/\/aguideinbarcelona.com\/wp-content\/uploads\/2020\/05\/meninas-pintura-Picasso-1-768x568.jpg 768w, https:\/\/aguideinbarcelona.com\/wp-content\/uploads\/2020\/05\/meninas-pintura-Picasso-1.jpg 1067w\" sizes=\"(max-width: 300px) 100vw, 300px\" \/><\/div>\n\t\t<\/a>\n\t\t\t\t<div class=\"elementor-post__text\">\n\t\t\t\t<h3 class=\"elementor-post__title\">\n\t\t\t<a href=\"https:\/\/aguideinbarcelona.com\/ca\/museu-picasso-i-tast-de-vins\/\" >\n\t\t\t\tMuseu Picasso i Tast de Vins\t\t\t<\/a>\n\t\t<\/h3>\n\t\t\t\t<div class=\"elementor-post__excerpt\">\n\t\t\t<p>Per reservar aquest tour contacteu amb nosaltres Museu Picasso i Tast de Vins L&#8217; art i el vi es donen la m\u00e0 en el barri<\/p>\n\t\t<\/div>\n\t\t\n\t\t<a class=\"elementor-post__read-more\" href=\"https:\/\/aguideinbarcelona.com\/ca\/museu-picasso-i-tast-de-vins\/\" aria-label=\"Read more about Museu Picasso i Tast de Vins\" tabindex=\"-1\" >\n\t\t\t<div id=\"book_btn_green\">+ M\u00e9s informaci\u00f3<\/div>\t\t<\/a>\n\n\t\t\t\t<\/div>\n\t\t\t\t<\/article>\n\t\t\t\t<\/div>\n\t\t\n\t\t\t\t\t\t<\/div>\n\t\t\t\t<\/div>\n\t\t\t\t\t<\/div>\n\t\t<\/div>\n\t\t\t\t\t<\/div>\n\t\t<\/section>\n\t\t\t\t<\/div>\n\t\t","protected":false},"excerpt":{"rendered":"<p>Visites guiades Barcelona\u00a0<\/p>\n","protected":false},"author":4,"featured_media":0,"parent":0,"menu_order":0,"comment_status":"closed","ping_status":"closed","template":"elementor_header_footer","meta":{"footnotes":""},"categories":[],"tags":[],"class_list":["post-3465","page","type-page","status-publish","hentry","entry"],"_links":{"self":[{"href":"https:\/\/aguideinbarcelona.com\/ca\/wp-json\/wp\/v2\/pages\/3465","targetHints":{"allow":["GET"]}}],"collection":[{"href":"https:\/\/aguideinbarcelona.com\/ca\/wp-json\/wp\/v2\/pages"}],"about":[{"href":"https:\/\/aguideinbarcelona.com\/ca\/wp-json\/wp\/v2\/types\/page"}],"author":[{"embeddable":true,"href":"https:\/\/aguideinbarcelona.com\/ca\/wp-json\/wp\/v2\/users\/4"}],"replies":[{"embeddable":true,"href":"https:\/\/aguideinbarcelona.com\/ca\/wp-json\/wp\/v2\/comments?post=3465"}],"version-history":[{"count":0,"href":"https:\/\/aguideinbarcelona.com\/ca\/wp-json\/wp\/v2\/pages\/3465\/revisions"}],"wp:attachment":[{"href":"https:\/\/aguideinbarcelona.com\/ca\/wp-json\/wp\/v2\/media?parent=3465"}],"wp:term":[{"taxonomy":"category","embeddable":true,"href":"https:\/\/aguideinbarcelona.com\/ca\/wp-json\/wp\/v2\/categories?post=3465"},{"taxonomy":"post_tag","embeddable":true,"href":"https:\/\/aguideinbarcelona.com\/ca\/wp-json\/wp\/v2\/tags?post=3465"}],"curies":[{"name":"wp","href":"https:\/\/api.w.org\/{rel}","templated":true}]}}