{"id":3467,"date":"2020-05-25T12:36:36","date_gmt":"2020-05-25T10:36:36","guid":{"rendered":"https:\/\/aguideinbarcelona.com\/barcelona-highlights-4h\/"},"modified":"2026-02-06T16:27:13","modified_gmt":"2026-02-06T15:27:13","slug":"la-barcelona-essencial","status":"publish","type":"page","link":"https:\/\/aguideinbarcelona.com\/ca\/la-barcelona-essencial\/","title":{"rendered":"La Barcelona essencial"},"content":{"rendered":"\t\t<div data-elementor-type=\"wp-page\" data-elementor-id=\"3467\" class=\"elementor elementor-3467 elementor-889\" data-elementor-post-type=\"page\">\n\t\t\t\t\t\t<section class=\"elementor-section elementor-top-section elementor-element elementor-element-79f80346 elementor-section-boxed elementor-section-height-default elementor-section-height-default\" data-id=\"79f80346\" data-element_type=\"section\" data-e-type=\"section\">\n\t\t\t\t\t\t<div class=\"elementor-container elementor-column-gap-default\">\n\t\t\t\t\t<div class=\"elementor-column elementor-col-100 elementor-top-column elementor-element elementor-element-6057d6be\" data-id=\"6057d6be\" data-element_type=\"column\" data-e-type=\"column\">\n\t\t\t<div class=\"elementor-widget-wrap elementor-element-populated\">\n\t\t\t\t\t\t<section class=\"elementor-section elementor-inner-section elementor-element elementor-element-6c2425a0 elementor-section-boxed elementor-section-height-default elementor-section-height-default\" data-id=\"6c2425a0\" data-element_type=\"section\" data-e-type=\"section\">\n\t\t\t\t\t\t<div class=\"elementor-container elementor-column-gap-default\">\n\t\t\t\t\t<div class=\"elementor-column elementor-col-50 elementor-inner-column elementor-element elementor-element-7337e7ae\" data-id=\"7337e7ae\" data-element_type=\"column\" data-e-type=\"column\">\n\t\t\t<div class=\"elementor-widget-wrap elementor-element-populated\">\n\t\t\t\t\t\t<div class=\"elementor-element elementor-element-3725f627 elementor-nav-menu--dropdown-none menu_izq elementor-widget elementor-widget-global elementor-global-3815 elementor-global-607 elementor-widget-nav-menu\" data-id=\"3725f627\" data-element_type=\"widget\" data-e-type=\"widget\" data-settings=\"{&quot;layout&quot;:&quot;vertical&quot;,&quot;submenu_icon&quot;:{&quot;value&quot;:&quot;fas fa-caret-down&quot;,&quot;library&quot;:&quot;fa-solid&quot;}}\" data-widget_type=\"nav-menu.default\">\n\t\t\t\t<div class=\"elementor-widget-container\">\n\t\t\t\t\t\t\t\t<nav aria-label=\"Menu\" class=\"elementor-nav-menu--main elementor-nav-menu__container elementor-nav-menu--layout-vertical e--pointer-none\">\n\t\t\t\t<ul id=\"menu-1-3725f627\" class=\"elementor-nav-menu sm-vertical\"><li class=\"menu-item menu-item-type-custom menu-item-object-custom menu-item-4292\"><a href=\"https:\/\/aguideinbarcelona.com\/ca\/visites-guiades-barcelona\/\" class=\"elementor-item\"><span class=\"title_menu_tours\">VISITES GUIADES BARCELONA:<span\/><\/a><\/li>\n<li class=\"menu-item menu-item-type-post_type menu-item-object-page menu-item-4291\"><a href=\"https:\/\/aguideinbarcelona.com\/ca\/la-barcelona-essencial\/\" class=\"elementor-item\">La Barcelona essencial<\/a><\/li>\n<li class=\"menu-item menu-item-type-post_type menu-item-object-page menu-item-4294\"><a href=\"https:\/\/aguideinbarcelona.com\/ca\/visita-gaudi\/\" class=\"elementor-item\">Visita Gaud\u00ed<\/a><\/li>\n<li class=\"menu-item menu-item-type-post_type menu-item-object-page menu-item-4293\"><a href=\"https:\/\/aguideinbarcelona.com\/ca\/visita-sagrada-familia\/\" class=\"elementor-item\">Visita Sagrada Familia<\/a><\/li>\n<li class=\"menu-item menu-item-type-post_type menu-item-object-page menu-item-4295\"><a href=\"https:\/\/aguideinbarcelona.com\/ca\/visita-del-barri-gotic\/\" class=\"elementor-item\">Visita del Barri G\u00f2tic<\/a><\/li>\n<li class=\"menu-item menu-item-type-post_type menu-item-object-page menu-item-4296\"><a href=\"https:\/\/aguideinbarcelona.com\/ca\/museu-picasso-i-tast-de-vins\/\" class=\"elementor-item\">Museu Picasso i Tast de Vins<\/a><\/li>\n<li class=\"menu-item menu-item-type-post_type menu-item-object-page menu-item-4297\"><a href=\"https:\/\/aguideinbarcelona.com\/ca\/casa-vicens-i-tast-de-vins\/\" class=\"elementor-item\">Casa Vicens i Tast de Vins<\/a><\/li>\n<\/ul>\t\t\t<\/nav>\n\t\t\t\t\t\t<nav class=\"elementor-nav-menu--dropdown elementor-nav-menu__container\" aria-hidden=\"true\">\n\t\t\t\t<ul id=\"menu-2-3725f627\" class=\"elementor-nav-menu sm-vertical\"><li class=\"menu-item menu-item-type-custom menu-item-object-custom menu-item-4292\"><a href=\"https:\/\/aguideinbarcelona.com\/ca\/visites-guiades-barcelona\/\" class=\"elementor-item\" tabindex=\"-1\"><span class=\"title_menu_tours\">VISITES GUIADES BARCELONA:<span\/><\/a><\/li>\n<li class=\"menu-item menu-item-type-post_type menu-item-object-page menu-item-4291\"><a href=\"https:\/\/aguideinbarcelona.com\/ca\/la-barcelona-essencial\/\" class=\"elementor-item\" tabindex=\"-1\">La Barcelona essencial<\/a><\/li>\n<li class=\"menu-item menu-item-type-post_type menu-item-object-page menu-item-4294\"><a href=\"https:\/\/aguideinbarcelona.com\/ca\/visita-gaudi\/\" class=\"elementor-item\" tabindex=\"-1\">Visita Gaud\u00ed<\/a><\/li>\n<li class=\"menu-item menu-item-type-post_type menu-item-object-page menu-item-4293\"><a href=\"https:\/\/aguideinbarcelona.com\/ca\/visita-sagrada-familia\/\" class=\"elementor-item\" tabindex=\"-1\">Visita Sagrada Familia<\/a><\/li>\n<li class=\"menu-item menu-item-type-post_type menu-item-object-page menu-item-4295\"><a href=\"https:\/\/aguideinbarcelona.com\/ca\/visita-del-barri-gotic\/\" class=\"elementor-item\" tabindex=\"-1\">Visita del Barri G\u00f2tic<\/a><\/li>\n<li class=\"menu-item menu-item-type-post_type menu-item-object-page menu-item-4296\"><a href=\"https:\/\/aguideinbarcelona.com\/ca\/museu-picasso-i-tast-de-vins\/\" class=\"elementor-item\" tabindex=\"-1\">Museu Picasso i Tast de Vins<\/a><\/li>\n<li class=\"menu-item menu-item-type-post_type menu-item-object-page menu-item-4297\"><a href=\"https:\/\/aguideinbarcelona.com\/ca\/casa-vicens-i-tast-de-vins\/\" class=\"elementor-item\" tabindex=\"-1\">Casa Vicens i Tast de Vins<\/a><\/li>\n<\/ul>\t\t\t<\/nav>\n\t\t\t\t\t\t<\/div>\n\t\t\t\t<\/div>\n\t\t\t\t<div class=\"elementor-element elementor-element-ca5025b elementor-widget elementor-widget-spacer\" data-id=\"ca5025b\" data-element_type=\"widget\" data-e-type=\"widget\" data-widget_type=\"spacer.default\">\n\t\t\t\t<div class=\"elementor-widget-container\">\n\t\t\t\t\t\t\t<div class=\"elementor-spacer\">\n\t\t\t<div class=\"elementor-spacer-inner\"><\/div>\n\t\t<\/div>\n\t\t\t\t\t\t<\/div>\n\t\t\t\t<\/div>\n\t\t\t\t<div class=\"elementor-element elementor-element-8ad9c03 elementor-align-center elementor-widget elementor-widget-button\" data-id=\"8ad9c03\" data-element_type=\"widget\" data-e-type=\"widget\" data-widget_type=\"button.default\">\n\t\t\t\t<div class=\"elementor-widget-container\">\n\t\t\t\t\t\t\t\t\t<div class=\"elementor-button-wrapper\">\n\t\t\t\t\t<a class=\"elementor-button elementor-button-link elementor-size-md\" href=\"https:\/\/aguideinbarcelona.com\/ca\/contactar\/\">\n\t\t\t\t\t\t<span class=\"elementor-button-content-wrapper\">\n\t\t\t\t\t\t\t\t\t<span class=\"elementor-button-text\">Per reservar aquest tour contacteu amb nosaltres<\/span>\n\t\t\t\t\t<\/span>\n\t\t\t\t\t<\/a>\n\t\t\t\t<\/div>\n\t\t\t\t\t\t\t\t<\/div>\n\t\t\t\t<\/div>\n\t\t\t\t<div class=\"elementor-element elementor-element-19165a9 elementor-widget elementor-widget-spacer\" data-id=\"19165a9\" data-element_type=\"widget\" data-e-type=\"widget\" data-widget_type=\"spacer.default\">\n\t\t\t\t<div class=\"elementor-widget-container\">\n\t\t\t\t\t\t\t<div class=\"elementor-spacer\">\n\t\t\t<div class=\"elementor-spacer-inner\"><\/div>\n\t\t<\/div>\n\t\t\t\t\t\t<\/div>\n\t\t\t\t<\/div>\n\t\t\t\t\t<\/div>\n\t\t<\/div>\n\t\t\t\t<div class=\"elementor-column elementor-col-50 elementor-inner-column elementor-element elementor-element-3a91580c\" data-id=\"3a91580c\" data-element_type=\"column\" data-e-type=\"column\">\n\t\t\t<div class=\"elementor-widget-wrap elementor-element-populated\">\n\t\t\t\t\t\t<div class=\"elementor-element elementor-element-37b197ea elementor-widget elementor-widget-text-editor\" data-id=\"37b197ea\" data-element_type=\"widget\" data-e-type=\"widget\" data-widget_type=\"text-editor.default\">\n\t\t\t\t<div class=\"elementor-widget-container\">\n\t\t\t\t\t\t\t\t\t<h3 style=\"text-align: center;\"><em><span style=\"color: #99ec00;\">La Barcelona essencial en 4 hores<\/span><\/em><\/h3>\t\t\t\t\t\t\t\t<\/div>\n\t\t\t\t<\/div>\n\t\t\t\t<div class=\"elementor-element elementor-element-d7d8db9 elementor--h-position-center elementor--v-position-middle elementor-arrows-position-inside elementor-pagination-position-inside elementor-widget elementor-widget-slides\" data-id=\"d7d8db9\" data-element_type=\"widget\" data-e-type=\"widget\" data-settings=\"{&quot;navigation&quot;:&quot;both&quot;,&quot;autoplay&quot;:&quot;yes&quot;,&quot;pause_on_hover&quot;:&quot;yes&quot;,&quot;pause_on_interaction&quot;:&quot;yes&quot;,&quot;autoplay_speed&quot;:5000,&quot;infinite&quot;:&quot;yes&quot;,&quot;transition&quot;:&quot;slide&quot;,&quot;transition_speed&quot;:500}\" data-widget_type=\"slides.default\">\n\t\t\t\t<div class=\"elementor-widget-container\">\n\t\t\t\t\t\t\t\t\t<div class=\"elementor-swiper\">\n\t\t\t\t\t<div class=\"elementor-slides-wrapper elementor-main-swiper swiper\" role=\"region\" aria-roledescription=\"carousel\" aria-label=\"Diapositivas\" dir=\"ltr\" data-animation=\"fadeInUp\">\n\t\t\t\t<div class=\"swiper-wrapper elementor-slides\">\n\t\t\t\t\t\t\t\t\t\t<div class=\"elementor-repeater-item-972480f swiper-slide\" role=\"group\" aria-roledescription=\"slide\"><div class=\"swiper-slide-bg\" role=\"img\" aria-label=\"Panora\u0301mica Barcelona 4 - Principal -1\"><\/div><div class=\"swiper-slide-inner\" ><div class=\"swiper-slide-contents\"><\/div><\/div><\/div>\t\t\t\t<\/div>\n\t\t\t\t\t\t\t<\/div>\n\t\t\t\t<\/div>\n\t\t\t\t\t\t\t\t<\/div>\n\t\t\t\t<\/div>\n\t\t\t\t<div class=\"elementor-element elementor-element-1ed0dd78 elementor-widget elementor-widget-text-editor\" data-id=\"1ed0dd78\" data-element_type=\"widget\" data-e-type=\"widget\" data-widget_type=\"text-editor.default\">\n\t\t\t\t<div class=\"elementor-widget-container\">\n\t\t\t\t\t\t\t\t\t<p class=\"p1\" style=\"text-align: center;\"><span style=\"color: #99ec00;\"><strong><span class=\"s1\"><i>Visita guiada de la Barcelona que has de con\u00e8ixer<\/i><\/span><\/strong><\/span><\/p><p class=\"p2\" style=\"text-align: justify;\"><span class=\"s1\" style=\"color: #000000;\">L\u00b4arquitectura d\u00b4Antoni Gaud\u00ed i el Barri G\u00f2tic s\u00f3n, sense dubte, els llocs emblem\u00e0tics de la ciutat. <\/span><\/p><p class=\"p2\" style=\"text-align: justify;\"><span class=\"s2\" style=\"color: #000000;\">Si veniu a passar el dia a Barcelona us donarem\u00a0 una excel\u00b7lent visi\u00f3 general dels <b>llocs m\u00e9s coneguts en poques hores.<\/b><\/span><\/p><p class=\"p2\" style=\"text-align: justify;\"><span class=\"s1\" style=\"color: #000000;\">Ens endinsarem en la hist\u00f2ria de l\u2019 \u00e8poca romana i de l\u2019edat mitjana caminant pel<b> Barri G\u00f2tic <\/b>i<b> <\/b>el<b> <\/b>Call jueu<\/span><\/p><p class=\"p2\" style=\"text-align: justify;\"><span class=\"s1\" style=\"color: #000000;\">Descobrirem l\u00b4obra d\u00b4Antoni Gaud\u00ed visitant<span class=\"Apple-converted-space\">\u00a0 <\/span>l\u2019interior <b>\u00a0d&#8217;un dels seus edificis,<\/b><span class=\"Apple-converted-space\">\u00a0 <\/span>a escollir\u00a0 entre:\u00a0<\/span><\/p><p class=\"p2\" style=\"text-align: justify;\"><span class=\"s1\" style=\"color: #000000;\">&#8211; la visita guiada de la Sagrada Fam\u00edlia <b>o<\/b>\u00a0<\/span><\/p><p class=\"p2\" style=\"text-align: justify;\"><span class=\"s1\" style=\"color: #000000;\">&#8211; la visita guiada del Parc G\u00fcell <b>o<\/b>\u00a0<\/span><\/p><p class=\"p2\" style=\"text-align: justify;\"><span class=\"s1\" style=\"color: #000000;\">&#8211; la visita guiada de la Casa Mil\u00e0 \u201cLa Pedrera\u201d.<\/span><\/p><p class=\"p2\" style=\"text-align: justify;\"><span class=\"s1\" style=\"color: #000000;\">Passejarem\u00a0 pel <b>passeig de Gr\u00e0cia, <\/b>aparador de la burgesia barcelonina del tombant del segle XIX. Aquest passeig elegant i senyorial uneix la pla\u00e7a Catalunya amb el barri de Gr\u00e0cia. D\u00b4aqu\u00ed li ve el nom. La pres\u00e8ncia dels millors edificis modernistes de Barcelona converteix aquesta avinguda en un aut\u00e8ntic museu a l\u00b4aire lliure. <b>La \u201cMan\u00e7ana de la Disc\u00f2rdia\u201d<\/b> \u00e9s un bon exemple, amb obres dels arquitectes Gaud\u00ed, Puig i Cadafalch i Dom\u00e8nech i Montaner.<\/span><\/p>\t\t\t\t\t\t\t\t<\/div>\n\t\t\t\t<\/div>\n\t\t\t\t<div class=\"elementor-element elementor-element-33a2c6c elementor-widget elementor-widget-text-editor\" data-id=\"33a2c6c\" data-element_type=\"widget\" data-e-type=\"widget\" data-widget_type=\"text-editor.default\">\n\t\t\t\t<div class=\"elementor-widget-container\">\n\t\t\t\t\t\t\t\t\t<p class=\"p1\" style=\"text-align: left;\"><span class=\"s2\" style=\"color: #99ec00;\"><b>Preu de la visita<\/b><\/span><span class=\"s3\"><span style=\"color: #99ec00;\">:<\/span> 340 \u20ac per grups de 1 a 8 persones ( preu total no per persona ) 21% d\u00b4Iva incl\u00f2s <\/span><\/p><p class=\"p1\" style=\"text-align: left;\"><span class=\"s3\">Per grups m\u00e9s grans demaneu pressupost<\/span><\/p><p class=\"p4\" style=\"text-align: left;\"><span class=\"s3\"><b><span style=\"color: #99ec00;\">Durada del recorregut<\/span> <\/b><\/span><span class=\"s5\">: 4 hores<\/span><\/p>\t\t\t\t\t\t\t\t<\/div>\n\t\t\t\t<\/div>\n\t\t\t\t<div class=\"elementor-element elementor-element-2fb7f77 elementor-widget elementor-widget-text-editor\" data-id=\"2fb7f77\" data-element_type=\"widget\" data-e-type=\"widget\" data-widget_type=\"text-editor.default\">\n\t\t\t\t<div class=\"elementor-widget-container\">\n\t\t\t\t\t\t\t\t\t<p class=\"p1\" style=\"text-align: justify;\"><span style=\"color: #99ec00;\"><span class=\"s1\"><b>El preu inclou <\/b><\/span><span class=\"s2\">:\u00a0<\/span><\/span><\/p><p><span class=\"s1\">\u2713 4 hores de <b>visita guiada privada amb una guia oficial de Catalunya <\/b><\/span><\/p><p class=\"p4\" style=\"text-align: justify;\"><span class=\"s1\">Recordi que amb un guia oficial no haur\u00e0 de fer cues d\u00b4espera per entrar als monuments, ja que tenim prioritat.<\/span><\/p><p><span class=\"s1\"><b>\u2713 Receptor individual i auriculars d\u00b4un sol \u00fas<\/b> a trav\u00e9s dels que sentireu la guia parlant amb el seu micr\u00f2fon.<span class=\"Apple-converted-space\">\u00a0 \u00a0<\/span><\/span><\/p><p class=\"p1\" style=\"text-align: justify;\"><span style=\"color: #99ec00;\"><span class=\"s1\"><b>El preu no inclou<\/b><\/span><span class=\"s2\">:<\/span><\/span><\/p><p><span class=\"s1\">\u2713 El cost d&#8217;entrada als llocs d&#8217;inter\u00e8s que ho requereixin<\/span><\/p><p><span class=\"s1\">\u2713 Taxis o qualsevol altre mitj\u00e0 de transport.<\/span><\/p><p class=\"p8\" style=\"text-align: justify;\"><span class=\"s1\" style=\"color: #99ec00;\"><b>L\u00b4hora d\u00b4inici de la visita aix\u00ed com el punt de sortida l\u00b4acordarem amb vosaltres segons les vostres necessitats.<\/b><\/span><\/p><p class=\"p9\" style=\"text-align: justify;\"><span class=\"s4\" style=\"color: #ff0000;\">** <\/span><span style=\"color: #99ec00;\"><span class=\"s1\"><b>Tingueu en compte que<\/b><\/span><span class=\"s2\"><b>:<\/b><\/span><\/span><\/p><p class=\"p10\" style=\"text-align: justify;\"><span class=\"s1\">Per entrar dins de la bas\u00edlica Sagrada Fam\u00edlia<span class=\"Apple-converted-space\">\u00a0 <\/span>i de la Catedral de Santa Eul\u00e0lia<span class=\"Apple-converted-space\">\u00a0 <\/span>les espatlles i els genolls han d\u00b4anar coberts.<\/span><\/p><p class=\"p12\" style=\"text-align: justify;\"><span class=\"s1\">Diumenges: No es permeten visites a la catedral de St. Eul\u00e0lia<\/span><\/p>\t\t\t\t\t\t\t\t<\/div>\n\t\t\t\t<\/div>\n\t\t\t\t<div class=\"elementor-element elementor-element-ad9d842 elementor-align-center elementor-widget elementor-widget-global elementor-global-3827 elementor-global-1067 elementor-widget-button\" data-id=\"ad9d842\" data-element_type=\"widget\" data-e-type=\"widget\" data-widget_type=\"button.default\">\n\t\t\t\t<div class=\"elementor-widget-container\">\n\t\t\t\t\t\t\t\t\t<div class=\"elementor-button-wrapper\">\n\t\t\t\t\t<a class=\"elementor-button elementor-button-link elementor-size-xl\" href=\"https:\/\/aguideinbarcelona.com\/ca\/contactar\/\">\n\t\t\t\t\t\t<span class=\"elementor-button-content-wrapper\">\n\t\t\t\t\t\t\t\t\t<span class=\"elementor-button-text\">Per reservar aquest tour contacteu amb nosaltres<\/span>\n\t\t\t\t\t<\/span>\n\t\t\t\t\t<\/a>\n\t\t\t\t<\/div>\n\t\t\t\t\t\t\t\t<\/div>\n\t\t\t\t<\/div>\n\t\t\t\t\t<\/div>\n\t\t<\/div>\n\t\t\t\t\t<\/div>\n\t\t<\/section>\n\t\t\t\t<div class=\"elementor-element elementor-element-51d6319e elementor-widget elementor-widget-spacer\" data-id=\"51d6319e\" data-element_type=\"widget\" data-e-type=\"widget\" data-widget_type=\"spacer.default\">\n\t\t\t\t<div class=\"elementor-widget-container\">\n\t\t\t\t\t\t\t<div class=\"elementor-spacer\">\n\t\t\t<div class=\"elementor-spacer-inner\"><\/div>\n\t\t<\/div>\n\t\t\t\t\t\t<\/div>\n\t\t\t\t<\/div>\n\t\t\t\t<div class=\"elementor-element elementor-element-fc54ee7 elementor-widget elementor-widget-gallery\" data-id=\"fc54ee7\" data-element_type=\"widget\" data-e-type=\"widget\" data-settings=\"{&quot;columns&quot;:3,&quot;lazyload&quot;:&quot;yes&quot;,&quot;gallery_layout&quot;:&quot;grid&quot;,&quot;columns_tablet&quot;:2,&quot;columns_mobile&quot;:1,&quot;gap&quot;:{&quot;unit&quot;:&quot;px&quot;,&quot;size&quot;:10,&quot;sizes&quot;:[]},&quot;gap_tablet&quot;:{&quot;unit&quot;:&quot;px&quot;,&quot;size&quot;:10,&quot;sizes&quot;:[]},&quot;gap_mobile&quot;:{&quot;unit&quot;:&quot;px&quot;,&quot;size&quot;:10,&quot;sizes&quot;:[]},&quot;link_to&quot;:&quot;file&quot;,&quot;aspect_ratio&quot;:&quot;3:2&quot;,&quot;overlay_background&quot;:&quot;yes&quot;,&quot;content_hover_animation&quot;:&quot;fade-in&quot;}\" data-widget_type=\"gallery.default\">\n\t\t\t\t<div class=\"elementor-widget-container\">\n\t\t\t\t\t\t\t<div class=\"elementor-gallery__container\">\n\t\t\t\t\t\t\t<a class=\"e-gallery-item elementor-gallery-item elementor-animated-content\" href=\"https:\/\/aguideinbarcelona.com\/wp-content\/uploads\/2020\/05\/Sagrada-Familia-entera-2.jpg\" data-elementor-open-lightbox=\"yes\" data-elementor-lightbox-slideshow=\"fc54ee7\" data-elementor-lightbox-title=\"Sagrada Familia entera- 2\" data-e-action-hash=\"#elementor-action%3Aaction%3Dlightbox%26settings%3DeyJpZCI6MjcwNSwidXJsIjoiaHR0cHM6XC9cL2FndWlkZWluYmFyY2Vsb25hLmNvbVwvd3AtY29udGVudFwvdXBsb2Fkc1wvMjAyMFwvMDVcL1NhZ3JhZGEtRmFtaWxpYS1lbnRlcmEtMi5qcGciLCJzbGlkZXNob3ciOiJmYzU0ZWU3In0%3D\">\n\t\t\t\t\t<div class=\"e-gallery-image elementor-gallery-item__image\" data-thumbnail=\"https:\/\/aguideinbarcelona.com\/wp-content\/uploads\/2020\/05\/Sagrada-Familia-entera-2.jpg\" data-width=\"640\" data-height=\"426\" aria-label=\"\" role=\"img\" ><\/div>\n\t\t\t\t\t\t\t\t\t\t\t<div class=\"elementor-gallery-item__overlay\"><\/div>\n\t\t\t\t\t\t\t\t\t\t\t\t\t\t<\/a>\n\t\t\t\t\t\t\t<a class=\"e-gallery-item elementor-gallery-item elementor-animated-content\" href=\"https:\/\/aguideinbarcelona.com\/wp-content\/uploads\/2020\/05\/Casa-conserge-y-entrada-Parc-Gu\u0308ell-3.jpg\" data-elementor-open-lightbox=\"yes\" data-elementor-lightbox-slideshow=\"fc54ee7\" data-elementor-lightbox-title=\"Casa conserge y entrada Parc Gu\u0308ell - 3\" data-e-action-hash=\"#elementor-action%3Aaction%3Dlightbox%26settings%3DeyJpZCI6MjY5NiwidXJsIjoiaHR0cHM6XC9cL2FndWlkZWluYmFyY2Vsb25hLmNvbVwvd3AtY29udGVudFwvdXBsb2Fkc1wvMjAyMFwvMDVcL0Nhc2EtY29uc2VyZ2UteS1lbnRyYWRhLVBhcmMtR3VcdTAzMDhlbGwtMy5qcGciLCJzbGlkZXNob3ciOiJmYzU0ZWU3In0%3D\">\n\t\t\t\t\t<div class=\"e-gallery-image elementor-gallery-item__image\" data-thumbnail=\"https:\/\/aguideinbarcelona.com\/wp-content\/uploads\/2020\/05\/Casa-conserge-y-entrada-Parc-Gu\u0308ell-3-768x512.jpg\" data-width=\"640\" data-height=\"427\" aria-label=\"\" role=\"img\" ><\/div>\n\t\t\t\t\t\t\t\t\t\t\t<div class=\"elementor-gallery-item__overlay\"><\/div>\n\t\t\t\t\t\t\t\t\t\t\t\t\t\t<\/a>\n\t\t\t\t\t\t\t<a class=\"e-gallery-item elementor-gallery-item elementor-animated-content\" href=\"https:\/\/aguideinbarcelona.com\/wp-content\/uploads\/2020\/05\/Casa-Batllo\u0301-Fachada-superior-4.jpg\" data-elementor-open-lightbox=\"yes\" data-elementor-lightbox-slideshow=\"fc54ee7\" data-elementor-lightbox-title=\"Casa Batllo\u0301 Fachada superior- 4\" data-e-action-hash=\"#elementor-action%3Aaction%3Dlightbox%26settings%3DeyJpZCI6MjY5MywidXJsIjoiaHR0cHM6XC9cL2FndWlkZWluYmFyY2Vsb25hLmNvbVwvd3AtY29udGVudFwvdXBsb2Fkc1wvMjAyMFwvMDVcL0Nhc2EtQmF0bGxvXHUwMzAxLUZhY2hhZGEtc3VwZXJpb3ItNC5qcGciLCJzbGlkZXNob3ciOiJmYzU0ZWU3In0%3D\">\n\t\t\t\t\t<div class=\"e-gallery-image elementor-gallery-item__image\" data-thumbnail=\"https:\/\/aguideinbarcelona.com\/wp-content\/uploads\/2020\/05\/Casa-Batllo\u0301-Fachada-superior-4-768x615.jpg\" data-width=\"640\" data-height=\"513\" aria-label=\"\" role=\"img\" ><\/div>\n\t\t\t\t\t\t\t\t\t\t\t<div class=\"elementor-gallery-item__overlay\"><\/div>\n\t\t\t\t\t\t\t\t\t\t\t\t\t\t<\/a>\n\t\t\t\t\t\t\t<a class=\"e-gallery-item elementor-gallery-item elementor-animated-content\" href=\"https:\/\/aguideinbarcelona.com\/wp-content\/uploads\/2020\/05\/Plac\u0327a-de-la-Seu-amb-Catedral-5.jpg\" data-elementor-open-lightbox=\"yes\" data-elementor-lightbox-slideshow=\"fc54ee7\" data-elementor-lightbox-title=\"Plac\u0327a de la Seu amb Catedral - 5\" data-e-action-hash=\"#elementor-action%3Aaction%3Dlightbox%26settings%3DeyJpZCI6MjcwMiwidXJsIjoiaHR0cHM6XC9cL2FndWlkZWluYmFyY2Vsb25hLmNvbVwvd3AtY29udGVudFwvdXBsb2Fkc1wvMjAyMFwvMDVcL1BsYWNcdTAzMjdhLWRlLWxhLVNldS1hbWItQ2F0ZWRyYWwtNS5qcGciLCJzbGlkZXNob3ciOiJmYzU0ZWU3In0%3D\">\n\t\t\t\t\t<div class=\"e-gallery-image elementor-gallery-item__image\" data-thumbnail=\"https:\/\/aguideinbarcelona.com\/wp-content\/uploads\/2020\/05\/Plac\u0327a-de-la-Seu-amb-Catedral-5-768x433.jpg\" data-width=\"640\" data-height=\"361\" aria-label=\"\" role=\"img\" ><\/div>\n\t\t\t\t\t\t\t\t\t\t\t<div class=\"elementor-gallery-item__overlay\"><\/div>\n\t\t\t\t\t\t\t\t\t\t\t\t\t\t<\/a>\n\t\t\t\t\t\t\t<a class=\"e-gallery-item elementor-gallery-item elementor-animated-content\" href=\"https:\/\/aguideinbarcelona.com\/wp-content\/uploads\/2020\/05\/Carrer-del-Bisbe-6.jpg\" data-elementor-open-lightbox=\"yes\" data-elementor-lightbox-slideshow=\"fc54ee7\" data-elementor-lightbox-title=\"Carrer del Bisbe- 6\" data-e-action-hash=\"#elementor-action%3Aaction%3Dlightbox%26settings%3DeyJpZCI6MjY5MCwidXJsIjoiaHR0cHM6XC9cL2FndWlkZWluYmFyY2Vsb25hLmNvbVwvd3AtY29udGVudFwvdXBsb2Fkc1wvMjAyMFwvMDVcL0NhcnJlci1kZWwtQmlzYmUtNi5qcGciLCJzbGlkZXNob3ciOiJmYzU0ZWU3In0%3D\">\n\t\t\t\t\t<div class=\"e-gallery-image elementor-gallery-item__image\" data-thumbnail=\"https:\/\/aguideinbarcelona.com\/wp-content\/uploads\/2020\/05\/Carrer-del-Bisbe-6-768x626.jpg\" data-width=\"640\" data-height=\"522\" aria-label=\"\" role=\"img\" ><\/div>\n\t\t\t\t\t\t\t\t\t\t\t<div class=\"elementor-gallery-item__overlay\"><\/div>\n\t\t\t\t\t\t\t\t\t\t\t\t\t\t<\/a>\n\t\t\t\t\t\t\t<a class=\"e-gallery-item elementor-gallery-item elementor-animated-content\" href=\"https:\/\/aguideinbarcelona.com\/wp-content\/uploads\/2020\/05\/Sonia-con-turistas-y-mapa-ciudad-grande-7.jpg\" data-elementor-open-lightbox=\"yes\" data-elementor-lightbox-slideshow=\"fc54ee7\" data-elementor-lightbox-title=\"Sonia con turistas y mapa ciudad grande-7\" data-e-action-hash=\"#elementor-action%3Aaction%3Dlightbox%26settings%3DeyJpZCI6MjcwOCwidXJsIjoiaHR0cHM6XC9cL2FndWlkZWluYmFyY2Vsb25hLmNvbVwvd3AtY29udGVudFwvdXBsb2Fkc1wvMjAyMFwvMDVcL1NvbmlhLWNvbi10dXJpc3Rhcy15LW1hcGEtY2l1ZGFkLWdyYW5kZS03LmpwZyIsInNsaWRlc2hvdyI6ImZjNTRlZTcifQ%3D%3D\">\n\t\t\t\t\t<div class=\"e-gallery-image elementor-gallery-item__image\" data-thumbnail=\"https:\/\/aguideinbarcelona.com\/wp-content\/uploads\/2020\/05\/Sonia-con-turistas-y-mapa-ciudad-grande-7.jpg\" data-width=\"550\" data-height=\"389\" aria-label=\"\" role=\"img\" ><\/div>\n\t\t\t\t\t\t\t\t\t\t\t<div class=\"elementor-gallery-item__overlay\"><\/div>\n\t\t\t\t\t\t\t\t\t\t\t\t\t\t<\/a>\n\t\t\t\t\t<\/div>\n\t\t\t\t\t<\/div>\n\t\t\t\t<\/div>\n\t\t\t\t\t<\/div>\n\t\t<\/div>\n\t\t\t\t\t<\/div>\n\t\t<\/section>\n\t\t\t\t<\/div>\n\t\t","protected":false},"excerpt":{"rendered":"<p>Per reservar aquest tour contacteu amb nosaltres La Barcelona essencial en 4 hores Visita guiada de la Barcelona que has de con\u00e8ixer L\u00b4arquitectura d\u00b4Antoni Gaud\u00ed i el Barri G\u00f2tic s\u00f3n, sense dubte, els llocs emblem\u00e0tics de la ciutat. Si veniu a passar el dia a Barcelona us donarem\u00a0 una excel\u00b7lent visi\u00f3 general dels llocs m\u00e9s &hellip; <\/p>\n<p class=\"link-more\"><a href=\"https:\/\/aguideinbarcelona.com\/ca\/la-barcelona-essencial\/\" class=\"more-link\">Continua llegint <span class=\"screen-reader-text\">\u00abLa Barcelona essencial\u00bb<\/span><\/a><\/p>\n","protected":false},"author":4,"featured_media":2699,"parent":0,"menu_order":0,"comment_status":"closed","ping_status":"closed","template":"elementor_header_footer","meta":{"footnotes":""},"categories":[49],"tags":[],"class_list":["post-3467","page","type-page","status-publish","has-post-thumbnail","hentry","category-tast-de-vins-i-visites-cellers","entry"],"_links":{"self":[{"href":"https:\/\/aguideinbarcelona.com\/ca\/wp-json\/wp\/v2\/pages\/3467","targetHints":{"allow":["GET"]}}],"collection":[{"href":"https:\/\/aguideinbarcelona.com\/ca\/wp-json\/wp\/v2\/pages"}],"about":[{"href":"https:\/\/aguideinbarcelona.com\/ca\/wp-json\/wp\/v2\/types\/page"}],"author":[{"embeddable":true,"href":"https:\/\/aguideinbarcelona.com\/ca\/wp-json\/wp\/v2\/users\/4"}],"replies":[{"embeddable":true,"href":"https:\/\/aguideinbarcelona.com\/ca\/wp-json\/wp\/v2\/comments?post=3467"}],"version-history":[{"count":6,"href":"https:\/\/aguideinbarcelona.com\/ca\/wp-json\/wp\/v2\/pages\/3467\/revisions"}],"predecessor-version":[{"id":6088,"href":"https:\/\/aguideinbarcelona.com\/ca\/wp-json\/wp\/v2\/pages\/3467\/revisions\/6088"}],"wp:featuredmedia":[{"embeddable":true,"href":"https:\/\/aguideinbarcelona.com\/ca\/wp-json\/wp\/v2\/media\/2699"}],"wp:attachment":[{"href":"https:\/\/aguideinbarcelona.com\/ca\/wp-json\/wp\/v2\/media?parent=3467"}],"wp:term":[{"taxonomy":"category","embeddable":true,"href":"https:\/\/aguideinbarcelona.com\/ca\/wp-json\/wp\/v2\/categories?post=3467"},{"taxonomy":"post_tag","embeddable":true,"href":"https:\/\/aguideinbarcelona.com\/ca\/wp-json\/wp\/v2\/tags?post=3467"}],"curies":[{"name":"wp","href":"https:\/\/api.w.org\/{rel}","templated":true}]}}