{"id":3643,"date":"2020-05-23T20:07:11","date_gmt":"2020-05-23T18:07:11","guid":{"rendered":"https:\/\/aguideinbarcelona.com\/info-conditions\/"},"modified":"2020-05-25T13:07:01","modified_gmt":"2020-05-25T11:07:01","slug":"informacio-i-condicions","status":"publish","type":"page","link":"https:\/\/aguideinbarcelona.com\/ca\/informacio-i-condicions\/","title":{"rendered":"Informaci\u00f3 i condicions"},"content":{"rendered":"\t\t<div data-elementor-type=\"wp-page\" data-elementor-id=\"3643\" class=\"elementor elementor-3643 elementor-1205\" data-elementor-post-type=\"page\">\n\t\t\t\t\t\t<section class=\"elementor-section elementor-top-section elementor-element elementor-element-9f404a4 elementor-section-stretched elementor-section-full_width elementor-section-height-default elementor-section-height-default\" data-id=\"9f404a4\" data-element_type=\"section\" data-e-type=\"section\" data-settings=\"{&quot;stretch_section&quot;:&quot;section-stretched&quot;}\">\n\t\t\t\t\t\t<div class=\"elementor-container elementor-column-gap-no\">\n\t\t\t\t\t<div class=\"elementor-column elementor-col-100 elementor-top-column elementor-element elementor-element-c95ab4c\" data-id=\"c95ab4c\" data-element_type=\"column\" data-e-type=\"column\">\n\t\t\t<div class=\"elementor-widget-wrap elementor-element-populated\">\n\t\t\t\t\t\t<div class=\"elementor-element elementor-element-9987e81 elementor--h-position-center elementor--v-position-middle elementor-arrows-position-inside elementor-pagination-position-inside elementor-widget elementor-widget-slides\" data-id=\"9987e81\" data-element_type=\"widget\" data-e-type=\"widget\" data-settings=\"{&quot;navigation&quot;:&quot;both&quot;,&quot;autoplay&quot;:&quot;yes&quot;,&quot;pause_on_hover&quot;:&quot;yes&quot;,&quot;pause_on_interaction&quot;:&quot;yes&quot;,&quot;autoplay_speed&quot;:5000,&quot;infinite&quot;:&quot;yes&quot;,&quot;transition&quot;:&quot;slide&quot;,&quot;transition_speed&quot;:500}\" data-widget_type=\"slides.default\">\n\t\t\t\t<div class=\"elementor-widget-container\">\n\t\t\t\t\t\t\t\t\t<div class=\"elementor-swiper\">\n\t\t\t\t\t<div class=\"elementor-slides-wrapper elementor-main-swiper swiper\" role=\"region\" aria-roledescription=\"carousel\" aria-label=\"Diapositives\" dir=\"ltr\" data-animation=\"fadeInUp\">\n\t\t\t\t<div class=\"swiper-wrapper elementor-slides\">\n\t\t\t\t\t\t\t\t\t\t<div class=\"elementor-repeater-item-47fe2e3 swiper-slide\" role=\"group\" aria-roledescription=\"slide\"><div class=\"swiper-slide-bg\" role=\"img\" aria-label=\"bcn\"><\/div><div class=\"swiper-slide-inner\" ><div class=\"swiper-slide-contents\"><\/div><\/div><\/div>\t\t\t\t<\/div>\n\t\t\t\t\t\t\t<\/div>\n\t\t\t\t<\/div>\n\t\t\t\t\t\t\t\t<\/div>\n\t\t\t\t<\/div>\n\t\t\t\t\t<\/div>\n\t\t<\/div>\n\t\t\t\t\t<\/div>\n\t\t<\/section>\n\t\t\t\t<section class=\"elementor-section elementor-top-section elementor-element elementor-element-44bfef39 elementor-section-stretched elementor-section-boxed elementor-section-height-default elementor-section-height-default\" data-id=\"44bfef39\" data-element_type=\"section\" data-e-type=\"section\" data-settings=\"{&quot;stretch_section&quot;:&quot;section-stretched&quot;}\">\n\t\t\t\t\t\t<div class=\"elementor-container elementor-column-gap-default\">\n\t\t\t\t\t<div class=\"elementor-column elementor-col-100 elementor-top-column elementor-element elementor-element-87d3919\" data-id=\"87d3919\" data-element_type=\"column\" data-e-type=\"column\">\n\t\t\t<div class=\"elementor-widget-wrap elementor-element-populated\">\n\t\t\t\t\t\t<div class=\"elementor-element elementor-element-03eee52 elementor-widget elementor-widget-text-editor\" data-id=\"03eee52\" data-element_type=\"widget\" data-e-type=\"widget\" data-widget_type=\"text-editor.default\">\n\t\t\t\t<div class=\"elementor-widget-container\">\n\t\t\t\t\t\t\t\t\t<h1>Informaci\u00f3 i Condicions<\/h1>\t\t\t\t\t\t\t\t<\/div>\n\t\t\t\t<\/div>\n\t\t\t\t<div class=\"elementor-element elementor-element-10464d5e elementor-widget elementor-widget-text-editor\" data-id=\"10464d5e\" data-element_type=\"widget\" data-e-type=\"widget\" data-widget_type=\"text-editor.default\">\n\t\t\t\t<div class=\"elementor-widget-container\">\n\t\t\t\t\t\t\t\t\t<p class=\"p1\" style=\"text-align: justify;\">Les nostres <b>visites guiades privades a Barcelona estan pensades per a grups petits <\/b>( la mida m\u00e0xima del grup est\u00e0 indicada a cada visita. Si el seu grup \u00e9s\u00a0 m\u00e9s nombr\u00f3s facin \u2018s\u2019ho saber ) perqu\u00e8 ens agrada oferir als nostres clients una atenci\u00f3 individualitzada.\u00a0 Ens agrada fer-li sentir que aquest \u00e9s <b>un tour &#8220;fet a mida&#8221; per a vost\u00e8<\/b>, adaptat als seus, interessos i necessitats. \u00c9s per aix\u00f2 que estem oberts als canvis que ens demani.<\/p><p class=\"p2\" style=\"text-align: justify;\"><span class=\"s1\" style=\"color: #000000;\">Un dels avantatges de tenir\u00a0 guia oficial \u00e9s el fet de <b>no fer cues en els monuments, ja que tenim prefer\u00e8ncia en l&#8217;entrada.<\/b><\/span><\/p><p class=\"p2\" style=\"text-align: justify;\"><span class=\"s1\" style=\"color: #000000;\">Molt important!\u00a0<\/span><\/p><p class=\"p2\" style=\"text-align: justify;\"><span class=\"s1\" style=\"color: #000000;\">Per reservar\u00a0 un tour envi\u00ef un correu electr\u00f2nic a <b>(info@aguideinbarcelona.com) tan aviat com sigui possible. <\/b>En cas que no estigu\u00e9ssim disponibles per a les seves dates, li trobar\u00edem un altre guia (si es requereix una guia en una llengua que no parlem, tamb\u00e9 podem mirar de trobar-li un col\u00b7lega)<\/span><\/p><p class=\"p2\" style=\"text-align: justify;\"><span class=\"s1\" style=\"color: #000000;\"><b>Per reserves d&#8217;\u00faltima hora, no dubti en trucar-nos: 629.480.456 (Sandra) 636.494.659 (S\u00f2nia).<\/b><\/span><\/p><p style=\"text-align: justify;\">\u00a0<\/p><p class=\"p1\" style=\"text-align: justify;\"><span class=\"s1\" style=\"color: #99ec00; font-size: 18pt;\"><b>TARIFES<\/b><\/span><\/p><p class=\"p2\" style=\"text-align: justify;\"><span class=\"s1\" style=\"color: #000000;\">Les nostres tarifes cobreixen totes les explicacions, orientaci\u00f3 i assist\u00e8ncia que pugui necessitar la seva visita. No obstant aix\u00f2, <b>no inclouen entrades a museus, monuments o degustacions de cellers, menjars, transport\u00a0 llevat que s&#8217;indiqui en el recorregut<\/b>\u00a0<\/span><\/p><p class=\"p1\" style=\"text-align: justify;\"><span class=\"s1\" style=\"color: #000000;\"><b>\u00a0<\/b><\/span><\/p><p class=\"p1\" style=\"text-align: justify;\"><span class=\"s1\" style=\"color: #99ec00;\"><b>Condicions de reserva, pagament i cancel\u00b7laci\u00f3<\/b><\/span><\/p><p class=\"p2\" style=\"text-align: justify;\"><span class=\"s1\" style=\"color: #000000;\">\u2022 <b>Reserves per avan\u00e7at<\/b> (recomanat per garantir la disponibilitat): una vegada que la seva sol\u00b7licitud de visita hagi estat acceptada, se li demanar\u00e0 un dep\u00f2sit del 50% del total via transfer\u00e8ncia banc\u00e0ria . L&#8217;import restant es pagar\u00e0 en efectiu en euros el mateix dia de la visita.<\/span><\/p><p class=\"p2\" style=\"text-align: justify;\"><span class=\"s1\" style=\"color: #000000;\">\u2022 El punt de trobada amb el guia \u00e9s sempre en algun punt de la ciutat de Barcelona.<\/span><\/p><p class=\"p1\" style=\"text-align: justify;\"><span style=\"color: #000000;\"><span class=\"s2\">\u00a0<\/span><\/span><\/p><p class=\"p1\" style=\"text-align: justify;\"><span style=\"color: #99ec00;\"><span class=\"s1\"><b>Pol\u00edtica de cancel\u00b7lacions<\/b><\/span><\/span><\/p><p class=\"p2\" style=\"text-align: justify;\"><span class=\"s1\" style=\"color: #000000;\">\u2022 Qualsevol cancel\u00b7laci\u00f3 s&#8217;ha de fer per correu electr\u00f2nic contactant amb nosaltres a <b>info@aguideinbarcelona.com,<\/b> i tamb\u00e9 ser\u00e0 confirmada per AguideinBarcelona per correu electr\u00f2nic. No s&#8217;acceptaran notificacions de cancel\u00b7laci\u00f3 per tel\u00e8fon.<\/span><\/p><p class=\"p2\" style=\"text-align: justify;\"><span class=\"s1\" style=\"color: #000000;\">\u2022 <b>El dip\u00f2sit de reserva<\/b> <b>no es reemborsar\u00e0 en cas que cancel\u00b7li la visita\u00a0 a menys de 30 dies abans del tour<\/b> ja que mantenim les nostres dates reservades per a vost\u00e8 des de el moment en que rebem el seu dip\u00f2sit .<\/span><\/p><p class=\"p2\" style=\"text-align: justify;\"><span class=\"s1\" style=\"color: #000000;\">. El dip\u00f2sit s&#8217;ha d&#8217;enviar amb un m\u00ednim de 15 dies abans del dia de la seva visita, en cas contrari la reserva ser\u00e0 cancel\u00b7lada.<\/span><\/p><p class=\"p2\" style=\"text-align: justify;\"><span class=\"s1\" style=\"color: #000000;\"><b>Un servei es pot cancel\u00b7lar fins a 15 dies abans<\/b> de la data programada per comen\u00e7ar el recorregut, <b>sense c\u00e0rrec adicional (excepte el dip\u00f2sit de reserva i el cost de les entrades a museus que s&#8217;hagin adquirit amb antelaci\u00f3<\/b>).Si el recorregut es cancel\u00b7la en menys d&#8217;aquests 15 dies abans del primer dia, el client haur\u00e0 de pagar la totalitat del servei.<\/span><\/p><p class=\"p2\" style=\"text-align: justify;\"><span class=\"s1\" style=\"color: #000000;\">\u2022 <b>Condicions clim\u00e0tiques<\/b>: Les visites\u00a0 es realitzen amb pluja o sol. El mal temps no \u00e9s una ra\u00f3 v\u00e0lida per cancel\u00b7lar un recorregut.<\/span><\/p><p class=\"p2\" style=\"text-align: justify;\"><span class=\"s1\" style=\"color: #000000;\">\u2022 <b>Canvis del guia\u00a0 tur\u00edstic<\/b> : no es far\u00e0 cap reemborsament si un client decideix cancel\u00b7lar un recorregut a causa d&#8217;un canvi de guia.<\/span><\/p><p class=\"p2\" style=\"text-align: justify;\"><span class=\"s1\" style=\"color: #000000;\">\u2022 <b>Circumst\u00e0ncies fora del nostre control<\/b>: AguideinBarcelona no \u00e9s responsable d&#8217;itineraris escur\u00e7ats \/ cancel\u00b7lats a causa de circumst\u00e0ncies fora del nostre control, com retards trens, vagues que provoquen tancaments no programats de llocs tur\u00edstics.\u00a0<\/span><\/p><p class=\"p1\" style=\"text-align: justify;\"><span class=\"s1\" style=\"color: #000000;\"><b>\u00a0<\/b><\/span><\/p><p class=\"p1\" style=\"text-align: justify;\"><span class=\"s1\" style=\"color: #99ec00;\"><b>Pol\u00edtica de reemborsament<\/b><\/span><\/p><p class=\"p2\" style=\"text-align: justify;\"><span class=\"s1\" style=\"color: #000000;\">\u2022 <b>No presentaci\u00f3 del client <\/b>: Si el client no s&#8217;ha presentat, ni s&#8217;ha posat en contacte amb nosaltres a trav\u00e9s de tel\u00e8fon que li hem proporcionat en el moment de fer la reserva ho considerarem responsabilitat del client i no es realitzar\u00e0 cap reemborsament.<\/span><\/p><p class=\"p2\" style=\"text-align: justify;\"><span class=\"s1\" style=\"color: #000000;\"><b>Cancel\u00b7laci\u00f3 de part del total de serveis reservats<\/b>: quan s&#8217;hagin reservat diversos serveis i el client necessita cancel\u00b7lar nom\u00e9s una part d&#8217;ells, les pol\u00edtiques anteriors s&#8217;aplicaran nom\u00e9s a la part de serveis cancel\u00b7lats.<\/span><\/p><p class=\"p2\" style=\"text-align: justify;\"><span class=\"s1\" style=\"color: #000000;\">\u2022 <b>Qu\u00e8 passa quan un o diversos membres del seu grup han de cancel\u00b7lar per\u00f2 la resta encara vol fer el tour?<\/b> No podrem reemborsar la part proporcional a la persona o persones que no facin la visita, ja que les nostres tarifes s\u00f3n per tour i no per persona (excepte en les visites on els preus van indicats segons el nombre de persones del grup).\u00a0<\/span><\/p><p class=\"p2\" style=\"text-align: justify;\"><span class=\"s1\" style=\"color: #000000;\">\u2022 <b>Els reemborsaments s&#8217;enviaran per transfer\u00e8ncia banc\u00e0ria <\/b>. El client es far\u00e0 c\u00e0rrec dels costos \/ comissions requerits per a la transfer\u00e8ncia de reemborsament.<\/span><\/p><p class=\"p2\" style=\"text-align: justify;\"><span class=\"s1\" style=\"color: #000000;\">\u2022 No s&#8217;aplicar\u00e0 <b>cap reemborsament quan el servei ja s&#8217;hagi proporcionat<\/b>, ja sigui total o parcialment.<\/span><\/p><p class=\"p2\" style=\"text-align: justify;\"><span class=\"s1\" style=\"color: #000000;\">\u2022 Els <b>tickets d&#8217;entrada a museus no s\u00f3n reemborsables<\/b><\/span><\/p><p>\u00a0<\/p><p class=\"p1\" style=\"text-align: justify;\"><span class=\"s1\" style=\"color: #99ec00;\"><b>Cancel\u00b7lacions de AguideinBarcelona<\/b><\/span><\/p><p class=\"p2\" style=\"text-align: justify;\"><span class=\"s1\" style=\"color: #000000;\">\u2022 En l&#8217;improbable cas que AguideinBarcelona o els seus guies tur\u00edstics haguessin de cancel\u00b7lar un tour , sempre intentarem primer acordar una altra data o horari que funcioni per al client.<\/span><\/p><p class=\"p2\" style=\"text-align: justify;\"><span class=\"s1\" style=\"color: #000000;\">\u2022 Si no fos possible\u00a0 acordar una altra data o horari per la visita o no pod\u00e9ssim proporcionar un substitut, el dip\u00f2sit ser\u00e0 retornat dins dels 10 dies h\u00e0bils.<\/span><\/p>\t\t\t\t\t\t\t\t<\/div>\n\t\t\t\t<\/div>\n\t\t\t\t\t<\/div>\n\t\t<\/div>\n\t\t\t\t\t<\/div>\n\t\t<\/section>\n\t\t\t\t<section class=\"elementor-section elementor-top-section elementor-element elementor-element-651e171 elementor-section-boxed elementor-section-height-default elementor-section-height-default\" data-id=\"651e171\" data-element_type=\"section\" data-e-type=\"section\">\n\t\t\t\t\t\t<div class=\"elementor-container elementor-column-gap-default\">\n\t\t\t\t\t<div class=\"elementor-column elementor-col-100 elementor-top-column elementor-element elementor-element-0fc34d5\" data-id=\"0fc34d5\" data-element_type=\"column\" data-e-type=\"column\">\n\t\t\t<div class=\"elementor-widget-wrap elementor-element-populated\">\n\t\t\t\t\t\t<div class=\"elementor-element elementor-element-7b6ae82 elementor-widget elementor-widget-spacer\" data-id=\"7b6ae82\" data-element_type=\"widget\" data-e-type=\"widget\" data-widget_type=\"spacer.default\">\n\t\t\t\t<div class=\"elementor-widget-container\">\n\t\t\t\t\t\t\t<div class=\"elementor-spacer\">\n\t\t\t<div class=\"elementor-spacer-inner\"><\/div>\n\t\t<\/div>\n\t\t\t\t\t\t<\/div>\n\t\t\t\t<\/div>\n\t\t\t\t\t<\/div>\n\t\t<\/div>\n\t\t\t\t\t<\/div>\n\t\t<\/section>\n\t\t\t\t<\/div>\n\t\t","protected":false},"excerpt":{"rendered":"<p>Informaci\u00f3 i Condicions Les nostres visites guiades privades a Barcelona estan pensades per a grups petits ( la mida m\u00e0xima del grup est\u00e0 indicada a cada visita. Si el seu grup \u00e9s\u00a0 m\u00e9s nombr\u00f3s facin \u2018s\u2019ho saber ) perqu\u00e8 ens agrada oferir als nostres clients una atenci\u00f3 individualitzada.\u00a0 Ens agrada fer-li sentir que aquest \u00e9s &hellip; <\/p>\n<p class=\"link-more\"><a href=\"https:\/\/aguideinbarcelona.com\/ca\/informacio-i-condicions\/\" class=\"more-link\">Continua llegint <span class=\"screen-reader-text\">\u00abInformaci\u00f3 i condicions\u00bb<\/span><\/a><\/p>\n","protected":false},"author":4,"featured_media":0,"parent":0,"menu_order":0,"comment_status":"closed","ping_status":"closed","template":"elementor_header_footer","meta":{"footnotes":""},"categories":[50],"tags":[],"class_list":["post-3643","page","type-page","status-publish","hentry","category-paginas-ca","entry"],"_links":{"self":[{"href":"https:\/\/aguideinbarcelona.com\/ca\/wp-json\/wp\/v2\/pages\/3643","targetHints":{"allow":["GET"]}}],"collection":[{"href":"https:\/\/aguideinbarcelona.com\/ca\/wp-json\/wp\/v2\/pages"}],"about":[{"href":"https:\/\/aguideinbarcelona.com\/ca\/wp-json\/wp\/v2\/types\/page"}],"author":[{"embeddable":true,"href":"https:\/\/aguideinbarcelona.com\/ca\/wp-json\/wp\/v2\/users\/4"}],"replies":[{"embeddable":true,"href":"https:\/\/aguideinbarcelona.com\/ca\/wp-json\/wp\/v2\/comments?post=3643"}],"version-history":[{"count":0,"href":"https:\/\/aguideinbarcelona.com\/ca\/wp-json\/wp\/v2\/pages\/3643\/revisions"}],"wp:attachment":[{"href":"https:\/\/aguideinbarcelona.com\/ca\/wp-json\/wp\/v2\/media?parent=3643"}],"wp:term":[{"taxonomy":"category","embeddable":true,"href":"https:\/\/aguideinbarcelona.com\/ca\/wp-json\/wp\/v2\/categories?post=3643"},{"taxonomy":"post_tag","embeddable":true,"href":"https:\/\/aguideinbarcelona.com\/ca\/wp-json\/wp\/v2\/tags?post=3643"}],"curies":[{"name":"wp","href":"https:\/\/api.w.org\/{rel}","templated":true}]}}