{"id":3649,"date":"2020-05-23T20:07:27","date_gmt":"2020-05-23T18:07:27","guid":{"rendered":"https:\/\/aguideinbarcelona.com\/cookies-policy\/"},"modified":"2020-06-08T11:43:41","modified_gmt":"2020-06-08T09:43:41","slug":"politica-de-cookies","status":"publish","type":"page","link":"https:\/\/aguideinbarcelona.com\/ca\/politica-de-cookies\/","title":{"rendered":"Pol\u00edtica de cookies"},"content":{"rendered":"\t\t<div data-elementor-type=\"wp-page\" data-elementor-id=\"3649\" class=\"elementor elementor-3649 elementor-1191\" data-elementor-post-type=\"page\">\n\t\t\t\t\t\t<section class=\"elementor-section elementor-top-section elementor-element elementor-element-9f404a4 elementor-section-stretched elementor-section-full_width elementor-section-height-default elementor-section-height-default\" data-id=\"9f404a4\" data-element_type=\"section\" data-e-type=\"section\" data-settings=\"{&quot;stretch_section&quot;:&quot;section-stretched&quot;}\">\n\t\t\t\t\t\t<div class=\"elementor-container elementor-column-gap-no\">\n\t\t\t\t\t<div class=\"elementor-column elementor-col-100 elementor-top-column elementor-element elementor-element-c95ab4c\" data-id=\"c95ab4c\" data-element_type=\"column\" data-e-type=\"column\">\n\t\t\t<div class=\"elementor-widget-wrap elementor-element-populated\">\n\t\t\t\t\t\t<div class=\"elementor-element elementor-element-9987e81 elementor--h-position-center elementor--v-position-middle elementor-arrows-position-inside elementor-pagination-position-inside elementor-widget elementor-widget-slides\" data-id=\"9987e81\" data-element_type=\"widget\" data-e-type=\"widget\" data-settings=\"{&quot;navigation&quot;:&quot;both&quot;,&quot;autoplay&quot;:&quot;yes&quot;,&quot;pause_on_hover&quot;:&quot;yes&quot;,&quot;pause_on_interaction&quot;:&quot;yes&quot;,&quot;autoplay_speed&quot;:5000,&quot;infinite&quot;:&quot;yes&quot;,&quot;transition&quot;:&quot;slide&quot;,&quot;transition_speed&quot;:500}\" data-widget_type=\"slides.default\">\n\t\t\t\t<div class=\"elementor-widget-container\">\n\t\t\t\t\t\t\t\t\t<div class=\"elementor-swiper\">\n\t\t\t\t\t<div class=\"elementor-slides-wrapper elementor-main-swiper swiper\" role=\"region\" aria-roledescription=\"carousel\" aria-label=\"Diapositives\" dir=\"ltr\" data-animation=\"fadeInUp\">\n\t\t\t\t<div class=\"swiper-wrapper elementor-slides\">\n\t\t\t\t\t\t\t\t\t\t<div class=\"elementor-repeater-item-47fe2e3 swiper-slide\" role=\"group\" aria-roledescription=\"slide\"><div class=\"swiper-slide-bg\" role=\"img\" aria-label=\"bcn\"><\/div><div class=\"swiper-slide-inner\" ><div class=\"swiper-slide-contents\"><\/div><\/div><\/div>\t\t\t\t<\/div>\n\t\t\t\t\t\t\t<\/div>\n\t\t\t\t<\/div>\n\t\t\t\t\t\t\t\t<\/div>\n\t\t\t\t<\/div>\n\t\t\t\t\t<\/div>\n\t\t<\/div>\n\t\t\t\t\t<\/div>\n\t\t<\/section>\n\t\t\t\t<section class=\"elementor-section elementor-top-section elementor-element elementor-element-44bfef39 elementor-section-stretched elementor-section-boxed elementor-section-height-default elementor-section-height-default\" data-id=\"44bfef39\" data-element_type=\"section\" data-e-type=\"section\" data-settings=\"{&quot;stretch_section&quot;:&quot;section-stretched&quot;}\">\n\t\t\t\t\t\t<div class=\"elementor-container elementor-column-gap-default\">\n\t\t\t\t\t<div class=\"elementor-column elementor-col-100 elementor-top-column elementor-element elementor-element-87d3919\" data-id=\"87d3919\" data-element_type=\"column\" data-e-type=\"column\">\n\t\t\t<div class=\"elementor-widget-wrap elementor-element-populated\">\n\t\t\t\t\t\t<div class=\"elementor-element elementor-element-03eee52 elementor-widget elementor-widget-text-editor\" data-id=\"03eee52\" data-element_type=\"widget\" data-e-type=\"widget\" data-widget_type=\"text-editor.default\">\n\t\t\t\t<div class=\"elementor-widget-container\">\n\t\t\t\t\t\t\t\t\t<h1>Pol\u00edtica de cookies<\/h1>\t\t\t\t\t\t\t\t<\/div>\n\t\t\t\t<\/div>\n\t\t\t\t<div class=\"elementor-element elementor-element-10464d5e elementor-widget elementor-widget-text-editor\" data-id=\"10464d5e\" data-element_type=\"widget\" data-e-type=\"widget\" data-widget_type=\"text-editor.default\">\n\t\t\t\t<div class=\"elementor-widget-container\">\n\t\t\t\t\t\t\t\t\t<p><strong><span>ANTECEDENTS<\/span><\/strong><\/p><p><span>D\u2019acord amb la normativa espanyola que regula l\u2019\u00fas de cookies en relaci\u00f3 amb la Prestaci\u00f3 de Serveis de Comunicacions Electr\u00f2niques, establerta en el Reial decret llei 13\/2012 de 30 de mar\u00e7, li informem de les cookies que s\u2019utilitzen al lloc web de\u00a0<\/span><strong><span>Sandra Benzal Vert<\/span><\/strong><span>\u00a0( tamb\u00e9 el prove\u00efdor) i el motiu del seu \u00fas.\u00a0Aix\u00ed mateix, aix\u00f2 us informa que navegant pel lloc web esteu donant el vostre consentiment per utilitzar-los.<\/span><\/p><p><strong><span>QU\u00c8 S\u00d3N COOKIES?<\/span><\/strong><\/p><p><span>Una cookie \u00e9s un fitxer que es descarrega al vostre ordinador en accedir a determinades p\u00e0gines web.\u00a0Les cookies permeten, entre altres coses, a una p\u00e0gina web emmagatzemar i recuperar informaci\u00f3 sobre els h\u00e0bits de navegaci\u00f3 d\u2019un usuari o dels seus equips i, depenent de la informaci\u00f3 que contingui i de la forma en qu\u00e8 utilitzi el seu equip, es poden utilitzar per recon\u00e8ixer a l\u2019usuari.\u00a0Les cookies nom\u00e9s s\u2019associen a un usuari an\u00f2nim i al seu ordinador o dispositiu i no proporcionen refer\u00e8ncies que permetin accedir a les seves dades personals.<\/span><\/p><p><strong><span>COOKIES AFECTATS PER LES REGLAMENTS I LES COOKIES EXEMPTES<\/span><\/strong><\/p><p><span>D\u2019acord amb la directiva de la UE, les cookies que requereixen el consentiment informat de l\u2019usuari s\u00f3n cookies anal\u00edtiques i cookies de publicitat i afiliaci\u00f3, excepte les de car\u00e0cter t\u00e8cnic i les necess\u00e0ries per al funcionament del lloc web o la prestaci\u00f3 de serveis expressament exigits per l\u2019usuari.<\/span><\/p><p><strong><span>TIPUS DE COOKIES<\/span><\/strong><\/p><ol><li><span>a) Segons l\u2019entitat que les gestiona, hi ha cookies innates (aquelles que s\u2019envien a l\u2019equip terminal de l\u2019usuari des d\u2019un equip o domini gestionat pel propi editor i des del qual es presta el servei sol\u00b7licitat per l\u2019usuari) i de tercers. (que s&#8217;envien als equips terminals de l&#8217;usuari des d&#8217;un equip o domini que no \u00e9s gestionat per l&#8217;editor, sin\u00f3 per una altra entitat que processa les dades obtingudes a trav\u00e9s de les cookies).<\/span><\/li><li><span>b) Segons el temps que romanen actius, hi ha cookies de sessi\u00f3 (dissenyades per recollir i emmagatzemar dades mentre l\u2019usuari accedeix a una p\u00e0gina web) i cookies persistents (en qu\u00e8 les dades s\u2019emmagatzemen al terminal i es poden accedir i processar durant un per\u00edode definit pel responsable de cookies (durada d\u2019uns minuts a diversos anys).<\/span><\/li><li><span>c) Segons la finalitat per a la qual gestionen la informaci\u00f3 que recopilen, poden ser:<\/span><\/li><\/ol><p><span>&#8211;\u00a0<\/span><strong><span>Cookies t\u00e8cniques<\/span><\/strong><span>\u00a0(necess\u00e0ries per a l\u2019\u00fas del lloc web i les disposicions del servei contractat)<\/span><\/p><p><span>&#8211;\u00a0<\/span><strong><span>Cookies de personalitzaci\u00f3<\/span><\/strong><span>\u00a0(que permeten a l\u2019Usuari accedir al servei amb funcions predefinides, com ara idioma, tipus de navegador, configuraci\u00f3 regional, etc.)<\/span><\/p><p><span>&#8211;\u00a0<\/span><strong><span>Cookies d\u2019an\u00e0lisi<\/span><\/strong><span>\u00a0(informaci\u00f3 recollida sobre l\u2019\u00fas que es fa al lloc web)<\/span><\/p><p><span>&#8211;\u00a0<\/span><strong><span>Cookies publicit\u00e0ries<\/span><\/strong><span>\u00a0(recopilen informaci\u00f3 sobre prefer\u00e8ncies i opcions personals dels Usuaris)<\/span><\/p><p><span>&#8211;\u00a0<\/span><strong><span>Cookies d\u2019afiliaci\u00f3<\/span><\/strong><span>\u00a0(permet fer un seguiment de les visites d\u2019altres llocs web, amb els quals el lloc web estableix un contracte d\u2019afiliaci\u00f3)<\/span><\/p><p><strong><span>TIPUS DE COOKIES UTILITZADES EN AQUEST LLOC WEB<\/span><\/strong><\/p><p><span>Les cookies que s\u2019utilitzen al nostre lloc web s\u00f3n cookies de sessi\u00f3 i de tercers, i ens permeten emmagatzemar i accedir a informaci\u00f3 relacionada amb l\u2019idioma, el tipus de navegador utilitzat i altres caracter\u00edstiques generals predefinides per l\u2019Usuari, a m\u00e9s de fer el seguiment i l\u2019an\u00e0lisi de l\u2019activitat. realitzats per millorar i prestar els nostres serveis d\u2019una manera m\u00e9s eficient i personalitzada.\u00a0Les cookies utilitzades tenen, en tot cas, car\u00e0cter temporal, amb l\u2019\u00fanic prop\u00f2sit de fer m\u00e9s efica\u00e7 la navegaci\u00f3.\u00a0En cap cas, aquestes cookies proporcionen per si mateixes dades personals i no s\u2019utilitzen per a la recollida de dades esmentades anteriorment.<\/span><\/p><p><span>L\u2019\u00fas de cookies ofereix avantatges, com ara:<\/span><\/p><p><span>&#8211; facilitar la navegaci\u00f3 dels usuaris i l\u2019acc\u00e9s als diferents serveis que ofereix aquest lloc web<\/span><\/p><p><span>&#8211; evita que l\u2019usuari hagi de configurar les caracter\u00edstiques generals predefinides cada vegada que accedeix al lloc web<\/span><\/p><p><span>&#8211; la millora de les funcions i dels serveis prestats a trav\u00e9s d\u2019aquest lloc web, resultat de l\u2019an\u00e0lisi corresponent de la informaci\u00f3 obtinguda a trav\u00e9s de les cookies instal\u00b7lades<\/span><\/p><p><span>En accedir al nostre lloc web se li informa que si continua navegant, s\u2019instal\u00b7laran diverses cookies de tercers, permetent aix\u00ed la instal\u00b7laci\u00f3 de determinades cookies que tindran l\u2019\u00fanic objectiu de registrar l\u2019acc\u00e9s al nostre lloc web per a la recopilaci\u00f3 d\u2019estad\u00edstiques an\u00f2nimes sobre visites, sempre recopilant informaci\u00f3 de forma an\u00f2nima.\u00a0No \u00e9s obligatori acceptar la instal\u00b7laci\u00f3 d\u2019aquestes cookies;\u00a0podeu navegar a trav\u00e9s del nostre lloc web independentment.<\/span><\/p><p><span>En diverses seccions del nostre lloc web podeu instal\u00b7lar cookies de xarxes socials, concretament les seg\u00fcents:<\/span><\/p><ul><li><span>Cookies de Twitter, segons les disposicions de la seva pol\u00edtica de privacitat i l\u2019\u00fas de cookies.<\/span><\/li><li><span>Cookies de Facebook, segons les disposicions de la seva pol\u00edtica de cookies.<\/span><\/li><li><span>Cookies de LinkedIn, segons les disposicions de la seva p\u00e0gina sobre l\u2019\u00fas de cookies.<\/span><\/li><li><span>Les cookies de Google+ i les cookies de Google Maps, segons les disposicions de la seva p\u00e0gina sobre quin tipus de cookies utilitzen.<\/span><\/li><\/ul><table><tbody><tr><td><span>Funci\u00f3 o caracter\u00edstica i qui la proporciona<\/span><\/td><td><span>Cookies<\/span><\/td><td><span>Domini<\/span><\/td><td><span>Persist\u00e8ncia<\/span><\/td><td><span>Prop\u00f2sit<\/span><\/td><\/tr><tr><td><span>Cookies pr\u00f2pies de la web necess\u00e0ries per al seu funcionament o per recordar determinades prefer\u00e8ncies de l\u2019usuari<\/span><\/td><td><span>Cookies temporals i persistents<\/span><\/td><td><span>https:\/\/aguideinbarcelona.com<\/span><\/td><td><span>Setmanes<\/span><\/td><td><span>Cookies t\u00e8cniques essencials Cookies de<\/span><br \/><span>personalitzaci\u00f3<\/span><\/td><\/tr><tr><td><span>Google Analytics (Google, Inc.)<\/span><\/td><td><span>Cookies temporals i persistents (__utma, __utmb, __utmc, __utmz, __utmv, _ ga)<\/span><\/td><td><span>https:\/\/aguideinbarcelona.com<\/span><\/td><td><span>Anys<\/span><\/td><td><p><span>Anal\u00edtica web<\/span><\/p><p><span>Transfer\u00e8ncia de dades fora de la UE<\/span><\/p><\/td><\/tr><tr><td><span>Funcions de Google (Google Maps, YouTube, +1, Google Remarketing, Google Translate, etc.) (Google, Inc.)<\/span><\/td><td><span>Cookies temporals i persistents (VISITOR_INFO1_LIVE, PREF, YSC, etc).\u00a0Emmagatzematge local del navegador.\u00a0Emmagatzematge local de Flash<\/span><\/td><td><span>googleusercontent.com, google.es, google.com, doubleclick.net, invitemedia.com, admeld.com, googlesyndication.com, googleadservices.com, youtube.com, youtube.es, ytimg.com, etc.<\/span><\/td><td><span>Anys<\/span><\/td><td><p><span>Seguiment de la ubicaci\u00f3 publicit\u00e0ria<\/span><\/p><p><span>Compartir en xarxes socials<\/span><\/p><p><span>Transfer\u00e8ncia de dades fora de la UE<\/span><\/p><\/td><\/tr><tr><td><span>Funcions de Facebook (com a bot\u00f3, com ara, etc.) (Facebook, Inc.)<\/span><\/td><td><span>Cookies temporals i persistents (datr, reg_fb_gate, reg_fb_ref \u200b\u200bi reg_fb_ext, wd, c_user, lu, sct, xs, x-SECOND, pres\u00e8ncia, p, locale, lsd, _e_ *, fr, sub, etc).\u00a0Emmagatzematge local del navegador.<\/span><\/td><td><span>facebook.com<\/span><\/td><td><span>Anys<\/span><\/td><td><p><span>Seguiment de la ubicaci\u00f3 publicit\u00e0ria<\/span><\/p><p><span>Compartir en xarxes socials<\/span><\/p><p><span>Transfer\u00e8ncia de dades fora de la UE<\/span><\/p><\/td><\/tr><tr><td><span>Funcions per compartir a Twitter (Twitter, Inc.)<\/span><\/td><td><span>Cookies temporals i persistents.\u00a0Emmagatzematge local del navegador.<\/span><\/td><td><p><span>* .twitter.comsyndication.twitter.com * .twimg.com<\/span><\/p><p><span>cdn.syndication.twimg.com<\/span><\/p><\/td><td><span>Anys<\/span><\/td><td><p><span>Seguiment de la ubicaci\u00f3 publicit\u00e0ria<\/span><\/p><p><span>Compartir en xarxes socials<\/span><\/p><p><span>Transfer\u00e8ncia de dades fora de la UE<\/span><\/p><\/td><\/tr><tr><td><span>Funcions de compartici\u00f3 social a Instagram (Instagram, LLC)<\/span><\/td><td><span>Cookies temporals i persistents.\u00a0Emmagatzematge local del navegador.<\/span><\/td><td><span>instagram.com, cdninstagram.com, scontent.cdninstagram.com, etc<\/span><\/td><td><span>Anys<\/span><\/td><td><p><span>Seguiment de la ubicaci\u00f3 publicit\u00e0ria<\/span><\/p><p><span>Compartir en xarxes socials<\/span><\/p><p><span>Transfer\u00e8ncia de dades fora de la UE<\/span><\/p><\/td><\/tr><tr><td><span>Paypal (PayPal (Europa) S.\u00e0 rl et Cie, SCA) \/ PayPal, Inc<\/span><\/td><td><span>Cookies temporals i persistents (abc_switch_cross_paypal, AKDC, Apache, c, cookie_check, feel_cookie, flow_back_cookie, JSESSIONID, LANG, login_email, navcmd, s_sess, s_vi, SEGM, ts, X-PP-K, x-pp-p, x-pp -s, X-PP-SILOVER, cookies amb noms aleatoris, etc.) Emmagatzematge local del nagegador Emmagatzematge local de flash<\/span><\/td><td><span>.dotomi.com, .mediaplex.com, .omtrdc.net, .paypal.com, .paypal.d1.sc.omtrdc.net, .stats.paypal.com, t.paypal.com, www.paypal.com, www.paypalobjects.com<\/span><\/td><td>\u00a0<\/td><td><p><span>T\u00e8cniques d\u2019autenticaci\u00f3 d\u2019escaneig<\/span><\/p><p><span>Publicitat<\/span><\/p><p><span>Ubicaci\u00f3<\/span><\/p><p><span>Transfer\u00e8ncia de dades fora de la UE<\/span><\/p><\/td><\/tr><\/tbody><\/table><p><strong><span>REVOCACI\u00d3<\/span><\/strong><\/p><p><span>En qualsevol moment podeu accedir a la configuraci\u00f3 del vostre navegador regulant l\u2019acceptaci\u00f3 o el rebuig de totes les cookies, o nom\u00e9s seleccionar aquelles que s\u2019admetin la instal\u00b7laci\u00f3, seguint un dels procediments seg\u00fcents, que dep\u00e8n del navegador que utilitzeu:<\/span><\/p><p><strong><span>Google Chrome<\/span><\/strong><span>\u00a0(al men\u00fa Eines):<\/span><\/p><p><span>Configuraci\u00f3&gt; Mostra opcions avan\u00e7ades&gt; Privadesa (configuraci\u00f3 de contingut)&gt; Cookies:\u00a0<\/span><a href=\"https:\/\/translate.google.com\/translate?hl=es&amp;prev=_t&amp;sl=auto&amp;tl=ca&amp;u=https:\/\/support.google.com\/chrome\/answer\/95647%3Fco%3DGENIE.Platform%253DDesktopandhl%3Des\"><span>https:\/\/support.google.com\/chrome\/answer\/95647?co=GENIE.Platform%3DDesktopandhl=es<\/span><\/a><\/p><p><strong><span>Microsoft Internet Explorer<\/span><\/strong><span>\u00a0(al men\u00fa Eines):<\/span><\/p><p><span>Opcions d&#8217;Internet&gt; Privadesa&gt; Avan\u00e7at:\u00a0<\/span><a href=\"https:\/\/translate.google.com\/translate?hl=es&amp;prev=_t&amp;sl=auto&amp;tl=ca&amp;u=https:\/\/support.microsoft.com\/es-es\/help\/17442\/windows-internet-explorer-delete-manage-cookies\"><span>https:\/\/support.microsoft.com\/es-es\/help\/17442\/windows-internet-explorer-delete-manage-cookies<\/span><\/a><\/p><p><strong><span>Firefox:<\/span><\/strong><\/p><p><span>Opcions&gt; Privadesa&gt; Cookies:\u00a0<\/span><a href=\"https:\/\/translate.google.com\/translate?hl=es&amp;prev=_t&amp;sl=auto&amp;tl=ca&amp;u=https:\/\/support.mozilla.org\/es\/kb\/habilitar-y-deshabilitar-cookies-sitios-web-rastrear-preferencias\"><span>https:\/\/support.mozilla.org\/es\/kb\/habilitar-y-deshabilitar-cookies-sitios-web-rastrear-preferencias<\/span><\/a><\/p><p><strong><span>Safari, iPad i iPhone:<\/span><\/strong><\/p><p><span>Prefer\u00e8ncies&gt; Privadesa:\u00a0<\/span><a href=\"https:\/\/translate.google.com\/translate?hl=es&amp;prev=_t&amp;sl=auto&amp;tl=ca&amp;u=https:\/\/support.apple.com\/kb\/ph21411%3Flocale%3Des_ES\"><span>https:\/\/support.apple.com\/kb\/ph21411?locale=es_ES<\/span><\/a><\/p><p><strong><span>Pera:<\/span><\/strong><\/p><p><span>Configuraci\u00f3&gt; Opcions&gt; Avan\u00e7ades&gt; Cookies:\u00a0<\/span><a href=\"https:\/\/translate.google.com\/translate?hl=es&amp;prev=_t&amp;sl=auto&amp;tl=ca&amp;u=http:\/\/help.opera.com\/Windows\/12.00\/es-ES\/cookies.html\"><span>http:\/\/help.opera.com\/Windows\/12.00\/es-ES\/cookies.html<\/span><\/a><\/p><p><span>Aquests navegadors estan subjectes a actualitzacions o modificacions, de manera que no podem garantir que compleixin plenament la versi\u00f3 del seu navegador.\u00a0Tamb\u00e9 pot ser que utilitzeu un altre navegador no incl\u00f2s en aquests enlla\u00e7os com Konqueror, Arora, Flock, etc. Per evitar aquests desajusts, podeu accedir a la configuraci\u00f3 de les cookies directament des de les opcions del vostre navegador, normalment al men\u00fa &#8220;Opcions&#8221;. a la secci\u00f3 &#8220;Privadesa&#8221;.\u00a0(Consulteu l\u2019ajuda del vostre navegador per obtenir m\u00e9s informaci\u00f3).<\/span><\/p><p><strong><span>DESACTIVACI\u00d3 \/ ACTIVACI\u00d3 I ELIMINACI\u00d3 DE COOKIES<\/span><\/strong><\/p><p><span>Per restringir o bloquejar les cookies, normalment es modifica mitjan\u00e7ant la configuraci\u00f3 del navegador.\u00a0Si no voleu que els llocs web col\u00b7loquin cookies al vostre ordinador, podeu adaptar la configuraci\u00f3 del navegador de manera que se us notifiqui abans de col\u00b7locar-los.\u00a0De la mateixa manera, podeu adaptar la configuraci\u00f3 de manera que el navegador rebutgi totes les cookies o nom\u00e9s les cookies de tercers.\u00a0Tamb\u00e9 podeu suprimir qualsevol de les cookies que ja hi ha a l\u2019ordinador.\u00a0Tingueu en compte que haur\u00e0 d\u2019adaptar la configuraci\u00f3 de cada navegador i equip que utilitzeu per separat.<\/span><\/p><p><span>Tingueu en compte que si decidiu no rebre cookies, ja no podem garantir que el nostre lloc web funcionar\u00e0 correctament.\u00a0Algunes funcions del lloc es poden perdre i \u00e9s possible que ja no pugueu veure determinats llocs web.\u00a0A m\u00e9s, rebutjar les cookies no vol dir que no aneu a veure anuncis.\u00a0Els anuncis simplement no s\u2019ajusten als vostres interessos i es repetiran amb m\u00e9s freq\u00fc\u00e8ncia.<\/span><\/p><p><span>Cada navegador t\u00e9 un m\u00e8tode diferent per adaptar la configuraci\u00f3 de les cookies.\u00a0Si \u00e9s necessari, consulteu la funci\u00f3 d\u2019ajuda del navegador per establir la configuraci\u00f3 correcta.<\/span><\/p><p><span>Per desactivar les cookies del tel\u00e8fon m\u00f2bil, consulteu el manual del dispositiu per obtenir m\u00e9s informaci\u00f3.<\/span><\/p><p><span>Podeu obtenir m\u00e9s informaci\u00f3 sobre les cookies al seg\u00fcent lloc web d\u2019Internet:\u00a0<\/span><a href=\"https:\/\/translate.google.com\/translate?hl=es&amp;prev=_t&amp;sl=auto&amp;tl=ca&amp;u=http:\/\/www.aboutcookies.org\/\"><span>http:\/\/www.aboutcookies.org\/.<\/span><\/a><\/p><p><span>Tenint en compte la forma en qu\u00e8 funciona Internet i els llocs web, no sempre disposem d\u2019informaci\u00f3 sobre les cookies col\u00b7locades per tercers a trav\u00e9s del nostre lloc web.\u00a0Aix\u00f2 s\u2019aplica especialment als casos en qu\u00e8 el nostre lloc web cont\u00e9 el que s\u2019anomenen elements integrats: textos, documents, imatges o curtmetratges que s\u2019emmagatzemen en un altre lloc, per\u00f2 que es mostren al nostre lloc web o a trav\u00e9s d\u2019aquest.<\/span><\/p><p><span>Per tant, si trobeu aquest tipus de cookies en aquest lloc web i que no figuren a la llista anterior, informeu-nos.\u00a0O poseu-vos en contacte directament amb el tercer per sol\u00b7licitar informaci\u00f3 sobre les cookies que col\u00b7loqueu, la finalitat i la durada de la cookie i sobre com s\u2019ha garantit la vostra privadesa.<\/span><\/p>\t\t\t\t\t\t\t\t<\/div>\n\t\t\t\t<\/div>\n\t\t\t\t\t<\/div>\n\t\t<\/div>\n\t\t\t\t\t<\/div>\n\t\t<\/section>\n\t\t\t\t<section class=\"elementor-section elementor-top-section elementor-element elementor-element-651e171 elementor-section-boxed elementor-section-height-default elementor-section-height-default\" data-id=\"651e171\" data-element_type=\"section\" data-e-type=\"section\">\n\t\t\t\t\t\t<div class=\"elementor-container elementor-column-gap-default\">\n\t\t\t\t\t<div class=\"elementor-column elementor-col-100 elementor-top-column elementor-element elementor-element-0fc34d5\" data-id=\"0fc34d5\" data-element_type=\"column\" data-e-type=\"column\">\n\t\t\t<div class=\"elementor-widget-wrap elementor-element-populated\">\n\t\t\t\t\t\t<div class=\"elementor-element elementor-element-7b6ae82 elementor-widget elementor-widget-spacer\" data-id=\"7b6ae82\" data-element_type=\"widget\" data-e-type=\"widget\" data-widget_type=\"spacer.default\">\n\t\t\t\t<div class=\"elementor-widget-container\">\n\t\t\t\t\t\t\t<div class=\"elementor-spacer\">\n\t\t\t<div class=\"elementor-spacer-inner\"><\/div>\n\t\t<\/div>\n\t\t\t\t\t\t<\/div>\n\t\t\t\t<\/div>\n\t\t\t\t\t<\/div>\n\t\t<\/div>\n\t\t\t\t\t<\/div>\n\t\t<\/section>\n\t\t\t\t<\/div>\n\t\t","protected":false},"excerpt":{"rendered":"<p>Pol\u00edtica de cookies ANTECEDENTS D\u2019acord amb la normativa espanyola que regula l\u2019\u00fas de cookies en relaci\u00f3 amb la Prestaci\u00f3 de Serveis de Comunicacions Electr\u00f2niques, establerta en el Reial decret llei 13\/2012 de 30 de mar\u00e7, li informem de les cookies que s\u2019utilitzen al lloc web de\u00a0Sandra Benzal Vert\u00a0( tamb\u00e9 el prove\u00efdor) i el motiu del &hellip; <\/p>\n<p class=\"link-more\"><a href=\"https:\/\/aguideinbarcelona.com\/ca\/politica-de-cookies\/\" class=\"more-link\">Continua llegint <span class=\"screen-reader-text\">\u00abPol\u00edtica de cookies\u00bb<\/span><\/a><\/p>\n","protected":false},"author":4,"featured_media":0,"parent":0,"menu_order":0,"comment_status":"closed","ping_status":"closed","template":"elementor_header_footer","meta":{"footnotes":""},"categories":[39,50],"tags":[],"class_list":["post-3649","page","type-page","status-publish","hentry","category-paginas","category-paginas-ca","entry"],"_links":{"self":[{"href":"https:\/\/aguideinbarcelona.com\/ca\/wp-json\/wp\/v2\/pages\/3649","targetHints":{"allow":["GET"]}}],"collection":[{"href":"https:\/\/aguideinbarcelona.com\/ca\/wp-json\/wp\/v2\/pages"}],"about":[{"href":"https:\/\/aguideinbarcelona.com\/ca\/wp-json\/wp\/v2\/types\/page"}],"author":[{"embeddable":true,"href":"https:\/\/aguideinbarcelona.com\/ca\/wp-json\/wp\/v2\/users\/4"}],"replies":[{"embeddable":true,"href":"https:\/\/aguideinbarcelona.com\/ca\/wp-json\/wp\/v2\/comments?post=3649"}],"version-history":[{"count":0,"href":"https:\/\/aguideinbarcelona.com\/ca\/wp-json\/wp\/v2\/pages\/3649\/revisions"}],"wp:attachment":[{"href":"https:\/\/aguideinbarcelona.com\/ca\/wp-json\/wp\/v2\/media?parent=3649"}],"wp:term":[{"taxonomy":"category","embeddable":true,"href":"https:\/\/aguideinbarcelona.com\/ca\/wp-json\/wp\/v2\/categories?post=3649"},{"taxonomy":"post_tag","embeddable":true,"href":"https:\/\/aguideinbarcelona.com\/ca\/wp-json\/wp\/v2\/tags?post=3649"}],"curies":[{"name":"wp","href":"https:\/\/api.w.org\/{rel}","templated":true}]}}