{"id":3713,"date":"2020-05-24T07:39:52","date_gmt":"2020-05-24T05:39:52","guid":{"rendered":"https:\/\/aguideinbarcelona.com\/privacy-policy\/"},"modified":"2020-06-08T11:40:45","modified_gmt":"2020-06-08T09:40:45","slug":"politica-de-privacitat","status":"publish","type":"page","link":"https:\/\/aguideinbarcelona.com\/ca\/politica-de-privacitat\/","title":{"rendered":"Pol\u00edtica de privacitat"},"content":{"rendered":"\t\t<div data-elementor-type=\"wp-page\" data-elementor-id=\"3713\" class=\"elementor elementor-3713 elementor-3451\" data-elementor-post-type=\"page\">\n\t\t\t\t\t\t<section class=\"elementor-section elementor-top-section elementor-element elementor-element-9f404a4 elementor-section-stretched elementor-section-full_width elementor-section-height-default elementor-section-height-default\" data-id=\"9f404a4\" data-element_type=\"section\" data-e-type=\"section\" data-settings=\"{&quot;stretch_section&quot;:&quot;section-stretched&quot;}\">\n\t\t\t\t\t\t<div class=\"elementor-container elementor-column-gap-no\">\n\t\t\t\t\t<div class=\"elementor-column elementor-col-100 elementor-top-column elementor-element elementor-element-c95ab4c\" data-id=\"c95ab4c\" data-element_type=\"column\" data-e-type=\"column\">\n\t\t\t<div class=\"elementor-widget-wrap elementor-element-populated\">\n\t\t\t\t\t\t<div class=\"elementor-element elementor-element-9987e81 elementor--h-position-center elementor--v-position-middle elementor-arrows-position-inside elementor-pagination-position-inside elementor-widget elementor-widget-slides\" data-id=\"9987e81\" data-element_type=\"widget\" data-e-type=\"widget\" data-settings=\"{&quot;navigation&quot;:&quot;both&quot;,&quot;autoplay&quot;:&quot;yes&quot;,&quot;pause_on_hover&quot;:&quot;yes&quot;,&quot;pause_on_interaction&quot;:&quot;yes&quot;,&quot;autoplay_speed&quot;:5000,&quot;infinite&quot;:&quot;yes&quot;,&quot;transition&quot;:&quot;slide&quot;,&quot;transition_speed&quot;:500}\" data-widget_type=\"slides.default\">\n\t\t\t\t<div class=\"elementor-widget-container\">\n\t\t\t\t\t\t\t\t\t<div class=\"elementor-swiper\">\n\t\t\t\t\t<div class=\"elementor-slides-wrapper elementor-main-swiper swiper\" role=\"region\" aria-roledescription=\"carousel\" aria-label=\"Diapositives\" dir=\"ltr\" data-animation=\"fadeInUp\">\n\t\t\t\t<div class=\"swiper-wrapper elementor-slides\">\n\t\t\t\t\t\t\t\t\t\t<div class=\"elementor-repeater-item-47fe2e3 swiper-slide\" role=\"group\" aria-roledescription=\"slide\"><div class=\"swiper-slide-bg\" role=\"img\" aria-label=\"bcn\"><\/div><div class=\"swiper-slide-inner\" ><div class=\"swiper-slide-contents\"><\/div><\/div><\/div>\t\t\t\t<\/div>\n\t\t\t\t\t\t\t<\/div>\n\t\t\t\t<\/div>\n\t\t\t\t\t\t\t\t<\/div>\n\t\t\t\t<\/div>\n\t\t\t\t\t<\/div>\n\t\t<\/div>\n\t\t\t\t\t<\/div>\n\t\t<\/section>\n\t\t\t\t<section class=\"elementor-section elementor-top-section elementor-element elementor-element-44bfef39 elementor-section-stretched elementor-section-boxed elementor-section-height-default elementor-section-height-default\" data-id=\"44bfef39\" data-element_type=\"section\" data-e-type=\"section\" data-settings=\"{&quot;stretch_section&quot;:&quot;section-stretched&quot;}\">\n\t\t\t\t\t\t<div class=\"elementor-container elementor-column-gap-default\">\n\t\t\t\t\t<div class=\"elementor-column elementor-col-100 elementor-top-column elementor-element elementor-element-87d3919\" data-id=\"87d3919\" data-element_type=\"column\" data-e-type=\"column\">\n\t\t\t<div class=\"elementor-widget-wrap elementor-element-populated\">\n\t\t\t\t\t\t<div class=\"elementor-element elementor-element-03eee52 elementor-widget elementor-widget-text-editor\" data-id=\"03eee52\" data-element_type=\"widget\" data-e-type=\"widget\" data-widget_type=\"text-editor.default\">\n\t\t\t\t<div class=\"elementor-widget-container\">\n\t\t\t\t\t\t\t\t\t<h1>Pol\u00edtica de privacitat<\/h1>\t\t\t\t\t\t\t\t<\/div>\n\t\t\t\t<\/div>\n\t\t\t\t<div class=\"elementor-element elementor-element-10464d5e elementor-widget elementor-widget-text-editor\" data-id=\"10464d5e\" data-element_type=\"widget\" data-e-type=\"widget\" data-widget_type=\"text-editor.default\">\n\t\t\t\t<div class=\"elementor-widget-container\">\n\t\t\t\t\t\t\t\t\t<p><span>En compliment del cap\u00edtol II de la Llei 34\/2002, LSSICE, li informem que aquest lloc web \u00e9s propietat de\u00a0\u00a0<\/span><strong><span>Sandra Benzal Vert<\/span><\/strong><span>\u00a0, en endavant tamb\u00e9 del Prove\u00efdor, amb adre\u00e7a al\u00a0\u00a0<\/span><strong><span>carrer Esperanto 2, \u00e0tic 2\u00aa, Sant Cugat del Vall\u00e8s<\/span><\/strong><span>\u00a0, tel\u00e8fon. : 0034- 629480456, i correu electr\u00f2nic:\u00a0\u00a0<\/span><strong><span>sandra@aguideinbarcelona.com<\/span><\/strong><span>\u00a0.<\/span><\/p><p><strong><span>Sandra Benzal Vert<\/span><\/strong><span>\u00a0, \u00e9s responsable d\u2019aquest lloc web i d\u2019acord amb el que estableix la normativa vigent sobre protecci\u00f3 de dades de car\u00e0cter personal, el Reglament (UE) 2016\/679 del 27 d\u2019abril de 2016 (GDPR) sobre la protecci\u00f3 de dades de car\u00e0cter personal, pel que fa al tractament de dades personals i a la lliure circulaci\u00f3 de les dades esmentades, la Llei org\u00e0nica espanyola 15\/1999, del 13 de desembre, de protecci\u00f3 de dades de car\u00e0cter personal (LOPD) i la Llei 34\/2002, a partir de l\u201911 de juliol, de la societat de la informaci\u00f3 i electr\u00f2nica. Commerce Services (LSSICE), ha implementat totes les mesures de seguretat, tant t\u00e8cniques com organitzatives, establertes pel Reial decret espanyol 1720\/2007, del 21 de desembre (que desenvolupa la LOPD) per garantir i protegir la confidencialitat, la integritat i la disponibilitat de les dades introdu\u00efdes.<\/span><\/p><p><span>Als efectes de les disposicions de la LOPD,\u00a0\u00a0<\/span><strong><span>Sandra Benzal Vert<\/span><\/strong><span>\u00a0\u00a0li informa que la informaci\u00f3 que ens proporcioneu volunt\u00e0riament s\u2019incorporar\u00e0 als nostres sistemes d\u2019informaci\u00f3 per tal de realitzar els tr\u00e0mits comercials i administratius necessaris amb els usuaris del lloc web.\u00a0Les operacions previstes a realitzar s\u00f3n les seg\u00fcents: respondre a les consultes i \/ o proporcionar informaci\u00f3 sol\u00b7licitada per l\u2019Usuari;\u00a0realitzar la prestaci\u00f3 de serveis i \/ o productes contractats o subscrits per l\u2019Usuari;\u00a0realitzar totes aquelles activitats de\u00a0\u00a0<\/span><strong><span>Sandra Benzal Vert<\/span><\/strong><span>\u00a0\u00a0descrites en aquest av\u00eds legal i enviar el butllet\u00ed del lloc web.<\/span><\/p><p><span>El signant garanteix la veracitat de les dades proporcionades i es compromet a la necessitat de comunicar els canvis que es puguin produir.<\/span><\/p><p><span>El Prove\u00efdor, marcat amb un asterisc (*) a les caselles corresponents del formulari de contacte, informa a l\u2019Usuari d\u2019aquestes obligacions, indicant quines dades s\u00f3n necess\u00e0ries.\u00a0En indicar i introduir les dades, l\u2019Usuari atorga un consentiment inequ\u00edvoc a\u00a0\u00a0<\/span><strong><span>Sandra Benzal Vert<\/span><\/strong><span>\u00a0\u00a0per procedir al tractament d\u2019aquestes dades proporcionades amb les finalitats anteriorment esmentades.<\/span><\/p><p><span>El no proporcionar les dades personals sol\u00b7licitades o l\u2019acceptaci\u00f3 d\u2019aquesta pol\u00edtica de protecci\u00f3 de dades significa que \u00e9s impossible subscriure, registrar-se o rebre informaci\u00f3 sobre els productes i serveis del Prove\u00efdor.<\/span><\/p><p><span>D\u2019acord amb la normativa vigent en mat\u00e8ria de protecci\u00f3 de dades de car\u00e0cter personal, el Prove\u00efdor est\u00e0 complint totes les disposicions de la normativa GDPR i LOPD per al tractament de dades personals en la seva responsabilitat, marcadament amb els principis descrits a l\u2019article 5 del RGPD i a l&#8217;article 4 de la LOPD, pel qual s\u00f3n tractats de manera l\u00edcita, lleial i transparent en relaci\u00f3 amb la persona interessada i adequada, rellevant i limitada a all\u00f2 que sigui necessari en relaci\u00f3 amb els prop\u00f2sits per als quals es tracta.<\/span><\/p><p><span>El CONTROLADOR DE DADES garanteix que ha implementat pol\u00edtiques organitzatives i t\u00e8cniques adequades per aplicar les mesures de seguretat establertes pel GDPR i la LOPD per protegir els drets i les llibertats dels Usuaris.<\/span><\/p><p><span>D\u2019acord amb aquesta normativa, doncs, l\u2019informem que teniu dret a sol\u00b7licitar l\u2019acc\u00e9s, rectificaci\u00f3, portabilitat i supressi\u00f3 de les vostres dades i la limitaci\u00f3 i oposici\u00f3 al vostre tractament contactant amb el\u00a0\u00a0<\/span><strong><span>carrer Esperanto 2, \u00e0tic 2\u00aa, Sant Cugat del Vall\u00e8s<\/span><\/strong><span>\u00a0, enviant un correu electr\u00f2nic a\u00a0\u00a0<\/span><strong><span>sandra@aguideinbarcelona.com<\/span><\/strong><span>\u00a0.,\u00a0<strong>Indicant<\/strong>\u00a0com a Assumpte: \u201cLOPD, ARCO Rights\u201d i adjuntant una fotoc\u00f2pia del DNI o qualsevol identificaci\u00f3 legal similar, tal com indica la llei.\u00a0Teniu dret a retirar el consentiment donat en qualsevol moment.\u00a0La retirada del consentiment no afectar\u00e0 la licitud del tractament realitzat abans de la retirada del consentiment.\u00a0Tamb\u00e9 teniu dret a presentar una reclamaci\u00f3 a l\u2019autoritat de supervisi\u00f3 si creieu que els vostres drets podrien haver estat violats en relaci\u00f3 amb la protecci\u00f3 de les vostres dades (agpd.es).<\/span><\/p><p><strong><span>CONFIDENCIALITAT I TRANSFER\u00c8NCIA DE DADES A TERCERS<\/span><\/strong><\/p><p><span>La informaci\u00f3 que proporcioneu ser\u00e0 tractada de forma confidencial.\u00a0El Prove\u00efdor ha adoptat totes les mesures t\u00e8cniques i organitzatives i tots els nivells de protecci\u00f3 necessaris per garantir la seguretat en el tractament de les dades i evitar la seva alteraci\u00f3, p\u00e8rdua, robatori, tractament o acc\u00e9s no autoritzat, segons l\u2019estat de la tecnologia i naturalesa de les dades emmagatzemades.\u00a0Aix\u00ed mateix, tamb\u00e9 es garanteix que el tractament i registre en fitxers, programes, sistemes o equipaments, locals i centres compleixin els requisits i les condicions d\u2019integritat i seguretat segons s\u2019estableix en la normativa vigent.<\/span><\/p><p><strong><span>Sandra Benzal Vert<\/span><\/strong><span>\u00a0\u00a0no transferir\u00e0 dades personals a tercers, excepte per obligaci\u00f3 legal.\u00a0Tanmateix, en el cas de ser transferit a un tercer, l\u2019Usuari sol\u00b7licitar\u00e0 informaci\u00f3 pr\u00e8viament amb la sol\u00b7licitud del consentiment expr\u00e9s per a aquesta tasca.\u00a0L\u2019entitat responsable de la base de dades, aix\u00ed com les que intervenen en qualsevol fase del tractament i \/ o les entitats a les quals hagin estat notificades, -en tot cas sempre amb l\u2019autoritzaci\u00f3 corresponent atorgada per l\u2019usuari-, estan obligades a observar el secret professional, l\u2019adopci\u00f3 de nivells de protecci\u00f3, aix\u00ed com les mesures t\u00e8cniques i organitzatives necess\u00e0ries per garantir la seguretat de les dades personals, evitant, en la mesura del possible, l\u2019acc\u00e9s no autoritzat, modificacions il\u00b7legals, restacions i \/ o p\u00e8rdues de dades per tal de assegurar el nivell de seguretat corresponent dels fitxers de Prove\u00efdors, d\u2019acord amb la naturalesa i la sensibilitat de les dades facilitades pels usuaris d\u2019aquest Lloc Web.<\/span><\/p><p><strong><span>ACCEPTACI\u00d3 I CONSENTIMENT<\/span><\/strong><\/p><p><span>L\u2019Usuari declara haver estat informat de les condicions relatives a la protecci\u00f3 de dades personals, acceptant i consentint el tractament autom\u00e0tic de les mateixes per part de\u00a0\u00a0<\/span><strong><span>Sandra Benzal Vert<\/span><\/strong><span>\u00a0\u00a0de la forma i per a les finalitats indicades en aquesta Pol\u00edtica de protecci\u00f3 de dades de car\u00e0cter personal.<\/span><\/p><p><span>A trav\u00e9s d\u2019aquesta Pol\u00edtica de privadesa t\u2019informem que les fotografies que es publiquen al lloc web s\u00f3n propietat de\u00a0\u00a0<\/span><strong><span>Sandra Benzal Vert<\/span><\/strong><span>\u00a0, incloses les de menors, de les quals, per obtenir-les, s\u2019ha obtingut el consentiment previ de pares, tutors o legals. representants signant els formularis realitzats a aquest efecte pels centres en qu\u00e8 formen part els menors d\u2019edat.\u00a0No obstant aix\u00f2, els pares, tutors o representants dels menors, com a titulars legals de l\u2019exercici dels drets dels menors abans esmentats, i sempre presentant una sol\u00b7licitud formal pr\u00e8via per escrit, poden indicar la negativa a utilitzar la imatge del menor;\u00a0en aquest cas, la imatge es mostrar\u00e0 en una forma pixelada.<\/span><\/p><p><strong><span>ACURACI\u00d3 I VERITAT DE LES DADES<\/span><\/strong><\/p><p><span>L\u2019Usuari \u00e9s l\u2019\u00fanic responsable de l\u2019exactitud i la veracitat de les dades enviades a\u00a0\u00a0<\/span><strong><span>Sandra Benzal Vert<\/span><\/strong><span>\u00a0, excloent el Prove\u00efdor de qualsevol responsabilitat al respecte.\u00a0Els usuaris garanteixen i es responsabilitzen, en qualsevol cas, de l\u2019exactitud, validesa i autenticitat de les dades personals facilitades, i es comprometen a mantenir les dades proporcionades correctament actualitzades.\u00a0L\u2019Usuari es compromet a proporcionar informaci\u00f3 completa i correcta en el formulari de registre o subscripci\u00f3.<\/span><\/p><p><strong><span>CONTINGUT DE WEBLINKS<\/span><\/strong><\/p><p><strong><span>Sandra Benzal Vert es<\/span><\/strong><span>\u00a0\u00a0reserva el dret d\u2019actualitzar, modificar o eliminar la informaci\u00f3 continguda al lloc web, i fins i tot pot limitar o denegar l\u2019acc\u00e9s a la informaci\u00f3.<\/span><\/p><p><strong><span>Sandra Benzal Vert<\/span><\/strong><span>\u00a0\u00a0no assumeix cap tipus de responsabilitat per la informaci\u00f3 continguda en els llocs web de tercers als quals es pugui accedir a trav\u00e9s dels enlla\u00e7os des de qualsevol edat web propietat del Prove\u00efdor.<\/span><\/p><p><span>Les pres\u00e8ncies d\u2019enlla\u00e7os s\u00f3n exclusivament informatives i en cap cas impliquen cap suggeriment, invitaci\u00f3 o reconeixement al respecte.<\/span><\/p><p><strong><span>CANVIS D\u2019AQUESTA POL\u00cdTICA DE PRIVACITAT<\/span><\/strong><\/p><p><strong><span>Sandra Benzal Vert es<\/span><\/strong><span>\u00a0\u00a0reserva el dret a modificar la pol\u00edtica actual per adaptar-la a la nova legislaci\u00f3 o jurisprud\u00e8ncia.<\/span><\/p><p><strong><span>CORREU COMERCIAL<\/span><\/strong><\/p><p><strong><span>Sandra Benzal Vert es<\/span><\/strong><span>\u00a0\u00a0reserva el dret a modificar la pol\u00edtica actual per adaptar-la a la nova legislaci\u00f3 o jurisprud\u00e8ncia.<\/span><\/p><p><span>Segons la LSSICE,\u00a0\u00a0<\/span><strong><span>Sandra Benzal Vert<\/span><\/strong><span>\u00a0\u00a0no realitza pr\u00e0ctiques d\u2019spam, per tant, no envia correus electr\u00f2nics comercials que no han estat sol\u00b7licitats ni autoritzats pr\u00e8viament per l\u2019Usuari.\u00a0En conseq\u00fc\u00e8ncia, en cadascun dels formularis de la p\u00e0gina web, l\u2019Usuari t\u00e9 la possibilitat de donar el seu consentiment expr\u00e9s per rebre els nostres correus electr\u00f2nics, independentment de la informaci\u00f3 comercial puntualment sol\u00b7licitada.<\/span><\/p><p><strong><span>Secci\u00f3 de cl\u00e0usules del contacte web<\/span><\/strong><\/p><p><span>La comunicaci\u00f3 enviada s\u2019incorporar\u00e0 a un fitxer del qual\u00a0\u00a0\u00a0\u00e9s responsable\u00a0<\/span><strong><span>Sandra Benzal Vert<\/span><\/strong><span>\u00a0.\u00a0Aquesta comunicaci\u00f3 s\u2019utilitzar\u00e0 exclusivament per processar les vostres dades per satisfer la vostra sol\u00b7licitud, sempre d\u2019acord amb el Reglament (UE) 2016\/679 (GDPR), la Llei org\u00e0nica espanyola 15\/1999 (LOPD) i el Reial decret espanyol 1720\/2007 (sobre el desenvolupament de la LOPD), sobre protecci\u00f3 de dades personals.\u00a0Les vostres dades no seran comunicades (compartides amb) a tercers, excepte per obligaci\u00f3 legal, i es mantindran mentre no sol\u00b7liciteu cap cancel\u00b7laci\u00f3.<\/span><\/p><p><span>En qualsevol moment podeu exercir el dret d\u2019acc\u00e9s, rectificaci\u00f3, portabilitat i oposici\u00f3 o, si escau, la limitaci\u00f3 i \/ o cancel\u00b7laci\u00f3 del tractament, proporcionant-ho per escrit, indicant les vostres dades personals al\u00a0\u00a0<\/span><strong><span>carrer Esperanto 2, \u00e0tic 2\u00aa, Sant Cugat. del Vall\u00e8s<\/span><\/strong><span>\u00a0\u00a0o via correu electr\u00f2nic a\u00a0\u00a0<\/span><strong><span>sandra@aguideinbarcelona.com<\/span><\/strong><span>\u00a0.<\/span><\/p><p><strong><span>LEGISLACI\u00d3<\/span><\/strong><\/p><p><span>A tots els efectes, les relacions entre\u00a0\u00a0<\/span><strong><span>Sandra Benzal Vert<\/span><\/strong><span>\u00a0\u00a0i els Usuaris dels seus serveis telem\u00e0tics, presents en aquest Lloc Web, estan subjectes a la legislaci\u00f3 i jurisdicci\u00f3 espanyoles a les quals es sotmeten expressament les parts, sent competents per a la resoluci\u00f3 de totes les disputes derivades o relacionades amb el seu \u00fas els jutjats i tribunals de\u00a0\u00a0<\/span><strong><span>Barcelona<\/span><\/strong><span>\u00a0.<\/span><\/p>\t\t\t\t\t\t\t\t<\/div>\n\t\t\t\t<\/div>\n\t\t\t\t\t<\/div>\n\t\t<\/div>\n\t\t\t\t\t<\/div>\n\t\t<\/section>\n\t\t\t\t<section class=\"elementor-section elementor-top-section elementor-element elementor-element-651e171 elementor-section-boxed elementor-section-height-default elementor-section-height-default\" data-id=\"651e171\" data-element_type=\"section\" data-e-type=\"section\">\n\t\t\t\t\t\t<div class=\"elementor-container elementor-column-gap-default\">\n\t\t\t\t\t<div class=\"elementor-column elementor-col-100 elementor-top-column elementor-element elementor-element-0fc34d5\" data-id=\"0fc34d5\" data-element_type=\"column\" data-e-type=\"column\">\n\t\t\t<div class=\"elementor-widget-wrap elementor-element-populated\">\n\t\t\t\t\t\t<div class=\"elementor-element elementor-element-7b6ae82 elementor-widget elementor-widget-spacer\" data-id=\"7b6ae82\" data-element_type=\"widget\" data-e-type=\"widget\" data-widget_type=\"spacer.default\">\n\t\t\t\t<div class=\"elementor-widget-container\">\n\t\t\t\t\t\t\t<div class=\"elementor-spacer\">\n\t\t\t<div class=\"elementor-spacer-inner\"><\/div>\n\t\t<\/div>\n\t\t\t\t\t\t<\/div>\n\t\t\t\t<\/div>\n\t\t\t\t\t<\/div>\n\t\t<\/div>\n\t\t\t\t\t<\/div>\n\t\t<\/section>\n\t\t\t\t<\/div>\n\t\t","protected":false},"excerpt":{"rendered":"<p>Pol\u00edtica de privacitat En compliment del cap\u00edtol II de la Llei 34\/2002, LSSICE, li informem que aquest lloc web \u00e9s propietat de\u00a0\u00a0Sandra Benzal Vert\u00a0, en endavant tamb\u00e9 del Prove\u00efdor, amb adre\u00e7a al\u00a0\u00a0carrer Esperanto 2, \u00e0tic 2\u00aa, Sant Cugat del Vall\u00e8s\u00a0, tel\u00e8fon. : 0034- 629480456, i correu electr\u00f2nic:\u00a0\u00a0sandra@aguideinbarcelona.com\u00a0. Sandra Benzal Vert\u00a0, \u00e9s responsable d\u2019aquest lloc web &hellip; <\/p>\n<p class=\"link-more\"><a href=\"https:\/\/aguideinbarcelona.com\/ca\/politica-de-privacitat\/\" class=\"more-link\">Continua llegint <span class=\"screen-reader-text\">\u00abPol\u00edtica de privacitat\u00bb<\/span><\/a><\/p>\n","protected":false},"author":4,"featured_media":0,"parent":0,"menu_order":0,"comment_status":"closed","ping_status":"closed","template":"elementor_header_footer","meta":{"footnotes":""},"categories":[],"tags":[],"class_list":["post-3713","page","type-page","status-publish","hentry","entry"],"_links":{"self":[{"href":"https:\/\/aguideinbarcelona.com\/ca\/wp-json\/wp\/v2\/pages\/3713","targetHints":{"allow":["GET"]}}],"collection":[{"href":"https:\/\/aguideinbarcelona.com\/ca\/wp-json\/wp\/v2\/pages"}],"about":[{"href":"https:\/\/aguideinbarcelona.com\/ca\/wp-json\/wp\/v2\/types\/page"}],"author":[{"embeddable":true,"href":"https:\/\/aguideinbarcelona.com\/ca\/wp-json\/wp\/v2\/users\/4"}],"replies":[{"embeddable":true,"href":"https:\/\/aguideinbarcelona.com\/ca\/wp-json\/wp\/v2\/comments?post=3713"}],"version-history":[{"count":0,"href":"https:\/\/aguideinbarcelona.com\/ca\/wp-json\/wp\/v2\/pages\/3713\/revisions"}],"wp:attachment":[{"href":"https:\/\/aguideinbarcelona.com\/ca\/wp-json\/wp\/v2\/media?parent=3713"}],"wp:term":[{"taxonomy":"category","embeddable":true,"href":"https:\/\/aguideinbarcelona.com\/ca\/wp-json\/wp\/v2\/categories?post=3713"},{"taxonomy":"post_tag","embeddable":true,"href":"https:\/\/aguideinbarcelona.com\/ca\/wp-json\/wp\/v2\/tags?post=3713"}],"curies":[{"name":"wp","href":"https:\/\/api.w.org\/{rel}","templated":true}]}}