{"id":3725,"date":"2020-05-24T18:42:43","date_gmt":"2020-05-24T16:42:43","guid":{"rendered":"https:\/\/aguideinbarcelona.com\/alella-3-4-horas\/"},"modified":"2020-06-08T19:50:14","modified_gmt":"2020-06-08T17:50:14","slug":"d-o-alella-mig-dia","status":"publish","type":"page","link":"https:\/\/aguideinbarcelona.com\/ca\/d-o-alella-mig-dia\/","title":{"rendered":"D.O. Alella mig dia"},"content":{"rendered":"\t\t<div data-elementor-type=\"wp-page\" data-elementor-id=\"3725\" class=\"elementor elementor-3725 elementor-1363\" data-elementor-post-type=\"page\">\n\t\t\t\t\t\t<section class=\"elementor-section elementor-top-section elementor-element elementor-element-2ab0ec44 elementor-section-boxed elementor-section-height-default elementor-section-height-default\" data-id=\"2ab0ec44\" data-element_type=\"section\" data-e-type=\"section\">\n\t\t\t\t\t\t<div class=\"elementor-container elementor-column-gap-default\">\n\t\t\t\t\t<div class=\"elementor-column elementor-col-100 elementor-top-column elementor-element elementor-element-6e19b1e7\" data-id=\"6e19b1e7\" data-element_type=\"column\" data-e-type=\"column\">\n\t\t\t<div class=\"elementor-widget-wrap elementor-element-populated\">\n\t\t\t\t\t\t<section class=\"elementor-section elementor-inner-section elementor-element elementor-element-4d1a0c3 elementor-section-boxed elementor-section-height-default elementor-section-height-default\" data-id=\"4d1a0c3\" data-element_type=\"section\" data-e-type=\"section\">\n\t\t\t\t\t\t<div class=\"elementor-container elementor-column-gap-default\">\n\t\t\t\t\t<div class=\"elementor-column elementor-col-50 elementor-inner-column elementor-element elementor-element-3c3f72ec\" data-id=\"3c3f72ec\" data-element_type=\"column\" data-e-type=\"column\">\n\t\t\t<div class=\"elementor-widget-wrap elementor-element-populated\">\n\t\t\t\t\t\t<div class=\"elementor-element elementor-element-6ae66099 elementor-nav-menu--dropdown-none menu_izq elementor-widget elementor-widget-global elementor-global-3819 elementor-global-638 elementor-widget-nav-menu\" data-id=\"6ae66099\" data-element_type=\"widget\" data-e-type=\"widget\" data-settings=\"{&quot;layout&quot;:&quot;vertical&quot;,&quot;submenu_icon&quot;:{&quot;value&quot;:&quot;fas fa-caret-down&quot;,&quot;library&quot;:&quot;fa-solid&quot;}}\" data-widget_type=\"nav-menu.default\">\n\t\t\t\t<div class=\"elementor-widget-container\">\n\t\t\t\t\t\t\t\t<nav aria-label=\"Menu\" class=\"elementor-nav-menu--main elementor-nav-menu__container elementor-nav-menu--layout-vertical e--pointer-none\">\n\t\t\t\t<ul id=\"menu-1-6ae66099\" class=\"elementor-nav-menu sm-vertical\"><li class=\"menu-item menu-item-type-custom menu-item-object-custom menu-item-4303\"><a href=\"https:\/\/aguideinbarcelona.com\/ca\/tast-de-vins-i-visites-cellers\/\" class=\"elementor-item\"><span class=\"title_menu_tours\">TAST DE VINS I VISITES CELLERS:<\/span><\/a><\/li>\n<li class=\"menu-item menu-item-type-post_type menu-item-object-page menu-item-4304\"><a href=\"https:\/\/aguideinbarcelona.com\/ca\/tast-de-vins-privat\/\" class=\"elementor-item\">Tast de vins privat<\/a><\/li>\n<li class=\"menu-item menu-item-type-post_type menu-item-object-page menu-item-4305\"><a href=\"https:\/\/aguideinbarcelona.com\/ca\/tast-de-vins-i-pernil-iberic\/\" class=\"elementor-item\">Tast de vins i pernil ib\u00e8ric<\/a><\/li>\n<li class=\"menu-item menu-item-type-post_type menu-item-object-page menu-item-4311\"><a href=\"https:\/\/aguideinbarcelona.com\/ca\/d-o-penedes-amb-dinar\/\" class=\"elementor-item\">D.O. Pened\u00e8s amb dinar<\/a><\/li>\n<li class=\"menu-item menu-item-type-post_type menu-item-object-page menu-item-4306\"><a href=\"https:\/\/aguideinbarcelona.com\/ca\/d-o-penedes-amb-4-x-4\/\" class=\"elementor-item\">D.O. Pened\u00e8s amb 4 x 4<\/a><\/li>\n<li class=\"menu-item menu-item-type-post_type menu-item-object-page menu-item-4312\"><a href=\"https:\/\/aguideinbarcelona.com\/ca\/d-o-q-priorat-amb-dinar-i-4-x-4\/\" class=\"elementor-item\">D.O.Q. Priorat amb dinar i 4 x 4<\/a><\/li>\n<li class=\"menu-item menu-item-type-post_type menu-item-object-page menu-item-4307\"><a href=\"https:\/\/aguideinbarcelona.com\/ca\/d-o-emporda-dia-sencer\/\" class=\"elementor-item\">D.O. Empord\u00e0 dia sencer<\/a><\/li>\n<li class=\"menu-item menu-item-type-post_type menu-item-object-page menu-item-4310\"><a href=\"https:\/\/aguideinbarcelona.com\/ca\/d-o-emporda-i-museu-dali\/\" class=\"elementor-item\">D.O. Empord\u00e0 i Museu Dal\u00ed<\/a><\/li>\n<li class=\"menu-item menu-item-type-post_type menu-item-object-page menu-item-4308\"><a href=\"https:\/\/aguideinbarcelona.com\/ca\/d-o-alella-mig-dia\/\" class=\"elementor-item\">D.O. Alella mig dia<\/a><\/li>\n<\/ul>\t\t\t<\/nav>\n\t\t\t\t\t\t<nav class=\"elementor-nav-menu--dropdown elementor-nav-menu__container\" aria-hidden=\"true\">\n\t\t\t\t<ul id=\"menu-2-6ae66099\" class=\"elementor-nav-menu sm-vertical\"><li class=\"menu-item menu-item-type-custom menu-item-object-custom menu-item-4303\"><a href=\"https:\/\/aguideinbarcelona.com\/ca\/tast-de-vins-i-visites-cellers\/\" class=\"elementor-item\" tabindex=\"-1\"><span class=\"title_menu_tours\">TAST DE VINS I VISITES CELLERS:<\/span><\/a><\/li>\n<li class=\"menu-item menu-item-type-post_type menu-item-object-page menu-item-4304\"><a href=\"https:\/\/aguideinbarcelona.com\/ca\/tast-de-vins-privat\/\" class=\"elementor-item\" tabindex=\"-1\">Tast de vins privat<\/a><\/li>\n<li class=\"menu-item menu-item-type-post_type menu-item-object-page menu-item-4305\"><a href=\"https:\/\/aguideinbarcelona.com\/ca\/tast-de-vins-i-pernil-iberic\/\" class=\"elementor-item\" tabindex=\"-1\">Tast de vins i pernil ib\u00e8ric<\/a><\/li>\n<li class=\"menu-item menu-item-type-post_type menu-item-object-page menu-item-4311\"><a href=\"https:\/\/aguideinbarcelona.com\/ca\/d-o-penedes-amb-dinar\/\" class=\"elementor-item\" tabindex=\"-1\">D.O. Pened\u00e8s amb dinar<\/a><\/li>\n<li class=\"menu-item menu-item-type-post_type menu-item-object-page menu-item-4306\"><a href=\"https:\/\/aguideinbarcelona.com\/ca\/d-o-penedes-amb-4-x-4\/\" class=\"elementor-item\" tabindex=\"-1\">D.O. Pened\u00e8s amb 4 x 4<\/a><\/li>\n<li class=\"menu-item menu-item-type-post_type menu-item-object-page menu-item-4312\"><a href=\"https:\/\/aguideinbarcelona.com\/ca\/d-o-q-priorat-amb-dinar-i-4-x-4\/\" class=\"elementor-item\" tabindex=\"-1\">D.O.Q. Priorat amb dinar i 4 x 4<\/a><\/li>\n<li class=\"menu-item menu-item-type-post_type menu-item-object-page menu-item-4307\"><a href=\"https:\/\/aguideinbarcelona.com\/ca\/d-o-emporda-dia-sencer\/\" class=\"elementor-item\" tabindex=\"-1\">D.O. Empord\u00e0 dia sencer<\/a><\/li>\n<li class=\"menu-item menu-item-type-post_type menu-item-object-page menu-item-4310\"><a href=\"https:\/\/aguideinbarcelona.com\/ca\/d-o-emporda-i-museu-dali\/\" class=\"elementor-item\" tabindex=\"-1\">D.O. Empord\u00e0 i Museu Dal\u00ed<\/a><\/li>\n<li class=\"menu-item menu-item-type-post_type menu-item-object-page menu-item-4308\"><a href=\"https:\/\/aguideinbarcelona.com\/ca\/d-o-alella-mig-dia\/\" class=\"elementor-item\" tabindex=\"-1\">D.O. Alella mig dia<\/a><\/li>\n<\/ul>\t\t\t<\/nav>\n\t\t\t\t\t\t<\/div>\n\t\t\t\t<\/div>\n\t\t\t\t<div class=\"elementor-element elementor-element-40be393 elementor-widget elementor-widget-spacer\" data-id=\"40be393\" data-element_type=\"widget\" data-e-type=\"widget\" data-widget_type=\"spacer.default\">\n\t\t\t\t<div class=\"elementor-widget-container\">\n\t\t\t\t\t\t\t<div class=\"elementor-spacer\">\n\t\t\t<div class=\"elementor-spacer-inner\"><\/div>\n\t\t<\/div>\n\t\t\t\t\t\t<\/div>\n\t\t\t\t<\/div>\n\t\t\t\t<div class=\"elementor-element elementor-element-209bcffb elementor-align-center elementor-widget elementor-widget-global elementor-global-3845 elementor-global-1805 elementor-widget-button\" data-id=\"209bcffb\" data-element_type=\"widget\" data-e-type=\"widget\" data-widget_type=\"button.default\">\n\t\t\t\t<div class=\"elementor-widget-container\">\n\t\t\t\t\t\t\t\t\t<div class=\"elementor-button-wrapper\">\n\t\t\t\t\t<a class=\"elementor-button elementor-button-link elementor-size-md\" href=\"https:\/\/aguideinbarcelona.com\/ca\/contactar\">\n\t\t\t\t\t\t<span class=\"elementor-button-content-wrapper\">\n\t\t\t\t\t\t\t\t\t<span class=\"elementor-button-text\">Per reservar aquest tour contacteu amb nosaltres<\/span>\n\t\t\t\t\t<\/span>\n\t\t\t\t\t<\/a>\n\t\t\t\t<\/div>\n\t\t\t\t\t\t\t\t<\/div>\n\t\t\t\t<\/div>\n\t\t\t\t\t<\/div>\n\t\t<\/div>\n\t\t\t\t<div class=\"elementor-column elementor-col-50 elementor-inner-column elementor-element elementor-element-7828ab96\" data-id=\"7828ab96\" data-element_type=\"column\" data-e-type=\"column\">\n\t\t\t<div class=\"elementor-widget-wrap elementor-element-populated\">\n\t\t\t\t\t\t<div class=\"elementor-element elementor-element-473ca00 elementor-widget elementor-widget-text-editor\" data-id=\"473ca00\" data-element_type=\"widget\" data-e-type=\"widget\" data-widget_type=\"text-editor.default\">\n\t\t\t\t<div class=\"elementor-widget-container\">\n\t\t\t\t\t\t\t\t\t<h3 style=\"text-align: center;\"><span style=\"color: #974578;\"><i>Visita a celler d&#8217;Alella<\/i><\/span><\/h3>\t\t\t\t\t\t\t\t<\/div>\n\t\t\t\t<\/div>\n\t\t\t\t<div class=\"elementor-element elementor-element-7cc88cb8 elementor--h-position-center elementor--v-position-middle elementor-arrows-position-inside elementor-pagination-position-inside elementor-widget elementor-widget-slides\" data-id=\"7cc88cb8\" data-element_type=\"widget\" data-e-type=\"widget\" data-settings=\"{&quot;navigation&quot;:&quot;both&quot;,&quot;autoplay&quot;:&quot;yes&quot;,&quot;pause_on_hover&quot;:&quot;yes&quot;,&quot;pause_on_interaction&quot;:&quot;yes&quot;,&quot;autoplay_speed&quot;:5000,&quot;infinite&quot;:&quot;yes&quot;,&quot;transition&quot;:&quot;slide&quot;,&quot;transition_speed&quot;:500}\" data-widget_type=\"slides.default\">\n\t\t\t\t<div class=\"elementor-widget-container\">\n\t\t\t\t\t\t\t\t\t<div class=\"elementor-swiper\">\n\t\t\t\t\t<div class=\"elementor-slides-wrapper elementor-main-swiper swiper\" role=\"region\" aria-roledescription=\"carousel\" aria-label=\"Diapositives\" dir=\"ltr\" data-animation=\"fadeInUp\">\n\t\t\t\t<div class=\"swiper-wrapper elementor-slides\">\n\t\t\t\t\t\t\t\t\t\t<div class=\"elementor-repeater-item-972480f swiper-slide\" role=\"group\" aria-roledescription=\"slide\"><div class=\"swiper-slide-bg\" role=\"img\" aria-label=\"Vinyes Alella amb mar-1\"><\/div><div class=\"swiper-slide-inner\" ><div class=\"swiper-slide-contents\"><\/div><\/div><\/div>\t\t\t\t<\/div>\n\t\t\t\t\t\t\t<\/div>\n\t\t\t\t<\/div>\n\t\t\t\t\t\t\t\t<\/div>\n\t\t\t\t<\/div>\n\t\t\t\t<div class=\"elementor-element elementor-element-584cd2b4 elementor-widget elementor-widget-text-editor\" data-id=\"584cd2b4\" data-element_type=\"widget\" data-e-type=\"widget\" data-widget_type=\"text-editor.default\">\n\t\t\t\t<div class=\"elementor-widget-container\">\n\t\t\t\t\t\t\t\t\t<p class=\"p1\" style=\"text-align: justify;\"><span class=\"s1\">Aquesta \u00e9s de les visites a cellers m\u00e9s <b>ideal quan no vols marxar lluny de Barcelona<\/b> ja que la regi\u00f3 vin\u00edcola d&#8217;Alella \u00e9s a nom\u00e9s 21 km<span class=\"Apple-converted-space\">\u00a0 <\/span>de Barcelona ciutat.<\/span><\/p><p class=\"p1\" style=\"text-align: justify;\"><span class=\"s1\"><b>Alella \u00e9s la denominaci\u00f3 d&#8217;origen vin\u00edcola m\u00e9s petita a l\u00b4Estat Espanyol, amb nom\u00e9s 227 ha de vinyes plantades.<\/b><\/span><\/p><p class=\"p1\" style=\"text-align: justify;\"><span class=\"s1\">Un dels misteris m\u00e9s atractius dels vins d\u00b4Alella \u00e9s la seva pr\u00f2pia exist\u00e8ncia, en ple Maresme, producte d\u00b4unes petites vinyes, que des de fa molts anys lluiten per la seva superviv\u00e8ncia en una admirable i desigual batalla contra l\u00b4expansi\u00f3 de la gran \u00e0rea urbana.<\/span><\/p><p class=\"p1\" style=\"text-align: justify;\"><span class=\"s1\">No sempre fou aix\u00ed, ja que <b>els vins d\u00b4Alella tenen una llarga hist\u00f2ria i una important significaci\u00f3 dins la vinicultura catalana<\/b>. Coneguts i estimats ja a l\u00b4\u00e8poca romana, i en plena edat mitjana, els preferits a Barcelona, per esdevenir m\u00e9s tard un dels vins de qualitat m\u00e9s exportats des de Catalunya arreu del m\u00f3n.<\/span><\/p><p class=\"p1\" style=\"text-align: justify;\"><span class=\"s1\">En aquesta \u201cescapada\u201d visitarem un dels cellers boutique d\u00b4Alta Alella. Un projecte familiar que s\u00b4inici\u00e0 des de els seus or\u00edgens amb la filosofia de practicar l\u00b4agricultura ecol\u00f2gica i el respecte pel medi ambient i la natura. Per aconseguir uns vins i caves ecol\u00f2gics i naturals, veritable reflex del terrer. <\/span><\/p><p class=\"p1\" style=\"text-align: justify;\"><span class=\"s1\"><b>Prepareu-vos per gaudir d\u00b4una de les millors vistes de Barcelona doncs farem una excursi\u00f3 amb vehicle 4 x 4 fins a la part m\u00e9s alta de la finca, descobrirem un amfiteatre natural de vinyes amb vistes al mar. <\/b><\/span><\/p><p class=\"p1\" style=\"text-align: justify;\"><span class=\"s1\"><b>Visitarem el celler on s\u00b4elaboren i envelleixen vins i caves per acabar amb una degustaci\u00f3 de 4 d\u00b4ells<\/b><\/span><\/p><p class=\"p1\" style=\"text-align: justify;\"><span class=\"s1\"><b>Gaudeix de l\u00b4experi\u00e8ncia i del tast de vins sense preocupar-te per conduir, nosaltres condu\u00efm per tu<\/b>, et recollirem amb el nostre vehicle privat amb conductor del punt acordat a Barcelona ciutat ( o l`\u00e0rea metropolitana).<\/span><\/p><p class=\"p1\" style=\"text-align: justify;\"><span class=\"s1\"><b>Les nostres visites als cellers s\u00f3n privades i exclusives nom\u00e9s per t\u00fa i el teu grup.<\/b><\/span><\/p>\t\t\t\t\t\t\t\t<\/div>\n\t\t\t\t<\/div>\n\t\t\t\t<div class=\"elementor-element elementor-element-8bed1ab elementor-widget elementor-widget-text-editor\" data-id=\"8bed1ab\" data-element_type=\"widget\" data-e-type=\"widget\" data-widget_type=\"text-editor.default\">\n\t\t\t\t<div class=\"elementor-widget-container\">\n\t\t\t\t\t\t\t\t\t<p class=\"p1\"><span style=\"color: #974578;\"><span class=\"s2\"><b>Preus de l&#8217;activitat<\/b><\/span><span class=\"s3\">:<\/span><\/span><\/p><ul class=\"ul1\"><li class=\"li3\"><span class=\"s2\">4 persones: 504 \u20ac (126 \u20ac \/ pers.)<\/span><\/li><li class=\"li3\"><span class=\"s2\">5 persones: 540 \u20ac (108 \u20ac \/ pers.)<\/span><\/li><li class=\"li3\"><span class=\"s2\">6 persones: 576 \u20ac (96 \u20ac \/ pers.)<\/span><\/li><li class=\"li3\"><span class=\"s2\">7 persones: 686 \u20ac (98 \u20ac \/ pers.)<\/span><\/li><li class=\"li3\"><span class=\"s2\">8 persones: 720 \u20ac (90 \u20ac \/ pers.)<\/span><\/li><li class=\"li3\"><span class=\"s2\">9 persones: 756 \u20ac (84 \u20ac \/ pers.)<\/span><\/li><li class=\"li3\"><span class=\"s2\">10 persones: 790 \u20ac (79 \u20ac \/ pers.)<\/span><\/li><li class=\"li3\"><span class=\"s2\">11 persones: 822 \u20ac ( 75\u20ac \/ pers.)<\/span><\/li><li class=\"li3\"><span class=\"s2\">12 persones: 864\u20ac (72\u20ac \/ pers.)<\/span><\/li><\/ul><p class=\"p3\"><span class=\"s2\">* M\u00ednim 4 persones m\u00e0xim 12 <\/span><\/p><p class=\"p1\"><span class=\"s2\" style=\"color: #974578;\"><b>Durada de la sortida<\/b><\/span><span class=\"s3\"><span style=\"color: #974578;\">:<\/span> 3-4h.<\/span><\/p>\t\t\t\t\t\t\t\t<\/div>\n\t\t\t\t<\/div>\n\t\t\t\t<div class=\"elementor-element elementor-element-a464a16 elementor-widget elementor-widget-text-editor\" data-id=\"a464a16\" data-element_type=\"widget\" data-e-type=\"widget\" data-widget_type=\"text-editor.default\">\n\t\t\t\t<div class=\"elementor-widget-container\">\n\t\t\t\t\t\t\t\t\t<p class=\"p1\" style=\"text-align: justify;\"><span style=\"color: #974578;\"><span class=\"s1\"><b>El preu inclou<\/b><\/span><span class=\"s2\">:<\/span><\/span><\/p><p><span class=\"s1\">\u2713 Recollida i retorn amb vehicle privat amb conductor ( de 4 a 6 persones utilitzarem una minivan Mercedes Viano i per grupets de 7 a 12 persones un minibus Peugeot Boxer)<\/span><\/p><p><span class=\"s1\">\u2713 Assist\u00e8ncia i guiatge de guia oficial de Catalunya i sommelier<\/span><\/p><p><span class=\"s1\">\u2713 Visita guiada a celler d\u00b4Alella amb recorregut amb 4 x 4 incl\u00f3s i tast de 4 vins-caves.<\/span><\/p><p><span class=\"s1\">\u2713 Receptor individual i auriculars d\u00b4un sol \u00fas a trav\u00e9s dels que sentireu la guia parlant amb el seu micr\u00f2fon.<span class=\"Apple-converted-space\">\u00a0 \u00a0<\/span><\/span><\/p><p class=\"p1\" style=\"text-align: justify;\"><span class=\"s2\">** <\/span><span style=\"color: #974578;\"><span class=\"s1\"><b>Tingueu en compte que<\/b><\/span><span class=\"s2\"><b>:<\/b><\/span><\/span><\/p><p class=\"p2\" style=\"text-align: justify;\"><span class=\"s1\">-La edat m\u00ednima per beure \u00e9s de 18 anys, hi ha opcions de begudes no alcoh\u00f2liques disponibles.<\/span><\/p><p class=\"p2\" style=\"text-align: justify;\"><span class=\"s1\">-Si t\u00e9 alguna al\u00b7l\u00e8rgia aliment\u00e0ria o restriccions diet\u00e8tiques, informeu-nos a l fer la reserva.<\/span><\/p>\t\t\t\t\t\t\t\t<\/div>\n\t\t\t\t<\/div>\n\t\t\t\t<div class=\"elementor-element elementor-element-16f336e0 elementor-align-center elementor-widget elementor-widget-global elementor-global-3827 elementor-global-1067 elementor-widget-button\" data-id=\"16f336e0\" data-element_type=\"widget\" data-e-type=\"widget\" data-widget_type=\"button.default\">\n\t\t\t\t<div class=\"elementor-widget-container\">\n\t\t\t\t\t\t\t\t\t<div class=\"elementor-button-wrapper\">\n\t\t\t\t\t<a class=\"elementor-button elementor-button-link elementor-size-xl\" href=\"https:\/\/aguideinbarcelona.com\/ca\/contactar\/\">\n\t\t\t\t\t\t<span class=\"elementor-button-content-wrapper\">\n\t\t\t\t\t\t\t\t\t<span class=\"elementor-button-text\">Per reservar aquest tour contacteu amb nosaltres<\/span>\n\t\t\t\t\t<\/span>\n\t\t\t\t\t<\/a>\n\t\t\t\t<\/div>\n\t\t\t\t\t\t\t\t<\/div>\n\t\t\t\t<\/div>\n\t\t\t\t\t<\/div>\n\t\t<\/div>\n\t\t\t\t\t<\/div>\n\t\t<\/section>\n\t\t\t\t<div class=\"elementor-element elementor-element-30849f11 elementor-widget elementor-widget-spacer\" data-id=\"30849f11\" data-element_type=\"widget\" data-e-type=\"widget\" data-widget_type=\"spacer.default\">\n\t\t\t\t<div class=\"elementor-widget-container\">\n\t\t\t\t\t\t\t<div class=\"elementor-spacer\">\n\t\t\t<div class=\"elementor-spacer-inner\"><\/div>\n\t\t<\/div>\n\t\t\t\t\t\t<\/div>\n\t\t\t\t<\/div>\n\t\t\t\t<div class=\"elementor-element elementor-element-5372c461 elementor-widget elementor-widget-gallery\" data-id=\"5372c461\" data-element_type=\"widget\" data-e-type=\"widget\" data-settings=\"{&quot;columns&quot;:3,&quot;lazyload&quot;:&quot;yes&quot;,&quot;gallery_layout&quot;:&quot;grid&quot;,&quot;columns_tablet&quot;:2,&quot;columns_mobile&quot;:1,&quot;gap&quot;:{&quot;unit&quot;:&quot;px&quot;,&quot;size&quot;:10,&quot;sizes&quot;:[]},&quot;gap_tablet&quot;:{&quot;unit&quot;:&quot;px&quot;,&quot;size&quot;:10,&quot;sizes&quot;:[]},&quot;gap_mobile&quot;:{&quot;unit&quot;:&quot;px&quot;,&quot;size&quot;:10,&quot;sizes&quot;:[]},&quot;link_to&quot;:&quot;file&quot;,&quot;aspect_ratio&quot;:&quot;3:2&quot;,&quot;overlay_background&quot;:&quot;yes&quot;,&quot;content_hover_animation&quot;:&quot;fade-in&quot;}\" data-widget_type=\"gallery.default\">\n\t\t\t\t<div class=\"elementor-widget-container\">\n\t\t\t\t\t\t\t<div class=\"elementor-gallery__container\">\n\t\t\t\t\t\t\t<a class=\"e-gallery-item elementor-gallery-item elementor-animated-content\" href=\"https:\/\/aguideinbarcelona.com\/wp-content\/uploads\/2020\/05\/Taula-parada-vistes-mar-2-scaled.jpg\" data-elementor-open-lightbox=\"yes\" data-elementor-lightbox-slideshow=\"5372c461\" data-elementor-lightbox-title=\"Taula parada vistes mar-2\" data-e-action-hash=\"#elementor-action%3Aaction%3Dlightbox%26settings%3DeyJpZCI6MzAyMCwidXJsIjoiaHR0cHM6XC9cL2FndWlkZWluYmFyY2Vsb25hLmNvbVwvd3AtY29udGVudFwvdXBsb2Fkc1wvMjAyMFwvMDVcL1RhdWxhLXBhcmFkYS12aXN0ZXMtbWFyLTItc2NhbGVkLmpwZyIsInNsaWRlc2hvdyI6IjUzNzJjNDYxIn0%3D\">\n\t\t\t\t\t<div class=\"e-gallery-image elementor-gallery-item__image\" data-thumbnail=\"https:\/\/aguideinbarcelona.com\/wp-content\/uploads\/2020\/05\/Taula-parada-vistes-mar-2-300x224.jpg\" data-width=\"300\" data-height=\"224\" aria-label=\"\" role=\"img\" ><\/div>\n\t\t\t\t\t\t\t\t\t\t\t<div class=\"elementor-gallery-item__overlay\"><\/div>\n\t\t\t\t\t\t\t\t\t\t\t\t\t\t<\/a>\n\t\t\t\t\t\t\t<a class=\"e-gallery-item elementor-gallery-item elementor-animated-content\" href=\"https:\/\/aguideinbarcelona.com\/wp-content\/uploads\/2020\/05\/Edifici-enoturisme-3-scaled.jpg\" data-elementor-open-lightbox=\"yes\" data-elementor-lightbox-slideshow=\"5372c461\" data-elementor-lightbox-title=\"Edifici enoturisme-3\" data-e-action-hash=\"#elementor-action%3Aaction%3Dlightbox%26settings%3DeyJpZCI6MzAxNCwidXJsIjoiaHR0cHM6XC9cL2FndWlkZWluYmFyY2Vsb25hLmNvbVwvd3AtY29udGVudFwvdXBsb2Fkc1wvMjAyMFwvMDVcL0VkaWZpY2ktZW5vdHVyaXNtZS0zLXNjYWxlZC5qcGciLCJzbGlkZXNob3ciOiI1MzcyYzQ2MSJ9\">\n\t\t\t\t\t<div class=\"e-gallery-image elementor-gallery-item__image\" data-thumbnail=\"https:\/\/aguideinbarcelona.com\/wp-content\/uploads\/2020\/05\/Edifici-enoturisme-3-300x224.jpg\" data-width=\"300\" data-height=\"224\" aria-label=\"\" role=\"img\" ><\/div>\n\t\t\t\t\t\t\t\t\t\t\t<div class=\"elementor-gallery-item__overlay\"><\/div>\n\t\t\t\t\t\t\t\t\t\t\t\t\t\t<\/a>\n\t\t\t\t\t\t\t<a class=\"e-gallery-item elementor-gallery-item elementor-animated-content\" href=\"https:\/\/aguideinbarcelona.com\/wp-content\/uploads\/2020\/05\/Centre-Enoturisme-i-vinyes-Alella-4.jpg\" data-elementor-open-lightbox=\"yes\" data-elementor-lightbox-slideshow=\"5372c461\" data-elementor-lightbox-title=\"Centre Enoturisme i vinyes Alella-4\" data-e-action-hash=\"#elementor-action%3Aaction%3Dlightbox%26settings%3DeyJpZCI6MzAxMSwidXJsIjoiaHR0cHM6XC9cL2FndWlkZWluYmFyY2Vsb25hLmNvbVwvd3AtY29udGVudFwvdXBsb2Fkc1wvMjAyMFwvMDVcL0NlbnRyZS1Fbm90dXJpc21lLWktdmlueWVzLUFsZWxsYS00LmpwZyIsInNsaWRlc2hvdyI6IjUzNzJjNDYxIn0%3D\">\n\t\t\t\t\t<div class=\"e-gallery-image elementor-gallery-item__image\" data-thumbnail=\"https:\/\/aguideinbarcelona.com\/wp-content\/uploads\/2020\/05\/Centre-Enoturisme-i-vinyes-Alella-4-300x156.jpg\" data-width=\"300\" data-height=\"156\" aria-label=\"\" role=\"img\" ><\/div>\n\t\t\t\t\t\t\t\t\t\t\t<div class=\"elementor-gallery-item__overlay\"><\/div>\n\t\t\t\t\t\t\t\t\t\t\t\t\t\t<\/a>\n\t\t\t\t\t\t\t<a class=\"e-gallery-item elementor-gallery-item elementor-animated-content\" href=\"https:\/\/aguideinbarcelona.com\/wp-content\/uploads\/2020\/05\/taula-de-seleccio-5-scaled.jpg\" data-elementor-open-lightbox=\"yes\" data-elementor-lightbox-slideshow=\"5372c461\" data-elementor-lightbox-title=\"taula de seleccio-5\" data-e-action-hash=\"#elementor-action%3Aaction%3Dlightbox%26settings%3DeyJpZCI6MzAxNywidXJsIjoiaHR0cHM6XC9cL2FndWlkZWluYmFyY2Vsb25hLmNvbVwvd3AtY29udGVudFwvdXBsb2Fkc1wvMjAyMFwvMDVcL3RhdWxhLWRlLXNlbGVjY2lvLTUtc2NhbGVkLmpwZyIsInNsaWRlc2hvdyI6IjUzNzJjNDYxIn0%3D\">\n\t\t\t\t\t<div class=\"e-gallery-image elementor-gallery-item__image\" data-thumbnail=\"https:\/\/aguideinbarcelona.com\/wp-content\/uploads\/2020\/05\/taula-de-seleccio-5-300x224.jpg\" data-width=\"300\" data-height=\"224\" aria-label=\"\" role=\"img\" ><\/div>\n\t\t\t\t\t\t\t\t\t\t\t<div class=\"elementor-gallery-item__overlay\"><\/div>\n\t\t\t\t\t\t\t\t\t\t\t\t\t\t<\/a>\n\t\t\t\t\t\t\t<a class=\"e-gallery-item elementor-gallery-item elementor-animated-content\" href=\"https:\/\/aguideinbarcelona.com\/wp-content\/uploads\/2020\/05\/Ampolla-Alta-Alella-6.jpg\" data-elementor-open-lightbox=\"yes\" data-elementor-lightbox-slideshow=\"5372c461\" data-elementor-lightbox-title=\"Ampolla Alta Alella-6\" data-e-action-hash=\"#elementor-action%3Aaction%3Dlightbox%26settings%3DeyJpZCI6MzAwOCwidXJsIjoiaHR0cHM6XC9cL2FndWlkZWluYmFyY2Vsb25hLmNvbVwvd3AtY29udGVudFwvdXBsb2Fkc1wvMjAyMFwvMDVcL0FtcG9sbGEtQWx0YS1BbGVsbGEtNi5qcGciLCJzbGlkZXNob3ciOiI1MzcyYzQ2MSJ9\">\n\t\t\t\t\t<div class=\"e-gallery-image elementor-gallery-item__image\" data-thumbnail=\"https:\/\/aguideinbarcelona.com\/wp-content\/uploads\/2020\/05\/Ampolla-Alta-Alella-6-300x175.jpg\" data-width=\"300\" data-height=\"175\" aria-label=\"\" role=\"img\" ><\/div>\n\t\t\t\t\t\t\t\t\t\t\t<div class=\"elementor-gallery-item__overlay\"><\/div>\n\t\t\t\t\t\t\t\t\t\t\t\t\t\t<\/a>\n\t\t\t\t\t\t\t<a class=\"e-gallery-item elementor-gallery-item elementor-animated-content\" href=\"https:\/\/aguideinbarcelona.com\/wp-content\/uploads\/2020\/05\/Vinyes-Alella-7.jpg\" data-elementor-open-lightbox=\"yes\" data-elementor-lightbox-slideshow=\"5372c461\" data-elementor-lightbox-title=\"Vinyes Alella-7\" data-e-action-hash=\"#elementor-action%3Aaction%3Dlightbox%26settings%3DeyJpZCI6MzAyNiwidXJsIjoiaHR0cHM6XC9cL2FndWlkZWluYmFyY2Vsb25hLmNvbVwvd3AtY29udGVudFwvdXBsb2Fkc1wvMjAyMFwvMDVcL1Zpbnllcy1BbGVsbGEtNy5qcGciLCJzbGlkZXNob3ciOiI1MzcyYzQ2MSJ9\">\n\t\t\t\t\t<div class=\"e-gallery-image elementor-gallery-item__image\" data-thumbnail=\"https:\/\/aguideinbarcelona.com\/wp-content\/uploads\/2020\/05\/Vinyes-Alella-7-300x200.jpg\" data-width=\"300\" data-height=\"200\" aria-label=\"\" role=\"img\" ><\/div>\n\t\t\t\t\t\t\t\t\t\t\t<div class=\"elementor-gallery-item__overlay\"><\/div>\n\t\t\t\t\t\t\t\t\t\t\t\t\t\t<\/a>\n\t\t\t\t\t<\/div>\n\t\t\t\t\t<\/div>\n\t\t\t\t<\/div>\n\t\t\t\t\t<\/div>\n\t\t<\/div>\n\t\t\t\t\t<\/div>\n\t\t<\/section>\n\t\t\t\t<\/div>\n\t\t","protected":false},"excerpt":{"rendered":"<p>Per reservar aquest tour contacteu amb nosaltres Visita a celler d&#8217;Alella Aquesta \u00e9s de les visites a cellers m\u00e9s ideal quan no vols marxar lluny de Barcelona ja que la regi\u00f3 vin\u00edcola d&#8217;Alella \u00e9s a nom\u00e9s 21 km\u00a0 de Barcelona ciutat. Alella \u00e9s la denominaci\u00f3 d&#8217;origen vin\u00edcola m\u00e9s petita a l\u00b4Estat Espanyol, amb nom\u00e9s 227 &hellip; <\/p>\n<p class=\"link-more\"><a href=\"https:\/\/aguideinbarcelona.com\/ca\/d-o-alella-mig-dia\/\" class=\"more-link\">Continua llegint <span class=\"screen-reader-text\">\u00abD.O. Alella mig dia\u00bb<\/span><\/a><\/p>\n","protected":false},"author":4,"featured_media":3024,"parent":0,"menu_order":0,"comment_status":"closed","ping_status":"closed","template":"elementor_header_footer","meta":{"footnotes":""},"categories":[48],"tags":[],"class_list":["post-3725","page","type-page","status-publish","has-post-thumbnail","hentry","category-wine-tours-ca","entry"],"_links":{"self":[{"href":"https:\/\/aguideinbarcelona.com\/ca\/wp-json\/wp\/v2\/pages\/3725","targetHints":{"allow":["GET"]}}],"collection":[{"href":"https:\/\/aguideinbarcelona.com\/ca\/wp-json\/wp\/v2\/pages"}],"about":[{"href":"https:\/\/aguideinbarcelona.com\/ca\/wp-json\/wp\/v2\/types\/page"}],"author":[{"embeddable":true,"href":"https:\/\/aguideinbarcelona.com\/ca\/wp-json\/wp\/v2\/users\/4"}],"replies":[{"embeddable":true,"href":"https:\/\/aguideinbarcelona.com\/ca\/wp-json\/wp\/v2\/comments?post=3725"}],"version-history":[{"count":0,"href":"https:\/\/aguideinbarcelona.com\/ca\/wp-json\/wp\/v2\/pages\/3725\/revisions"}],"wp:featuredmedia":[{"embeddable":true,"href":"https:\/\/aguideinbarcelona.com\/ca\/wp-json\/wp\/v2\/media\/3024"}],"wp:attachment":[{"href":"https:\/\/aguideinbarcelona.com\/ca\/wp-json\/wp\/v2\/media?parent=3725"}],"wp:term":[{"taxonomy":"category","embeddable":true,"href":"https:\/\/aguideinbarcelona.com\/ca\/wp-json\/wp\/v2\/categories?post=3725"},{"taxonomy":"post_tag","embeddable":true,"href":"https:\/\/aguideinbarcelona.com\/ca\/wp-json\/wp\/v2\/tags?post=3725"}],"curies":[{"name":"wp","href":"https:\/\/api.w.org\/{rel}","templated":true}]}}