{"id":3729,"date":"2020-05-24T19:45:22","date_gmt":"2020-05-24T17:45:22","guid":{"rendered":"https:\/\/aguideinbarcelona.com\/gaudi-tour-4h\/"},"modified":"2026-02-06T16:30:09","modified_gmt":"2026-02-06T15:30:09","slug":"visita-gaudi","status":"publish","type":"page","link":"https:\/\/aguideinbarcelona.com\/ca\/visita-gaudi\/","title":{"rendered":"Visita Gaud\u00ed"},"content":{"rendered":"\t\t<div data-elementor-type=\"wp-page\" data-elementor-id=\"3729\" class=\"elementor elementor-3729 elementor-1218\" data-elementor-post-type=\"page\">\n\t\t\t\t\t\t<section class=\"elementor-section elementor-top-section elementor-element elementor-element-74f39503 elementor-section-boxed elementor-section-height-default elementor-section-height-default\" data-id=\"74f39503\" data-element_type=\"section\" data-e-type=\"section\">\n\t\t\t\t\t\t<div class=\"elementor-container elementor-column-gap-default\">\n\t\t\t\t\t<div class=\"elementor-column elementor-col-100 elementor-top-column elementor-element elementor-element-76caa37f\" data-id=\"76caa37f\" data-element_type=\"column\" data-e-type=\"column\">\n\t\t\t<div class=\"elementor-widget-wrap elementor-element-populated\">\n\t\t\t\t\t\t<section class=\"elementor-section elementor-inner-section elementor-element elementor-element-5019c37d elementor-section-boxed elementor-section-height-default elementor-section-height-default\" data-id=\"5019c37d\" data-element_type=\"section\" data-e-type=\"section\">\n\t\t\t\t\t\t<div class=\"elementor-container elementor-column-gap-default\">\n\t\t\t\t\t<div class=\"elementor-column elementor-col-50 elementor-inner-column elementor-element elementor-element-4f72d50\" data-id=\"4f72d50\" data-element_type=\"column\" data-e-type=\"column\">\n\t\t\t<div class=\"elementor-widget-wrap elementor-element-populated\">\n\t\t\t\t\t\t<div class=\"elementor-element elementor-element-4945a5ed elementor-widget elementor-widget-spacer\" data-id=\"4945a5ed\" data-element_type=\"widget\" data-e-type=\"widget\" data-widget_type=\"spacer.default\">\n\t\t\t\t<div class=\"elementor-widget-container\">\n\t\t\t\t\t\t\t<div class=\"elementor-spacer\">\n\t\t\t<div class=\"elementor-spacer-inner\"><\/div>\n\t\t<\/div>\n\t\t\t\t\t\t<\/div>\n\t\t\t\t<\/div>\n\t\t\t\t<div class=\"elementor-element elementor-element-03d1fcc elementor-nav-menu--dropdown-none menu_izq elementor-widget elementor-widget-global elementor-global-3815 elementor-global-607 elementor-widget-nav-menu\" data-id=\"03d1fcc\" data-element_type=\"widget\" data-e-type=\"widget\" data-settings=\"{&quot;layout&quot;:&quot;vertical&quot;,&quot;submenu_icon&quot;:{&quot;value&quot;:&quot;fas fa-caret-down&quot;,&quot;library&quot;:&quot;fa-solid&quot;}}\" data-widget_type=\"nav-menu.default\">\n\t\t\t\t<div class=\"elementor-widget-container\">\n\t\t\t\t\t\t\t\t<nav aria-label=\"Menu\" class=\"elementor-nav-menu--main elementor-nav-menu__container elementor-nav-menu--layout-vertical e--pointer-none\">\n\t\t\t\t<ul id=\"menu-1-03d1fcc\" class=\"elementor-nav-menu sm-vertical\"><li class=\"menu-item menu-item-type-custom menu-item-object-custom menu-item-4292\"><a href=\"https:\/\/aguideinbarcelona.com\/ca\/visites-guiades-barcelona\/\" class=\"elementor-item\"><span class=\"title_menu_tours\">VISITES GUIADES BARCELONA:<span\/><\/a><\/li>\n<li class=\"menu-item menu-item-type-post_type menu-item-object-page menu-item-4291\"><a href=\"https:\/\/aguideinbarcelona.com\/ca\/la-barcelona-essencial\/\" class=\"elementor-item\">La Barcelona essencial<\/a><\/li>\n<li class=\"menu-item menu-item-type-post_type menu-item-object-page menu-item-4294\"><a href=\"https:\/\/aguideinbarcelona.com\/ca\/visita-gaudi\/\" class=\"elementor-item\">Visita Gaud\u00ed<\/a><\/li>\n<li class=\"menu-item menu-item-type-post_type menu-item-object-page menu-item-4293\"><a href=\"https:\/\/aguideinbarcelona.com\/ca\/visita-sagrada-familia\/\" class=\"elementor-item\">Visita Sagrada Familia<\/a><\/li>\n<li class=\"menu-item menu-item-type-post_type menu-item-object-page menu-item-4295\"><a href=\"https:\/\/aguideinbarcelona.com\/ca\/visita-del-barri-gotic\/\" class=\"elementor-item\">Visita del Barri G\u00f2tic<\/a><\/li>\n<li class=\"menu-item menu-item-type-post_type menu-item-object-page menu-item-4296\"><a href=\"https:\/\/aguideinbarcelona.com\/ca\/museu-picasso-i-tast-de-vins\/\" class=\"elementor-item\">Museu Picasso i Tast de Vins<\/a><\/li>\n<li class=\"menu-item menu-item-type-post_type menu-item-object-page menu-item-4297\"><a href=\"https:\/\/aguideinbarcelona.com\/ca\/casa-vicens-i-tast-de-vins\/\" class=\"elementor-item\">Casa Vicens i Tast de Vins<\/a><\/li>\n<\/ul>\t\t\t<\/nav>\n\t\t\t\t\t\t<nav class=\"elementor-nav-menu--dropdown elementor-nav-menu__container\" aria-hidden=\"true\">\n\t\t\t\t<ul id=\"menu-2-03d1fcc\" class=\"elementor-nav-menu sm-vertical\"><li class=\"menu-item menu-item-type-custom menu-item-object-custom menu-item-4292\"><a href=\"https:\/\/aguideinbarcelona.com\/ca\/visites-guiades-barcelona\/\" class=\"elementor-item\" tabindex=\"-1\"><span class=\"title_menu_tours\">VISITES GUIADES BARCELONA:<span\/><\/a><\/li>\n<li class=\"menu-item menu-item-type-post_type menu-item-object-page menu-item-4291\"><a href=\"https:\/\/aguideinbarcelona.com\/ca\/la-barcelona-essencial\/\" class=\"elementor-item\" tabindex=\"-1\">La Barcelona essencial<\/a><\/li>\n<li class=\"menu-item menu-item-type-post_type menu-item-object-page menu-item-4294\"><a href=\"https:\/\/aguideinbarcelona.com\/ca\/visita-gaudi\/\" class=\"elementor-item\" tabindex=\"-1\">Visita Gaud\u00ed<\/a><\/li>\n<li class=\"menu-item menu-item-type-post_type menu-item-object-page menu-item-4293\"><a href=\"https:\/\/aguideinbarcelona.com\/ca\/visita-sagrada-familia\/\" class=\"elementor-item\" tabindex=\"-1\">Visita Sagrada Familia<\/a><\/li>\n<li class=\"menu-item menu-item-type-post_type menu-item-object-page menu-item-4295\"><a href=\"https:\/\/aguideinbarcelona.com\/ca\/visita-del-barri-gotic\/\" class=\"elementor-item\" tabindex=\"-1\">Visita del Barri G\u00f2tic<\/a><\/li>\n<li class=\"menu-item menu-item-type-post_type menu-item-object-page menu-item-4296\"><a href=\"https:\/\/aguideinbarcelona.com\/ca\/museu-picasso-i-tast-de-vins\/\" class=\"elementor-item\" tabindex=\"-1\">Museu Picasso i Tast de Vins<\/a><\/li>\n<li class=\"menu-item menu-item-type-post_type menu-item-object-page menu-item-4297\"><a href=\"https:\/\/aguideinbarcelona.com\/ca\/casa-vicens-i-tast-de-vins\/\" class=\"elementor-item\" tabindex=\"-1\">Casa Vicens i Tast de Vins<\/a><\/li>\n<\/ul>\t\t\t<\/nav>\n\t\t\t\t\t\t<\/div>\n\t\t\t\t<\/div>\n\t\t\t\t<div class=\"elementor-element elementor-element-4f92d01d elementor-align-center elementor-widget elementor-widget-button\" data-id=\"4f92d01d\" data-element_type=\"widget\" data-e-type=\"widget\" data-widget_type=\"button.default\">\n\t\t\t\t<div class=\"elementor-widget-container\">\n\t\t\t\t\t\t\t\t\t<div class=\"elementor-button-wrapper\">\n\t\t\t\t\t<a class=\"elementor-button elementor-button-link elementor-size-md\" href=\"https:\/\/aguideinbarcelona.com\/ca\/contactar\/\">\n\t\t\t\t\t\t<span class=\"elementor-button-content-wrapper\">\n\t\t\t\t\t\t\t\t\t<span class=\"elementor-button-text\">Per reservar aquest tour contacteu amb nosaltres<\/span>\n\t\t\t\t\t<\/span>\n\t\t\t\t\t<\/a>\n\t\t\t\t<\/div>\n\t\t\t\t\t\t\t\t<\/div>\n\t\t\t\t<\/div>\n\t\t\t\t<div class=\"elementor-element elementor-element-58f74528 elementor-widget elementor-widget-spacer\" data-id=\"58f74528\" data-element_type=\"widget\" data-e-type=\"widget\" data-widget_type=\"spacer.default\">\n\t\t\t\t<div class=\"elementor-widget-container\">\n\t\t\t\t\t\t\t<div class=\"elementor-spacer\">\n\t\t\t<div class=\"elementor-spacer-inner\"><\/div>\n\t\t<\/div>\n\t\t\t\t\t\t<\/div>\n\t\t\t\t<\/div>\n\t\t\t\t\t<\/div>\n\t\t<\/div>\n\t\t\t\t<div class=\"elementor-column elementor-col-50 elementor-inner-column elementor-element elementor-element-356db3f8\" data-id=\"356db3f8\" data-element_type=\"column\" data-e-type=\"column\">\n\t\t\t<div class=\"elementor-widget-wrap elementor-element-populated\">\n\t\t\t\t\t\t<div class=\"elementor-element elementor-element-41742f0 elementor-widget elementor-widget-text-editor\" data-id=\"41742f0\" data-element_type=\"widget\" data-e-type=\"widget\" data-widget_type=\"text-editor.default\">\n\t\t\t\t<div class=\"elementor-widget-container\">\n\t\t\t\t\t\t\t\t\t<h3 style=\"text-align: center;\"><em><span style=\"color: #99ec00;\">Visita guiada de l\u00b4arquitectura de Gaud\u00ed \n<\/span><\/em><\/h3>\t\t\t\t\t\t\t\t<\/div>\n\t\t\t\t<\/div>\n\t\t\t\t<div class=\"elementor-element elementor-element-5037a156 elementor--h-position-center elementor--v-position-middle elementor-arrows-position-inside elementor-pagination-position-inside elementor-widget elementor-widget-slides\" data-id=\"5037a156\" data-element_type=\"widget\" data-e-type=\"widget\" data-settings=\"{&quot;navigation&quot;:&quot;both&quot;,&quot;autoplay&quot;:&quot;yes&quot;,&quot;pause_on_hover&quot;:&quot;yes&quot;,&quot;pause_on_interaction&quot;:&quot;yes&quot;,&quot;autoplay_speed&quot;:5000,&quot;infinite&quot;:&quot;yes&quot;,&quot;transition&quot;:&quot;slide&quot;,&quot;transition_speed&quot;:500}\" data-widget_type=\"slides.default\">\n\t\t\t\t<div class=\"elementor-widget-container\">\n\t\t\t\t\t\t\t\t\t<div class=\"elementor-swiper\">\n\t\t\t\t\t<div class=\"elementor-slides-wrapper elementor-main-swiper swiper\" role=\"region\" aria-roledescription=\"carousel\" aria-label=\"Diapositivas\" dir=\"ltr\" data-animation=\"fadeInUp\">\n\t\t\t\t<div class=\"swiper-wrapper elementor-slides\">\n\t\t\t\t\t\t\t\t\t\t<div class=\"elementor-repeater-item-972480f swiper-slide\" role=\"group\" aria-roledescription=\"slide\"><div class=\"swiper-slide-bg\" role=\"img\" aria-label=\"Parc Gu\u0308ell banco con palmeras-1\"><\/div><div class=\"swiper-slide-inner\" ><div class=\"swiper-slide-contents\"><\/div><\/div><\/div>\t\t\t\t<\/div>\n\t\t\t\t\t\t\t<\/div>\n\t\t\t\t<\/div>\n\t\t\t\t\t\t\t\t<\/div>\n\t\t\t\t<\/div>\n\t\t\t\t<div class=\"elementor-element elementor-element-5f7f5bf3 elementor-widget elementor-widget-text-editor\" data-id=\"5f7f5bf3\" data-element_type=\"widget\" data-e-type=\"widget\" data-widget_type=\"text-editor.default\">\n\t\t\t\t<div class=\"elementor-widget-container\">\n\t\t\t\t\t\t\t\t\t<p class=\"p1\" style=\"text-align: justify;\"><span style=\"color: #99ec00;\"><strong><span class=\"s1\"><i>&#8220;Res \u00e9s art si no ve de la natura&#8221; Antoni Gaud\u00ed.<\/i><\/span><\/strong><\/span><\/p><p class=\"p2\" style=\"text-align: justify;\"><span class=\"s1\" style=\"color: #000000;\">A trav\u00e9s de la visita guiada dels edificis m\u00e9s emblem\u00e0tics de Gaud\u00ed a Barcelona, \u200b\u200bconeixer\u00e0s la ment privilegiada d&#8217;un dels genis de l&#8217;arquitectura m\u00e9s extraordinaris de la hist\u00f2ria.<\/span><\/p><p class=\"p2\" style=\"text-align: justify;\"><span class=\"s1\" style=\"color: #000000;\">Qu\u00e8 podem veure en 4 hores?<\/span><\/p><p><span class=\"s1\" style=\"color: #000000;\"><span class=\"s1\"><span class=\"s3\">\u2713 <\/span><\/span>Visita guiada de <b>la Sagrada Fam\u00edlia<\/b> (exterior i interior).<\/span><\/p><p><span class=\"s1\" style=\"color: #000000;\"><span class=\"s1\"><span class=\"s3\">\u2713 <\/span><\/span>Visita guiada a <b>la Pedrera<\/b>, tamb\u00e9 coneguda com la Casa Mil\u00e0 ( exterior i interior).<\/span><\/p><p><span class=\"s1\" style=\"color: #000000;\"><b><span class=\"s1\"><span class=\"s3\">\u2713 <\/span><\/span>La Casa Batll\u00f3<\/b> exterior * (visita interior opcional en lloc de la Pedrera).<\/span><\/p><p><span class=\"s1\" style=\"color: #000000;\"><b><span class=\"s1\"><span class=\"s3\">\u2713 <\/span><\/span>Man\u00e7ana de la disc\u00f2rdia <\/b>( exteriors de la Casa Lle\u00f3 i Morera, Casa Ametller i Casa Batll\u00f3) al Passeig de Gr\u00e0cia<\/span><\/p><p class=\"p2\" style=\"text-align: justify;\"><span style=\"color: #000000;\"><b> <\/b><span class=\"s1\">Aquest recorregut \u00e9s a peu i en taxi o transport p\u00fablic, llevat que prefereixi un servei de vehicle amb xofer privat, en aquest cas el preu del vehicle dependr\u00e0 de la quantitat de persones. Demani&#8217;ns pressupost.<\/span><\/span><\/p>\t\t\t\t\t\t\t\t<\/div>\n\t\t\t\t<\/div>\n\t\t\t\t<div class=\"elementor-element elementor-element-3163640b elementor-widget elementor-widget-text-editor\" data-id=\"3163640b\" data-element_type=\"widget\" data-e-type=\"widget\" data-widget_type=\"text-editor.default\">\n\t\t\t\t<div class=\"elementor-widget-container\">\n\t\t\t\t\t\t\t\t\t<p class=\"p1\" style=\"text-align: left;\"><span class=\"s2\" style=\"color: #99ec00;\"><b>Preu de la visita<\/b><\/span><span class=\"s3\"><span style=\"color: #99ec00;\">:<\/span> 340 \u20ac per grups de 1 a 8 persones ( preu total no per persona ) 21% d\u00b4Iva incl\u00f2s <\/span><\/p><p class=\"p2\" style=\"text-align: left;\"><span class=\"s3\">Per grups m\u00e9s grans demaneu pressupost.<\/span><\/p><p class=\"p4\" style=\"text-align: left;\"><span class=\"s3\" style=\"color: #99ec00;\"><b>Durada de la visita<\/b><\/span><span class=\"s5\">: 4 hores.<\/span><\/p><p class=\"p3\" style=\"text-align: left;\"><span class=\"s3\">*Si prefer\u00edssiu fer una visita de 3 hores el preu seria de 280\u20ac i inclouria dos edificis de Gaud\u00ed exteriors i interiors sense el recorregut pel Passeig de Gr\u00e0cia i la Man\u00e7ana de la Disc\u00f2rdia. <\/span><\/p>\t\t\t\t\t\t\t\t<\/div>\n\t\t\t\t<\/div>\n\t\t\t\t<div class=\"elementor-element elementor-element-5af4b7a7 elementor-widget elementor-widget-text-editor\" data-id=\"5af4b7a7\" data-element_type=\"widget\" data-e-type=\"widget\" data-widget_type=\"text-editor.default\">\n\t\t\t\t<div class=\"elementor-widget-container\">\n\t\t\t\t\t\t\t\t\t<p class=\"p1\" style=\"text-align: justify;\"><span style=\"color: #99ec00;\"><span class=\"s1\"><b>El preu inclou<\/b><\/span><span class=\"s2\">:<\/span><\/span><\/p><p><span class=\"s1\"><span class=\"s3\">\u2713 <\/span>4 hores de <b>visita guiada privada amb una guia tur\u00edstica oficial de Catalunya<\/b><\/span><\/p><p><span class=\"s1\"><b><span class=\"s3\">\u2713\u00a0 <\/span>Receptor individual i auriculars d\u00b4un sol \u00fas<\/b> a trav\u00e9s dels que sentireu la guia parlant amb el seu micr\u00f2fon.<span class=\"Apple-converted-space\">\u00a0 \u00a0<\/span><\/span><\/p><p class=\"p2\" style=\"text-align: justify;\"><span class=\"s1\">Eviteu cues a monuments i museus: som guies oficials i la nostra llic\u00e8ncia ens d\u00f3na prefer\u00e8ncia a l&#8217;entrada.<\/span><\/p><p class=\"p1\" style=\"text-align: justify;\"><span style=\"color: #99ec00;\"><span class=\"s1\"><b>El preu exclou<\/b><\/span><span class=\"s2\">:<\/span><\/span><\/p><p><span class=\"s1\"><span class=\"s3\">\u2713 <\/span>Cost d&#8217;entrades als monuments visitats<\/span><\/p><p><span class=\"s1\"><span class=\"s3\">\u2713 <\/span>Cost del taxi o qualsevol altre mitj\u00e0 de transport.<\/span><\/p><p class=\"p5\" style=\"text-align: justify;\"><span class=\"s1\" style=\"color: #99ec00;\"><b>L\u00b4hora d\u00b4inici de la visita aix\u00ed com el punt de sortida l\u00b4acordarem amb vosaltres segons les vostres necessitats.<\/b><\/span><\/p><p class=\"p1\" style=\"text-align: justify;\"><span style=\"color: #99ec00;\"><span class=\"s2\"><span style=\"color: #000000;\">**<\/span> <\/span><span class=\"s1\"><b>Tingueu en compte que<\/b><\/span><span class=\"s2\">:<\/span><\/span><\/p><p class=\"p2\" style=\"text-align: justify;\"><span class=\"s1\">Per entrar a la Bas\u00edlica de la Sagrada Fam\u00edlia generalment les espatlles, el ventre i els genolls han d&#8217;estar coberts.<\/span><\/p>\t\t\t\t\t\t\t\t<\/div>\n\t\t\t\t<\/div>\n\t\t\t\t<div class=\"elementor-element elementor-element-3bbd5a58 elementor-align-center elementor-widget elementor-widget-global elementor-global-3827 elementor-global-1067 elementor-widget-button\" data-id=\"3bbd5a58\" data-element_type=\"widget\" data-e-type=\"widget\" data-widget_type=\"button.default\">\n\t\t\t\t<div class=\"elementor-widget-container\">\n\t\t\t\t\t\t\t\t\t<div class=\"elementor-button-wrapper\">\n\t\t\t\t\t<a class=\"elementor-button elementor-button-link elementor-size-xl\" href=\"https:\/\/aguideinbarcelona.com\/ca\/contactar\/\">\n\t\t\t\t\t\t<span class=\"elementor-button-content-wrapper\">\n\t\t\t\t\t\t\t\t\t<span class=\"elementor-button-text\">Per reservar aquest tour contacteu amb nosaltres<\/span>\n\t\t\t\t\t<\/span>\n\t\t\t\t\t<\/a>\n\t\t\t\t<\/div>\n\t\t\t\t\t\t\t\t<\/div>\n\t\t\t\t<\/div>\n\t\t\t\t\t<\/div>\n\t\t<\/div>\n\t\t\t\t\t<\/div>\n\t\t<\/section>\n\t\t\t\t<div class=\"elementor-element elementor-element-1e968f44 elementor-widget elementor-widget-spacer\" data-id=\"1e968f44\" data-element_type=\"widget\" data-e-type=\"widget\" data-widget_type=\"spacer.default\">\n\t\t\t\t<div class=\"elementor-widget-container\">\n\t\t\t\t\t\t\t<div class=\"elementor-spacer\">\n\t\t\t<div class=\"elementor-spacer-inner\"><\/div>\n\t\t<\/div>\n\t\t\t\t\t\t<\/div>\n\t\t\t\t<\/div>\n\t\t\t\t<div class=\"elementor-element elementor-element-6ebd5716 elementor-widget elementor-widget-gallery\" data-id=\"6ebd5716\" data-element_type=\"widget\" data-e-type=\"widget\" data-settings=\"{&quot;columns&quot;:3,&quot;lazyload&quot;:&quot;yes&quot;,&quot;gallery_layout&quot;:&quot;grid&quot;,&quot;columns_tablet&quot;:2,&quot;columns_mobile&quot;:1,&quot;gap&quot;:{&quot;unit&quot;:&quot;px&quot;,&quot;size&quot;:10,&quot;sizes&quot;:[]},&quot;gap_tablet&quot;:{&quot;unit&quot;:&quot;px&quot;,&quot;size&quot;:10,&quot;sizes&quot;:[]},&quot;gap_mobile&quot;:{&quot;unit&quot;:&quot;px&quot;,&quot;size&quot;:10,&quot;sizes&quot;:[]},&quot;link_to&quot;:&quot;file&quot;,&quot;aspect_ratio&quot;:&quot;3:2&quot;,&quot;overlay_background&quot;:&quot;yes&quot;,&quot;content_hover_animation&quot;:&quot;fade-in&quot;}\" data-widget_type=\"gallery.default\">\n\t\t\t\t<div class=\"elementor-widget-container\">\n\t\t\t\t\t\t\t<div class=\"elementor-gallery__container\">\n\t\t\t\t\t\t\t<a class=\"e-gallery-item elementor-gallery-item elementor-animated-content\" href=\"https:\/\/aguideinbarcelona.com\/wp-content\/uploads\/2020\/05\/Sagrada-Familia-entera-fac\u0327ana-Neixement-3.jpg\" data-elementor-open-lightbox=\"yes\" data-elementor-lightbox-slideshow=\"6ebd5716\" data-elementor-lightbox-title=\"Sagrada Familia entera fac\u0327ana Neixement -3\" data-e-action-hash=\"#elementor-action%3Aaction%3Dlightbox%26settings%3DeyJpZCI6Mjc3MSwidXJsIjoiaHR0cHM6XC9cL2FndWlkZWluYmFyY2Vsb25hLmNvbVwvd3AtY29udGVudFwvdXBsb2Fkc1wvMjAyMFwvMDVcL1NhZ3JhZGEtRmFtaWxpYS1lbnRlcmEtZmFjXHUwMzI3YW5hLU5laXhlbWVudC0zLmpwZyIsInNsaWRlc2hvdyI6IjZlYmQ1NzE2In0%3D\">\n\t\t\t\t\t<div class=\"e-gallery-image elementor-gallery-item__image\" data-thumbnail=\"https:\/\/aguideinbarcelona.com\/wp-content\/uploads\/2020\/05\/Sagrada-Familia-entera-fac\u0327ana-Neixement-3-768x512.jpg\" data-width=\"640\" data-height=\"427\" aria-label=\"\" role=\"img\" ><\/div>\n\t\t\t\t\t\t\t\t\t\t\t<div class=\"elementor-gallery-item__overlay\"><\/div>\n\t\t\t\t\t\t\t\t\t\t\t\t\t\t<\/a>\n\t\t\t\t\t\t\t<a class=\"e-gallery-item elementor-gallery-item elementor-animated-content\" href=\"https:\/\/aguideinbarcelona.com\/wp-content\/uploads\/2020\/05\/Bo\u0301vedas-Sagrada-Familia-4.jpg\" data-elementor-open-lightbox=\"yes\" data-elementor-lightbox-slideshow=\"6ebd5716\" data-elementor-lightbox-title=\"Bo\u0301vedas Sagrada Familia- 4\" data-e-action-hash=\"#elementor-action%3Aaction%3Dlightbox%26settings%3DeyJpZCI6Mjc1OSwidXJsIjoiaHR0cHM6XC9cL2FndWlkZWluYmFyY2Vsb25hLmNvbVwvd3AtY29udGVudFwvdXBsb2Fkc1wvMjAyMFwvMDVcL0JvXHUwMzAxdmVkYXMtU2FncmFkYS1GYW1pbGlhLTQuanBnIiwic2xpZGVzaG93IjoiNmViZDU3MTYifQ%3D%3D\">\n\t\t\t\t\t<div class=\"e-gallery-image elementor-gallery-item__image\" data-thumbnail=\"https:\/\/aguideinbarcelona.com\/wp-content\/uploads\/2020\/05\/Bo\u0301vedas-Sagrada-Familia-4-768x480.jpg\" data-width=\"640\" data-height=\"400\" aria-label=\"\" role=\"img\" ><\/div>\n\t\t\t\t\t\t\t\t\t\t\t<div class=\"elementor-gallery-item__overlay\"><\/div>\n\t\t\t\t\t\t\t\t\t\t\t\t\t\t<\/a>\n\t\t\t\t\t\t\t<a class=\"e-gallery-item elementor-gallery-item elementor-animated-content\" href=\"https:\/\/aguideinbarcelona.com\/wp-content\/uploads\/2020\/05\/Pedrera-Casa-Mila\u0300-fachada-de-lejos-5.jpg\" data-elementor-open-lightbox=\"yes\" data-elementor-lightbox-slideshow=\"6ebd5716\" data-elementor-lightbox-title=\"Pedrera- Casa Mila\u0300 fachada de lejos- 5\" data-e-action-hash=\"#elementor-action%3Aaction%3Dlightbox%26settings%3DeyJpZCI6Mjc2OCwidXJsIjoiaHR0cHM6XC9cL2FndWlkZWluYmFyY2Vsb25hLmNvbVwvd3AtY29udGVudFwvdXBsb2Fkc1wvMjAyMFwvMDVcL1BlZHJlcmEtQ2FzYS1NaWxhXHUwMzAwLWZhY2hhZGEtZGUtbGVqb3MtNS5qcGciLCJzbGlkZXNob3ciOiI2ZWJkNTcxNiJ9\">\n\t\t\t\t\t<div class=\"e-gallery-image elementor-gallery-item__image\" data-thumbnail=\"https:\/\/aguideinbarcelona.com\/wp-content\/uploads\/2020\/05\/Pedrera-Casa-Mila\u0300-fachada-de-lejos-5-768x511.jpg\" data-width=\"640\" data-height=\"426\" aria-label=\"\" role=\"img\" ><\/div>\n\t\t\t\t\t\t\t\t\t\t\t<div class=\"elementor-gallery-item__overlay\"><\/div>\n\t\t\t\t\t\t\t\t\t\t\t\t\t\t<\/a>\n\t\t\t\t\t\t\t<a class=\"e-gallery-item elementor-gallery-item elementor-animated-content\" href=\"https:\/\/aguideinbarcelona.com\/wp-content\/uploads\/2020\/05\/Sonia-con-cliente-fachada-nacimiento-Sagrada-Familia-6.jpg\" data-elementor-open-lightbox=\"yes\" data-elementor-lightbox-slideshow=\"6ebd5716\" data-elementor-lightbox-title=\"Sonia con cliente fachada nacimiento Sagrada Familia-6\" data-e-action-hash=\"#elementor-action%3Aaction%3Dlightbox%26settings%3DeyJpZCI6Mjc4NiwidXJsIjoiaHR0cHM6XC9cL2FndWlkZWluYmFyY2Vsb25hLmNvbVwvd3AtY29udGVudFwvdXBsb2Fkc1wvMjAyMFwvMDVcL1NvbmlhLWNvbi1jbGllbnRlLWZhY2hhZGEtbmFjaW1pZW50by1TYWdyYWRhLUZhbWlsaWEtNi5qcGciLCJzbGlkZXNob3ciOiI2ZWJkNTcxNiJ9\">\n\t\t\t\t\t<div class=\"e-gallery-image elementor-gallery-item__image\" data-thumbnail=\"https:\/\/aguideinbarcelona.com\/wp-content\/uploads\/2020\/05\/Sonia-con-cliente-fachada-nacimiento-Sagrada-Familia-6.jpg\" data-width=\"550\" data-height=\"367\" aria-label=\"\" role=\"img\" ><\/div>\n\t\t\t\t\t\t\t\t\t\t\t<div class=\"elementor-gallery-item__overlay\"><\/div>\n\t\t\t\t\t\t\t\t\t\t\t\t\t\t<\/a>\n\t\t\t\t\t\t\t<a class=\"e-gallery-item elementor-gallery-item elementor-animated-content\" href=\"https:\/\/aguideinbarcelona.com\/wp-content\/uploads\/2020\/05\/Sagrada-Familia-y-familia-Saller-7.jpg\" data-elementor-open-lightbox=\"yes\" data-elementor-lightbox-slideshow=\"6ebd5716\" data-elementor-lightbox-title=\"Sagrada Familia y familia Saller-7\" data-e-action-hash=\"#elementor-action%3Aaction%3Dlightbox%26settings%3DeyJpZCI6Mjc4MCwidXJsIjoiaHR0cHM6XC9cL2FndWlkZWluYmFyY2Vsb25hLmNvbVwvd3AtY29udGVudFwvdXBsb2Fkc1wvMjAyMFwvMDVcL1NhZ3JhZGEtRmFtaWxpYS15LWZhbWlsaWEtU2FsbGVyLTcuanBnIiwic2xpZGVzaG93IjoiNmViZDU3MTYifQ%3D%3D\">\n\t\t\t\t\t<div class=\"e-gallery-image elementor-gallery-item__image\" data-thumbnail=\"https:\/\/aguideinbarcelona.com\/wp-content\/uploads\/2020\/05\/Sagrada-Familia-y-familia-Saller-7-768x1028.jpg\" data-width=\"640\" data-height=\"857\" aria-label=\"\" role=\"img\" ><\/div>\n\t\t\t\t\t\t\t\t\t\t\t<div class=\"elementor-gallery-item__overlay\"><\/div>\n\t\t\t\t\t\t\t\t\t\t\t\t\t\t<\/a>\n\t\t\t\t\t\t\t<a class=\"e-gallery-item elementor-gallery-item elementor-animated-content\" href=\"https:\/\/aguideinbarcelona.com\/wp-content\/uploads\/2020\/05\/Casa-Batll\u00f3-Fachada-superior.jpg\" data-elementor-open-lightbox=\"yes\" data-elementor-lightbox-slideshow=\"6ebd5716\" data-elementor-lightbox-title=\"Casa Batll\u00f3 Fachada superior\" data-e-action-hash=\"#elementor-action%3Aaction%3Dlightbox%26settings%3DeyJpZCI6NDU2MCwidXJsIjoiaHR0cHM6XC9cL2FndWlkZWluYmFyY2Vsb25hLmNvbVwvd3AtY29udGVudFwvdXBsb2Fkc1wvMjAyMFwvMDVcL0Nhc2EtQmF0bGxcdTAwZjMtRmFjaGFkYS1zdXBlcmlvci5qcGciLCJzbGlkZXNob3ciOiI2ZWJkNTcxNiJ9\">\n\t\t\t\t\t<div class=\"e-gallery-image elementor-gallery-item__image\" data-thumbnail=\"https:\/\/aguideinbarcelona.com\/wp-content\/uploads\/2020\/05\/Casa-Batll\u00f3-Fachada-superior-768x615.jpg\" data-width=\"640\" data-height=\"513\" aria-label=\"\" role=\"img\" ><\/div>\n\t\t\t\t\t\t\t\t\t\t\t<div class=\"elementor-gallery-item__overlay\"><\/div>\n\t\t\t\t\t\t\t\t\t\t\t\t\t\t<\/a>\n\t\t\t\t\t<\/div>\n\t\t\t\t\t<\/div>\n\t\t\t\t<\/div>\n\t\t\t\t\t<\/div>\n\t\t<\/div>\n\t\t\t\t\t<\/div>\n\t\t<\/section>\n\t\t\t\t<\/div>\n\t\t","protected":false},"excerpt":{"rendered":"<p>Si voleu visitar les obres m\u00e9s importants d&#8217;Antoni Gaud\u00ed a Barcelona, \u200b\u200baquest \u00e9s l\u00b4opci\u00f3 ideal: Sagrada Fam\u00edlia,  La Pedrera, Casa Batll\u00f3 &#8230; i molt m\u00e9s.<\/p>\n","protected":false},"author":4,"featured_media":2762,"parent":0,"menu_order":0,"comment_status":"closed","ping_status":"closed","template":"elementor_header_footer","meta":{"footnotes":""},"categories":[49],"tags":[],"class_list":["post-3729","page","type-page","status-publish","has-post-thumbnail","hentry","category-tast-de-vins-i-visites-cellers","entry"],"_links":{"self":[{"href":"https:\/\/aguideinbarcelona.com\/ca\/wp-json\/wp\/v2\/pages\/3729","targetHints":{"allow":["GET"]}}],"collection":[{"href":"https:\/\/aguideinbarcelona.com\/ca\/wp-json\/wp\/v2\/pages"}],"about":[{"href":"https:\/\/aguideinbarcelona.com\/ca\/wp-json\/wp\/v2\/types\/page"}],"author":[{"embeddable":true,"href":"https:\/\/aguideinbarcelona.com\/ca\/wp-json\/wp\/v2\/users\/4"}],"replies":[{"embeddable":true,"href":"https:\/\/aguideinbarcelona.com\/ca\/wp-json\/wp\/v2\/comments?post=3729"}],"version-history":[{"count":6,"href":"https:\/\/aguideinbarcelona.com\/ca\/wp-json\/wp\/v2\/pages\/3729\/revisions"}],"predecessor-version":[{"id":6094,"href":"https:\/\/aguideinbarcelona.com\/ca\/wp-json\/wp\/v2\/pages\/3729\/revisions\/6094"}],"wp:featuredmedia":[{"embeddable":true,"href":"https:\/\/aguideinbarcelona.com\/ca\/wp-json\/wp\/v2\/media\/2762"}],"wp:attachment":[{"href":"https:\/\/aguideinbarcelona.com\/ca\/wp-json\/wp\/v2\/media?parent=3729"}],"wp:term":[{"taxonomy":"category","embeddable":true,"href":"https:\/\/aguideinbarcelona.com\/ca\/wp-json\/wp\/v2\/categories?post=3729"},{"taxonomy":"post_tag","embeddable":true,"href":"https:\/\/aguideinbarcelona.com\/ca\/wp-json\/wp\/v2\/tags?post=3729"}],"curies":[{"name":"wp","href":"https:\/\/api.w.org\/{rel}","templated":true}]}}