{"id":3746,"date":"2020-05-24T19:45:38","date_gmt":"2020-05-24T17:45:38","guid":{"rendered":"https:\/\/aguideinbarcelona.com\/gaudi-and-wine-tasting-in-gracia-4h\/"},"modified":"2026-02-06T16:48:59","modified_gmt":"2026-02-06T15:48:59","slug":"casa-vicens-i-tast-de-vins","status":"publish","type":"page","link":"https:\/\/aguideinbarcelona.com\/ca\/casa-vicens-i-tast-de-vins\/","title":{"rendered":"Casa Vicens i Tast de Vins"},"content":{"rendered":"\t\t<div data-elementor-type=\"wp-page\" data-elementor-id=\"3746\" class=\"elementor elementor-3746 elementor-1224\" data-elementor-post-type=\"page\">\n\t\t\t\t\t\t<section class=\"elementor-section elementor-top-section elementor-element elementor-element-348a6a4b elementor-section-boxed elementor-section-height-default elementor-section-height-default\" data-id=\"348a6a4b\" data-element_type=\"section\" data-e-type=\"section\">\n\t\t\t\t\t\t<div class=\"elementor-container elementor-column-gap-default\">\n\t\t\t\t\t<div class=\"elementor-column elementor-col-100 elementor-top-column elementor-element elementor-element-5c3284a5\" data-id=\"5c3284a5\" data-element_type=\"column\" data-e-type=\"column\">\n\t\t\t<div class=\"elementor-widget-wrap elementor-element-populated\">\n\t\t\t\t\t\t<section class=\"elementor-section elementor-inner-section elementor-element elementor-element-55d221c elementor-section-boxed elementor-section-height-default elementor-section-height-default\" data-id=\"55d221c\" data-element_type=\"section\" data-e-type=\"section\">\n\t\t\t\t\t\t<div class=\"elementor-container elementor-column-gap-default\">\n\t\t\t\t\t<div class=\"elementor-column elementor-col-50 elementor-inner-column elementor-element elementor-element-69492853\" data-id=\"69492853\" data-element_type=\"column\" data-e-type=\"column\">\n\t\t\t<div class=\"elementor-widget-wrap elementor-element-populated\">\n\t\t\t\t\t\t<div class=\"elementor-element elementor-element-2dc6fafb elementor-nav-menu--dropdown-none menu_izq elementor-widget elementor-widget-global elementor-global-3815 elementor-global-607 elementor-widget-nav-menu\" data-id=\"2dc6fafb\" data-element_type=\"widget\" data-e-type=\"widget\" data-settings=\"{&quot;layout&quot;:&quot;vertical&quot;,&quot;submenu_icon&quot;:{&quot;value&quot;:&quot;fas fa-caret-down&quot;,&quot;library&quot;:&quot;fa-solid&quot;}}\" data-widget_type=\"nav-menu.default\">\n\t\t\t\t<div class=\"elementor-widget-container\">\n\t\t\t\t\t\t\t\t<nav aria-label=\"Menu\" class=\"elementor-nav-menu--main elementor-nav-menu__container elementor-nav-menu--layout-vertical e--pointer-none\">\n\t\t\t\t<ul id=\"menu-1-2dc6fafb\" class=\"elementor-nav-menu sm-vertical\"><li class=\"menu-item menu-item-type-custom menu-item-object-custom menu-item-4292\"><a href=\"https:\/\/aguideinbarcelona.com\/ca\/visites-guiades-barcelona\/\" class=\"elementor-item\"><span class=\"title_menu_tours\">VISITES GUIADES BARCELONA:<span\/><\/a><\/li>\n<li class=\"menu-item menu-item-type-post_type menu-item-object-page menu-item-4291\"><a href=\"https:\/\/aguideinbarcelona.com\/ca\/la-barcelona-essencial\/\" class=\"elementor-item\">La Barcelona essencial<\/a><\/li>\n<li class=\"menu-item menu-item-type-post_type menu-item-object-page menu-item-4294\"><a href=\"https:\/\/aguideinbarcelona.com\/ca\/visita-gaudi\/\" class=\"elementor-item\">Visita Gaud\u00ed<\/a><\/li>\n<li class=\"menu-item menu-item-type-post_type menu-item-object-page menu-item-4293\"><a href=\"https:\/\/aguideinbarcelona.com\/ca\/visita-sagrada-familia\/\" class=\"elementor-item\">Visita Sagrada Familia<\/a><\/li>\n<li class=\"menu-item menu-item-type-post_type menu-item-object-page menu-item-4295\"><a href=\"https:\/\/aguideinbarcelona.com\/ca\/visita-del-barri-gotic\/\" class=\"elementor-item\">Visita del Barri G\u00f2tic<\/a><\/li>\n<li class=\"menu-item menu-item-type-post_type menu-item-object-page menu-item-4296\"><a href=\"https:\/\/aguideinbarcelona.com\/ca\/museu-picasso-i-tast-de-vins\/\" class=\"elementor-item\">Museu Picasso i Tast de Vins<\/a><\/li>\n<li class=\"menu-item menu-item-type-post_type menu-item-object-page menu-item-4297\"><a href=\"https:\/\/aguideinbarcelona.com\/ca\/casa-vicens-i-tast-de-vins\/\" class=\"elementor-item\">Casa Vicens i Tast de Vins<\/a><\/li>\n<\/ul>\t\t\t<\/nav>\n\t\t\t\t\t\t<nav class=\"elementor-nav-menu--dropdown elementor-nav-menu__container\" aria-hidden=\"true\">\n\t\t\t\t<ul id=\"menu-2-2dc6fafb\" class=\"elementor-nav-menu sm-vertical\"><li class=\"menu-item menu-item-type-custom menu-item-object-custom menu-item-4292\"><a href=\"https:\/\/aguideinbarcelona.com\/ca\/visites-guiades-barcelona\/\" class=\"elementor-item\" tabindex=\"-1\"><span class=\"title_menu_tours\">VISITES GUIADES BARCELONA:<span\/><\/a><\/li>\n<li class=\"menu-item menu-item-type-post_type menu-item-object-page menu-item-4291\"><a href=\"https:\/\/aguideinbarcelona.com\/ca\/la-barcelona-essencial\/\" class=\"elementor-item\" tabindex=\"-1\">La Barcelona essencial<\/a><\/li>\n<li class=\"menu-item menu-item-type-post_type menu-item-object-page menu-item-4294\"><a href=\"https:\/\/aguideinbarcelona.com\/ca\/visita-gaudi\/\" class=\"elementor-item\" tabindex=\"-1\">Visita Gaud\u00ed<\/a><\/li>\n<li class=\"menu-item menu-item-type-post_type menu-item-object-page menu-item-4293\"><a href=\"https:\/\/aguideinbarcelona.com\/ca\/visita-sagrada-familia\/\" class=\"elementor-item\" tabindex=\"-1\">Visita Sagrada Familia<\/a><\/li>\n<li class=\"menu-item menu-item-type-post_type menu-item-object-page menu-item-4295\"><a href=\"https:\/\/aguideinbarcelona.com\/ca\/visita-del-barri-gotic\/\" class=\"elementor-item\" tabindex=\"-1\">Visita del Barri G\u00f2tic<\/a><\/li>\n<li class=\"menu-item menu-item-type-post_type menu-item-object-page menu-item-4296\"><a href=\"https:\/\/aguideinbarcelona.com\/ca\/museu-picasso-i-tast-de-vins\/\" class=\"elementor-item\" tabindex=\"-1\">Museu Picasso i Tast de Vins<\/a><\/li>\n<li class=\"menu-item menu-item-type-post_type menu-item-object-page menu-item-4297\"><a href=\"https:\/\/aguideinbarcelona.com\/ca\/casa-vicens-i-tast-de-vins\/\" class=\"elementor-item\" tabindex=\"-1\">Casa Vicens i Tast de Vins<\/a><\/li>\n<\/ul>\t\t\t<\/nav>\n\t\t\t\t\t\t<\/div>\n\t\t\t\t<\/div>\n\t\t\t\t<div class=\"elementor-element elementor-element-7de8b34c elementor-widget elementor-widget-spacer\" data-id=\"7de8b34c\" data-element_type=\"widget\" data-e-type=\"widget\" data-widget_type=\"spacer.default\">\n\t\t\t\t<div class=\"elementor-widget-container\">\n\t\t\t\t\t\t\t<div class=\"elementor-spacer\">\n\t\t\t<div class=\"elementor-spacer-inner\"><\/div>\n\t\t<\/div>\n\t\t\t\t\t\t<\/div>\n\t\t\t\t<\/div>\n\t\t\t\t<div class=\"elementor-element elementor-element-6d05d952 elementor-align-center elementor-widget elementor-widget-button\" data-id=\"6d05d952\" data-element_type=\"widget\" data-e-type=\"widget\" data-widget_type=\"button.default\">\n\t\t\t\t<div class=\"elementor-widget-container\">\n\t\t\t\t\t\t\t\t\t<div class=\"elementor-button-wrapper\">\n\t\t\t\t\t<a class=\"elementor-button elementor-button-link elementor-size-md\" href=\"https:\/\/aguideinbarcelona.com\/ca\/contactar\/\">\n\t\t\t\t\t\t<span class=\"elementor-button-content-wrapper\">\n\t\t\t\t\t\t\t\t\t<span class=\"elementor-button-text\">Per reservar aquest tour contacteu amb nosaltres<\/span>\n\t\t\t\t\t<\/span>\n\t\t\t\t\t<\/a>\n\t\t\t\t<\/div>\n\t\t\t\t\t\t\t\t<\/div>\n\t\t\t\t<\/div>\n\t\t\t\t<div class=\"elementor-element elementor-element-29c05aed elementor-widget elementor-widget-spacer\" data-id=\"29c05aed\" data-element_type=\"widget\" data-e-type=\"widget\" data-widget_type=\"spacer.default\">\n\t\t\t\t<div class=\"elementor-widget-container\">\n\t\t\t\t\t\t\t<div class=\"elementor-spacer\">\n\t\t\t<div class=\"elementor-spacer-inner\"><\/div>\n\t\t<\/div>\n\t\t\t\t\t\t<\/div>\n\t\t\t\t<\/div>\n\t\t\t\t\t<\/div>\n\t\t<\/div>\n\t\t\t\t<div class=\"elementor-column elementor-col-50 elementor-inner-column elementor-element elementor-element-10aad5e2\" data-id=\"10aad5e2\" data-element_type=\"column\" data-e-type=\"column\">\n\t\t\t<div class=\"elementor-widget-wrap elementor-element-populated\">\n\t\t\t\t\t\t<div class=\"elementor-element elementor-element-1d4489bc elementor-widget elementor-widget-text-editor\" data-id=\"1d4489bc\" data-element_type=\"widget\" data-e-type=\"widget\" data-widget_type=\"text-editor.default\">\n\t\t\t\t<div class=\"elementor-widget-container\">\n\t\t\t\t\t\t\t\t\t<h3 style=\"text-align: center;\"><em><span style=\"color: #974578;\">Casa Vicens i tast de vins al barri de Gr\u00e0cia<\/span><\/em><\/h3>\t\t\t\t\t\t\t\t<\/div>\n\t\t\t\t<\/div>\n\t\t\t\t<div class=\"elementor-element elementor-element-1333bd6 elementor--h-position-center elementor--v-position-middle elementor-arrows-position-inside elementor-pagination-position-inside elementor-widget elementor-widget-slides\" data-id=\"1333bd6\" data-element_type=\"widget\" data-e-type=\"widget\" data-settings=\"{&quot;navigation&quot;:&quot;both&quot;,&quot;autoplay&quot;:&quot;yes&quot;,&quot;pause_on_hover&quot;:&quot;yes&quot;,&quot;pause_on_interaction&quot;:&quot;yes&quot;,&quot;autoplay_speed&quot;:5000,&quot;infinite&quot;:&quot;yes&quot;,&quot;transition&quot;:&quot;slide&quot;,&quot;transition_speed&quot;:500}\" data-widget_type=\"slides.default\">\n\t\t\t\t<div class=\"elementor-widget-container\">\n\t\t\t\t\t\t\t\t\t<div class=\"elementor-swiper\">\n\t\t\t\t\t<div class=\"elementor-slides-wrapper elementor-main-swiper swiper\" role=\"region\" aria-roledescription=\"carousel\" aria-label=\"Diapositivas\" dir=\"ltr\" data-animation=\"fadeInUp\">\n\t\t\t\t<div class=\"swiper-wrapper elementor-slides\">\n\t\t\t\t\t\t\t\t\t\t<div class=\"elementor-repeater-item-972480f swiper-slide\" role=\"group\" aria-roledescription=\"slide\"><div class=\"swiper-slide-bg\" role=\"img\" aria-label=\"Casa Vicens-1\"><\/div><div class=\"swiper-slide-inner\" ><div class=\"swiper-slide-contents\"><\/div><\/div><\/div>\t\t\t\t<\/div>\n\t\t\t\t\t\t\t<\/div>\n\t\t\t\t<\/div>\n\t\t\t\t\t\t\t\t<\/div>\n\t\t\t\t<\/div>\n\t\t\t\t<div class=\"elementor-element elementor-element-3f2d7513 elementor-widget elementor-widget-text-editor\" data-id=\"3f2d7513\" data-element_type=\"widget\" data-e-type=\"widget\" data-widget_type=\"text-editor.default\">\n\t\t\t\t<div class=\"elementor-widget-container\">\n\t\t\t\t\t\t\t\t\t<p class=\"p1\" style=\"text-align: center;\"><span style=\"color: #974578;\"><strong><span class=\"s1\"><i>Explorem el barri de Gr\u00e0cia passejant pels seus carrerons i places, <\/i><\/span><\/strong><\/span><\/p><p class=\"p1\" style=\"text-align: center;\"><span style=\"color: #974578;\"><strong><span class=\"s1\"><i>amb la visita guiada de la Casa Vicens i <\/i><\/span><\/strong><\/span><\/p><p class=\"p1\" style=\"text-align: center;\"><span style=\"color: #974578;\"><strong><span class=\"s1\"><i>gaudint d\u00b4un tast de vins i formatges a la nostra enoteca favorita<\/i><\/span><\/strong><\/span><\/p><p class=\"p2\" style=\"text-align: justify;\"><span class=\"s1\" style=\"color: #000000;\"><b>Casa Vicens \u00e9s la primera obra important d&#8217;Antoni Gaud\u00ed a Barcelona<\/b> i a on va sembrar les llavors de tota la seva obra arquitect\u00f2nica. Durant molts anys va ser una meravella gaudiniana per a ser admirada nom\u00e9s des de l&#8217;exterior ja que va estar habitada fins fa molt poc, avui dia est\u00e0 oberta per visitar-la des del novembre de 2017.<\/span><\/p><p class=\"p2\" style=\"text-align: justify;\"><span class=\"s1\" style=\"color: #000000;\">En 1883, Manel Vicens i Montaner, un corredor de borsa i de divises, li va confiar a el jove arquitecte Gaud\u00ed el disseny de la seva nova casa d&#8217;estiu a l&#8217;antic poble de Gr\u00e0cia. Va ser la seva primera obra mestra i un dels primers edificis que va iniciar el moviment del Modernisme a Catalunya i Europa.<\/span><\/p><p class=\"p2\" style=\"text-align: justify;\"><span class=\"s1\" style=\"color: #000000;\">La nostra visita guiada comen\u00e7a a Casa Vicens, i segueix amb <b>un passeig pel barri de Gr\u00e0cia conegut tamb\u00e9 com \u201cl\u00b4antiga vila de Gr\u00e0cia\u201d<\/b> ja que va comen\u00e7ar sent un poble de gran activitat cultural, obrera i tamb\u00e9 de petita burgesia per acabar sent un dels barris m\u00e9s revolucionaris i emblem\u00e0tics de la ciutat<\/span><\/p><p class=\"p2\" style=\"text-align: justify;\"><span class=\"s1\" style=\"color: #000000;\">El tr\u00e0nsit \u00e9s m\u00ednim, de manera que el ve\u00efnat se sent tranquil i relaxat, perfecte per passejar.<\/span><\/p><p class=\"p2\" style=\"text-align: justify;\"><span class=\"s1\" style=\"color: #000000;\">Acabarem el nostre recorregut en un dels locals de vins a Barcelona que \u00e9s un indispensable pels amants del bon vi i dels bons formatges.<\/span><\/p><p class=\"p2\" style=\"text-align: justify;\"><span class=\"s1\" style=\"color: #000000;\"><b>A trav\u00e9s de d\u00b4un tast guiat de 3 vins catalans de diferents zones d\u00b4elaboraci\u00f3 coneixerem la riquesa i varietat que tenim a Catalunya<\/b> on estan reconegudes 11 denominacions d\u00b4origen m\u00e9s la D.O. Cava.<span class=\"Apple-converted-space\">\u00a0 <\/span>Acompanyarem els vins amb quatre tipus diferents de formatges amb melmelades i torradetes de pa.<\/span><\/p>\t\t\t\t\t\t\t\t<\/div>\n\t\t\t\t<\/div>\n\t\t\t\t<div class=\"elementor-element elementor-element-b335902 elementor-widget elementor-widget-text-editor\" data-id=\"b335902\" data-element_type=\"widget\" data-e-type=\"widget\" data-widget_type=\"text-editor.default\">\n\t\t\t\t<div class=\"elementor-widget-container\">\n\t\t\t\t\t\t\t\t\t<p class=\"p1\" style=\"text-align: left;\"><span style=\"color: #974578;\"><span class=\"s1\"><b>Preus de l&#8217;tour<\/b><\/span><span class=\"s2\">:<\/span><\/span><\/p>\n<p class=\"p2\" style=\"text-align: left;\"><span class=\"s1\">\u2022 2 persones: 491 \u20ac (245,5 \u20ac \/ pax)<\/span><\/p>\n<p class=\"p2\" style=\"text-align: left;\"><span class=\"s1\">\u2022 3 persones: 543\u20ac (181 \u20ac \/ pax)<\/span><\/p>\n<p class=\"p2\" style=\"text-align: left;\"><span class=\"s1\">\u2022 4 persones: 594 \u20ac (148,5 \u20ac \/ pax)<\/span><\/p>\n<p class=\"p2\" style=\"text-align: left;\"><span class=\"s1\">\u2022 5 persones: 646 \u20ac (129\u20ac \/ pax)<\/span><\/p>\n<p class=\"p2\" style=\"text-align: left;\"><span class=\"s1\">\u2022 6 persones: 697 \u20ac (116\u20ac \/ pax)<\/span><\/p>\n<p class=\"p2\" style=\"text-align: left;\"><span class=\"s1\">\u2022 7 persones: 749 \u20ac (107 \u20ac \/ pax)<\/span><\/p>\n<p class=\"p2\" style=\"text-align: left;\"><span class=\"s1\">\u2022 8 persones: 800 \u20ac (100 \u20ac \/ pax)<\/span><\/p>\n<p class=\"p2\" style=\"text-align: left;\"><span class=\"s1\">* Nombre de persones per al grup: m\u00ednim 2 persones m\u00e0xim 8. Es poden organitzar altres mides de grup sota petici\u00f3.<\/span><\/p>\n<p class=\"p1\" style=\"text-align: left;\"><span class=\"s1\" style=\"color: #974578;\"><b>Durada de l\u00b4experi\u00e8ncia<\/b><\/span><span class=\"s2\"><span style=\"color: #974578;\">:<\/span> 4 hores.<\/span><\/p>\t\t\t\t\t\t\t\t<\/div>\n\t\t\t\t<\/div>\n\t\t\t\t<div class=\"elementor-element elementor-element-67acdadc elementor-widget elementor-widget-text-editor\" data-id=\"67acdadc\" data-element_type=\"widget\" data-e-type=\"widget\" data-widget_type=\"text-editor.default\">\n\t\t\t\t<div class=\"elementor-widget-container\">\n\t\t\t\t\t\t\t\t\t<p class=\"p1\" style=\"text-align: justify;\"><span class=\"s2\" style=\"color: #974578;\"><b>Horari del recorregut<\/b><\/span><span class=\"s3\"><span style=\"color: #974578;\">:<\/span> de dilluns a divendres de les 16 a les 20 h (altres hores a petici\u00f3).<\/span><\/p><p class=\"p1\" style=\"text-align: justify;\"><span class=\"s2\" style=\"color: #974578;\"><b>Punt de trobada<\/b><\/span><span class=\"s3\"><span style=\"color: #974578;\">:<\/span> ens trobarem directament a la Casa Vicens.<\/span><\/p><p class=\"p2\" style=\"text-align: justify;\"><span style=\"color: #974578;\"><span class=\"s3\"><b>El preu inclou<\/b><\/span><span class=\"s4\">:<\/span><\/span><\/p><p><span class=\"s3\"><b><span class=\"s2\">\u2713 <\/span>Entrades a la Casa Vicens<\/b>.<\/span><\/p><p><span class=\"s3\"><b><span class=\"s2\">\u2713 <\/span>Tast de vins ( 3) + torradetes de pa + 4 tastets de formatges + Melmelades +<span class=\"Apple-converted-space\">\u00a0 <\/span>aigua.<\/b><\/span><\/p><p><span class=\"s3\"><b><span class=\"s2\">\u2713 <\/span>Receptors i auriculars individuals i d&#8217;un sol \u00fas <\/b>per escoltar les explicacions de la guia a Casa Vicens i a la caminada de Gr\u00e0cia (el guia fa servir un micr\u00f2fon, els clients l&#8217;escolten a trav\u00e9s dels seus receptors).<\/span><\/p><p><span class=\"s3\"><b><span class=\"s2\">\u2713 <\/span>4 hores de visita guiada amb guia de turisme oficial de Catalunya i sommelier titulada.<\/b><\/span><\/p><p class=\"p2\" style=\"text-align: justify;\"><span class=\"s4\">** <\/span><span style=\"color: #974578;\"><span class=\"s3\"><b>Tingueu en compte que<\/b><\/span><span class=\"s4\">:<\/span><\/span><\/p><p class=\"p1\" style=\"text-align: justify;\"><span class=\"s3\">\u2022 L&#8217;edat m\u00ednima per beure \u00e9s de 18 anys, hi ha opcions de begudes no alcoh\u00f2liques disponibles.<\/span><\/p><p class=\"p1\" style=\"text-align: justify;\"><span class=\"s3\">\u2022 Si t\u00e9 alguna al\u00b7l\u00e8rgia aliment\u00e0ria o restriccions diet\u00e8tiques, informeu-nos al fer la reserva.<\/span><\/p>\t\t\t\t\t\t\t\t<\/div>\n\t\t\t\t<\/div>\n\t\t\t\t<div class=\"elementor-element elementor-element-36c8ba1a elementor-align-center elementor-widget elementor-widget-global elementor-global-3827 elementor-global-1067 elementor-widget-button\" data-id=\"36c8ba1a\" data-element_type=\"widget\" data-e-type=\"widget\" data-widget_type=\"button.default\">\n\t\t\t\t<div class=\"elementor-widget-container\">\n\t\t\t\t\t\t\t\t\t<div class=\"elementor-button-wrapper\">\n\t\t\t\t\t<a class=\"elementor-button elementor-button-link elementor-size-xl\" href=\"https:\/\/aguideinbarcelona.com\/ca\/contactar\/\">\n\t\t\t\t\t\t<span class=\"elementor-button-content-wrapper\">\n\t\t\t\t\t\t\t\t\t<span class=\"elementor-button-text\">Per reservar aquest tour contacteu amb nosaltres<\/span>\n\t\t\t\t\t<\/span>\n\t\t\t\t\t<\/a>\n\t\t\t\t<\/div>\n\t\t\t\t\t\t\t\t<\/div>\n\t\t\t\t<\/div>\n\t\t\t\t\t<\/div>\n\t\t<\/div>\n\t\t\t\t\t<\/div>\n\t\t<\/section>\n\t\t\t\t<div class=\"elementor-element elementor-element-138bd722 elementor-widget elementor-widget-spacer\" data-id=\"138bd722\" data-element_type=\"widget\" data-e-type=\"widget\" data-widget_type=\"spacer.default\">\n\t\t\t\t<div class=\"elementor-widget-container\">\n\t\t\t\t\t\t\t<div class=\"elementor-spacer\">\n\t\t\t<div class=\"elementor-spacer-inner\"><\/div>\n\t\t<\/div>\n\t\t\t\t\t\t<\/div>\n\t\t\t\t<\/div>\n\t\t\t\t<div class=\"elementor-element elementor-element-51a22ee9 elementor-widget elementor-widget-gallery\" data-id=\"51a22ee9\" data-element_type=\"widget\" data-e-type=\"widget\" data-settings=\"{&quot;columns&quot;:3,&quot;lazyload&quot;:&quot;yes&quot;,&quot;gallery_layout&quot;:&quot;grid&quot;,&quot;columns_tablet&quot;:2,&quot;columns_mobile&quot;:1,&quot;gap&quot;:{&quot;unit&quot;:&quot;px&quot;,&quot;size&quot;:10,&quot;sizes&quot;:[]},&quot;gap_tablet&quot;:{&quot;unit&quot;:&quot;px&quot;,&quot;size&quot;:10,&quot;sizes&quot;:[]},&quot;gap_mobile&quot;:{&quot;unit&quot;:&quot;px&quot;,&quot;size&quot;:10,&quot;sizes&quot;:[]},&quot;link_to&quot;:&quot;file&quot;,&quot;aspect_ratio&quot;:&quot;3:2&quot;,&quot;overlay_background&quot;:&quot;yes&quot;,&quot;content_hover_animation&quot;:&quot;fade-in&quot;}\" data-widget_type=\"gallery.default\">\n\t\t\t\t<div class=\"elementor-widget-container\">\n\t\t\t\t\t\t\t<div class=\"elementor-gallery__container\">\n\t\t\t\t\t\t\t<a class=\"e-gallery-item elementor-gallery-item elementor-animated-content\" href=\"https:\/\/aguideinbarcelona.com\/wp-content\/uploads\/2020\/05\/Xemeneies-i-reixa-Casa-Vicens-2.jpg\" data-elementor-open-lightbox=\"yes\" data-elementor-lightbox-slideshow=\"51a22ee9\" data-elementor-lightbox-title=\"Xemeneies i reixa Casa Vicens-2\" data-e-action-hash=\"#elementor-action%3Aaction%3Dlightbox%26settings%3DeyJpZCI6Mjc1NiwidXJsIjoiaHR0cHM6XC9cL2FndWlkZWluYmFyY2Vsb25hLmNvbVwvd3AtY29udGVudFwvdXBsb2Fkc1wvMjAyMFwvMDVcL1hlbWVuZWllcy1pLXJlaXhhLUNhc2EtVmljZW5zLTIuanBnIiwic2xpZGVzaG93IjoiNTFhMjJlZTkifQ%3D%3D\">\n\t\t\t\t\t<div class=\"e-gallery-image elementor-gallery-item__image\" data-thumbnail=\"https:\/\/aguideinbarcelona.com\/wp-content\/uploads\/2020\/05\/Xemeneies-i-reixa-Casa-Vicens-2-768x509.jpg\" data-width=\"640\" data-height=\"424\" aria-label=\"\" role=\"img\" ><\/div>\n\t\t\t\t\t\t\t\t\t\t\t<div class=\"elementor-gallery-item__overlay\"><\/div>\n\t\t\t\t\t\t\t\t\t\t\t\t\t\t<\/a>\n\t\t\t\t\t\t\t<a class=\"e-gallery-item elementor-gallery-item elementor-animated-content\" href=\"https:\/\/aguideinbarcelona.com\/wp-content\/uploads\/2020\/05\/Sonia-i-tieta-Casa-Vicens-3.jpg\" data-elementor-open-lightbox=\"yes\" data-elementor-lightbox-slideshow=\"51a22ee9\" data-elementor-lightbox-title=\"Sonia i tieta Casa Vicens-3\" data-e-action-hash=\"#elementor-action%3Aaction%3Dlightbox%26settings%3DeyJpZCI6Mjc1MywidXJsIjoiaHR0cHM6XC9cL2FndWlkZWluYmFyY2Vsb25hLmNvbVwvd3AtY29udGVudFwvdXBsb2Fkc1wvMjAyMFwvMDVcL1NvbmlhLWktdGlldGEtQ2FzYS1WaWNlbnMtMy5qcGciLCJzbGlkZXNob3ciOiI1MWEyMmVlOSJ9\">\n\t\t\t\t\t<div class=\"e-gallery-image elementor-gallery-item__image\" data-thumbnail=\"https:\/\/aguideinbarcelona.com\/wp-content\/uploads\/2020\/05\/Sonia-i-tieta-Casa-Vicens-3-768x432.jpg\" data-width=\"640\" data-height=\"360\" aria-label=\"\" role=\"img\" ><\/div>\n\t\t\t\t\t\t\t\t\t\t\t<div class=\"elementor-gallery-item__overlay\"><\/div>\n\t\t\t\t\t\t\t\t\t\t\t\t\t\t<\/a>\n\t\t\t\t\t\t\t<a class=\"e-gallery-item elementor-gallery-item elementor-animated-content\" href=\"https:\/\/aguideinbarcelona.com\/wp-content\/uploads\/2020\/05\/Calle-de-Gracia-4.jpg\" data-elementor-open-lightbox=\"yes\" data-elementor-lightbox-slideshow=\"51a22ee9\" data-elementor-lightbox-title=\"Calle de Gracia-4\" data-e-action-hash=\"#elementor-action%3Aaction%3Dlightbox%26settings%3DeyJpZCI6Mjc0NCwidXJsIjoiaHR0cHM6XC9cL2FndWlkZWluYmFyY2Vsb25hLmNvbVwvd3AtY29udGVudFwvdXBsb2Fkc1wvMjAyMFwvMDVcL0NhbGxlLWRlLUdyYWNpYS00LmpwZyIsInNsaWRlc2hvdyI6IjUxYTIyZWU5In0%3D\">\n\t\t\t\t\t<div class=\"e-gallery-image elementor-gallery-item__image\" data-thumbnail=\"https:\/\/aguideinbarcelona.com\/wp-content\/uploads\/2020\/05\/Calle-de-Gracia-4-768x447.jpg\" data-width=\"640\" data-height=\"373\" aria-label=\"\" role=\"img\" ><\/div>\n\t\t\t\t\t\t\t\t\t\t\t<div class=\"elementor-gallery-item__overlay\"><\/div>\n\t\t\t\t\t\t\t\t\t\t\t\t\t\t<\/a>\n\t\t\t\t\t\t\t<a class=\"e-gallery-item elementor-gallery-item elementor-animated-content\" href=\"https:\/\/aguideinbarcelona.com\/wp-content\/uploads\/2020\/05\/Balco\u0301n-con-flores-Gracia-5.jpg\" data-elementor-open-lightbox=\"yes\" data-elementor-lightbox-slideshow=\"51a22ee9\" data-elementor-lightbox-title=\"Balco\u0301n con flores Gracia-5\" data-e-action-hash=\"#elementor-action%3Aaction%3Dlightbox%26settings%3DeyJpZCI6MjczOCwidXJsIjoiaHR0cHM6XC9cL2FndWlkZWluYmFyY2Vsb25hLmNvbVwvd3AtY29udGVudFwvdXBsb2Fkc1wvMjAyMFwvMDVcL0JhbGNvXHUwMzAxbi1jb24tZmxvcmVzLUdyYWNpYS01LmpwZyIsInNsaWRlc2hvdyI6IjUxYTIyZWU5In0%3D\">\n\t\t\t\t\t<div class=\"e-gallery-image elementor-gallery-item__image\" data-thumbnail=\"https:\/\/aguideinbarcelona.com\/wp-content\/uploads\/2020\/05\/Balco\u0301n-con-flores-Gracia-5-768x512.jpg\" data-width=\"640\" data-height=\"427\" aria-label=\"\" role=\"img\" ><\/div>\n\t\t\t\t\t\t\t\t\t\t\t<div class=\"elementor-gallery-item__overlay\"><\/div>\n\t\t\t\t\t\t\t\t\t\t\t\t\t\t<\/a>\n\t\t\t\t\t\t\t<a class=\"e-gallery-item elementor-gallery-item elementor-animated-content\" href=\"https:\/\/aguideinbarcelona.com\/wp-content\/uploads\/2020\/05\/Brindis-vi-blanc-6.jpg\" data-elementor-open-lightbox=\"yes\" data-elementor-lightbox-slideshow=\"51a22ee9\" data-elementor-lightbox-title=\"Brindis vi blanc-6\" data-e-action-hash=\"#elementor-action%3Aaction%3Dlightbox%26settings%3DeyJpZCI6Mjc0MSwidXJsIjoiaHR0cHM6XC9cL2FndWlkZWluYmFyY2Vsb25hLmNvbVwvd3AtY29udGVudFwvdXBsb2Fkc1wvMjAyMFwvMDVcL0JyaW5kaXMtdmktYmxhbmMtNi5qcGciLCJzbGlkZXNob3ciOiI1MWEyMmVlOSJ9\">\n\t\t\t\t\t<div class=\"e-gallery-image elementor-gallery-item__image\" data-thumbnail=\"https:\/\/aguideinbarcelona.com\/wp-content\/uploads\/2020\/05\/Brindis-vi-blanc-6-768x512.jpg\" data-width=\"640\" data-height=\"427\" aria-label=\"\" role=\"img\" ><\/div>\n\t\t\t\t\t\t\t\t\t\t\t<div class=\"elementor-gallery-item__overlay\"><\/div>\n\t\t\t\t\t\t\t\t\t\t\t\t\t\t<\/a>\n\t\t\t\t\t\t\t<a class=\"e-gallery-item elementor-gallery-item elementor-animated-content\" href=\"https:\/\/aguideinbarcelona.com\/wp-content\/uploads\/2020\/05\/Interior-enoteca-7.jpg\" data-elementor-open-lightbox=\"yes\" data-elementor-lightbox-slideshow=\"51a22ee9\" data-elementor-lightbox-title=\"Interior enoteca-7\" data-e-action-hash=\"#elementor-action%3Aaction%3Dlightbox%26settings%3DeyJpZCI6Mjc1MCwidXJsIjoiaHR0cHM6XC9cL2FndWlkZWluYmFyY2Vsb25hLmNvbVwvd3AtY29udGVudFwvdXBsb2Fkc1wvMjAyMFwvMDVcL0ludGVyaW9yLWVub3RlY2EtNy5qcGciLCJzbGlkZXNob3ciOiI1MWEyMmVlOSJ9\">\n\t\t\t\t\t<div class=\"e-gallery-image elementor-gallery-item__image\" data-thumbnail=\"https:\/\/aguideinbarcelona.com\/wp-content\/uploads\/2020\/05\/Interior-enoteca-7-768x512.jpg\" data-width=\"640\" data-height=\"427\" aria-label=\"\" role=\"img\" ><\/div>\n\t\t\t\t\t\t\t\t\t\t\t<div class=\"elementor-gallery-item__overlay\"><\/div>\n\t\t\t\t\t\t\t\t\t\t\t\t\t\t<\/a>\n\t\t\t\t\t<\/div>\n\t\t\t\t\t<\/div>\n\t\t\t\t<\/div>\n\t\t\t\t\t<\/div>\n\t\t<\/div>\n\t\t\t\t\t<\/div>\n\t\t<\/section>\n\t\t\t\t<\/div>\n\t\t","protected":false},"excerpt":{"rendered":"<p>Exploreu el captivador barri de Gr\u00e0cia, on Gaud\u00ed va construir una de les seves primeres i menys conegudes obres: Casa Vicens. I gaudiu d&#8217;un tast guiat de vins catalans.<\/p>\n","protected":false},"author":4,"featured_media":2747,"parent":0,"menu_order":0,"comment_status":"closed","ping_status":"closed","template":"elementor_header_footer","meta":{"footnotes":""},"categories":[49],"tags":[],"class_list":["post-3746","page","type-page","status-publish","has-post-thumbnail","hentry","category-tast-de-vins-i-visites-cellers","entry"],"_links":{"self":[{"href":"https:\/\/aguideinbarcelona.com\/ca\/wp-json\/wp\/v2\/pages\/3746","targetHints":{"allow":["GET"]}}],"collection":[{"href":"https:\/\/aguideinbarcelona.com\/ca\/wp-json\/wp\/v2\/pages"}],"about":[{"href":"https:\/\/aguideinbarcelona.com\/ca\/wp-json\/wp\/v2\/types\/page"}],"author":[{"embeddable":true,"href":"https:\/\/aguideinbarcelona.com\/ca\/wp-json\/wp\/v2\/users\/4"}],"replies":[{"embeddable":true,"href":"https:\/\/aguideinbarcelona.com\/ca\/wp-json\/wp\/v2\/comments?post=3746"}],"version-history":[{"count":12,"href":"https:\/\/aguideinbarcelona.com\/ca\/wp-json\/wp\/v2\/pages\/3746\/revisions"}],"predecessor-version":[{"id":6104,"href":"https:\/\/aguideinbarcelona.com\/ca\/wp-json\/wp\/v2\/pages\/3746\/revisions\/6104"}],"wp:featuredmedia":[{"embeddable":true,"href":"https:\/\/aguideinbarcelona.com\/ca\/wp-json\/wp\/v2\/media\/2747"}],"wp:attachment":[{"href":"https:\/\/aguideinbarcelona.com\/ca\/wp-json\/wp\/v2\/media?parent=3746"}],"wp:term":[{"taxonomy":"category","embeddable":true,"href":"https:\/\/aguideinbarcelona.com\/ca\/wp-json\/wp\/v2\/categories?post=3746"},{"taxonomy":"post_tag","embeddable":true,"href":"https:\/\/aguideinbarcelona.com\/ca\/wp-json\/wp\/v2\/tags?post=3746"}],"curies":[{"name":"wp","href":"https:\/\/api.w.org\/{rel}","templated":true}]}}