{"id":3754,"date":"2020-05-25T13:19:43","date_gmt":"2020-05-25T11:19:43","guid":{"rendered":"https:\/\/aguideinbarcelona.com\/iberian-ham-and-wine-tasting-2-%c2%bd-h\/"},"modified":"2025-02-11T23:04:00","modified_gmt":"2025-02-11T22:04:00","slug":"tast-de-vins-i-pernil-iberic","status":"publish","type":"page","link":"https:\/\/aguideinbarcelona.com\/ca\/tast-de-vins-i-pernil-iberic\/","title":{"rendered":"Tast de vins i pernil ib\u00e8ric"},"content":{"rendered":"\t\t<div data-elementor-type=\"wp-page\" data-elementor-id=\"3754\" class=\"elementor elementor-3754 elementor-1356\" data-elementor-post-type=\"page\">\n\t\t\t\t\t\t<section class=\"elementor-section elementor-top-section elementor-element elementor-element-1c1035de elementor-section-boxed elementor-section-height-default elementor-section-height-default\" data-id=\"1c1035de\" data-element_type=\"section\" data-e-type=\"section\">\n\t\t\t\t\t\t<div class=\"elementor-container elementor-column-gap-default\">\n\t\t\t\t\t<div class=\"elementor-column elementor-col-100 elementor-top-column elementor-element elementor-element-2daaf1a0\" data-id=\"2daaf1a0\" data-element_type=\"column\" data-e-type=\"column\">\n\t\t\t<div class=\"elementor-widget-wrap elementor-element-populated\">\n\t\t\t\t\t\t<section class=\"elementor-section elementor-inner-section elementor-element elementor-element-54185765 elementor-section-boxed elementor-section-height-default elementor-section-height-default\" data-id=\"54185765\" data-element_type=\"section\" data-e-type=\"section\">\n\t\t\t\t\t\t<div class=\"elementor-container elementor-column-gap-default\">\n\t\t\t\t\t<div class=\"elementor-column elementor-col-50 elementor-inner-column elementor-element elementor-element-25b133bb\" data-id=\"25b133bb\" data-element_type=\"column\" data-e-type=\"column\">\n\t\t\t<div class=\"elementor-widget-wrap elementor-element-populated\">\n\t\t\t\t\t\t<div class=\"elementor-element elementor-element-441d47d elementor-nav-menu--dropdown-none menu_izq elementor-widget elementor-widget-global elementor-global-3819 elementor-global-638 elementor-widget-nav-menu\" data-id=\"441d47d\" data-element_type=\"widget\" data-e-type=\"widget\" data-settings=\"{&quot;layout&quot;:&quot;vertical&quot;,&quot;submenu_icon&quot;:{&quot;value&quot;:&quot;fas fa-caret-down&quot;,&quot;library&quot;:&quot;fa-solid&quot;}}\" data-widget_type=\"nav-menu.default\">\n\t\t\t\t<div class=\"elementor-widget-container\">\n\t\t\t\t\t\t\t\t<nav aria-label=\"Menu\" class=\"elementor-nav-menu--main elementor-nav-menu__container elementor-nav-menu--layout-vertical e--pointer-none\">\n\t\t\t\t<ul id=\"menu-1-441d47d\" class=\"elementor-nav-menu sm-vertical\"><li class=\"menu-item menu-item-type-custom menu-item-object-custom menu-item-4303\"><a href=\"https:\/\/aguideinbarcelona.com\/ca\/tast-de-vins-i-visites-cellers\/\" class=\"elementor-item\"><span class=\"title_menu_tours\">TAST DE VINS I VISITES CELLERS:<\/span><\/a><\/li>\n<li class=\"menu-item menu-item-type-post_type menu-item-object-page menu-item-4304\"><a href=\"https:\/\/aguideinbarcelona.com\/ca\/tast-de-vins-privat\/\" class=\"elementor-item\">Tast de vins privat<\/a><\/li>\n<li class=\"menu-item menu-item-type-post_type menu-item-object-page menu-item-4305\"><a href=\"https:\/\/aguideinbarcelona.com\/ca\/tast-de-vins-i-pernil-iberic\/\" class=\"elementor-item\">Tast de vins i pernil ib\u00e8ric<\/a><\/li>\n<li class=\"menu-item menu-item-type-post_type menu-item-object-page menu-item-4311\"><a href=\"https:\/\/aguideinbarcelona.com\/ca\/d-o-penedes-amb-dinar\/\" class=\"elementor-item\">D.O. Pened\u00e8s amb dinar<\/a><\/li>\n<li class=\"menu-item menu-item-type-post_type menu-item-object-page menu-item-4306\"><a href=\"https:\/\/aguideinbarcelona.com\/ca\/d-o-penedes-amb-4-x-4\/\" class=\"elementor-item\">D.O. Pened\u00e8s amb 4 x 4<\/a><\/li>\n<li class=\"menu-item menu-item-type-post_type menu-item-object-page menu-item-4312\"><a href=\"https:\/\/aguideinbarcelona.com\/ca\/d-o-q-priorat-amb-dinar-i-4-x-4\/\" class=\"elementor-item\">D.O.Q. Priorat amb dinar i 4 x 4<\/a><\/li>\n<li class=\"menu-item menu-item-type-post_type menu-item-object-page menu-item-4307\"><a href=\"https:\/\/aguideinbarcelona.com\/ca\/d-o-emporda-dia-sencer\/\" class=\"elementor-item\">D.O. Empord\u00e0 dia sencer<\/a><\/li>\n<li class=\"menu-item menu-item-type-post_type menu-item-object-page menu-item-4310\"><a href=\"https:\/\/aguideinbarcelona.com\/ca\/d-o-emporda-i-museu-dali\/\" class=\"elementor-item\">D.O. Empord\u00e0 i Museu Dal\u00ed<\/a><\/li>\n<li class=\"menu-item menu-item-type-post_type menu-item-object-page menu-item-4308\"><a href=\"https:\/\/aguideinbarcelona.com\/ca\/d-o-alella-mig-dia\/\" class=\"elementor-item\">D.O. Alella mig dia<\/a><\/li>\n<\/ul>\t\t\t<\/nav>\n\t\t\t\t\t\t<nav class=\"elementor-nav-menu--dropdown elementor-nav-menu__container\" aria-hidden=\"true\">\n\t\t\t\t<ul id=\"menu-2-441d47d\" class=\"elementor-nav-menu sm-vertical\"><li class=\"menu-item menu-item-type-custom menu-item-object-custom menu-item-4303\"><a href=\"https:\/\/aguideinbarcelona.com\/ca\/tast-de-vins-i-visites-cellers\/\" class=\"elementor-item\" tabindex=\"-1\"><span class=\"title_menu_tours\">TAST DE VINS I VISITES CELLERS:<\/span><\/a><\/li>\n<li class=\"menu-item menu-item-type-post_type menu-item-object-page menu-item-4304\"><a href=\"https:\/\/aguideinbarcelona.com\/ca\/tast-de-vins-privat\/\" class=\"elementor-item\" tabindex=\"-1\">Tast de vins privat<\/a><\/li>\n<li class=\"menu-item menu-item-type-post_type menu-item-object-page menu-item-4305\"><a href=\"https:\/\/aguideinbarcelona.com\/ca\/tast-de-vins-i-pernil-iberic\/\" class=\"elementor-item\" tabindex=\"-1\">Tast de vins i pernil ib\u00e8ric<\/a><\/li>\n<li class=\"menu-item menu-item-type-post_type menu-item-object-page menu-item-4311\"><a href=\"https:\/\/aguideinbarcelona.com\/ca\/d-o-penedes-amb-dinar\/\" class=\"elementor-item\" tabindex=\"-1\">D.O. Pened\u00e8s amb dinar<\/a><\/li>\n<li class=\"menu-item menu-item-type-post_type menu-item-object-page menu-item-4306\"><a href=\"https:\/\/aguideinbarcelona.com\/ca\/d-o-penedes-amb-4-x-4\/\" class=\"elementor-item\" tabindex=\"-1\">D.O. Pened\u00e8s amb 4 x 4<\/a><\/li>\n<li class=\"menu-item menu-item-type-post_type menu-item-object-page menu-item-4312\"><a href=\"https:\/\/aguideinbarcelona.com\/ca\/d-o-q-priorat-amb-dinar-i-4-x-4\/\" class=\"elementor-item\" tabindex=\"-1\">D.O.Q. Priorat amb dinar i 4 x 4<\/a><\/li>\n<li class=\"menu-item menu-item-type-post_type menu-item-object-page menu-item-4307\"><a href=\"https:\/\/aguideinbarcelona.com\/ca\/d-o-emporda-dia-sencer\/\" class=\"elementor-item\" tabindex=\"-1\">D.O. Empord\u00e0 dia sencer<\/a><\/li>\n<li class=\"menu-item menu-item-type-post_type menu-item-object-page menu-item-4310\"><a href=\"https:\/\/aguideinbarcelona.com\/ca\/d-o-emporda-i-museu-dali\/\" class=\"elementor-item\" tabindex=\"-1\">D.O. Empord\u00e0 i Museu Dal\u00ed<\/a><\/li>\n<li class=\"menu-item menu-item-type-post_type menu-item-object-page menu-item-4308\"><a href=\"https:\/\/aguideinbarcelona.com\/ca\/d-o-alella-mig-dia\/\" class=\"elementor-item\" tabindex=\"-1\">D.O. Alella mig dia<\/a><\/li>\n<\/ul>\t\t\t<\/nav>\n\t\t\t\t\t\t<\/div>\n\t\t\t\t<\/div>\n\t\t\t\t<div class=\"elementor-element elementor-element-7987a988 elementor-widget elementor-widget-spacer\" data-id=\"7987a988\" data-element_type=\"widget\" data-e-type=\"widget\" data-widget_type=\"spacer.default\">\n\t\t\t\t<div class=\"elementor-widget-container\">\n\t\t\t\t\t\t\t<div class=\"elementor-spacer\">\n\t\t\t<div class=\"elementor-spacer-inner\"><\/div>\n\t\t<\/div>\n\t\t\t\t\t\t<\/div>\n\t\t\t\t<\/div>\n\t\t\t\t<div class=\"elementor-element elementor-element-381b72f4 elementor-align-center elementor-widget elementor-widget-global elementor-global-3845 elementor-global-1805 elementor-widget-button\" data-id=\"381b72f4\" data-element_type=\"widget\" data-e-type=\"widget\" data-widget_type=\"button.default\">\n\t\t\t\t<div class=\"elementor-widget-container\">\n\t\t\t\t\t\t\t\t\t<div class=\"elementor-button-wrapper\">\n\t\t\t\t\t<a class=\"elementor-button elementor-button-link elementor-size-md\" href=\"https:\/\/aguideinbarcelona.com\/ca\/contactar\">\n\t\t\t\t\t\t<span class=\"elementor-button-content-wrapper\">\n\t\t\t\t\t\t\t\t\t<span class=\"elementor-button-text\">Per reservar aquest tour contacteu amb nosaltres<\/span>\n\t\t\t\t\t<\/span>\n\t\t\t\t\t<\/a>\n\t\t\t\t<\/div>\n\t\t\t\t\t\t\t\t<\/div>\n\t\t\t\t<\/div>\n\t\t\t\t\t<\/div>\n\t\t<\/div>\n\t\t\t\t<div class=\"elementor-column elementor-col-50 elementor-inner-column elementor-element elementor-element-651f21d9\" data-id=\"651f21d9\" data-element_type=\"column\" data-e-type=\"column\">\n\t\t\t<div class=\"elementor-widget-wrap elementor-element-populated\">\n\t\t\t\t\t\t<div class=\"elementor-element elementor-element-f5aedf elementor-widget elementor-widget-text-editor\" data-id=\"f5aedf\" data-element_type=\"widget\" data-e-type=\"widget\" data-widget_type=\"text-editor.default\">\n\t\t\t\t<div class=\"elementor-widget-container\">\n\t\t\t\t\t\t\t\t\t<h3 style=\"text-align: center;\"><span style=\"color: #974578;\"><i>Tast de vins i pernil ib\u00e8ric<\/i><\/span><\/h3>\t\t\t\t\t\t\t\t<\/div>\n\t\t\t\t<\/div>\n\t\t\t\t<div class=\"elementor-element elementor-element-35960f0d elementor--h-position-center elementor--v-position-middle elementor-arrows-position-inside elementor-pagination-position-inside elementor-widget elementor-widget-slides\" data-id=\"35960f0d\" data-element_type=\"widget\" data-e-type=\"widget\" data-settings=\"{&quot;navigation&quot;:&quot;both&quot;,&quot;autoplay&quot;:&quot;yes&quot;,&quot;pause_on_hover&quot;:&quot;yes&quot;,&quot;pause_on_interaction&quot;:&quot;yes&quot;,&quot;autoplay_speed&quot;:5000,&quot;infinite&quot;:&quot;yes&quot;,&quot;transition&quot;:&quot;slide&quot;,&quot;transition_speed&quot;:500}\" data-widget_type=\"slides.default\">\n\t\t\t\t<div class=\"elementor-widget-container\">\n\t\t\t\t\t\t\t\t\t<div class=\"elementor-swiper\">\n\t\t\t\t\t<div class=\"elementor-slides-wrapper elementor-main-swiper swiper\" role=\"region\" aria-roledescription=\"carousel\" aria-label=\"Diapositivas\" dir=\"ltr\" data-animation=\"fadeInUp\">\n\t\t\t\t<div class=\"swiper-wrapper elementor-slides\">\n\t\t\t\t\t\t\t\t\t\t<div class=\"elementor-repeater-item-972480f swiper-slide\" role=\"group\" aria-roledescription=\"slide\"><div class=\"swiper-slide-bg\" role=\"img\" aria-label=\"degustando jamon con amigas-1\"><\/div><div class=\"swiper-slide-inner\" ><div class=\"swiper-slide-contents\"><\/div><\/div><\/div>\t\t\t\t<\/div>\n\t\t\t\t\t\t\t<\/div>\n\t\t\t\t<\/div>\n\t\t\t\t\t\t\t\t<\/div>\n\t\t\t\t<\/div>\n\t\t\t\t<div class=\"elementor-element elementor-element-34b600ea elementor-widget elementor-widget-text-editor\" data-id=\"34b600ea\" data-element_type=\"widget\" data-e-type=\"widget\" data-widget_type=\"text-editor.default\">\n\t\t\t\t<div class=\"elementor-widget-container\">\n\t\t\t\t\t\t\t\t\t<p class=\"p1\" style=\"text-align: justify;\"><span class=\"s1\" style=\"color: #000000;\"><b>El pernil de porc ib\u00e8ric de gla \u00e9s d&#8217;aquestes exquisideses \u00faniques al m\u00f3n i que ens omplen de plaer al degustar-lo<\/b>. A l&#8217;igual que passa amb el vi, aquest tipus de pernil t\u00e9 les seves pr\u00f2pies \u201cdenominacions d&#8217;origen\u201d depenent d&#8217;on procedeixi de la Pen\u00ednsula Ib\u00e8rica. <\/span><\/p>\n<p class=\"p1\" style=\"text-align: justify;\"><span class=\"s1\" style=\"color: #000000;\">Aquestes zones reconegudes s\u00f3n quatre:<\/span><\/p>\n<ul class=\"ul1\" style=\"text-align: justify;\">\n<li class=\"li1\"><span class=\"s1\" style=\"color: #000000;\">Extremadura -el parad\u00eds de les deveses<\/span><\/li>\n<li class=\"li1\"><span class=\"s1\" style=\"color: #000000;\">Salamanca -on tot passa per Guijuelo<\/span><\/li>\n<li class=\"li1\"><span class=\"s1\" style=\"color: #000000;\">Jabugo &#8211; el pernil mundialment conegut <\/span><\/li>\n<li class=\"li1\"><span class=\"s1\" style=\"color: #000000;\">Los Pedroches -la joia cordovesa<\/span><\/li>\n<\/ul>\n<p class=\"p1\" style=\"text-align: justify;\"><span class=\"s1\" style=\"color: #000000;\">La ra\u00e7a de la qual prov\u00e9 aquest preuat pernil \u00e9s el porc ib\u00e8ric. \u00c9s un porc negre (d&#8217;aqu\u00ed ve el nom de <b>pernil de \u201cpata negra\u201d<\/b>) que \u00e9s una barreja entre el nostre senglar i els porcs que els fenicis van portar a la pen\u00ednsula fa milers d&#8217;anys.<\/span><\/p>\n<p class=\"p1\" style=\"text-align: justify;\"><span class=\"s1\" style=\"color: #000000;\"><b>El millor pernil diuen que \u00e9s el de gla, i aix\u00f2 qu\u00e8 vol dir?<\/b> \u00c9s el que prov\u00e9 de porcs que s\u00f3n alimentats durant els seus \u00faltims mesos de vida a base de glans, plantes i herbes.<\/span><\/p>\n<p class=\"p1\" style=\"text-align: justify;\"><span style=\"color: #000000;\"><b> <\/b><span class=\"s1\"><b>Descobreixi tots els secrets de l&#8217;exquisit pernil ib\u00e8ric a trav\u00e9s d\u00b4un tast guiat de 4 pernils diferents i el seu maridatge amb 4 vins ben diversos<\/b>. Comen\u00e7arem anant al Mercat de la Boqueria a comprar el pernil i el tast el farem al nostre local de vins al Casc Antic de Barcelona. No faltar\u00e0 el pa amb tom\u00e0quet!<\/span><\/span><\/p>\t\t\t\t\t\t\t\t<\/div>\n\t\t\t\t<\/div>\n\t\t\t\t<div class=\"elementor-element elementor-element-e54060b elementor-widget elementor-widget-text-editor\" data-id=\"e54060b\" data-element_type=\"widget\" data-e-type=\"widget\" data-widget_type=\"text-editor.default\">\n\t\t\t\t<div class=\"elementor-widget-container\">\n\t\t\t\t\t\t\t\t\t<p class=\"p1\"><span style=\"color: #974578;\"><span class=\"s2\"><b>Preus d&#8217;aquesta tast<\/b><\/span><span class=\"s3\">:<\/span><\/span><\/p><ul class=\"ul1\"><li class=\"li3\"><span class=\"s2\">2 persones: 315 \u20ac (157,5 \u20ac \/ pers)<\/span><\/li><li class=\"li3\"><span class=\"s2\">3 persones: 352 \u20ac (117,33 \u20ac \/ pers)<\/span><\/li><li class=\"li3\"><span class=\"s2\">4 persones: 370 \u20ac (92,5 \u20ac \/ pers)<\/span><\/li><li class=\"li3\"><span class=\"s2\">5 persones: 426 \u20ac (85,2 \u20ac \/ pers)<\/span><\/li><li class=\"li3\"><span class=\"s2\">6 persones: 440 \u20ac (73,3 \u20ac \/ pers)<\/span><\/li><li class=\"li3\"><span class=\"s2\">7 persones: 475 \u20ac (67,86 \u20ac \/ pers)<\/span><\/li><li class=\"li3\"><span class=\"s2\">8 persones: 510 \u20ac (63,75 \u20ac \/ pers)<\/span><\/li><\/ul><p class=\"p3\"><span class=\"s2\">* M\u00ednim 2 persones m\u00e0xim 8 (per a m\u00e9s persones sol\u00b7liciti pressupost).<\/span><\/p><p class=\"p1\"><span class=\"s2\" style=\"color: #974578;\"><b>Durada del tast<\/b><\/span><span class=\"s3\"><span style=\"color: #974578;\">:<\/span><span class=\"Apple-converted-space\">\u00a0 <\/span>2 hores<\/span><\/p>\t\t\t\t\t\t\t\t<\/div>\n\t\t\t\t<\/div>\n\t\t\t\t<div class=\"elementor-element elementor-element-1d0d018b elementor-widget elementor-widget-text-editor\" data-id=\"1d0d018b\" data-element_type=\"widget\" data-e-type=\"widget\" data-widget_type=\"text-editor.default\">\n\t\t\t\t<div class=\"elementor-widget-container\">\n\t\t\t\t\t\t\t\t\t<p class=\"p1\" style=\"text-align: justify;\"><span style=\"color: #974578;\"><span class=\"s1\"><b>El preu inclou<\/b><\/span><span class=\"s2\">:<\/span><\/span><\/p><p><span class=\"s1\"><span class=\"s3\">\u2713 <\/span><b>Tast guiat de pernil ib\u00e8ric ( 4 tipus) <\/b><\/span><\/p><p><span class=\"s1\"><span class=\"s3\">\u2713 <\/span><\/span><span class=\"s1\"><b>Tast de vins ( 4) privat amb sommelier <\/b><\/span><\/p><p><span class=\"s1\"><span class=\"s3\">\u2713 <\/span><b>Aigua i pa amb tom\u00e0quet<\/b><\/span><\/p><p class=\"p2\" style=\"text-align: justify;\"><span class=\"s4\" style=\"color: #974578;\"><b>Horari del tast<\/b><\/span><span class=\"s1\"><span style=\"color: #974578;\">:<\/span> de dimecres a divendres de 17h a 19:30h (altres horaris a petici\u00f3 si la enoteca t\u00e9 disponibilitat).<\/span><\/p><p class=\"p1\" style=\"text-align: justify;\"><span class=\"s2\">** <\/span><span style=\"color: #974578;\"><span class=\"s1\"><b>Tingueu en compte que<\/b><\/span><span class=\"s2\">:<\/span><\/span><\/p><p class=\"p2\" style=\"text-align: justify;\"><span class=\"s1\">\u2022 L&#8217;edat m\u00ednima per beure \u00e9s de 18 anys, hi ha opcions de begudes no alcoh\u00f2liques disponibles.<\/span><\/p><p class=\"p2\" style=\"text-align: justify;\"><span class=\"s1\">\u2022 Si t\u00e9 alguna al\u00b7l\u00e8rgia als aliments o restriccions diet\u00e8tiques, informeu-nos al fer la reserva.<\/span><\/p>\t\t\t\t\t\t\t\t<\/div>\n\t\t\t\t<\/div>\n\t\t\t\t<div class=\"elementor-element elementor-element-33891cc9 elementor-align-center elementor-widget elementor-widget-global elementor-global-3827 elementor-global-1067 elementor-widget-button\" data-id=\"33891cc9\" data-element_type=\"widget\" data-e-type=\"widget\" data-widget_type=\"button.default\">\n\t\t\t\t<div class=\"elementor-widget-container\">\n\t\t\t\t\t\t\t\t\t<div class=\"elementor-button-wrapper\">\n\t\t\t\t\t<a class=\"elementor-button elementor-button-link elementor-size-xl\" href=\"https:\/\/aguideinbarcelona.com\/ca\/contactar\/\">\n\t\t\t\t\t\t<span class=\"elementor-button-content-wrapper\">\n\t\t\t\t\t\t\t\t\t<span class=\"elementor-button-text\">Per reservar aquest tour contacteu amb nosaltres<\/span>\n\t\t\t\t\t<\/span>\n\t\t\t\t\t<\/a>\n\t\t\t\t<\/div>\n\t\t\t\t\t\t\t\t<\/div>\n\t\t\t\t<\/div>\n\t\t\t\t\t<\/div>\n\t\t<\/div>\n\t\t\t\t\t<\/div>\n\t\t<\/section>\n\t\t\t\t<div class=\"elementor-element elementor-element-43530ff1 elementor-widget elementor-widget-spacer\" data-id=\"43530ff1\" data-element_type=\"widget\" data-e-type=\"widget\" data-widget_type=\"spacer.default\">\n\t\t\t\t<div class=\"elementor-widget-container\">\n\t\t\t\t\t\t\t<div class=\"elementor-spacer\">\n\t\t\t<div class=\"elementor-spacer-inner\"><\/div>\n\t\t<\/div>\n\t\t\t\t\t\t<\/div>\n\t\t\t\t<\/div>\n\t\t\t\t<div class=\"elementor-element elementor-element-decd7ed elementor-widget elementor-widget-gallery\" data-id=\"decd7ed\" data-element_type=\"widget\" data-e-type=\"widget\" data-settings=\"{&quot;columns&quot;:3,&quot;lazyload&quot;:&quot;yes&quot;,&quot;gallery_layout&quot;:&quot;grid&quot;,&quot;columns_tablet&quot;:2,&quot;columns_mobile&quot;:1,&quot;gap&quot;:{&quot;unit&quot;:&quot;px&quot;,&quot;size&quot;:10,&quot;sizes&quot;:[]},&quot;gap_tablet&quot;:{&quot;unit&quot;:&quot;px&quot;,&quot;size&quot;:10,&quot;sizes&quot;:[]},&quot;gap_mobile&quot;:{&quot;unit&quot;:&quot;px&quot;,&quot;size&quot;:10,&quot;sizes&quot;:[]},&quot;link_to&quot;:&quot;file&quot;,&quot;aspect_ratio&quot;:&quot;3:2&quot;,&quot;overlay_background&quot;:&quot;yes&quot;,&quot;content_hover_animation&quot;:&quot;fade-in&quot;}\" data-widget_type=\"gallery.default\">\n\t\t\t\t<div class=\"elementor-widget-container\">\n\t\t\t\t\t\t\t<div class=\"elementor-gallery__container\">\n\t\t\t\t\t\t\t<a class=\"e-gallery-item elementor-gallery-item elementor-animated-content\" href=\"https:\/\/aguideinbarcelona.com\/wp-content\/uploads\/2020\/05\/Botiga-pernil-tallant-foto-de-Sonia-2-1.jpg\" data-elementor-open-lightbox=\"yes\" data-elementor-lightbox-slideshow=\"decd7ed\" data-elementor-lightbox-title=\"Botiga pernil tallant foto de Sonia-2\" data-e-action-hash=\"#elementor-action%3Aaction%3Dlightbox%26settings%3DeyJpZCI6NDM2OCwidXJsIjoiaHR0cHM6XC9cL2FndWlkZWluYmFyY2Vsb25hLmNvbVwvd3AtY29udGVudFwvdXBsb2Fkc1wvMjAyMFwvMDVcL0JvdGlnYS1wZXJuaWwtdGFsbGFudC1mb3RvLWRlLVNvbmlhLTItMS5qcGciLCJzbGlkZXNob3ciOiJkZWNkN2VkIn0%3D\">\n\t\t\t\t\t<div class=\"e-gallery-image elementor-gallery-item__image\" data-thumbnail=\"https:\/\/aguideinbarcelona.com\/wp-content\/uploads\/2020\/05\/Botiga-pernil-tallant-foto-de-Sonia-2-1-300x200.jpg\" data-width=\"300\" data-height=\"200\" aria-label=\"\" role=\"img\" ><\/div>\n\t\t\t\t\t\t\t\t\t\t\t<div class=\"elementor-gallery-item__overlay\"><\/div>\n\t\t\t\t\t\t\t\t\t\t\t\t\t\t<\/a>\n\t\t\t\t\t\t\t<a class=\"e-gallery-item elementor-gallery-item elementor-animated-content\" href=\"https:\/\/aguideinbarcelona.com\/wp-content\/uploads\/2020\/05\/loncha-de-jamon-3-1.jpg\" data-elementor-open-lightbox=\"yes\" data-elementor-lightbox-slideshow=\"decd7ed\" data-elementor-lightbox-title=\"loncha de jamon-3\" data-e-action-hash=\"#elementor-action%3Aaction%3Dlightbox%26settings%3DeyJpZCI6NDM4MCwidXJsIjoiaHR0cHM6XC9cL2FndWlkZWluYmFyY2Vsb25hLmNvbVwvd3AtY29udGVudFwvdXBsb2Fkc1wvMjAyMFwvMDVcL2xvbmNoYS1kZS1qYW1vbi0zLTEuanBnIiwic2xpZGVzaG93IjoiZGVjZDdlZCJ9\">\n\t\t\t\t\t<div class=\"e-gallery-image elementor-gallery-item__image\" data-thumbnail=\"https:\/\/aguideinbarcelona.com\/wp-content\/uploads\/2020\/05\/loncha-de-jamon-3-1-300x201.jpg\" data-width=\"300\" data-height=\"201\" aria-label=\"\" role=\"img\" ><\/div>\n\t\t\t\t\t\t\t\t\t\t\t<div class=\"elementor-gallery-item__overlay\"><\/div>\n\t\t\t\t\t\t\t\t\t\t\t\t\t\t<\/a>\n\t\t\t\t\t\t\t<a class=\"e-gallery-item elementor-gallery-item elementor-animated-content\" href=\"https:\/\/aguideinbarcelona.com\/wp-content\/uploads\/2020\/05\/Jamon-y-vinos-tinto.jpg\" data-elementor-open-lightbox=\"yes\" data-elementor-lightbox-slideshow=\"decd7ed\" data-elementor-lightbox-title=\"Jamon y vinos tinto\" data-e-action-hash=\"#elementor-action%3Aaction%3Dlightbox%26settings%3DeyJpZCI6NDM3NywidXJsIjoiaHR0cHM6XC9cL2FndWlkZWluYmFyY2Vsb25hLmNvbVwvd3AtY29udGVudFwvdXBsb2Fkc1wvMjAyMFwvMDVcL0phbW9uLXktdmlub3MtdGludG8uanBnIiwic2xpZGVzaG93IjoiZGVjZDdlZCJ9\">\n\t\t\t\t\t<div class=\"e-gallery-image elementor-gallery-item__image\" data-thumbnail=\"https:\/\/aguideinbarcelona.com\/wp-content\/uploads\/2020\/05\/Jamon-y-vinos-tinto-300x200.jpg\" data-width=\"300\" data-height=\"200\" aria-label=\"\" role=\"img\" ><\/div>\n\t\t\t\t\t\t\t\t\t\t\t<div class=\"elementor-gallery-item__overlay\"><\/div>\n\t\t\t\t\t\t\t\t\t\t\t\t\t\t<\/a>\n\t\t\t\t\t\t\t<a class=\"e-gallery-item elementor-gallery-item elementor-animated-content\" href=\"https:\/\/aguideinbarcelona.com\/wp-content\/uploads\/2020\/05\/Amigas-brindando-6-2-scaled.jpg\" data-elementor-open-lightbox=\"yes\" data-elementor-lightbox-slideshow=\"decd7ed\" data-elementor-lightbox-title=\"Amigas brindando 6\" data-e-action-hash=\"#elementor-action%3Aaction%3Dlightbox%26settings%3DeyJpZCI6NDM2NSwidXJsIjoiaHR0cHM6XC9cL2FndWlkZWluYmFyY2Vsb25hLmNvbVwvd3AtY29udGVudFwvdXBsb2Fkc1wvMjAyMFwvMDVcL0FtaWdhcy1icmluZGFuZG8tNi0yLXNjYWxlZC5qcGciLCJzbGlkZXNob3ciOiJkZWNkN2VkIn0%3D\">\n\t\t\t\t\t<div class=\"e-gallery-image elementor-gallery-item__image\" data-thumbnail=\"https:\/\/aguideinbarcelona.com\/wp-content\/uploads\/2020\/05\/Amigas-brindando-6-2-300x225.jpg\" data-width=\"300\" data-height=\"225\" aria-label=\"\" role=\"img\" ><\/div>\n\t\t\t\t\t\t\t\t\t\t\t<div class=\"elementor-gallery-item__overlay\"><\/div>\n\t\t\t\t\t\t\t\t\t\t\t\t\t\t<\/a>\n\t\t\t\t\t\t\t<a class=\"e-gallery-item elementor-gallery-item elementor-animated-content\" href=\"https:\/\/aguideinbarcelona.com\/wp-content\/uploads\/2020\/05\/Copa-i-ampolla-de-cava.jpg\" data-elementor-open-lightbox=\"yes\" data-elementor-lightbox-slideshow=\"decd7ed\" data-elementor-lightbox-title=\"Copa i ampolla de cava\" data-e-action-hash=\"#elementor-action%3Aaction%3Dlightbox%26settings%3DeyJpZCI6NDM3MSwidXJsIjoiaHR0cHM6XC9cL2FndWlkZWluYmFyY2Vsb25hLmNvbVwvd3AtY29udGVudFwvdXBsb2Fkc1wvMjAyMFwvMDVcL0NvcGEtaS1hbXBvbGxhLWRlLWNhdmEuanBnIiwic2xpZGVzaG93IjoiZGVjZDdlZCJ9\">\n\t\t\t\t\t<div class=\"e-gallery-image elementor-gallery-item__image\" data-thumbnail=\"https:\/\/aguideinbarcelona.com\/wp-content\/uploads\/2020\/05\/Copa-i-ampolla-de-cava-300x169.jpg\" data-width=\"300\" data-height=\"169\" aria-label=\"\" role=\"img\" ><\/div>\n\t\t\t\t\t\t\t\t\t\t\t<div class=\"elementor-gallery-item__overlay\"><\/div>\n\t\t\t\t\t\t\t\t\t\t\t\t\t\t<\/a>\n\t\t\t\t\t\t\t<a class=\"e-gallery-item elementor-gallery-item elementor-animated-content\" href=\"https:\/\/aguideinbarcelona.com\/wp-content\/uploads\/2020\/05\/wine-smelling-7-1.jpg\" data-elementor-open-lightbox=\"yes\" data-elementor-lightbox-slideshow=\"decd7ed\" data-elementor-lightbox-title=\"wine smelling-7\" data-e-action-hash=\"#elementor-action%3Aaction%3Dlightbox%26settings%3DeyJpZCI6NDM4MywidXJsIjoiaHR0cHM6XC9cL2FndWlkZWluYmFyY2Vsb25hLmNvbVwvd3AtY29udGVudFwvdXBsb2Fkc1wvMjAyMFwvMDVcL3dpbmUtc21lbGxpbmctNy0xLmpwZyIsInNsaWRlc2hvdyI6ImRlY2Q3ZWQifQ%3D%3D\">\n\t\t\t\t\t<div class=\"e-gallery-image elementor-gallery-item__image\" data-thumbnail=\"https:\/\/aguideinbarcelona.com\/wp-content\/uploads\/2020\/05\/wine-smelling-7-1-300x200.jpg\" data-width=\"300\" data-height=\"200\" aria-label=\"\" role=\"img\" ><\/div>\n\t\t\t\t\t\t\t\t\t\t\t<div class=\"elementor-gallery-item__overlay\"><\/div>\n\t\t\t\t\t\t\t\t\t\t\t\t\t\t<\/a>\n\t\t\t\t\t<\/div>\n\t\t\t\t\t<\/div>\n\t\t\t\t<\/div>\n\t\t\t\t\t<\/div>\n\t\t<\/div>\n\t\t\t\t\t<\/div>\n\t\t<\/section>\n\t\t\t\t<\/div>\n\t\t","protected":false},"excerpt":{"rendered":"<p>Per reservar aquest tour contacteu amb nosaltres Tast de vins i pernil ib\u00e8ric El pernil de porc ib\u00e8ric de gla \u00e9s d&#8217;aquestes exquisideses \u00faniques al m\u00f3n i que ens omplen de plaer al degustar-lo. A l&#8217;igual que passa amb el vi, aquest tipus de pernil t\u00e9 les seves pr\u00f2pies \u201cdenominacions d&#8217;origen\u201d depenent d&#8217;on procedeixi de &hellip; <\/p>\n<p class=\"link-more\"><a href=\"https:\/\/aguideinbarcelona.com\/ca\/tast-de-vins-i-pernil-iberic\/\" class=\"more-link\">Continua llegint <span class=\"screen-reader-text\">\u00abTast de vins i pernil ib\u00e8ric\u00bb<\/span><\/a><\/p>\n","protected":false},"author":4,"featured_media":3036,"parent":0,"menu_order":0,"comment_status":"closed","ping_status":"closed","template":"elementor_header_footer","meta":{"footnotes":""},"categories":[48],"tags":[],"class_list":["post-3754","page","type-page","status-publish","has-post-thumbnail","hentry","category-wine-tours-ca","entry"],"_links":{"self":[{"href":"https:\/\/aguideinbarcelona.com\/ca\/wp-json\/wp\/v2\/pages\/3754","targetHints":{"allow":["GET"]}}],"collection":[{"href":"https:\/\/aguideinbarcelona.com\/ca\/wp-json\/wp\/v2\/pages"}],"about":[{"href":"https:\/\/aguideinbarcelona.com\/ca\/wp-json\/wp\/v2\/types\/page"}],"author":[{"embeddable":true,"href":"https:\/\/aguideinbarcelona.com\/ca\/wp-json\/wp\/v2\/users\/4"}],"replies":[{"embeddable":true,"href":"https:\/\/aguideinbarcelona.com\/ca\/wp-json\/wp\/v2\/comments?post=3754"}],"version-history":[{"count":3,"href":"https:\/\/aguideinbarcelona.com\/ca\/wp-json\/wp\/v2\/pages\/3754\/revisions"}],"predecessor-version":[{"id":5934,"href":"https:\/\/aguideinbarcelona.com\/ca\/wp-json\/wp\/v2\/pages\/3754\/revisions\/5934"}],"wp:featuredmedia":[{"embeddable":true,"href":"https:\/\/aguideinbarcelona.com\/ca\/wp-json\/wp\/v2\/media\/3036"}],"wp:attachment":[{"href":"https:\/\/aguideinbarcelona.com\/ca\/wp-json\/wp\/v2\/media?parent=3754"}],"wp:term":[{"taxonomy":"category","embeddable":true,"href":"https:\/\/aguideinbarcelona.com\/ca\/wp-json\/wp\/v2\/categories?post=3754"},{"taxonomy":"post_tag","embeddable":true,"href":"https:\/\/aguideinbarcelona.com\/ca\/wp-json\/wp\/v2\/tags?post=3754"}],"curies":[{"name":"wp","href":"https:\/\/api.w.org\/{rel}","templated":true}]}}