{"id":1122,"date":"2020-04-13T06:35:59","date_gmt":"2020-04-13T04:35:59","guid":{"rendered":"https:\/\/aguideinbarcelona.com\/?page_id=1122"},"modified":"2020-06-08T11:59:47","modified_gmt":"2020-06-08T09:59:47","slug":"aviso-legal","status":"publish","type":"page","link":"https:\/\/aguideinbarcelona.com\/es\/aviso-legal\/","title":{"rendered":"Aviso legal"},"content":{"rendered":"\t\t<div data-elementor-type=\"wp-page\" data-elementor-id=\"1122\" class=\"elementor elementor-1122\" data-elementor-post-type=\"page\">\n\t\t\t\t\t\t<section class=\"elementor-section elementor-top-section elementor-element elementor-element-9f404a4 elementor-section-stretched elementor-section-full_width elementor-section-height-default elementor-section-height-default\" data-id=\"9f404a4\" data-element_type=\"section\" data-e-type=\"section\" data-settings=\"{&quot;stretch_section&quot;:&quot;section-stretched&quot;}\">\n\t\t\t\t\t\t<div class=\"elementor-container elementor-column-gap-no\">\n\t\t\t\t\t<div class=\"elementor-column elementor-col-100 elementor-top-column elementor-element elementor-element-c95ab4c\" data-id=\"c95ab4c\" data-element_type=\"column\" data-e-type=\"column\">\n\t\t\t<div class=\"elementor-widget-wrap elementor-element-populated\">\n\t\t\t\t\t\t<div class=\"elementor-element elementor-element-9987e81 elementor--h-position-center elementor--v-position-middle elementor-arrows-position-inside elementor-pagination-position-inside elementor-widget elementor-widget-slides\" data-id=\"9987e81\" data-element_type=\"widget\" data-e-type=\"widget\" data-settings=\"{&quot;navigation&quot;:&quot;both&quot;,&quot;autoplay&quot;:&quot;yes&quot;,&quot;pause_on_hover&quot;:&quot;yes&quot;,&quot;pause_on_interaction&quot;:&quot;yes&quot;,&quot;autoplay_speed&quot;:5000,&quot;infinite&quot;:&quot;yes&quot;,&quot;transition&quot;:&quot;slide&quot;,&quot;transition_speed&quot;:500}\" data-widget_type=\"slides.default\">\n\t\t\t\t<div class=\"elementor-widget-container\">\n\t\t\t\t\t\t\t\t\t<div class=\"elementor-swiper\">\n\t\t\t\t\t<div class=\"elementor-slides-wrapper elementor-main-swiper swiper\" role=\"region\" aria-roledescription=\"carousel\" aria-label=\"Diapositivas\" dir=\"ltr\" data-animation=\"fadeInUp\">\n\t\t\t\t<div class=\"swiper-wrapper elementor-slides\">\n\t\t\t\t\t\t\t\t\t\t<div class=\"elementor-repeater-item-47fe2e3 swiper-slide\" role=\"group\" aria-roledescription=\"slide\"><div class=\"swiper-slide-bg\" role=\"img\" aria-label=\"bcn\"><\/div><div class=\"swiper-slide-inner\" ><div class=\"swiper-slide-contents\"><\/div><\/div><\/div>\t\t\t\t<\/div>\n\t\t\t\t\t\t\t<\/div>\n\t\t\t\t<\/div>\n\t\t\t\t\t\t\t\t<\/div>\n\t\t\t\t<\/div>\n\t\t\t\t\t<\/div>\n\t\t<\/div>\n\t\t\t\t\t<\/div>\n\t\t<\/section>\n\t\t\t\t<section class=\"elementor-section elementor-top-section elementor-element elementor-element-44bfef39 elementor-section-stretched elementor-section-boxed elementor-section-height-default elementor-section-height-default\" data-id=\"44bfef39\" data-element_type=\"section\" data-e-type=\"section\" data-settings=\"{&quot;stretch_section&quot;:&quot;section-stretched&quot;}\">\n\t\t\t\t\t\t<div class=\"elementor-container elementor-column-gap-default\">\n\t\t\t\t\t<div class=\"elementor-column elementor-col-100 elementor-top-column elementor-element elementor-element-87d3919\" data-id=\"87d3919\" data-element_type=\"column\" data-e-type=\"column\">\n\t\t\t<div class=\"elementor-widget-wrap elementor-element-populated\">\n\t\t\t\t\t\t<div class=\"elementor-element elementor-element-03eee52 elementor-widget elementor-widget-text-editor\" data-id=\"03eee52\" data-element_type=\"widget\" data-e-type=\"widget\" data-widget_type=\"text-editor.default\">\n\t\t\t\t<div class=\"elementor-widget-container\">\n\t\t\t\t\t\t\t\t\t<h1>Aviso legal<\/h1>\t\t\t\t\t\t\t\t<\/div>\n\t\t\t\t<\/div>\n\t\t\t\t<div class=\"elementor-element elementor-element-10464d5e elementor-widget elementor-widget-text-editor\" data-id=\"10464d5e\" data-element_type=\"widget\" data-e-type=\"widget\" data-widget_type=\"text-editor.default\">\n\t\t\t\t<div class=\"elementor-widget-container\">\n\t\t\t\t\t\t\t\t\t<h1 style = \"text-align: justify;\"> <span style = \"font-size: 24pt;\"> <strong> Aviso legal y condiciones de uso del sitio web <\/strong> <\/span> <\/h1>\n<p style = \"text-align: justify;\"> Para cumplir con el Art\u00edculo 10 de la Ley 34\/2002 de Servicios de la Sociedad de la Informaci\u00f3n y Comercio Electr\u00f3nico, informaremos a los Usuarios de los siguientes datos: <\/p>\n<p style = \"text-align: justify;\"> Nombre de la empresa: Sandra Benzal Vert <\/p>\n<p style = \"text-align: justify;\"> Direcci\u00f3n de la empresa: Carrer Esperanto 2, \u00e0tic 2\u00aa, Sant Cugat del Vall\u00e8s <\/p>\n<p style = \"text-align: justify;\"> N\u00famero de identificaci\u00f3n fiscal: 46057120B <\/p>\n<p style = \"text-align: justify;\"> Tel\u00e9fono: 0034- 629480456 <\/p>\n<p style = \"text-align: justify;\"> Correo electr\u00f3nico: sandra@aguideinbarcelona.com <\/p>\n<p style = \"text-align: justify;\"> Sitio web: aguideinbarcelona.com <\/p>\n<p style = \"text-align: justify;\"> <strong> 1.- Prop\u00f3sito del contrato <\/strong> <\/p>\n<p style = \"text-align: justify;\"> <strong> Sandra Benzal Vert <\/strong> (en adelante, el Proveedor), como entidad responsable del sitio web, proporciona este documento a los Usuarios, que regula el uso del sitio web <strong> aguideinbarcelona.com <\/strong>, mediante el cual tenemos la intenci\u00f3n de cumplir con las obligaciones establecidas en la Ley 34\/2002 de Servicios de la Sociedad de la Informaci\u00f3n y Comercio Electr\u00f3nico (LSSICE o LSSI), as\u00ed como informar a todos los Usuarios sobre el condiciones de uso del sitio web. <\/p>\n<p style = \"text-align: justify;\"> A trav\u00e9s de la Web, <strong> Sandra Benzal Vert <\/strong> proporciona a los usuarios acceso y uso de diferentes servicios y contenidos disponibles a trav\u00e9s de la web. <\/p>\n<p style = \"text-align: justify;\"> Cualquier persona que acceda a este sitio web asume el rol de Usuario (en adelante, el Usuario), lo que implica la aceptaci\u00f3n plena y sin reservas de todas y cada una de las disposiciones incluidas en este aviso legal , as\u00ed como cualquier otra disposici\u00f3n legal que sea de aplicaci\u00f3n <\/p>\n<p style = \"text-align: justify;\"> Como usuario, debe leer atentamente este Aviso legal para todas y cada una de las ocasiones en que acceda a la web, ya que puede haber modificaciones, ya que el proveedor se reserva el derecho a modificar cualquier tipo de informaci\u00f3n que pueda aparecer en la web sin tener que avisar previamente o informar a los usuarios de estas obligaciones, siendo solo la mera publicaci\u00f3n en el sitio web del Proveedor. <\/p>\n<p style = \"text-align: justify;\"> <strong> 2.- CONDICIONES DE ACCESO QUE UTILIZO DE LA WEB. <\/strong> <\/p>\n<p style = \"text-align: justify;\"> <strong> 2.1. Acceso y uso gratuito de la web. <\/strong> <\/p>\n<p style = \"text-align: justify;\"> La prestaci\u00f3n de servicios por <strong> Sandra Benzal Vert <\/strong> es gratuita para todos los usuarios. Sin embargo, algunos de los servicios prestados por el proveedor a trav\u00e9s de la Web est\u00e1n sujetos al pago de un precio espec\u00edfico a trav\u00e9s del contrato general de condiciones. <\/p>\n<p style = \"text-align: justify;\"> <strong> 2.2. Registro de usuario. <\/strong> <\/p>\n<p style = \"text-align: justify;\"> En general, la prestaci\u00f3n de los Servicios no requiere suscripci\u00f3n previa o registro de Usuarios. Aun as\u00ed, <strong> Sandra Benzal Vert <\/strong> condiciona el uso de algunos de los servicios solo si el Usuario ha completado previamente el formulario de registro de Usuario correspondiente. Dicho registro se completar\u00e1 de la manera que se indica expresamente en la propia secci\u00f3n de servicio. <\/p>\n<p style = \"text-align: justify;\"> <strong> 2.3. Exactitud y veracidad de la informaci\u00f3n <\/strong> <\/p>\n<p style = \"text-align: justify;\"> Toda la informaci\u00f3n proporcionada por el usuario debe ser precisa y veraz. Para estos fines, el Usuario garantiza la autenticidad de los datos proporcionados a trav\u00e9s de los formularios para la suscripci\u00f3n de los Servicios. El Usuario es responsable de mantener toda la informaci\u00f3n proporcionada a <strong> Sandra Benzal Vert <\/strong> permanentemente actualizada de manera que refleje, en todo momento, su situaci\u00f3n real. En cualquier caso, el Usuario ser\u00e1 el \u00fanico responsable de las declaraciones falsas o inexactas proporcionadas por ellos, as\u00ed como de los da\u00f1os que puedan ocasionarse al proveedor o a terceros como consecuencia. <\/p>\n<p style = \"text-align: justify;\"> <strong> 2.4. Menores <\/strong> <\/p>\n<p style = \"text-align: justify;\"> Para el uso de los servicios, los menores siempre deben obtener el consentimiento previo de sus padres, tutores o representantes legales, quienes son en \u00faltima instancia responsables de todos los actos realizados por dichos menores bajo su cuidado. Tambi\u00e9n son responsables de determinar los contenidos espec\u00edficos a los que acceden los menores, es decir, en el caso de que un menor acceda a contenido inadecuado a trav\u00e9s de Internet, deber\u00e1n establecer mecanismos en sus computadoras, en particular programas inform\u00e1ticos, filtros y bloques, que son pretenden limitar los contenidos disponibles y, a pesar de que no son infalibles, son de especial utilidad para controlar y restringir los materiales a los que los menores pueden estar expuestos. <\/p>\n<p style = \"text-align: justify;\"> <strong> 2.5. Obligaci\u00f3n de hacer un uso correcto de la Web. <\/strong> <\/p>\n<p style = \"text-align: justify;\"> El usuario acepta usar el sitio web de conformidad con la Ley y este Aviso legal, as\u00ed como de acuerdo con la moral y las buenas costumbres. Para este prop\u00f3sito, el Usuario deber\u00e1 abstenerse de usar la p\u00e1gina para prop\u00f3sitos que sean ilegales o prohibidos, y \/ o perjudiciales para los derechos e intereses de terceros, y \/ o que de cualquier manera puedan da\u00f1ar, deshabilitar, sobrecargar, deteriorar o prevenir el uso normal de equipos inform\u00e1ticos o documentos, archivos y todo tipo de contenido almacenado en cualquier equipo inform\u00e1tico del proveedor. <\/p>\n<p style = \"text-align: justify;\"> Como una indicaci\u00f3n particular, pero no limitada a esto, el Usuario se compromete a no transmitir, difundir o poner a disposici\u00f3n de terceros informaci\u00f3n, datos, contenido, mensajes, gr\u00e1ficos, dibujos, sonido o archivos de imagen, fotograf\u00edas, grabaciones, software y, en general, cualquier tipo de material que: <\/p>\n<p style = \"text-align: justify;\"> (a) es contrario, desprecia o atenta contra los derechos fundamentales y las libertades p\u00fablicas reconocidos por la Constituci\u00f3n espa\u00f1ola, los tratados internacionales y otras leyes vigentes; <\/p>\n<p style = \"text-align: justify;\"> (b) induce, incita o promueve acciones criminales, degradantes, difamatorias, violentas o, en general, contrarias a la ley, la moral y el orden p\u00fablico; <\/p>\n<p style = \"text-align: justify;\"> (c) induce, incita o promueve acciones, actitudes o pensamientos discriminatorios basados \u200b\u200ben sexo, raza, religi\u00f3n, creencias, edad o condici\u00f3n; <\/p>\n<p style = \"text-align: justify;\"> (d) es contrario a los derechos relacionados con el honor, la privacidad personal o familiar o la propia imagen de la persona; <\/p>\n<p style = \"text-align: justify;\"> (e) de cualquier manera perjudica la credibilidad del proveedor o de terceros; y <\/p>\n<p style = \"text-align: justify;\"> (f) constituye publicidad il\u00edcita, enga\u00f1osa o desleal. <\/p>\n<p style = \"text-align: justify;\"> <strong> 3.- EXCLUSI\u00d3N DE GARANT\u00cdAS Y RESPONSABILIDAD <\/strong> <\/p>\n<p style = \"text-align: justify;\"> El Proveedor est\u00e1 exento de cualquier responsabilidad derivada de la informaci\u00f3n publicada en nuestro sitio web, siempre que esta informaci\u00f3n haya sido manipulada o introducida por un tercero. <\/p>\n<p style = \"text-align: justify;\"> Este sitio web ha sido revisado y probado para que funcione correctamente. En principio, su correcto funcionamiento puede garantizarse los 365 d\u00edas del a\u00f1o, las 24 horas del d\u00eda. Sin embargo, el Proveedor no descarta la posibilidad de que pueda haber ciertos errores de programaci\u00f3n o que existan causas de fuerza mayor, desastres naturales, huelgas o circunstancias similares que podr\u00edan imposibilitar el acceso al sitio web. <\/p>\n<p style = \"text-align: justify;\"> <strong> Sandra Benzal Vert <\/strong> no otorga ninguna garant\u00eda y no es responsable, en ning\u00fan caso, de los da\u00f1os y perjuicios de cualquier tipo que puedan derivarse del falta de disponibilidad, mantenimiento y funcionamiento efectivo del sitio web o sus servicios y contenidos; de la existencia de virus, programas maliciosos o contenidos da\u00f1inos; del uso il\u00edcito, negligente, fraudulento o contrario a este Aviso legal y condiciones de uso; o la falta de legalidad, calidad, fiabilidad, utilidad y disponibilidad de los servicios prestados por terceros y mociones disponibles para los usuarios en el sitio web. <\/p>\n<p style = \"text-align: justify;\"> El proveedor no es responsable bajo ninguna circunstancia de todos los da\u00f1os que puedan derivarse del uso ilegal o inapropiado de este sitio web. <\/p>\n<p style = \"text-align: justify;\"> <strong> 4.- COOKIES <\/strong> <\/p>\n<p style = \"text-align: justify;\"> El sitio web del proveedor puede usar cookies (peque\u00f1os archivos de informaci\u00f3n que el servidor env\u00eda a la computadora de la persona que accede a la p\u00e1gina) para llevar a cabo ciertas funciones que se consideran esenciales para el buen funcionamiento y visualizaci\u00f3n del sitio web. Las cookies que se utilizan tienen, en cualquier caso, una naturaleza temporal, con el \u00fanico prop\u00f3sito de hacer que la navegaci\u00f3n sea m\u00e1s eficiente, y deben desaparecer una vez que finaliza la sesi\u00f3n del usuario. <\/p>\n<p style = \"text-align: justify;\"> En ning\u00fan caso las cookies se utilizar\u00e1n para recopilar informaci\u00f3n personal. <\/p>\n<p style = \"text-align: justify;\"> Para obtener m\u00e1s informaci\u00f3n, consulte nuestra <a href=\"https:\/\/aguideinbarcelona.com\/cookies-policy\/\"> Pol\u00edtica de cookies. <\/a> <\/p>\n<p style = \"text-align: justify;\"> <strong> 5.- ENLACES <\/strong> <\/p>\n<p style = \"text-align: justify;\"> Desde el sitio web, puede ser redirigido a contenido de terceros. Dado que no siempre es posible controlar el contenido ingresado por terceros, <strong> Sandra Benzal Vert <\/strong> no asume ninguna responsabilidad con respecto a estos contenidos. En cualquier caso, el Proveedor declara llevar a cabo la retirada inmediata de cualquier contenido que pueda contravenir las leyes, la moral o el orden p\u00fablico nacionales o internacionales, procediendo tambi\u00e9n a la retirada inmediata de la redirecci\u00f3n a estos sitios web, as\u00ed como informar a las autoridades competentes de la contenido en cuesti\u00f3n. <\/p>\n<p style = \"text-align: justify;\"> El Proveedor no es responsable de la informaci\u00f3n y el contenido almacenado que se puede incluir, pero no se limita a foros, chats, generadores de blogs, comentarios, redes sociales o cualquier otro medio que permita terceros partes para publicar de forma independiente el contenido del sitio web del proveedor. Sin embargo, y en cumplimiento de lo dispuesto en el art. 11 y 16 de la LSSICE (Ley de Sociedad de la Informaci\u00f3n y Comercio Electr\u00f3nico en Espa\u00f1a), el Proveedor se compromete a estar disponible para todos los usuarios, autoridades y fuerzas de seguridad, a fin de colaborar activamente en la retirada o, cuando sea necesario, el bloqueo de todo el contenido que puede afectar o contravenir las leyes nacionales o internacionales, los derechos de terceros o con fines de moralidad y orden p\u00fablico. En el caso de que el usuario considere que puede haber alg\u00fan contenido que pueda ser susceptible a esta clasificaci\u00f3n, deber\u00e1 notificar al administrador del sitio web de inmediato. <\/p>\n<p style = \"text-align: justify;\"> <strong> 6.- PROTECCI\u00d3N DE DATOS PERSONALES <\/strong> <\/p>\n<p style = \"text-align: justify;\"> El proveedor est\u00e1 profundamente comprometido con el cumplimiento de las regulaciones de protecci\u00f3n de datos personales y garantiza el cumplimiento total de las obligaciones establecidas en dichas regulaciones, que tambi\u00e9n incluye la implementaci\u00f3n de las medidas de seguridad establecidas en ambos El Reglamento Europeo de Protecci\u00f3n de Datos y la normativa espa\u00f1ola sobre protecci\u00f3n de datos. Para obtener m\u00e1s informaci\u00f3n, consulte nuestra <a href=\"https:\/\/aguideinbarcelona.com\/privacy-policy\/\"> Pol\u00edtica de privacidad. <\/a> <\/p>\n<p style = \"text-align: justify;\"> <strong> 7.- REDES SOCIALES <\/strong> <\/p>\n<p style = \"text-align: justify;\"> Le informamos que <strong> Sandra Benzal Vert <\/strong> puede estar presente en las redes sociales. El procesamiento de los datos que los usuarios incluyen en las redes sociales [al convertirse en seguidores del proveedor en las redes sociales (y \/ o realizar cualquier acci\u00f3n de enlace o conexi\u00f3n a trav\u00e9s de estas)] se regir\u00e1 por esta secci\u00f3n, as\u00ed como por las condiciones de uso, pol\u00edticas y normas de privacidad para el acceso y uso de las redes sociales en cuesti\u00f3n y previamente aceptadas por el usuario. <\/p>\n<p style = \"text-align: justify;\"> <strong> Sandra Benzal Vert <\/strong> procesar\u00e1 sus datos para informarle de las actividades, productos o servicios del proveedor a trav\u00e9s de estas redes sociales, as\u00ed como para cualquier otro prop\u00f3sito que permitan las regulaciones de Redes Sociales, pero no ser\u00e1n responsables de sus Pol\u00edticas de Privacidad. <\/p>\n<p style = \"text-align: justify;\"> Las siguientes publicaciones de contenido est\u00e1n prohibidas <\/p>\n<p style = \"text-align: justify;\"> &#8211; Considerando que son ilegales seg\u00fan las regulaciones nacionales, comunitarias o internacionales o que llevan a cabo actividades que supuestamente son ilegales o contravienen los principios de buena fe. <\/p>\n<p style = \"text-align: justify;\"> &#8211; Mientras que amenazan los derechos fundamentales de las personas, la falta de cortes\u00eda en la red, molesta o puede generar opiniones negativas sobre nuestros usuarios o terceros y, en general, sea cual sea el contenido que < strong> Sandra Benzal Vert <\/strong> considera inapropiado. <\/p>\n<p style = \"text-align: justify;\"> &#8211; Y en general, mientras que contravienen los principios de legalidad, honestidad, responsabilidad, protecci\u00f3n de la dignidad humana, protecci\u00f3n de menores, protecci\u00f3n del orden p\u00fablico, protecci\u00f3n de la privacidad, protecci\u00f3n del consumidor y derechos de propiedad intelectual e industrial. <\/p>\n<p style = \"text-align: justify;\"> Adem\u00e1s, <strong> Sandra Benzal Vert <\/strong> se reserva el derecho de eliminar, sin previo aviso del sitio web o la red social corporativa, aquellos contenidos que se consideren inapropiados. <\/p>\n<p style = \"text-align: justify;\"> <strong> 8.- PROPIEDAD INTELECTUAL E INDUSTRIAL <\/strong> <\/p>\n<p style = \"text-align: justify;\"> El sitio web, incluidos, entre otros, la programaci\u00f3n, edici\u00f3n, compilaci\u00f3n y otros elementos necesarios para su funcionamiento, los dise\u00f1os, logotipos, textos, fotograf\u00edas y \/ o gr\u00e1ficos son propiedad del proveedor o, si es necesario, su uso se basa en un acuerdo de licencia o autorizaci\u00f3n expresa de parte del propietario (s). Todos los contenidos del sitio web est\u00e1n debidamente protegidos por las normas de propiedad intelectual e industrial. <\/p>\n<p style = \"text-align: justify;\"> Independientemente del prop\u00f3sito para el que fueron destinados, la reproducci\u00f3n total o parcial, el uso, la distribuci\u00f3n y la comunicaci\u00f3n p\u00fablica requieren autorizaci\u00f3n previa por escrito del Proveedor. Cualquier uso que no haya sido previamente autorizado por el Proveedor se considerar\u00e1 una infracci\u00f3n grave de los derechos de propiedad intelectual o industrial de los propietarios. <\/p>\n<p style = \"text-align: justify;\"> Los dise\u00f1os, logotipos, textos y \/ o gr\u00e1ficos que no est\u00e1n relacionados con el proveedor y que pueden aparecer en el sitio web, son propiedad de sus respectivos due\u00f1os, siendo ellos mismos responsables de cualquier posible disputa que pueda ocurrir a su respecto. En cualquier caso, el Proveedor tiene autorizaci\u00f3n expresa y previa de dichos propietarios. <\/p>\n<p style = \"text-align: justify;\"> El Proveedor reconoce, a favor de los propietarios, sus correspondientes derechos de propiedad industrial e intelectual, por lo que su menci\u00f3n o aparici\u00f3n en el sitio web, no implica la existencia de ning\u00fan derecho o cualquier responsabilidad del Proveedor sobre ellos, as\u00ed como el respaldo, patrocinio o recomendaci\u00f3n de los mismos. <\/p>\n<p style = \"text-align: justify;\"> Para hacer cualquier tipo de observaci\u00f3n sobre posibles violaciones de los derechos de propiedad intelectual o industrial, as\u00ed como sobre cualquiera de los contenidos del sitio web, puede comunicarse con el Proveedor a trav\u00e9s del correo electr\u00f3nico de contacto arriba. <\/p>\n<p style = \"text-align: justify;\"> <strong> 9.- LEY APLICABLE Y JURISDICCI\u00d3N <\/strong> <\/p>\n<p style = \"text-align: justify;\"> Para la resoluci\u00f3n de disputas o problemas relacionados con este sitio web o las actividades que se desarrollan en \u00e9l, se regir\u00e1n por las leyes aplicables en Espa\u00f1a, a las cuales las partes se someten expresamente, siendo los Tribunales de <strong> Sandra Benzal Vert <\/strong> como las entidades competentes que resolver\u00e1n todas las disputas que deriven o est\u00e9n relacionadas con el uso realizado por dichas partes. <\/p>\n<p style = \"text-align: justify;\"> <strong> 10.- Secci\u00f3n de cl\u00e1usula de contacto web <\/strong> <\/p>\n<p style = \"text-align: justify;\"> La comunicaci\u00f3n enviada se incorporar\u00e1 a un archivo del que <strong> Sandra Benzal Vert <\/strong> es responsable. Esta comunicaci\u00f3n se utilizar\u00e1 exclusivamente para procesar sus datos para satisfacer su solicitud, siempre de conformidad con el Reglamento (UE) 2016\/679 (GDPR), la Ley Org\u00e1nica 15\/1999 (LOPD) y el Real Decreto 1720\/2007 ( desarrollo de la LOPD), sobre protecci\u00f3n de datos personales. Sus datos no ser\u00e1n comunicados (compartidos con) a terceros, excepto por obligaci\u00f3n legal, y se mantendr\u00e1n siempre que no solicite una cancelaci\u00f3n. <\/p>\n<p style = \"text-align: justify;\"> En cualquier momento puede ejercer el derecho de acceso, rectificaci\u00f3n, portabilidad y oposici\u00f3n, o si corresponde, la limitaci\u00f3n y \/ o cancelaci\u00f3n del procesamiento, proporcion\u00e1ndolo por escrito, indicando sus datos personales a <strong> Carrer Esperanto 2, \u00e0tic 2\u00aa, Sant Cugat del Vall\u00e8s <\/strong> o por correo electr\u00f3nico a <strong> sandra@aguideinbarcelona.com <\/strong>. <\/p>\t\t\t\t\t\t\t\t<\/div>\n\t\t\t\t<\/div>\n\t\t\t\t\t<\/div>\n\t\t<\/div>\n\t\t\t\t\t<\/div>\n\t\t<\/section>\n\t\t\t\t<section class=\"elementor-section elementor-top-section elementor-element elementor-element-651e171 elementor-section-boxed elementor-section-height-default elementor-section-height-default\" data-id=\"651e171\" data-element_type=\"section\" data-e-type=\"section\">\n\t\t\t\t\t\t<div class=\"elementor-container elementor-column-gap-default\">\n\t\t\t\t\t<div class=\"elementor-column elementor-col-100 elementor-top-column elementor-element elementor-element-0fc34d5\" data-id=\"0fc34d5\" data-element_type=\"column\" data-e-type=\"column\">\n\t\t\t<div class=\"elementor-widget-wrap elementor-element-populated\">\n\t\t\t\t\t\t<div class=\"elementor-element elementor-element-7b6ae82 elementor-widget elementor-widget-spacer\" data-id=\"7b6ae82\" data-element_type=\"widget\" data-e-type=\"widget\" data-widget_type=\"spacer.default\">\n\t\t\t\t<div class=\"elementor-widget-container\">\n\t\t\t\t\t\t\t<div class=\"elementor-spacer\">\n\t\t\t<div class=\"elementor-spacer-inner\"><\/div>\n\t\t<\/div>\n\t\t\t\t\t\t<\/div>\n\t\t\t\t<\/div>\n\t\t\t\t\t<\/div>\n\t\t<\/div>\n\t\t\t\t\t<\/div>\n\t\t<\/section>\n\t\t\t\t<\/div>\n\t\t","protected":false},"excerpt":{"rendered":"<p>Aviso legal Aviso legal y condiciones de uso del sitio web Para cumplir con el Art\u00edculo 10 de la Ley 34\/2002 de Servicios de la Sociedad de la Informaci\u00f3n y Comercio Electr\u00f3nico, informaremos a los Usuarios de los siguientes datos: Nombre de la empresa: Sandra Benzal Vert Direcci\u00f3n de la empresa: Carrer Esperanto 2, \u00e0tic &hellip; <\/p>\n<p class=\"link-more\"><a href=\"https:\/\/aguideinbarcelona.com\/es\/aviso-legal\/\" class=\"more-link\">Seguir leyendo<span class=\"screen-reader-text\"> \u00abAviso legal\u00bb<\/span><\/a><\/p>\n","protected":false},"author":4,"featured_media":0,"parent":0,"menu_order":0,"comment_status":"closed","ping_status":"closed","template":"elementor_header_footer","meta":{"footnotes":""},"categories":[46],"tags":[],"class_list":["post-1122","page","type-page","status-publish","hentry","category-paginas-en","entry"],"_links":{"self":[{"href":"https:\/\/aguideinbarcelona.com\/es\/wp-json\/wp\/v2\/pages\/1122","targetHints":{"allow":["GET"]}}],"collection":[{"href":"https:\/\/aguideinbarcelona.com\/es\/wp-json\/wp\/v2\/pages"}],"about":[{"href":"https:\/\/aguideinbarcelona.com\/es\/wp-json\/wp\/v2\/types\/page"}],"author":[{"embeddable":true,"href":"https:\/\/aguideinbarcelona.com\/es\/wp-json\/wp\/v2\/users\/4"}],"replies":[{"embeddable":true,"href":"https:\/\/aguideinbarcelona.com\/es\/wp-json\/wp\/v2\/comments?post=1122"}],"version-history":[{"count":0,"href":"https:\/\/aguideinbarcelona.com\/es\/wp-json\/wp\/v2\/pages\/1122\/revisions"}],"wp:attachment":[{"href":"https:\/\/aguideinbarcelona.com\/es\/wp-json\/wp\/v2\/media?parent=1122"}],"wp:term":[{"taxonomy":"category","embeddable":true,"href":"https:\/\/aguideinbarcelona.com\/es\/wp-json\/wp\/v2\/categories?post=1122"},{"taxonomy":"post_tag","embeddable":true,"href":"https:\/\/aguideinbarcelona.com\/es\/wp-json\/wp\/v2\/tags?post=1122"}],"curies":[{"name":"wp","href":"https:\/\/api.w.org\/{rel}","templated":true}]}}