{"id":1191,"date":"2020-04-13T08:36:09","date_gmt":"2020-04-13T06:36:09","guid":{"rendered":"https:\/\/aguideinbarcelona.com\/?page_id=1191"},"modified":"2020-06-08T11:44:37","modified_gmt":"2020-06-08T09:44:37","slug":"politica-de-cookies","status":"publish","type":"page","link":"https:\/\/aguideinbarcelona.com\/es\/politica-de-cookies\/","title":{"rendered":"Pol\u00edtica de cookies"},"content":{"rendered":"\t\t<div data-elementor-type=\"wp-page\" data-elementor-id=\"1191\" class=\"elementor elementor-1191\" data-elementor-post-type=\"page\">\n\t\t\t\t\t\t<section class=\"elementor-section elementor-top-section elementor-element elementor-element-9f404a4 elementor-section-stretched elementor-section-full_width elementor-section-height-default elementor-section-height-default\" data-id=\"9f404a4\" data-element_type=\"section\" data-e-type=\"section\" data-settings=\"{&quot;stretch_section&quot;:&quot;section-stretched&quot;}\">\n\t\t\t\t\t\t<div class=\"elementor-container elementor-column-gap-no\">\n\t\t\t\t\t<div class=\"elementor-column elementor-col-100 elementor-top-column elementor-element elementor-element-c95ab4c\" data-id=\"c95ab4c\" data-element_type=\"column\" data-e-type=\"column\">\n\t\t\t<div class=\"elementor-widget-wrap elementor-element-populated\">\n\t\t\t\t\t\t<div class=\"elementor-element elementor-element-9987e81 elementor--h-position-center elementor--v-position-middle elementor-arrows-position-inside elementor-pagination-position-inside elementor-widget elementor-widget-slides\" data-id=\"9987e81\" data-element_type=\"widget\" data-e-type=\"widget\" data-settings=\"{&quot;navigation&quot;:&quot;both&quot;,&quot;autoplay&quot;:&quot;yes&quot;,&quot;pause_on_hover&quot;:&quot;yes&quot;,&quot;pause_on_interaction&quot;:&quot;yes&quot;,&quot;autoplay_speed&quot;:5000,&quot;infinite&quot;:&quot;yes&quot;,&quot;transition&quot;:&quot;slide&quot;,&quot;transition_speed&quot;:500}\" data-widget_type=\"slides.default\">\n\t\t\t\t<div class=\"elementor-widget-container\">\n\t\t\t\t\t\t\t\t\t<div class=\"elementor-swiper\">\n\t\t\t\t\t<div class=\"elementor-slides-wrapper elementor-main-swiper swiper\" role=\"region\" aria-roledescription=\"carousel\" aria-label=\"Diapositivas\" dir=\"ltr\" data-animation=\"fadeInUp\">\n\t\t\t\t<div class=\"swiper-wrapper elementor-slides\">\n\t\t\t\t\t\t\t\t\t\t<div class=\"elementor-repeater-item-47fe2e3 swiper-slide\" role=\"group\" aria-roledescription=\"slide\"><div class=\"swiper-slide-bg\" role=\"img\" aria-label=\"bcn\"><\/div><div class=\"swiper-slide-inner\" ><div class=\"swiper-slide-contents\"><\/div><\/div><\/div>\t\t\t\t<\/div>\n\t\t\t\t\t\t\t<\/div>\n\t\t\t\t<\/div>\n\t\t\t\t\t\t\t\t<\/div>\n\t\t\t\t<\/div>\n\t\t\t\t\t<\/div>\n\t\t<\/div>\n\t\t\t\t\t<\/div>\n\t\t<\/section>\n\t\t\t\t<section class=\"elementor-section elementor-top-section elementor-element elementor-element-44bfef39 elementor-section-stretched elementor-section-boxed elementor-section-height-default elementor-section-height-default\" data-id=\"44bfef39\" data-element_type=\"section\" data-e-type=\"section\" data-settings=\"{&quot;stretch_section&quot;:&quot;section-stretched&quot;}\">\n\t\t\t\t\t\t<div class=\"elementor-container elementor-column-gap-default\">\n\t\t\t\t\t<div class=\"elementor-column elementor-col-100 elementor-top-column elementor-element elementor-element-87d3919\" data-id=\"87d3919\" data-element_type=\"column\" data-e-type=\"column\">\n\t\t\t<div class=\"elementor-widget-wrap elementor-element-populated\">\n\t\t\t\t\t\t<div class=\"elementor-element elementor-element-03eee52 elementor-widget elementor-widget-text-editor\" data-id=\"03eee52\" data-element_type=\"widget\" data-e-type=\"widget\" data-widget_type=\"text-editor.default\">\n\t\t\t\t<div class=\"elementor-widget-container\">\n\t\t\t\t\t\t\t\t\t<h1>Pol\u00edtica de cookies<\/h1>\t\t\t\t\t\t\t\t<\/div>\n\t\t\t\t<\/div>\n\t\t\t\t<div class=\"elementor-element elementor-element-10464d5e elementor-widget elementor-widget-text-editor\" data-id=\"10464d5e\" data-element_type=\"widget\" data-e-type=\"widget\" data-widget_type=\"text-editor.default\">\n\t\t\t\t<div class=\"elementor-widget-container\">\n\t\t\t\t\t\t\t\t\t<p><strong><span>ANTECEDENTES<\/span><\/strong><\/p>\n<p><span>De conformidad con la normativa espa\u00f1ola que rige el uso de cookies en relaci\u00f3n con la Prestaci\u00f3n de servicios de comunicaciones electr\u00f3nicas, establecida en el Real Decreto Ley 13\/2012 de 30 de marzo, le informamos sobre las cookies utilizadas en el sitio web de&nbsp;<\/span><strong><span>Sandra Benzal Vert<\/span><\/strong><span>&nbsp;( tambi\u00e9n el proveedor) y la raz\u00f3n de su uso.&nbsp;Del mismo modo, esto le informa que al navegar por el sitio web est\u00e1 dando su consentimiento para usarlos.<\/span><\/p>\n<p><strong><span>\u00bfQu\u00e9 son las cookies?<\/span><\/strong><\/p>\n<p><span><span class=\"goog-text-highlight\">Una cookie es un archivo que se descarga a su computadora cuando accede a ciertas p\u00e1ginas web.&nbsp;<\/span>Las cookies permiten que una p\u00e1gina web, entre otras cosas, almacene y recupere informaci\u00f3n sobre los h\u00e1bitos de navegaci\u00f3n de un usuario o su equipo y, dependiendo de la informaci\u00f3n que contienen y la forma en que usan su equipo, pueden usarse para reconocer al usuario.&nbsp;Las cookies solo se asocian con un usuario an\u00f3nimo y su computadora o dispositivo y no proporcionan referencias que permitan acceder a sus datos personales.<\/span><\/p>\n<p><strong><span>COOKIES AFECTADAS POR REGULACIONES Y COOKIES EXENTAS<\/span><\/strong><\/p>\n<p><span>De acuerdo con la directiva de la UE, las cookies que requieren el consentimiento informado del usuario son cookies anal\u00edticas y cookies de publicidad y afiliaci\u00f3n, excepto las de naturaleza t\u00e9cnica y las necesarias para el funcionamiento del sitio web o la prestaci\u00f3n de servicios expresamente solicitados por el usuario.<\/span><\/p>\n<p><strong><span>TIPOS DE COOKIES<\/span><\/strong><\/p>\n<ol>\n<li><span>a) Dependiendo de la entidad que los administra, existen Cookies innatas (aquellas que se env\u00edan al equipo terminal del usuario desde una computadora o dominio administrado por el propio editor y desde el cual se proporciona el servicio solicitado por el usuario) y de terceros (los que se env\u00edan al equipo terminal del usuario desde una computadora o dominio que no es administrado por el editor, sino por otra entidad que procesa los datos obtenidos a trav\u00e9s de cookies).<\/span><\/li>\n<li><span>b) Seg\u00fan el tiempo que permanecen activos, hay cookies de sesi\u00f3n (dise\u00f1adas para recopilar y almacenar datos mientras el usuario accede a una p\u00e1gina web) y cookies persistentes (en las que los datos se almacenan en el terminal y se puede acceder y procesar durante un per\u00edodo definido por la persona a cargo de las cookies (que dura desde unos minutos hasta varios a\u00f1os).<\/span><\/li>\n<li><span>c) Dependiendo del prop\u00f3sito para el cual manejan la informaci\u00f3n que recopilan, pueden ser:<\/span><\/li>\n<\/ol>\n<p><span>&#8211;&nbsp;<\/span><strong><span>Cookies t\u00e9cnicas<\/span><\/strong><span>&nbsp;(necesarias para el uso del sitio web y las disposiciones del servicio contratado)<\/span><\/p>\n<p><span>&#8211;&nbsp;<\/span><strong><span>Cookies de personalizaci\u00f3n<\/span><\/strong><span>&nbsp;(que permiten al Usuario acceder al servicio con funciones predefinidas, como idioma, tipo de navegador, configuraci\u00f3n regional, etc.)<\/span><\/p>\n<p><span>&#8211;&nbsp;<\/span><strong><span>Cookies de an\u00e1lisis<\/span><\/strong><span>&nbsp;(informaci\u00f3n recopilada sobre el uso que se hace en el sitio web)<\/span><\/p>\n<p><span>&#8211;&nbsp;<\/span><strong><span>Cookies publicitarias<\/span><\/strong><span>&nbsp;(recopilan informaci\u00f3n sobre preferencias y elecciones personales de los Usuarios)<\/span><\/p>\n<p><span>&#8211;&nbsp;<\/span><strong><span>Cookies de afiliaci\u00f3n<\/span><\/strong><span>&nbsp;(le permite rastrear las visitas de otros sitios web, con los cuales el sitio web establece un contrato de afiliaci\u00f3n)<\/span><\/p>\n<p><strong><span>TIPOS DE COOKIES UTILIZADAS POR ESTE SITIO WEB<\/span><\/strong><\/p>\n<p><span>Las cookies utilizadas en nuestro sitio web son cookies de sesi\u00f3n y de terceros, y nos permiten almacenar y acceder a informaci\u00f3n relacionada con el idioma, el tipo de navegador utilizado y otras caracter\u00edsticas generales predefinidas por el Usuario, as\u00ed como el seguimiento y an\u00e1lisis de la actividad. llevado a cabo para mejorar y brindar nuestros servicios de una manera m\u00e1s eficiente y personalizada.&nbsp;Las cookies utilizadas tienen, en cualquier caso, una naturaleza temporal, con el \u00fanico prop\u00f3sito de hacer que la navegaci\u00f3n sea m\u00e1s eficiente.&nbsp;En ning\u00fan caso, estas cookies proporcionan por s\u00ed mismas datos personales y no se utilizan para la recopilaci\u00f3n de los datos antes mencionados.<\/span><\/p>\n<p><span>El uso de cookies ofrece ventajas, tales como:<\/span><\/p>\n<p><span>&#8211; facilitando la navegaci\u00f3n del usuario y el acceso a los diferentes servicios ofrecidos por este sitio web<\/span><\/p>\n<p><span>&#8211; evita que el usuario tenga que configurar las caracter\u00edsticas generales predefinidas cada vez que accede al sitio web<\/span><\/p>\n<p><span>&#8211; otorgando mejoras de las funciones y de los servicios prestados a trav\u00e9s de este sitio web, como resultado del an\u00e1lisis correspondiente de la informaci\u00f3n obtenida a trav\u00e9s de las cookies instaladas<\/span><\/p>\n<p><span>Al acceder a nuestro sitio web, se le informa que si contin\u00faa navegando, se instalar\u00e1n varias cookies de terceros, lo que permitir\u00e1 la instalaci\u00f3n de ciertas cookies que tendr\u00e1n el \u00fanico prop\u00f3sito de registrar el acceso a nuestro sitio web para la recopilaci\u00f3n de estad\u00edsticas an\u00f3nimas sobre visitas, siempre recolectando informaci\u00f3n an\u00f3nimamente.&nbsp;No es obligatorio aceptar la instalaci\u00f3n de estas cookies;&nbsp;puede navegar a trav\u00e9s de nuestro sitio web independientemente.<\/span><\/p>\n<p><span>En varias secciones de nuestro sitio web puede instalar cookies de redes sociales, espec\u00edficamente las siguientes:<\/span><\/p>\n<ul>\n<li><span>Cookies de Twitter, de acuerdo con las disposiciones de su pol\u00edtica de privacidad y el uso de cookies.<\/span><\/li>\n<li><span>Cookies de Facebook, seg\u00fan lo dispuesto en su pol\u00edtica de cookies.<\/span><\/li>\n<li><span>Cookies de LinkedIn, de acuerdo con las disposiciones de su p\u00e1gina sobre el uso de cookies.<\/span><\/li>\n<li><span>Cookies de Google+ y cookies de Google Maps, de acuerdo con las disposiciones de su p\u00e1gina sobre qu\u00e9 tipo de cookies utilizan.<\/span><\/li>\n<\/ul>\n<table>\n<tbody>\n<tr>\n<td><span>Funci\u00f3n o caracter\u00edstica y qui\u00e9n la proporciona<\/span><\/td>\n<td><span>Galletas<\/span><\/td>\n<td><span>Dominio<\/span><\/td>\n<td><span>Persistencia<\/span><\/td>\n<td><span>Prop\u00f3sito<\/span><\/td>\n<\/tr>\n<tr>\n<td><span>Cookies propias de la web necesarias para su funcionamiento o para recordar ciertas preferencias del usuario.<\/span><\/td>\n<td><span>Cookies temporales y persistentes.<\/span><\/td>\n<td><span>https:\/\/aguideinbarcelona.com<\/span><\/td>\n<td><span>Semanas<\/span><\/td>\n<td><span>Cookies t\u00e9cnicas esenciales Cookies de<\/span><br><span>personalizaci\u00f3n<\/span><\/td>\n<\/tr>\n<tr>\n<td><span>Google Analytics (Google, Inc.)<\/span><\/td>\n<td><span>Cookies temporales y persistentes (__utma, __utmb, __utmc, __utmz, __utmv, _ ga)<\/span><\/td>\n<td><span>https:\/\/aguideinbarcelona.com<\/span><\/td>\n<td><span>A\u00f1os<\/span><\/td>\n<td>\n<p><span>Analista de la red<\/span><\/p>\n<p><span>Transferencia de datos fuera de la UE<\/span><\/p>\n<\/td>\n<\/tr>\n<tr>\n<td><span>Funciones de Google (Google Maps, YouTube, +1, Google Remarketing, Google Translate, etc.) (Google, Inc.)<\/span><\/td>\n<td><span>Cookies temporales y persistentes (VISITOR_INFO1_LIVE, PREF, YSC, etc.).&nbsp;Almacenamiento local del navegador.&nbsp;Almacenamiento local de Flash<\/span><\/td>\n<td><span>googleusercontent.com, google.es, google.com, doubleclick.net, invitemedia.com, admeld.com, googlesyndication.com, googleadservices.com, youtube.com, youtube.es, ytimg.com, etc.<\/span><\/td>\n<td><span>A\u00f1os<\/span><\/td>\n<td>\n<p><span>Seguimiento de la ubicaci\u00f3n de la publicidad<\/span><\/p>\n<p><span>Compartir en redes sociales<\/span><\/p>\n<p><span>Transferencia de datos fuera de la UE<\/span><\/p>\n<\/td>\n<\/tr>\n<tr>\n<td><span>Funciones de Facebook (bot\u00f3n Me gusta, etc.) (Facebook, Inc.)<\/span><\/td>\n<td><span>Cookies temporales y persistentes (datr, reg_fb_gate, reg_fb_ref y reg_fb_ext, wd, c_user, lu, sct, xs, x-referer, presencia, p, locale, lsd, _e_ *, fr, sub, etc.).&nbsp;Almacenamiento local del navegador.<\/span><\/td>\n<td><span>facebook.com<\/span><\/td>\n<td><span>A\u00f1os<\/span><\/td>\n<td>\n<p><span>Seguimiento de la ubicaci\u00f3n de la publicidad<\/span><\/p>\n<p><span>Compartir en redes sociales<\/span><\/p>\n<p><span>Transferencia de datos fuera de la UE<\/span><\/p>\n<\/td>\n<\/tr>\n<tr>\n<td><span>Funciones para compartir en Twitter (Twitter, Inc.)<\/span><\/td>\n<td><span>Cookies temporales y persistentes.&nbsp;Almacenamiento local del navegador.<\/span><\/td>\n<td>\n<p><span>* .twitter.comsyndication.twitter.com * .twimg.com<\/span><\/p>\n<p><span>cdn.syndication.twimg.com<\/span><\/p>\n<\/td>\n<td><span>A\u00f1os<\/span><\/td>\n<td>\n<p><span>Seguimiento de la ubicaci\u00f3n de la publicidad<\/span><\/p>\n<p><span>Compartir en redes sociales<\/span><\/p>\n<p><span>Transferencia de datos fuera de la UE<\/span><\/p>\n<\/td>\n<\/tr>\n<tr>\n<td><span>Funciones para compartir en redes sociales en Instagram (Instagram, LLC)<\/span><\/td>\n<td><span>Cookies temporales y persistentes.&nbsp;Almacenamiento local del navegador.<\/span><\/td>\n<td><span>instagram.com, cdninstagram.com, scontent.cdninstagram.com, etc.<\/span><\/td>\n<td><span>A\u00f1os<\/span><\/td>\n<td>\n<p><span>Seguimiento de la ubicaci\u00f3n de la publicidad<\/span><\/p>\n<p><span>Compartir en redes sociales<\/span><\/p>\n<p><span>Transferencia de datos fuera de la UE<\/span><\/p>\n<\/td>\n<\/tr>\n<tr>\n<td><span>Paypal (PayPal (Europa) S.\u00e0 rl et Cie, SCA) \/ PayPal, Inc<\/span><\/td>\n<td><span>Cookies temporales y persistentes (abc_switch_cross_paypal, AKDC, Apache, c, cookie_check, feel_cookie, flow_back_cookie, JSESSIONID, LANG, login_email, navcmd, s_sess, s_vi, SEGM, ts, X-PP-K, x-pp-p, x-pp -s, X-PP-SILOVER, cookies con nombres aleatorios, etc.) Almacenamiento local del nagegador Almacenamiento local de flash<\/span><\/td>\n<td><span>.dotomi.com, .mediaplex.com, .omtrdc.net, .paypal.com, .paypal.d1.sc.omtrdc.net, .stats.paypal.com, t.paypal.com, www.paypal.com, www.paypalobjects.com<\/span><\/td>\n<td>&nbsp;<\/td>\n<td>\n<p><span>T\u00e9cnicas de escaneo de autenticaci\u00f3n<\/span><\/p>\n<p><span>Publicidad<\/span><\/p>\n<p><span>Ubicaci\u00f3n<\/span><\/p>\n<p><span>Transferencia de datos fuera de la UE<\/span><\/p>\n<\/td>\n<\/tr>\n<\/tbody>\n<\/table>\n<p><strong><span>REVOCACI\u00d3N<\/span><\/strong><\/p>\n<p><span>En cualquier momento puede acceder a la configuraci\u00f3n de su navegador que regula la aceptaci\u00f3n o el rechazo de todas las cookies, o solo seleccionar aquellas cuya instalaci\u00f3n es admitida, siguiendo uno de los siguientes procedimientos, que depende del navegador que utilice:<\/span><\/p>\n<p><strong><span>Google Chrome<\/span><\/strong><span>&nbsp;(en el men\u00fa Herramientas):<\/span><\/p>\n<p><span>Configuraci\u00f3n&gt; Mostrar opciones avanzadas&gt; Privacidad (Configuraci\u00f3n de contenido)&gt; Cookies:&nbsp;<\/span><a href=\"https:\/\/translate.google.com\/translate?hl=es&amp;prev=_t&amp;sl=auto&amp;tl=es&amp;u=https:\/\/support.google.com\/chrome\/answer\/95647%3Fco%3DGENIE.Platform%253DDesktopandhl%3Des\"><span>https:\/\/support.google.com\/chrome\/answer\/95647?co=GENIE.Platform%3DDesktopandhl=es<\/span><\/a><\/p>\n<p><strong><span>Microsoft Internet Explorer<\/span><\/strong><span>&nbsp;(en el men\u00fa Herramientas):<\/span><\/p>\n<p><span>Opciones de Internet&gt; Privacidad&gt; Avanzado:&nbsp;<\/span><a href=\"https:\/\/translate.google.com\/translate?hl=es&amp;prev=_t&amp;sl=auto&amp;tl=es&amp;u=https:\/\/support.microsoft.com\/es-es\/help\/17442\/windows-internet-explorer-delete-manage-cookies\"><span>https:\/\/support.microsoft.com\/es-es\/help\/17442\/windows-internet-explorer-delete-manage-cookies<\/span><\/a><\/p>\n<p><strong><span>Firefox<\/span><\/strong><\/p>\n<p><span>Opciones&gt; Privacidad&gt; Cookies:&nbsp;<\/span><a href=\"https:\/\/translate.google.com\/translate?hl=es&amp;prev=_t&amp;sl=auto&amp;tl=es&amp;u=https:\/\/support.mozilla.org\/es\/kb\/habilitar-y-deshabilitar-cookies-sitios-web-rastrear-preferencias\"><span>https:\/\/support.mozilla.org\/es\/kb\/habilitar-y-deshabilitar-cookies-sitios-web-rastrear-preferencias<\/span><\/a><\/p>\n<p><strong><span>Safari, iPad y iPhone:<\/span><\/strong><\/p>\n<p><span>Preferencias&gt; Privacidad:&nbsp;<\/span><a href=\"https:\/\/translate.google.com\/translate?hl=es&amp;prev=_t&amp;sl=auto&amp;tl=es&amp;u=https:\/\/support.apple.com\/kb\/ph21411%3Flocale%3Des_ES\"><span>https:\/\/support.apple.com\/kb\/ph21411?locale=es_ES<\/span><\/a><\/p>\n<p><strong><span>\u00d3pera:<\/span><\/strong><\/p>\n<p><span>Configuraci\u00f3n&gt; Opciones&gt; Avanzado&gt; Cookies:&nbsp;<\/span><a href=\"https:\/\/translate.google.com\/translate?hl=es&amp;prev=_t&amp;sl=auto&amp;tl=es&amp;u=http:\/\/help.opera.com\/Windows\/12.00\/es-ES\/cookies.html\"><span>http:\/\/help.opera.com\/Windows\/12.00\/es-ES\/cookies.html<\/span><\/a><\/p>\n<p><span>Estos navegadores est\u00e1n sujetos a actualizaciones o modificaciones, por lo que no podemos garantizar que cumplan plenamente con la versi\u00f3n de su navegador.&nbsp;Tambi\u00e9n puede ser que utilice otro navegador no incluido en estos enlaces, como Konqueror, Arora, Flock, etc. Para evitar estos desajustes, puede acceder a la configuraci\u00f3n de Cookies directamente desde las opciones de su navegador, generalmente en el men\u00fa \u00abOpciones\u00bb en la secci\u00f3n \u00abPrivacidad\u00bb.&nbsp;(Consulte la ayuda de su navegador para obtener m\u00e1s informaci\u00f3n).<\/span><\/p>\n<p><strong><span>DESACTIVACI\u00d3N \/ ACTIVACI\u00d3N Y ELIMINACI\u00d3N DE COOKIES<\/span><\/strong><\/p>\n<p><span>Para restringir o bloquear las cookies, generalmente se modifica a trav\u00e9s de la configuraci\u00f3n del navegador.&nbsp;Si no desea que los sitios web coloquen cookies en su computadora, puede adaptar la configuraci\u00f3n de su navegador para que se le notifique antes de que se coloquen cookies.&nbsp;Del mismo modo, puede adaptar la configuraci\u00f3n para que el navegador rechace todas las cookies o solo las cookies de terceros.&nbsp;Tambi\u00e9n puede eliminar cualquiera de las cookies que ya est\u00e1n en la computadora.&nbsp;Tenga en cuenta que tendr\u00e1 que adaptar la configuraci\u00f3n de cada navegador y equipo que utilice por separado.<\/span><\/p>\n<p><span>Tenga en cuenta que si elige no recibir cookies, ya no podemos garantizar que nuestro sitio web funcionar\u00e1 correctamente.&nbsp;Algunas caracter\u00edsticas del sitio pueden perderse y es posible que ya no pueda ver ciertos sitios web.&nbsp;Adem\u00e1s, rechazar las cookies no significa que no vaya a ver anuncios.&nbsp;Los anuncios simplemente no se adaptar\u00e1n a sus intereses y se repetir\u00e1n con m\u00e1s frecuencia.<\/span><\/p>\n<p><span>Cada navegador tiene un m\u00e9todo diferente para adaptar las configuraciones de cookies.&nbsp;Si es necesario, consulte la funci\u00f3n de ayuda del navegador para establecer la configuraci\u00f3n correcta.<\/span><\/p>\n<p><span>Para deshabilitar las cookies en su tel\u00e9fono m\u00f3vil, consulte el manual del dispositivo para obtener m\u00e1s informaci\u00f3n.<\/span><\/p>\n<p><span>Puede obtener m\u00e1s informaci\u00f3n sobre las cookies en el siguiente sitio web de Internet:&nbsp;<\/span><a href=\"https:\/\/translate.google.com\/translate?hl=es&amp;prev=_t&amp;sl=auto&amp;tl=es&amp;u=http:\/\/www.aboutcookies.org\/\"><span>http:\/\/www.aboutcookies.org\/.<\/span><\/a><\/p>\n<p><span>Teniendo en cuenta la forma en que funcionan Internet y los sitios web, no siempre tenemos informaci\u00f3n sobre las cookies colocadas por terceros a trav\u00e9s de nuestro sitio web.&nbsp;Esto se aplica especialmente a los casos en que nuestro sitio web contiene lo que com\u00fanmente se denominan elementos integrados: textos, documentos, im\u00e1genes o cortometrajes que se almacenan en otro lugar, pero se muestran en nuestro sitio web o a trav\u00e9s de \u00e9l.<\/span><\/p>\n<p><span>Por lo tanto, si encuentra este tipo de cookies en este sitio web y que no figuran en la lista anterior, inf\u00f3rmenos.&nbsp;O comun\u00edquese directamente con el tercero para solicitar informaci\u00f3n sobre las cookies que coloca, el prop\u00f3sito y la duraci\u00f3n de la cookie, y c\u00f3mo se ha garantizado su privacidad.<\/span><\/p><div id=\"goog-gt-tt\" class=\"goog-tooltip skiptranslate\" dir=\"ltr\"><div class=\"bottom\">\n<\/div>\n<\/div>\t\t\t\t\t\t\t\t<\/div>\n\t\t\t\t<\/div>\n\t\t\t\t\t<\/div>\n\t\t<\/div>\n\t\t\t\t\t<\/div>\n\t\t<\/section>\n\t\t\t\t<section class=\"elementor-section elementor-top-section elementor-element elementor-element-651e171 elementor-section-boxed elementor-section-height-default elementor-section-height-default\" data-id=\"651e171\" data-element_type=\"section\" data-e-type=\"section\">\n\t\t\t\t\t\t<div class=\"elementor-container elementor-column-gap-default\">\n\t\t\t\t\t<div class=\"elementor-column elementor-col-100 elementor-top-column elementor-element elementor-element-0fc34d5\" data-id=\"0fc34d5\" data-element_type=\"column\" data-e-type=\"column\">\n\t\t\t<div class=\"elementor-widget-wrap elementor-element-populated\">\n\t\t\t\t\t\t<div class=\"elementor-element elementor-element-7b6ae82 elementor-widget elementor-widget-spacer\" data-id=\"7b6ae82\" data-element_type=\"widget\" data-e-type=\"widget\" data-widget_type=\"spacer.default\">\n\t\t\t\t<div class=\"elementor-widget-container\">\n\t\t\t\t\t\t\t<div class=\"elementor-spacer\">\n\t\t\t<div class=\"elementor-spacer-inner\"><\/div>\n\t\t<\/div>\n\t\t\t\t\t\t<\/div>\n\t\t\t\t<\/div>\n\t\t\t\t\t<\/div>\n\t\t<\/div>\n\t\t\t\t\t<\/div>\n\t\t<\/section>\n\t\t\t\t<\/div>\n\t\t","protected":false},"excerpt":{"rendered":"<p>Pol\u00edtica de cookies ANTECEDENTES De conformidad con la normativa espa\u00f1ola que rige el uso de cookies en relaci\u00f3n con la Prestaci\u00f3n de servicios de comunicaciones electr\u00f3nicas, establecida en el Real Decreto Ley 13\/2012 de 30 de marzo, le informamos sobre las cookies utilizadas en el sitio web de&nbsp;Sandra Benzal Vert&nbsp;( tambi\u00e9n el proveedor) y la &hellip; <\/p>\n<p class=\"link-more\"><a href=\"https:\/\/aguideinbarcelona.com\/es\/politica-de-cookies\/\" class=\"more-link\">Seguir leyendo<span class=\"screen-reader-text\"> \u00abPol\u00edtica de cookies\u00bb<\/span><\/a><\/p>\n","protected":false},"author":4,"featured_media":0,"parent":0,"menu_order":0,"comment_status":"closed","ping_status":"closed","template":"elementor_header_footer","meta":{"footnotes":""},"categories":[39],"tags":[],"class_list":["post-1191","page","type-page","status-publish","hentry","category-paginas","entry"],"_links":{"self":[{"href":"https:\/\/aguideinbarcelona.com\/es\/wp-json\/wp\/v2\/pages\/1191","targetHints":{"allow":["GET"]}}],"collection":[{"href":"https:\/\/aguideinbarcelona.com\/es\/wp-json\/wp\/v2\/pages"}],"about":[{"href":"https:\/\/aguideinbarcelona.com\/es\/wp-json\/wp\/v2\/types\/page"}],"author":[{"embeddable":true,"href":"https:\/\/aguideinbarcelona.com\/es\/wp-json\/wp\/v2\/users\/4"}],"replies":[{"embeddable":true,"href":"https:\/\/aguideinbarcelona.com\/es\/wp-json\/wp\/v2\/comments?post=1191"}],"version-history":[{"count":0,"href":"https:\/\/aguideinbarcelona.com\/es\/wp-json\/wp\/v2\/pages\/1191\/revisions"}],"wp:attachment":[{"href":"https:\/\/aguideinbarcelona.com\/es\/wp-json\/wp\/v2\/media?parent=1191"}],"wp:term":[{"taxonomy":"category","embeddable":true,"href":"https:\/\/aguideinbarcelona.com\/es\/wp-json\/wp\/v2\/categories?post=1191"},{"taxonomy":"post_tag","embeddable":true,"href":"https:\/\/aguideinbarcelona.com\/es\/wp-json\/wp\/v2\/tags?post=1191"}],"curies":[{"name":"wp","href":"https:\/\/api.w.org\/{rel}","templated":true}]}}