{"id":1222,"date":"2020-04-09T09:04:44","date_gmt":"2020-04-09T07:04:44","guid":{"rendered":"https:\/\/aguideinbarcelona.com\/?page_id=1222"},"modified":"2026-02-06T16:09:53","modified_gmt":"2026-02-06T15:09:53","slug":"tour-de-barcelona-dia-completo-8h","status":"publish","type":"page","link":"https:\/\/aguideinbarcelona.com\/es\/tour-de-barcelona-dia-completo-8h\/","title":{"rendered":"Tour de Barcelona d\u00eda completo 8h"},"content":{"rendered":"\t\t<div data-elementor-type=\"wp-page\" data-elementor-id=\"1222\" class=\"elementor elementor-1222\" data-elementor-post-type=\"page\">\n\t\t\t\t\t\t<section class=\"elementor-section elementor-top-section elementor-element elementor-element-613fe8ca elementor-section-boxed elementor-section-height-default elementor-section-height-default\" data-id=\"613fe8ca\" data-element_type=\"section\" data-e-type=\"section\">\n\t\t\t\t\t\t<div class=\"elementor-container elementor-column-gap-default\">\n\t\t\t\t\t<div class=\"elementor-column elementor-col-100 elementor-top-column elementor-element elementor-element-61652b88\" data-id=\"61652b88\" data-element_type=\"column\" data-e-type=\"column\">\n\t\t\t<div class=\"elementor-widget-wrap elementor-element-populated\">\n\t\t\t\t\t\t<section class=\"elementor-section elementor-inner-section elementor-element elementor-element-1c19221d elementor-section-boxed elementor-section-height-default elementor-section-height-default\" data-id=\"1c19221d\" data-element_type=\"section\" data-e-type=\"section\">\n\t\t\t\t\t\t<div class=\"elementor-container elementor-column-gap-default\">\n\t\t\t\t\t<div class=\"elementor-column elementor-col-50 elementor-inner-column elementor-element elementor-element-18466c25\" data-id=\"18466c25\" data-element_type=\"column\" data-e-type=\"column\">\n\t\t\t<div class=\"elementor-widget-wrap elementor-element-populated\">\n\t\t\t\t\t\t<div class=\"elementor-element elementor-element-55eac7d9 elementor-nav-menu--dropdown-none menu_izq elementor-widget elementor-widget-global elementor-global-607 elementor-widget-nav-menu\" data-id=\"55eac7d9\" data-element_type=\"widget\" data-e-type=\"widget\" data-settings=\"{&quot;layout&quot;:&quot;vertical&quot;,&quot;submenu_icon&quot;:{&quot;value&quot;:&quot;fas fa-caret-down&quot;,&quot;library&quot;:&quot;fa-solid&quot;}}\" data-widget_type=\"nav-menu.default\">\n\t\t\t\t<div class=\"elementor-widget-container\">\n\t\t\t\t\t\t\t\t<nav aria-label=\"Men\u00fa\" class=\"elementor-nav-menu--main elementor-nav-menu__container elementor-nav-menu--layout-vertical e--pointer-none\">\n\t\t\t\t<ul id=\"menu-1-55eac7d9\" class=\"elementor-nav-menu sm-vertical\"><li class=\"menu-item menu-item-type-custom menu-item-object-custom menu-item-968\"><a href=\"https:\/\/aguideinbarcelona.com\/es\/tours-en-barcelona\/\" class=\"elementor-item\"><span class=\"title_menu_tours\">TOURS EN BARCELONA:<span\/><\/a><\/li>\n<li class=\"menu-item menu-item-type-post_type menu-item-object-page menu-item-963\"><a href=\"https:\/\/aguideinbarcelona.com\/es\/la-barcelona-esencial-en-4-horas\/\" class=\"elementor-item\">La Barcelona esencial en 4 horas<\/a><\/li>\n<li class=\"menu-item menu-item-type-post_type menu-item-object-page menu-item-1325\"><a href=\"https:\/\/aguideinbarcelona.com\/es\/tour-gaudi-en-4-horas\/\" class=\"elementor-item\">Tour Gaud\u00ed en 4 Horas<\/a><\/li>\n<li class=\"menu-item menu-item-type-post_type menu-item-object-page menu-item-1324\"><a href=\"https:\/\/aguideinbarcelona.com\/es\/tour-del-barrio-gotico-3-o-4h\/\" class=\"elementor-item\">Tour del Barrio G\u00f3tico 3 o 4h<\/a><\/li>\n<li class=\"menu-item menu-item-type-post_type menu-item-object-page menu-item-1323\"><a href=\"https:\/\/aguideinbarcelona.com\/es\/tour-de-barcelona-dia-completo-8h\/\" class=\"elementor-item\">Tour de Barcelona d\u00eda completo 8h<\/a><\/li>\n<li class=\"menu-item menu-item-type-post_type menu-item-object-page menu-item-1327\"><a href=\"https:\/\/aguideinbarcelona.com\/es\/museo-picasso-y-cata-de-vinos-4h\/\" class=\"elementor-item\">Museo Picasso y cata de vinos 4h<\/a><\/li>\n<li class=\"menu-item menu-item-type-post_type menu-item-object-page menu-item-1322\"><a href=\"https:\/\/aguideinbarcelona.com\/es\/gaudi-y-cata-de-vinos-en-el-barrio-de-gracia-4h\/\" class=\"elementor-item\">Gaud\u00ed y cata de vinos en el barrio de Gr\u00e0cia 4h<\/a><\/li>\n<\/ul>\t\t\t<\/nav>\n\t\t\t\t\t\t<nav class=\"elementor-nav-menu--dropdown elementor-nav-menu__container\" aria-hidden=\"true\">\n\t\t\t\t<ul id=\"menu-2-55eac7d9\" class=\"elementor-nav-menu sm-vertical\"><li class=\"menu-item menu-item-type-custom menu-item-object-custom menu-item-968\"><a href=\"https:\/\/aguideinbarcelona.com\/es\/tours-en-barcelona\/\" class=\"elementor-item\" tabindex=\"-1\"><span class=\"title_menu_tours\">TOURS EN BARCELONA:<span\/><\/a><\/li>\n<li class=\"menu-item menu-item-type-post_type menu-item-object-page menu-item-963\"><a href=\"https:\/\/aguideinbarcelona.com\/es\/la-barcelona-esencial-en-4-horas\/\" class=\"elementor-item\" tabindex=\"-1\">La Barcelona esencial en 4 horas<\/a><\/li>\n<li class=\"menu-item menu-item-type-post_type menu-item-object-page menu-item-1325\"><a href=\"https:\/\/aguideinbarcelona.com\/es\/tour-gaudi-en-4-horas\/\" class=\"elementor-item\" tabindex=\"-1\">Tour Gaud\u00ed en 4 Horas<\/a><\/li>\n<li class=\"menu-item menu-item-type-post_type menu-item-object-page menu-item-1324\"><a href=\"https:\/\/aguideinbarcelona.com\/es\/tour-del-barrio-gotico-3-o-4h\/\" class=\"elementor-item\" tabindex=\"-1\">Tour del Barrio G\u00f3tico 3 o 4h<\/a><\/li>\n<li class=\"menu-item menu-item-type-post_type menu-item-object-page menu-item-1323\"><a href=\"https:\/\/aguideinbarcelona.com\/es\/tour-de-barcelona-dia-completo-8h\/\" class=\"elementor-item\" tabindex=\"-1\">Tour de Barcelona d\u00eda completo 8h<\/a><\/li>\n<li class=\"menu-item menu-item-type-post_type menu-item-object-page menu-item-1327\"><a href=\"https:\/\/aguideinbarcelona.com\/es\/museo-picasso-y-cata-de-vinos-4h\/\" class=\"elementor-item\" tabindex=\"-1\">Museo Picasso y cata de vinos 4h<\/a><\/li>\n<li class=\"menu-item menu-item-type-post_type menu-item-object-page menu-item-1322\"><a href=\"https:\/\/aguideinbarcelona.com\/es\/gaudi-y-cata-de-vinos-en-el-barrio-de-gracia-4h\/\" class=\"elementor-item\" tabindex=\"-1\">Gaud\u00ed y cata de vinos en el barrio de Gr\u00e0cia 4h<\/a><\/li>\n<\/ul>\t\t\t<\/nav>\n\t\t\t\t\t\t<\/div>\n\t\t\t\t<\/div>\n\t\t\t\t<div class=\"elementor-element elementor-element-15ecd4cb elementor-widget elementor-widget-spacer\" data-id=\"15ecd4cb\" data-element_type=\"widget\" data-e-type=\"widget\" data-widget_type=\"spacer.default\">\n\t\t\t\t<div class=\"elementor-widget-container\">\n\t\t\t\t\t\t\t<div class=\"elementor-spacer\">\n\t\t\t<div class=\"elementor-spacer-inner\"><\/div>\n\t\t<\/div>\n\t\t\t\t\t\t<\/div>\n\t\t\t\t<\/div>\n\t\t\t\t<div class=\"elementor-element elementor-element-b67549c elementor-align-center elementor-widget elementor-widget-button\" data-id=\"b67549c\" data-element_type=\"widget\" data-e-type=\"widget\" data-widget_type=\"button.default\">\n\t\t\t\t<div class=\"elementor-widget-container\">\n\t\t\t\t\t\t\t\t\t<div class=\"elementor-button-wrapper\">\n\t\t\t\t\t<a class=\"elementor-button elementor-button-link elementor-size-md\" href=\"https:\/\/aguideinbarcelona.com\/es\/contactar\/\">\n\t\t\t\t\t\t<span class=\"elementor-button-content-wrapper\">\n\t\t\t\t\t\t\t\t\t<span class=\"elementor-button-text\">Para reservar este tour cont\u00e1ctenos<\/span>\n\t\t\t\t\t<\/span>\n\t\t\t\t\t<\/a>\n\t\t\t\t<\/div>\n\t\t\t\t\t\t\t\t<\/div>\n\t\t\t\t<\/div>\n\t\t\t\t<div class=\"elementor-element elementor-element-178ef165 elementor-widget elementor-widget-spacer\" data-id=\"178ef165\" data-element_type=\"widget\" data-e-type=\"widget\" data-widget_type=\"spacer.default\">\n\t\t\t\t<div class=\"elementor-widget-container\">\n\t\t\t\t\t\t\t<div class=\"elementor-spacer\">\n\t\t\t<div class=\"elementor-spacer-inner\"><\/div>\n\t\t<\/div>\n\t\t\t\t\t\t<\/div>\n\t\t\t\t<\/div>\n\t\t\t\t\t<\/div>\n\t\t<\/div>\n\t\t\t\t<div class=\"elementor-column elementor-col-50 elementor-inner-column elementor-element elementor-element-74bb67eb\" data-id=\"74bb67eb\" data-element_type=\"column\" data-e-type=\"column\">\n\t\t\t<div class=\"elementor-widget-wrap elementor-element-populated\">\n\t\t\t\t\t\t<div class=\"elementor-element elementor-element-30fdc6f2 elementor-widget elementor-widget-text-editor\" data-id=\"30fdc6f2\" data-element_type=\"widget\" data-e-type=\"widget\" data-widget_type=\"text-editor.default\">\n\t\t\t\t<div class=\"elementor-widget-container\">\n\t\t\t\t\t\t\t\t\t<h3 style=\"text-align: center;\"><em><span style=\"color: #99ec00;\">Tour de Barcelona d\u00eda completo 8h<\/span><\/em><\/h3>\t\t\t\t\t\t\t\t<\/div>\n\t\t\t\t<\/div>\n\t\t\t\t<div class=\"elementor-element elementor-element-58ad35c5 elementor--h-position-center elementor--v-position-middle elementor-arrows-position-inside elementor-pagination-position-inside elementor-widget elementor-widget-slides\" data-id=\"58ad35c5\" data-element_type=\"widget\" data-e-type=\"widget\" data-settings=\"{&quot;navigation&quot;:&quot;both&quot;,&quot;autoplay&quot;:&quot;yes&quot;,&quot;pause_on_hover&quot;:&quot;yes&quot;,&quot;pause_on_interaction&quot;:&quot;yes&quot;,&quot;autoplay_speed&quot;:5000,&quot;infinite&quot;:&quot;yes&quot;,&quot;transition&quot;:&quot;slide&quot;,&quot;transition_speed&quot;:500}\" data-widget_type=\"slides.default\">\n\t\t\t\t<div class=\"elementor-widget-container\">\n\t\t\t\t\t\t\t\t\t<div class=\"elementor-swiper\">\n\t\t\t\t\t<div class=\"elementor-slides-wrapper elementor-main-swiper swiper\" role=\"region\" aria-roledescription=\"carousel\" aria-label=\"Diapositivas\" dir=\"ltr\" data-animation=\"fadeInUp\">\n\t\t\t\t<div class=\"swiper-wrapper elementor-slides\">\n\t\t\t\t\t\t\t\t\t\t<div class=\"elementor-repeater-item-972480f swiper-slide\" role=\"group\" aria-roledescription=\"slide\"><div class=\"swiper-slide-bg\" role=\"img\" aria-label=\"Las Ramblas de di\u0301a-1\"><\/div><div class=\"swiper-slide-inner\" ><div class=\"swiper-slide-contents\"><\/div><\/div><\/div>\t\t\t\t<\/div>\n\t\t\t\t\t\t\t<\/div>\n\t\t\t\t<\/div>\n\t\t\t\t\t\t\t\t<\/div>\n\t\t\t\t<\/div>\n\t\t\t\t<div class=\"elementor-element elementor-element-131c024d elementor-widget elementor-widget-text-editor\" data-id=\"131c024d\" data-element_type=\"widget\" data-e-type=\"widget\" data-widget_type=\"text-editor.default\">\n\t\t\t\t<div class=\"elementor-widget-container\">\n\t\t\t\t\t\t\t\t\t<p class=\"p1\" style=\"text-align: justify;\"><span class=\"s1\" style=\"color: #000000;\">\u00a1Descubra Barcelona en todos sus aspectos!<\/span><\/p><p class=\"p1\" style=\"text-align: justify;\"><span class=\"s1\" style=\"color: #000000;\">Enam\u00f3rese de la ciudad explorando al m\u00e1ximo <b>todos sus rincones emblem\u00e1ticos<\/b><span class=\"Apple-converted-space\">\u00a0 <\/span><b>en un<\/b> <b>d\u00eda completo<\/b>.<\/span><\/p><p class=\"p1\" style=\"text-align: justify;\"><span class=\"s1\" style=\"color: #000000;\">\u00a0Tienes dos opciones:<\/span><\/p><p class=\"p1\" style=\"text-align: justify;\"><span class=\"s1\" style=\"color: #000000;\">-Opci\u00f3n A: <b>8 horas<\/b> de servicio de autom\u00f3vil Mercedes con chofer + <b>8 horas<\/b> de servicio de gu\u00eda de turismo oficial.<\/span><\/p><p class=\"p1\" style=\"text-align: justify;\"><span class=\"s1\" style=\"color: #000000;\">-Opci\u00f3n B: <b>4 horas<\/b> de servicio de autom\u00f3vil Mercedes con chofer + <b>8 horas<\/b> de servicio de gu\u00eda.<\/span><\/p><p class=\"p1\" style=\"text-align: justify;\"><span class=\"s1\" style=\"color: #000000;\">\u00bfQue visitaremos?<\/span><\/p><p style=\"text-align: justify;\"><span class=\"s1\" style=\"color: #000000;\"><span class=\"s1\"><span class=\"s2\">\u2713 <\/span><\/span>Visita guiada de la <b>Sagrada Familia<\/b> (exterior e interior).<\/span><\/p><p style=\"text-align: justify;\"><span class=\"s1\" style=\"color: #000000;\"><span class=\"s1\"><span class=\"s2\">\u2713 <\/span><\/span>Visita guiada del <b>Parque G\u00fcell<\/b> (exterior e interior).<\/span><\/p><p style=\"text-align: justify;\"><span class=\"s1\" style=\"color: #000000;\"><b><span class=\"s1\"><span class=\"s2\">\u2713 <\/span><\/span>La Casa Mil\u00e0<\/b>, tambi\u00e9n conocida como <i>La Pedrera<\/i> exterior (visita interior opcional en lugar de la Sagrada Familia o del Parque G\u00fcell).<\/span><\/p><p style=\"text-align: justify;\"><span class=\"s1\" style=\"color: #000000;\"><span class=\"s1\"><span class=\"s2\">\u2713 <\/span><\/span>Exterior de <b>la Casa Batll\u00f3<\/b> (visita interior opcional en lugar de la Sagrada Familia o del Parque G\u00fcell).<\/span><\/p><p style=\"text-align: justify;\"><span class=\"s1\" style=\"color: #000000;\"><span class=\"s1\"><span class=\"s2\">\u2713 <\/span><\/span>La monta\u00f1a de <b>Montjuic<\/b> con las mejores vistas panor\u00e1micas de la ciudad y el <b>Estadio Ol\u00edmpico<\/b> de Barcelona de 1992.<\/span><\/p><p style=\"text-align: justify;\"><span class=\"s1\" style=\"color: #000000;\"><span class=\"s1\"><span class=\"s2\">\u2713 <\/span><\/span>El monumento a <b>Crist\u00f3bal Col\u00f3n<\/b>.<\/span><\/p><p style=\"text-align: justify;\"><span class=\"s1\" style=\"color: #000000;\"><span class=\"s1\"><span class=\"s2\">\u2713 <\/span><\/span>El famoso paseo de <b>Las Ramblas<\/b> y uno de los animados mercados de comida de Barcelona (<b>la Boquer\u00eda o Santa Caterina<\/b>).<\/span><\/p><p style=\"text-align: justify;\"><span class=\"s1\" style=\"color: #000000;\"><span class=\"s1\"><span class=\"s2\">\u2713 <\/span><\/span>Recorrido a pie por <b>el<\/b> <b>Barrio G\u00f3tico<\/b> <\/span><\/p><p style=\"text-align: justify;\"><span style=\"color: #000000;\"><span class=\"s1\"><span class=\"s1\" style=\"color: #000000;\"><span class=\"s2\">\u2713 <\/span><\/span>Barrio jud\u00edo conocido como <b><i>el Call<\/i><\/b>.<\/span><\/span><\/p>\t\t\t\t\t\t\t\t<\/div>\n\t\t\t\t<\/div>\n\t\t\t\t<div class=\"elementor-element elementor-element-45703b88 elementor-widget elementor-widget-text-editor\" data-id=\"45703b88\" data-element_type=\"widget\" data-e-type=\"widget\" data-widget_type=\"text-editor.default\">\n\t\t\t\t<div class=\"elementor-widget-container\">\n\t\t\t\t\t\t\t\t\t<p style=\"text-align: left;\"><span style=\"color: #99ec00;\"><strong>Precio del tour<\/strong>:<\/span><\/p>\n<p>\u2713 <span style=\"text-decoration: underline;\">Opci\u00f3n A<\/span>: 8 horas de servicio de coche con conductor + 8 horas de servicio de gu\u00eda 1202 \u20ac total para grupos de 3 a 6 personas; 1107\u20ac grupos de 1 a 2 pers.<\/p>\n<p>\u2713 <span style=\"text-decoration: underline;\">Opci\u00f3n B<\/span>: 4 horas de servicio de coche con conductor + 8 horas de servicio de gu\u00eda 934\u20ac total para grupos de 3 a 6 personas: 909\u20ac para grupos de 1 a 2 pers.&nbsp;<\/p>\n<p class=\"p1\"><span class=\"s1\">* <\/span><span class=\"s2\">Para grupos mayores solicite cotizaci\u00f3n<\/span><\/p>\n<p style=\"text-align: left;\"><span style=\"color: #99ec00;\"><strong>Duraci\u00f3n del tour:<\/strong><\/span> 8 horas.<\/p>\t\t\t\t\t\t\t\t<\/div>\n\t\t\t\t<\/div>\n\t\t\t\t<div class=\"elementor-element elementor-element-28fe2632 elementor-widget elementor-widget-text-editor\" data-id=\"28fe2632\" data-element_type=\"widget\" data-e-type=\"widget\" data-widget_type=\"text-editor.default\">\n\t\t\t\t<div class=\"elementor-widget-container\">\n\t\t\t\t\t\t\t\t\t<p class=\"p1\"><span class=\"s1\" style=\"color: #99ec00;\"><b>\u00bfQu\u00e9 incluye el precio del tour guiado en Barcelona al completo?<\/b><\/span><\/p><p><strong><span class=\"s1\"><span class=\"s2\">\u2713 <\/span>Coche o minivan Mercedes con chofer durante 4 u 8 horas (usted elige).<\/span><\/strong><\/p><p><strong><span class=\"s1\"><span class=\"s2\">\u2713 <\/span>Tour privado de 8 horas con un gu\u00eda tur\u00edstico oficial de Barcelona<\/span><\/strong><\/p><p><b>\u2713 Receptores individuales y auriculares de un solo uso<\/b> a trav\u00e9s del cual oir\u00e1n a\u00a0 la gu\u00eda hablando por su micr\u00f3fono.<\/p><p class=\"p2\"><span class=\"s1\">Evite colas en monumentos y museos: somos gu\u00edas oficiales y nuestra licencia nos da<span class=\"Apple-converted-space\">\u00a0 <\/span>preferencia en la entrada.<\/span><\/p><p class=\"p1\"><span class=\"s1\" style=\"color: #99ec00;\"><b>\u00bfQu\u00e9 excluye?<\/b><\/span><\/p><p><span class=\"s1\"><span class=\"s2\">\u2713 <\/span>Coste de entradas a los lugares de inter\u00e9s que lo requieran<\/span><\/p><p><span class=\"s1\"><span class=\"s2\">\u2713 <\/span><\/span>Comidas, refrigerios o bebidas.<\/p><p class=\"p1\"><span style=\"color: #99ec00;\"><span class=\"s3\"><span style=\"color: #ff0000;\">**<\/span> <\/span><span class=\"s1\"><b>Tenga en cuenta que<\/b><\/span><span class=\"s3\">:<\/span><\/span><\/p><p class=\"p2\"><span class=\"s1\">-Para entrar en la Bas\u00edlica Sagrada Familia, los hombros, el vientre y las rodillas deben estar cubiertos.<\/span><\/p><p class=\"p2\"><span class=\"s1\">-Para entrar en la catedral g\u00f3tica de Santa Eul\u00e0lia, deben cubrirse los hombros y las rodillas.<\/span><\/p><p class=\"p2\"><span class=\"s1\">-Domingo: no se permiten visitas en la Catedral de Santa Eul\u00e0lia y los mercados de alimentos est\u00e1n cerrados.<\/span><\/p>\t\t\t\t\t\t\t\t<\/div>\n\t\t\t\t<\/div>\n\t\t\t\t<div class=\"elementor-element elementor-element-e604617 elementor-align-center elementor-widget elementor-widget-button\" data-id=\"e604617\" data-element_type=\"widget\" data-e-type=\"widget\" data-widget_type=\"button.default\">\n\t\t\t\t<div class=\"elementor-widget-container\">\n\t\t\t\t\t\t\t\t\t<div class=\"elementor-button-wrapper\">\n\t\t\t\t\t<a class=\"elementor-button elementor-button-link elementor-size-xl\" href=\"https:\/\/aguideinbarcelona.com\/es\/contactar\/\">\n\t\t\t\t\t\t<span class=\"elementor-button-content-wrapper\">\n\t\t\t\t\t\t\t\t\t<span class=\"elementor-button-text\">Para reservar este tour cont\u00e1ctenos<\/span>\n\t\t\t\t\t<\/span>\n\t\t\t\t\t<\/a>\n\t\t\t\t<\/div>\n\t\t\t\t\t\t\t\t<\/div>\n\t\t\t\t<\/div>\n\t\t\t\t\t<\/div>\n\t\t<\/div>\n\t\t\t\t\t<\/div>\n\t\t<\/section>\n\t\t\t\t<div class=\"elementor-element elementor-element-11e460da elementor-widget elementor-widget-spacer\" data-id=\"11e460da\" data-element_type=\"widget\" data-e-type=\"widget\" data-widget_type=\"spacer.default\">\n\t\t\t\t<div class=\"elementor-widget-container\">\n\t\t\t\t\t\t\t<div class=\"elementor-spacer\">\n\t\t\t<div class=\"elementor-spacer-inner\"><\/div>\n\t\t<\/div>\n\t\t\t\t\t\t<\/div>\n\t\t\t\t<\/div>\n\t\t\t\t<div class=\"elementor-element elementor-element-30ae3f45 elementor-widget elementor-widget-gallery\" data-id=\"30ae3f45\" data-element_type=\"widget\" data-e-type=\"widget\" data-settings=\"{&quot;columns&quot;:3,&quot;lazyload&quot;:&quot;yes&quot;,&quot;gallery_layout&quot;:&quot;grid&quot;,&quot;columns_tablet&quot;:2,&quot;columns_mobile&quot;:1,&quot;gap&quot;:{&quot;unit&quot;:&quot;px&quot;,&quot;size&quot;:10,&quot;sizes&quot;:[]},&quot;gap_tablet&quot;:{&quot;unit&quot;:&quot;px&quot;,&quot;size&quot;:10,&quot;sizes&quot;:[]},&quot;gap_mobile&quot;:{&quot;unit&quot;:&quot;px&quot;,&quot;size&quot;:10,&quot;sizes&quot;:[]},&quot;link_to&quot;:&quot;file&quot;,&quot;aspect_ratio&quot;:&quot;3:2&quot;,&quot;overlay_background&quot;:&quot;yes&quot;,&quot;content_hover_animation&quot;:&quot;fade-in&quot;}\" data-widget_type=\"gallery.default\">\n\t\t\t\t<div class=\"elementor-widget-container\">\n\t\t\t\t\t\t\t<div class=\"elementor-gallery__container\">\n\t\t\t\t\t\t\t<a class=\"e-gallery-item elementor-gallery-item elementor-animated-content\" href=\"https:\/\/aguideinbarcelona.com\/wp-content\/uploads\/2020\/05\/quiosc-flors-Ramblas-2-scaled.jpg\" data-elementor-open-lightbox=\"yes\" data-elementor-lightbox-slideshow=\"30ae3f45\" data-elementor-lightbox-title=\"quiosc flors Ramblas-2\" data-e-action-hash=\"#elementor-action%3Aaction%3Dlightbox%26settings%3DeyJpZCI6MjcyMSwidXJsIjoiaHR0cHM6XC9cL2FndWlkZWluYmFyY2Vsb25hLmNvbVwvd3AtY29udGVudFwvdXBsb2Fkc1wvMjAyMFwvMDVcL3F1aW9zYy1mbG9ycy1SYW1ibGFzLTItc2NhbGVkLmpwZyIsInNsaWRlc2hvdyI6IjMwYWUzZjQ1In0%3D\">\n\t\t\t\t\t<div class=\"e-gallery-image elementor-gallery-item__image\" data-thumbnail=\"https:\/\/aguideinbarcelona.com\/wp-content\/uploads\/2020\/05\/quiosc-flors-Ramblas-2-768x512.jpg\" data-width=\"640\" data-height=\"427\" aria-label=\"\" role=\"img\" ><\/div>\n\t\t\t\t\t\t\t\t\t\t\t<div class=\"elementor-gallery-item__overlay\"><\/div>\n\t\t\t\t\t\t\t\t\t\t\t\t\t\t<\/a>\n\t\t\t\t\t\t\t<a class=\"e-gallery-item elementor-gallery-item elementor-animated-content\" href=\"https:\/\/aguideinbarcelona.com\/wp-content\/uploads\/2020\/05\/So\u0300nia-i-Sandra-3-1-scaled.jpg\" data-elementor-open-lightbox=\"yes\" data-elementor-lightbox-slideshow=\"30ae3f45\" data-elementor-lightbox-title=\"So\u0300nia i Sandra -3\" data-e-action-hash=\"#elementor-action%3Aaction%3Dlightbox%26settings%3DeyJpZCI6MjczMywidXJsIjoiaHR0cHM6XC9cL2FndWlkZWluYmFyY2Vsb25hLmNvbVwvd3AtY29udGVudFwvdXBsb2Fkc1wvMjAyMFwvMDVcL1NvXHUwMzAwbmlhLWktU2FuZHJhLTMtMS1zY2FsZWQuanBnIiwic2xpZGVzaG93IjoiMzBhZTNmNDUifQ%3D%3D\">\n\t\t\t\t\t<div class=\"e-gallery-image elementor-gallery-item__image\" data-thumbnail=\"https:\/\/aguideinbarcelona.com\/wp-content\/uploads\/2020\/05\/So\u0300nia-i-Sandra-3-1-768x577.jpg\" data-width=\"640\" data-height=\"481\" aria-label=\"\" role=\"img\" ><\/div>\n\t\t\t\t\t\t\t\t\t\t\t<div class=\"elementor-gallery-item__overlay\"><\/div>\n\t\t\t\t\t\t\t\t\t\t\t\t\t\t<\/a>\n\t\t\t\t\t\t\t<a class=\"e-gallery-item elementor-gallery-item elementor-animated-content\" href=\"https:\/\/aguideinbarcelona.com\/wp-content\/uploads\/2020\/05\/Sagrada-Familia-desde-carrer-mallorca-4-scaled.jpg\" data-elementor-open-lightbox=\"yes\" data-elementor-lightbox-slideshow=\"30ae3f45\" data-elementor-lightbox-title=\"Sagrada Familia desde carrer mallorca-4\" data-e-action-hash=\"#elementor-action%3Aaction%3Dlightbox%26settings%3DeyJpZCI6MjcyNCwidXJsIjoiaHR0cHM6XC9cL2FndWlkZWluYmFyY2Vsb25hLmNvbVwvd3AtY29udGVudFwvdXBsb2Fkc1wvMjAyMFwvMDVcL1NhZ3JhZGEtRmFtaWxpYS1kZXNkZS1jYXJyZXItbWFsbG9yY2EtNC1zY2FsZWQuanBnIiwic2xpZGVzaG93IjoiMzBhZTNmNDUifQ%3D%3D\">\n\t\t\t\t\t<div class=\"e-gallery-image elementor-gallery-item__image\" data-thumbnail=\"https:\/\/aguideinbarcelona.com\/wp-content\/uploads\/2020\/05\/Sagrada-Familia-desde-carrer-mallorca-4-768x512.jpg\" data-width=\"640\" data-height=\"427\" aria-label=\"\" role=\"img\" ><\/div>\n\t\t\t\t\t\t\t\t\t\t\t<div class=\"elementor-gallery-item__overlay\"><\/div>\n\t\t\t\t\t\t\t\t\t\t\t\t\t\t<\/a>\n\t\t\t\t\t\t\t<a class=\"e-gallery-item elementor-gallery-item elementor-animated-content\" href=\"https:\/\/aguideinbarcelona.com\/wp-content\/uploads\/2020\/05\/Voltes-i-columnes-Sagrada-Familia-5.jpg\" data-elementor-open-lightbox=\"yes\" data-elementor-lightbox-slideshow=\"30ae3f45\" data-elementor-lightbox-title=\"Voltes i columnes Sagrada Familia-5\" data-e-action-hash=\"#elementor-action%3Aaction%3Dlightbox%26settings%3DeyJpZCI6MjczMCwidXJsIjoiaHR0cHM6XC9cL2FndWlkZWluYmFyY2Vsb25hLmNvbVwvd3AtY29udGVudFwvdXBsb2Fkc1wvMjAyMFwvMDVcL1ZvbHRlcy1pLWNvbHVtbmVzLVNhZ3JhZGEtRmFtaWxpYS01LmpwZyIsInNsaWRlc2hvdyI6IjMwYWUzZjQ1In0%3D\">\n\t\t\t\t\t<div class=\"e-gallery-image elementor-gallery-item__image\" data-thumbnail=\"https:\/\/aguideinbarcelona.com\/wp-content\/uploads\/2020\/05\/Voltes-i-columnes-Sagrada-Familia-5-768x513.jpg\" data-width=\"640\" data-height=\"428\" aria-label=\"\" role=\"img\" ><\/div>\n\t\t\t\t\t\t\t\t\t\t\t<div class=\"elementor-gallery-item__overlay\"><\/div>\n\t\t\t\t\t\t\t\t\t\t\t\t\t\t<\/a>\n\t\t\t\t\t\t\t<a class=\"e-gallery-item elementor-gallery-item elementor-animated-content\" href=\"https:\/\/aguideinbarcelona.com\/wp-content\/uploads\/2020\/05\/Plac\u0327a-Espanya-i-Palau-Nacional-6.jpg\" data-elementor-open-lightbox=\"yes\" data-elementor-lightbox-slideshow=\"30ae3f45\" data-elementor-lightbox-title=\"Plac\u0327a Espanya i Palau Nacional-6\" data-e-action-hash=\"#elementor-action%3Aaction%3Dlightbox%26settings%3DeyJpZCI6MjcxNSwidXJsIjoiaHR0cHM6XC9cL2FndWlkZWluYmFyY2Vsb25hLmNvbVwvd3AtY29udGVudFwvdXBsb2Fkc1wvMjAyMFwvMDVcL1BsYWNcdTAzMjdhLUVzcGFueWEtaS1QYWxhdS1OYWNpb25hbC02LmpwZyIsInNsaWRlc2hvdyI6IjMwYWUzZjQ1In0%3D\">\n\t\t\t\t\t<div class=\"e-gallery-image elementor-gallery-item__image\" data-thumbnail=\"https:\/\/aguideinbarcelona.com\/wp-content\/uploads\/2020\/05\/Plac\u0327a-Espanya-i-Palau-Nacional-6-768x504.jpg\" data-width=\"640\" data-height=\"420\" aria-label=\"\" role=\"img\" ><\/div>\n\t\t\t\t\t\t\t\t\t\t\t<div class=\"elementor-gallery-item__overlay\"><\/div>\n\t\t\t\t\t\t\t\t\t\t\t\t\t\t<\/a>\n\t\t\t\t\t\t\t<a class=\"e-gallery-item elementor-gallery-item elementor-animated-content\" href=\"https:\/\/aguideinbarcelona.com\/wp-content\/uploads\/2020\/05\/Port-Vell-i-Barcelona-de-fons-7-scaled.jpg\" data-elementor-open-lightbox=\"yes\" data-elementor-lightbox-slideshow=\"30ae3f45\" data-elementor-lightbox-title=\"Port Vell i Barcelona de fons-7\" data-e-action-hash=\"#elementor-action%3Aaction%3Dlightbox%26settings%3DeyJpZCI6MjcxOCwidXJsIjoiaHR0cHM6XC9cL2FndWlkZWluYmFyY2Vsb25hLmNvbVwvd3AtY29udGVudFwvdXBsb2Fkc1wvMjAyMFwvMDVcL1BvcnQtVmVsbC1pLUJhcmNlbG9uYS1kZS1mb25zLTctc2NhbGVkLmpwZyIsInNsaWRlc2hvdyI6IjMwYWUzZjQ1In0%3D\">\n\t\t\t\t\t<div class=\"e-gallery-image elementor-gallery-item__image\" data-thumbnail=\"https:\/\/aguideinbarcelona.com\/wp-content\/uploads\/2020\/05\/Port-Vell-i-Barcelona-de-fons-7-768x512.jpg\" data-width=\"640\" data-height=\"427\" aria-label=\"\" role=\"img\" ><\/div>\n\t\t\t\t\t\t\t\t\t\t\t<div class=\"elementor-gallery-item__overlay\"><\/div>\n\t\t\t\t\t\t\t\t\t\t\t\t\t\t<\/a>\n\t\t\t\t\t<\/div>\n\t\t\t\t\t<\/div>\n\t\t\t\t<\/div>\n\t\t\t\t\t<\/div>\n\t\t<\/div>\n\t\t\t\t\t<\/div>\n\t\t<\/section>\n\t\t\t\t<\/div>\n\t\t","protected":false},"excerpt":{"rendered":"<p>Descubra la ciudad explorando al m\u00e1ximo todos sus rincones emblem\u00e1ticos  en un d\u00eda completo: Barrio G\u00f3tico, Gaud\u00ed, las Ramblas\u2026<\/p>\n","protected":false},"author":4,"featured_media":2712,"parent":0,"menu_order":0,"comment_status":"closed","ping_status":"closed","template":"elementor_header_footer","meta":{"footnotes":""},"categories":[30],"tags":[],"class_list":["post-1222","page","type-page","status-publish","has-post-thumbnail","hentry","category-tours-en-barcelona","entry"],"_links":{"self":[{"href":"https:\/\/aguideinbarcelona.com\/es\/wp-json\/wp\/v2\/pages\/1222","targetHints":{"allow":["GET"]}}],"collection":[{"href":"https:\/\/aguideinbarcelona.com\/es\/wp-json\/wp\/v2\/pages"}],"about":[{"href":"https:\/\/aguideinbarcelona.com\/es\/wp-json\/wp\/v2\/types\/page"}],"author":[{"embeddable":true,"href":"https:\/\/aguideinbarcelona.com\/es\/wp-json\/wp\/v2\/users\/4"}],"replies":[{"embeddable":true,"href":"https:\/\/aguideinbarcelona.com\/es\/wp-json\/wp\/v2\/comments?post=1222"}],"version-history":[{"count":6,"href":"https:\/\/aguideinbarcelona.com\/es\/wp-json\/wp\/v2\/pages\/1222\/revisions"}],"predecessor-version":[{"id":6078,"href":"https:\/\/aguideinbarcelona.com\/es\/wp-json\/wp\/v2\/pages\/1222\/revisions\/6078"}],"wp:featuredmedia":[{"embeddable":true,"href":"https:\/\/aguideinbarcelona.com\/es\/wp-json\/wp\/v2\/media\/2712"}],"wp:attachment":[{"href":"https:\/\/aguideinbarcelona.com\/es\/wp-json\/wp\/v2\/media?parent=1222"}],"wp:term":[{"taxonomy":"category","embeddable":true,"href":"https:\/\/aguideinbarcelona.com\/es\/wp-json\/wp\/v2\/categories?post=1222"},{"taxonomy":"post_tag","embeddable":true,"href":"https:\/\/aguideinbarcelona.com\/es\/wp-json\/wp\/v2\/tags?post=1222"}],"curies":[{"name":"wp","href":"https:\/\/api.w.org\/{rel}","templated":true}]}}