{"id":1224,"date":"2020-04-13T09:07:35","date_gmt":"2020-04-13T07:07:35","guid":{"rendered":"https:\/\/aguideinbarcelona.com\/?page_id=1224"},"modified":"2026-02-06T16:25:39","modified_gmt":"2026-02-06T15:25:39","slug":"gaudi-y-cata-de-vinos-en-el-barrio-de-gracia-4h","status":"publish","type":"page","link":"https:\/\/aguideinbarcelona.com\/es\/gaudi-y-cata-de-vinos-en-el-barrio-de-gracia-4h\/","title":{"rendered":"Gaud\u00ed y cata de vinos en el barrio de Gr\u00e0cia 4h"},"content":{"rendered":"\t\t<div data-elementor-type=\"wp-page\" data-elementor-id=\"1224\" class=\"elementor elementor-1224\" data-elementor-post-type=\"page\">\n\t\t\t\t\t\t<section class=\"elementor-section elementor-top-section elementor-element elementor-element-348a6a4b elementor-section-boxed elementor-section-height-default elementor-section-height-default\" data-id=\"348a6a4b\" data-element_type=\"section\" data-e-type=\"section\">\n\t\t\t\t\t\t<div class=\"elementor-container elementor-column-gap-default\">\n\t\t\t\t\t<div class=\"elementor-column elementor-col-100 elementor-top-column elementor-element elementor-element-5c3284a5\" data-id=\"5c3284a5\" data-element_type=\"column\" data-e-type=\"column\">\n\t\t\t<div class=\"elementor-widget-wrap elementor-element-populated\">\n\t\t\t\t\t\t<section class=\"elementor-section elementor-inner-section elementor-element elementor-element-55d221c elementor-section-boxed elementor-section-height-default elementor-section-height-default\" data-id=\"55d221c\" data-element_type=\"section\" data-e-type=\"section\">\n\t\t\t\t\t\t<div class=\"elementor-container elementor-column-gap-default\">\n\t\t\t\t\t<div class=\"elementor-column elementor-col-50 elementor-inner-column elementor-element elementor-element-69492853\" data-id=\"69492853\" data-element_type=\"column\" data-e-type=\"column\">\n\t\t\t<div class=\"elementor-widget-wrap elementor-element-populated\">\n\t\t\t\t\t\t<div class=\"elementor-element elementor-element-2dc6fafb elementor-nav-menu--dropdown-none menu_izq elementor-widget elementor-widget-global elementor-global-607 elementor-widget-nav-menu\" data-id=\"2dc6fafb\" data-element_type=\"widget\" data-e-type=\"widget\" data-settings=\"{&quot;layout&quot;:&quot;vertical&quot;,&quot;submenu_icon&quot;:{&quot;value&quot;:&quot;fas fa-caret-down&quot;,&quot;library&quot;:&quot;fa-solid&quot;}}\" data-widget_type=\"nav-menu.default\">\n\t\t\t\t<div class=\"elementor-widget-container\">\n\t\t\t\t\t\t\t\t<nav aria-label=\"Men\u00fa\" class=\"elementor-nav-menu--main elementor-nav-menu__container elementor-nav-menu--layout-vertical e--pointer-none\">\n\t\t\t\t<ul id=\"menu-1-2dc6fafb\" class=\"elementor-nav-menu sm-vertical\"><li class=\"menu-item menu-item-type-custom menu-item-object-custom menu-item-968\"><a href=\"https:\/\/aguideinbarcelona.com\/es\/tours-en-barcelona\/\" class=\"elementor-item\"><span class=\"title_menu_tours\">TOURS EN BARCELONA:<span\/><\/a><\/li>\n<li class=\"menu-item menu-item-type-post_type menu-item-object-page menu-item-963\"><a href=\"https:\/\/aguideinbarcelona.com\/es\/la-barcelona-esencial-en-4-horas\/\" class=\"elementor-item\">La Barcelona esencial en 4 horas<\/a><\/li>\n<li class=\"menu-item menu-item-type-post_type menu-item-object-page menu-item-1325\"><a href=\"https:\/\/aguideinbarcelona.com\/es\/tour-gaudi-en-4-horas\/\" class=\"elementor-item\">Tour Gaud\u00ed en 4 Horas<\/a><\/li>\n<li class=\"menu-item menu-item-type-post_type menu-item-object-page menu-item-1324\"><a href=\"https:\/\/aguideinbarcelona.com\/es\/tour-del-barrio-gotico-3-o-4h\/\" class=\"elementor-item\">Tour del Barrio G\u00f3tico 3 o 4h<\/a><\/li>\n<li class=\"menu-item menu-item-type-post_type menu-item-object-page menu-item-1323\"><a href=\"https:\/\/aguideinbarcelona.com\/es\/tour-de-barcelona-dia-completo-8h\/\" class=\"elementor-item\">Tour de Barcelona d\u00eda completo 8h<\/a><\/li>\n<li class=\"menu-item menu-item-type-post_type menu-item-object-page menu-item-1327\"><a href=\"https:\/\/aguideinbarcelona.com\/es\/museo-picasso-y-cata-de-vinos-4h\/\" class=\"elementor-item\">Museo Picasso y cata de vinos 4h<\/a><\/li>\n<li class=\"menu-item menu-item-type-post_type menu-item-object-page menu-item-1322\"><a href=\"https:\/\/aguideinbarcelona.com\/es\/gaudi-y-cata-de-vinos-en-el-barrio-de-gracia-4h\/\" class=\"elementor-item\">Gaud\u00ed y cata de vinos en el barrio de Gr\u00e0cia 4h<\/a><\/li>\n<\/ul>\t\t\t<\/nav>\n\t\t\t\t\t\t<nav class=\"elementor-nav-menu--dropdown elementor-nav-menu__container\" aria-hidden=\"true\">\n\t\t\t\t<ul id=\"menu-2-2dc6fafb\" class=\"elementor-nav-menu sm-vertical\"><li class=\"menu-item menu-item-type-custom menu-item-object-custom menu-item-968\"><a href=\"https:\/\/aguideinbarcelona.com\/es\/tours-en-barcelona\/\" class=\"elementor-item\" tabindex=\"-1\"><span class=\"title_menu_tours\">TOURS EN BARCELONA:<span\/><\/a><\/li>\n<li class=\"menu-item menu-item-type-post_type menu-item-object-page menu-item-963\"><a href=\"https:\/\/aguideinbarcelona.com\/es\/la-barcelona-esencial-en-4-horas\/\" class=\"elementor-item\" tabindex=\"-1\">La Barcelona esencial en 4 horas<\/a><\/li>\n<li class=\"menu-item menu-item-type-post_type menu-item-object-page menu-item-1325\"><a href=\"https:\/\/aguideinbarcelona.com\/es\/tour-gaudi-en-4-horas\/\" class=\"elementor-item\" tabindex=\"-1\">Tour Gaud\u00ed en 4 Horas<\/a><\/li>\n<li class=\"menu-item menu-item-type-post_type menu-item-object-page menu-item-1324\"><a href=\"https:\/\/aguideinbarcelona.com\/es\/tour-del-barrio-gotico-3-o-4h\/\" class=\"elementor-item\" tabindex=\"-1\">Tour del Barrio G\u00f3tico 3 o 4h<\/a><\/li>\n<li class=\"menu-item menu-item-type-post_type menu-item-object-page menu-item-1323\"><a href=\"https:\/\/aguideinbarcelona.com\/es\/tour-de-barcelona-dia-completo-8h\/\" class=\"elementor-item\" tabindex=\"-1\">Tour de Barcelona d\u00eda completo 8h<\/a><\/li>\n<li class=\"menu-item menu-item-type-post_type menu-item-object-page menu-item-1327\"><a href=\"https:\/\/aguideinbarcelona.com\/es\/museo-picasso-y-cata-de-vinos-4h\/\" class=\"elementor-item\" tabindex=\"-1\">Museo Picasso y cata de vinos 4h<\/a><\/li>\n<li class=\"menu-item menu-item-type-post_type menu-item-object-page menu-item-1322\"><a href=\"https:\/\/aguideinbarcelona.com\/es\/gaudi-y-cata-de-vinos-en-el-barrio-de-gracia-4h\/\" class=\"elementor-item\" tabindex=\"-1\">Gaud\u00ed y cata de vinos en el barrio de Gr\u00e0cia 4h<\/a><\/li>\n<\/ul>\t\t\t<\/nav>\n\t\t\t\t\t\t<\/div>\n\t\t\t\t<\/div>\n\t\t\t\t<div class=\"elementor-element elementor-element-7de8b34c elementor-widget elementor-widget-spacer\" data-id=\"7de8b34c\" data-element_type=\"widget\" data-e-type=\"widget\" data-widget_type=\"spacer.default\">\n\t\t\t\t<div class=\"elementor-widget-container\">\n\t\t\t\t\t\t\t<div class=\"elementor-spacer\">\n\t\t\t<div class=\"elementor-spacer-inner\"><\/div>\n\t\t<\/div>\n\t\t\t\t\t\t<\/div>\n\t\t\t\t<\/div>\n\t\t\t\t<div class=\"elementor-element elementor-element-6d05d952 elementor-align-center elementor-widget elementor-widget-button\" data-id=\"6d05d952\" data-element_type=\"widget\" data-e-type=\"widget\" data-widget_type=\"button.default\">\n\t\t\t\t<div class=\"elementor-widget-container\">\n\t\t\t\t\t\t\t\t\t<div class=\"elementor-button-wrapper\">\n\t\t\t\t\t<a class=\"elementor-button elementor-button-link elementor-size-md\" href=\"https:\/\/aguideinbarcelona.com\/es\/contactar\/\">\n\t\t\t\t\t\t<span class=\"elementor-button-content-wrapper\">\n\t\t\t\t\t\t\t\t\t<span class=\"elementor-button-text\">Para reservar este tour cont\u00e1ctenos<\/span>\n\t\t\t\t\t<\/span>\n\t\t\t\t\t<\/a>\n\t\t\t\t<\/div>\n\t\t\t\t\t\t\t\t<\/div>\n\t\t\t\t<\/div>\n\t\t\t\t<div class=\"elementor-element elementor-element-29c05aed elementor-widget elementor-widget-spacer\" data-id=\"29c05aed\" data-element_type=\"widget\" data-e-type=\"widget\" data-widget_type=\"spacer.default\">\n\t\t\t\t<div class=\"elementor-widget-container\">\n\t\t\t\t\t\t\t<div class=\"elementor-spacer\">\n\t\t\t<div class=\"elementor-spacer-inner\"><\/div>\n\t\t<\/div>\n\t\t\t\t\t\t<\/div>\n\t\t\t\t<\/div>\n\t\t\t\t\t<\/div>\n\t\t<\/div>\n\t\t\t\t<div class=\"elementor-column elementor-col-50 elementor-inner-column elementor-element elementor-element-10aad5e2\" data-id=\"10aad5e2\" data-element_type=\"column\" data-e-type=\"column\">\n\t\t\t<div class=\"elementor-widget-wrap elementor-element-populated\">\n\t\t\t\t\t\t<div class=\"elementor-element elementor-element-1d4489bc elementor-widget elementor-widget-text-editor\" data-id=\"1d4489bc\" data-element_type=\"widget\" data-e-type=\"widget\" data-widget_type=\"text-editor.default\">\n\t\t\t\t<div class=\"elementor-widget-container\">\n\t\t\t\t\t\t\t\t\t<h3 style=\"text-align: center;\"><em><span style=\"color: #99ec00;\">Gaud\u00ed y cata de vinos en el barrio de Gr\u00e0cia 4h<\/span><\/em><\/h3>\t\t\t\t\t\t\t\t<\/div>\n\t\t\t\t<\/div>\n\t\t\t\t<div class=\"elementor-element elementor-element-1333bd6 elementor--h-position-center elementor--v-position-middle elementor-arrows-position-inside elementor-pagination-position-inside elementor-widget elementor-widget-slides\" data-id=\"1333bd6\" data-element_type=\"widget\" data-e-type=\"widget\" data-settings=\"{&quot;navigation&quot;:&quot;both&quot;,&quot;autoplay&quot;:&quot;yes&quot;,&quot;pause_on_hover&quot;:&quot;yes&quot;,&quot;pause_on_interaction&quot;:&quot;yes&quot;,&quot;autoplay_speed&quot;:5000,&quot;infinite&quot;:&quot;yes&quot;,&quot;transition&quot;:&quot;slide&quot;,&quot;transition_speed&quot;:500}\" data-widget_type=\"slides.default\">\n\t\t\t\t<div class=\"elementor-widget-container\">\n\t\t\t\t\t\t\t\t\t<div class=\"elementor-swiper\">\n\t\t\t\t\t<div class=\"elementor-slides-wrapper elementor-main-swiper swiper\" role=\"region\" aria-roledescription=\"carousel\" aria-label=\"Diapositivas\" dir=\"ltr\" data-animation=\"fadeInUp\">\n\t\t\t\t<div class=\"swiper-wrapper elementor-slides\">\n\t\t\t\t\t\t\t\t\t\t<div class=\"elementor-repeater-item-972480f swiper-slide\" role=\"group\" aria-roledescription=\"slide\"><div class=\"swiper-slide-bg\" role=\"img\" aria-label=\"Casa Vicens-1\"><\/div><div class=\"swiper-slide-inner\" ><div class=\"swiper-slide-contents\"><\/div><\/div><\/div>\t\t\t\t<\/div>\n\t\t\t\t\t\t\t<\/div>\n\t\t\t\t<\/div>\n\t\t\t\t\t\t\t\t<\/div>\n\t\t\t\t<\/div>\n\t\t\t\t<div class=\"elementor-element elementor-element-3f2d7513 elementor-widget elementor-widget-text-editor\" data-id=\"3f2d7513\" data-element_type=\"widget\" data-e-type=\"widget\" data-widget_type=\"text-editor.default\">\n\t\t\t\t<div class=\"elementor-widget-container\">\n\t\t\t\t\t\t\t\t\t<p class=\"p1\" style=\"text-align: justify;\"><span class=\"s1\" style=\"color: #000000;\">Este es un recorrido apartado de las rutas m\u00e1s tur\u00edsticas de la ciudad: Gr\u00e0cia es uno de los barrios con m\u00e1s encanto y autenticidad de Barcelona<\/span><\/p><p class=\"p1\" style=\"text-align: justify;\"><span class=\"s1\" style=\"color: #000000;\"><b>D\u00e9jese sorprender<\/b> <b> escap\u00e1ndose con nosotras del centro de la ciudad, descubra un edificio no tan conocido de Gaud\u00ed, la Casa Vicens, y adem\u00e1s disfrute con una cata de vinos en unos de los barrios barceloneses m\u00e1s aut\u00e9nticos.<\/b><\/span><\/p><p class=\"p1\" style=\"text-align: justify;\"><span class=\"s1\" style=\"color: #000000;\"><b>Casa Vicens<\/b> fue <b>la primera obra importante de Antoni Gaud\u00ed en Barcelona.<\/b> Durante muchos a\u00f1os fue una maravilla gaudiniana para ser admirada s\u00f3lo desde el exterior ya que estuvo habitada hasta hace muy poco, hoy en d\u00eda est\u00e1 abierta a las visitas desde el 16 de noviembre de 2017.<\/span><\/p><p class=\"p1\" style=\"text-align: justify;\"><span class=\"s1\" style=\"color: #000000;\">En 1883, Manel Vicens i Montaner, un corredor de bolsa y de divisas, le confi\u00f3 al joven arquitecto Gaud\u00ed<span class=\"Apple-converted-space\">\u00a0 <\/span>el dise\u00f1o de su casa de jard\u00edn de verano en el antiguo pueblo de Gr\u00e0cia. Fue su primera obra maestra y<b> uno de los primeros edificios que inici\u00f3 el movimiento del Modernismo en Catalu\u00f1a <\/b>y Europa.<\/span><\/p><p class=\"p1\" style=\"text-align: justify;\"><span class=\"s1\" style=\"color: #000000;\">Nuestra visita guiada por Gracia la empezaremos en Casa Vicens, seguida de un paseo por las <b>callejuelas y plazas de Gr\u00e0cia<\/b>. El barrio tiene un ambiente de pueblo, y de hecho, era una ciudad independiente hasta que fue absorvido por la ciudad a finales del siglo XIX.<\/span><\/p><p class=\"p1\" style=\"text-align: justify;\"><span class=\"s1\" style=\"color: #000000;\"> La poblaci\u00f3n local es una mezcla diversa de hipsters, familias j\u00f3venes y ancianos. El tr\u00e1fico es m\u00ednimo, por lo que el vecindario se siente tranquilo y relajado, perfecto para pasear.<\/span><\/p><p class=\"p1\" style=\"text-align: justify;\"><span class=\"s1\" style=\"color: #000000;\">\u00a0Terminaremos el recorrido<span class=\"Apple-converted-space\">\u00a0 <\/span>en un acogedor bar de vinos donde yo misma, gu\u00eda tur\u00edstica oficial y a la vez sommelier, los guiar\u00e9 a trav\u00e9s de <b>la degustaci\u00f3n de 3 vinos catalanes diferentes<\/b> (un cava, uno blanco y un tinto, todos de diferentes denominaciones de origen catalanas). Tambi\u00e9n degustar\u00e1n <b>cuatro tipos diferentes de quesos con mermeladas y tostadas de pan junto con los vinos3<\/b><\/span><\/p>\t\t\t\t\t\t\t\t<\/div>\n\t\t\t\t<\/div>\n\t\t\t\t<div class=\"elementor-element elementor-element-b335902 elementor-widget elementor-widget-text-editor\" data-id=\"b335902\" data-element_type=\"widget\" data-e-type=\"widget\" data-widget_type=\"text-editor.default\">\n\t\t\t\t<div class=\"elementor-widget-container\">\n\t\t\t\t\t\t\t\t\t<p style=\"text-align: left;\"><span style=\"color: #974578;\"><strong>Price<\/strong>:<\/span><\/p>\n<ul class=\"ul1\" style=\"text-align: left;\">\n<li class=\"li1\"><span class=\"s2\">2 personas : 491\u20ac ( 245,5\u20ac \/ pax)<\/span><\/li>\n<li class=\"li1\"><span class=\"s2\">3 personas: 543\u20ac ( 181\u20ac\/ pax)<\/span><\/li>\n<li class=\"li1\"><span class=\"s2\">4 personas: 594\u20ac ( 148,5\u20ac \/ pax)<\/span><\/li>\n<li class=\"li1\"><span class=\"s2\">5 personas: 646\u20ac ( 129\u20ac \/ pax)<\/span><\/li>\n<li class=\"li1\"><span class=\"s2\">6 personas: 697\u20ac ( 116\u20ac \/ pax)<\/span><\/li>\n<li class=\"li1\"><span class=\"s2\">7 personas: 749\u20ac ( 107\u20ac \/ pax)<\/span><\/li>\n<li class=\"li1\"><span class=\"s2\">8 personas: 800\u20ac (100\u20ac \/ pax)<\/span><\/li>\n<\/ul>\n<p class=\"p1\"><span class=\"s2\">*N\u00famero de personas para el grupo: m\u00ednimo 2 personas m\u00e1ximo 8. Se pueden organizar otros tama\u00f1os de grupo bajo pedido.<\/span><\/p>\n<p style=\"text-align: left;\"><span style=\"color: #974578;\"><strong>Duraci\u00f3n del tour<\/strong>:<\/span> 4 horas<\/p>\t\t\t\t\t\t\t\t<\/div>\n\t\t\t\t<\/div>\n\t\t\t\t<div class=\"elementor-element elementor-element-67acdadc elementor-widget elementor-widget-text-editor\" data-id=\"67acdadc\" data-element_type=\"widget\" data-e-type=\"widget\" data-widget_type=\"text-editor.default\">\n\t\t\t\t<div class=\"elementor-widget-container\">\n\t\t\t\t\t\t\t\t\t<p class=\"p1\" style=\"text-align: justify;\"><span class=\"s2\" style=\"color: #974578;\"><b>Horario del tour<\/b><\/span><span class=\"s3\"><span style=\"color: #974578;\">:<\/span> De lunes a viernes de las 16 a las 20h (otras horas disponibles bajo petici\u00f3n).<\/span><\/p><p class=\"p1\" style=\"text-align: justify;\"><span class=\"s2\" style=\"color: #974578;\"><b>Punto de encuentro<\/b><\/span><span class=\"s3\"><span style=\"color: #974578;\">:<\/span> directamente en la Casa Vicens.<\/span><\/p><p style=\"text-align: justify;\"><span style=\"color: #974578;\"><b>El precio incluye:<\/b><\/span><\/p><p style=\"text-align: justify;\"><span class=\"s1\">\u2713 <b>Billetes de entrada a la<span class=\"Apple-converted-space\">\u00a0 <\/span>Casa Vicens<\/b>.<\/span><\/p><p style=\"text-align: justify;\"><span class=\"s1\">\u2713<b> Degustaci\u00f3n de 3 vinos + tostadas de pan + agua + 4 quesos + Mermeladas.<\/b><\/span><\/p><p style=\"text-align: justify;\"><span class=\"s1\">\u2713 \u00a0<b>Receptores individuales y auriculares de un solo uso<\/b> a trav\u00e9s del cual oir\u00e1n a\u00a0 la gu\u00eda hablando por su micr\u00f3fono en la visita de la Casa Vicens y en el recorrido por Gracia.<span class=\"Apple-converted-space\">\u00a0\u00a0<\/span><\/span><\/p><p style=\"text-align: justify;\"><span class=\"s1\">\u2713 <b>4 horas de tour con gu\u00eda de turismo oficial<span class=\"Apple-converted-space\">\u00a0 <\/span>y sumiller certificada.<\/b><\/span><\/p><p class=\"p1\" style=\"text-align: justify;\"><span style=\"color: #974578;\"><span class=\"s1\"><b>El precio excluye<\/b><\/span><span class=\"s2\">:<\/span><\/span><\/p><p style=\"text-align: justify;\"><span class=\"s1\">\u2713 Cualquier cosa no especificada en el p\u00e1rrafo anterior<\/span><\/p><p class=\"p1\" style=\"text-align: justify;\"><span class=\"s2\">**<\/span><span style=\"color: #974578;\"><span class=\"s1\"><b>Tenga en cuenta que<\/b><\/span><span class=\"s2\">:<\/span><\/span><\/p><p class=\"p2\" style=\"text-align: justify;\"><span class=\"s1\">\u2022 La edad m\u00ednima para beber es de 18 a\u00f1os, hay opciones de bebidas no alcoh\u00f3licas disponibles.<\/span><\/p><p class=\"p2\" style=\"text-align: justify;\"><span class=\"s1\">\u2022 Si tiene alguna alergia alimentaria o restricciones diet\u00e9ticas, inf\u00f3rmenos al hacer la reserva<\/span><\/p>\t\t\t\t\t\t\t\t<\/div>\n\t\t\t\t<\/div>\n\t\t\t\t<div class=\"elementor-element elementor-element-8d2edcf elementor-align-center elementor-widget elementor-widget-button\" data-id=\"8d2edcf\" data-element_type=\"widget\" data-e-type=\"widget\" data-widget_type=\"button.default\">\n\t\t\t\t<div class=\"elementor-widget-container\">\n\t\t\t\t\t\t\t\t\t<div class=\"elementor-button-wrapper\">\n\t\t\t\t\t<a class=\"elementor-button elementor-button-link elementor-size-xl\" href=\"https:\/\/aguideinbarcelona.com\/es\/contactar\/\">\n\t\t\t\t\t\t<span class=\"elementor-button-content-wrapper\">\n\t\t\t\t\t\t\t\t\t<span class=\"elementor-button-text\">Para reservar este tour cont\u00e1ctenos<\/span>\n\t\t\t\t\t<\/span>\n\t\t\t\t\t<\/a>\n\t\t\t\t<\/div>\n\t\t\t\t\t\t\t\t<\/div>\n\t\t\t\t<\/div>\n\t\t\t\t\t<\/div>\n\t\t<\/div>\n\t\t\t\t\t<\/div>\n\t\t<\/section>\n\t\t\t\t<div class=\"elementor-element elementor-element-138bd722 elementor-widget elementor-widget-spacer\" data-id=\"138bd722\" data-element_type=\"widget\" data-e-type=\"widget\" data-widget_type=\"spacer.default\">\n\t\t\t\t<div class=\"elementor-widget-container\">\n\t\t\t\t\t\t\t<div class=\"elementor-spacer\">\n\t\t\t<div class=\"elementor-spacer-inner\"><\/div>\n\t\t<\/div>\n\t\t\t\t\t\t<\/div>\n\t\t\t\t<\/div>\n\t\t\t\t<div class=\"elementor-element elementor-element-51a22ee9 elementor-widget elementor-widget-gallery\" data-id=\"51a22ee9\" data-element_type=\"widget\" data-e-type=\"widget\" data-settings=\"{&quot;columns&quot;:3,&quot;lazyload&quot;:&quot;yes&quot;,&quot;gallery_layout&quot;:&quot;grid&quot;,&quot;columns_tablet&quot;:2,&quot;columns_mobile&quot;:1,&quot;gap&quot;:{&quot;unit&quot;:&quot;px&quot;,&quot;size&quot;:10,&quot;sizes&quot;:[]},&quot;gap_tablet&quot;:{&quot;unit&quot;:&quot;px&quot;,&quot;size&quot;:10,&quot;sizes&quot;:[]},&quot;gap_mobile&quot;:{&quot;unit&quot;:&quot;px&quot;,&quot;size&quot;:10,&quot;sizes&quot;:[]},&quot;link_to&quot;:&quot;file&quot;,&quot;aspect_ratio&quot;:&quot;3:2&quot;,&quot;overlay_background&quot;:&quot;yes&quot;,&quot;content_hover_animation&quot;:&quot;fade-in&quot;}\" data-widget_type=\"gallery.default\">\n\t\t\t\t<div class=\"elementor-widget-container\">\n\t\t\t\t\t\t\t<div class=\"elementor-gallery__container\">\n\t\t\t\t\t\t\t<a class=\"e-gallery-item elementor-gallery-item elementor-animated-content\" href=\"https:\/\/aguideinbarcelona.com\/wp-content\/uploads\/2020\/05\/Xemeneies-i-reixa-Casa-Vicens-2-scaled.jpg\" data-elementor-open-lightbox=\"yes\" data-elementor-lightbox-slideshow=\"51a22ee9\" data-elementor-lightbox-title=\"Xemeneies i reixa Casa Vicens-2\" data-e-action-hash=\"#elementor-action%3Aaction%3Dlightbox%26settings%3DeyJpZCI6Mjc1NSwidXJsIjoiaHR0cHM6XC9cL2FndWlkZWluYmFyY2Vsb25hLmNvbVwvd3AtY29udGVudFwvdXBsb2Fkc1wvMjAyMFwvMDVcL1hlbWVuZWllcy1pLXJlaXhhLUNhc2EtVmljZW5zLTItc2NhbGVkLmpwZyIsInNsaWRlc2hvdyI6IjUxYTIyZWU5In0%3D\">\n\t\t\t\t\t<div class=\"e-gallery-image elementor-gallery-item__image\" data-thumbnail=\"https:\/\/aguideinbarcelona.com\/wp-content\/uploads\/2020\/05\/Xemeneies-i-reixa-Casa-Vicens-2-768x509.jpg\" data-width=\"640\" data-height=\"424\" aria-label=\"\" role=\"img\" ><\/div>\n\t\t\t\t\t\t\t\t\t\t\t<div class=\"elementor-gallery-item__overlay\"><\/div>\n\t\t\t\t\t\t\t\t\t\t\t\t\t\t<\/a>\n\t\t\t\t\t\t\t<a class=\"e-gallery-item elementor-gallery-item elementor-animated-content\" href=\"https:\/\/aguideinbarcelona.com\/wp-content\/uploads\/2020\/05\/Sonia-i-tieta-Casa-Vicens-3.jpg\" data-elementor-open-lightbox=\"yes\" data-elementor-lightbox-slideshow=\"51a22ee9\" data-elementor-lightbox-title=\"Sonia i tieta Casa Vicens-3\" data-e-action-hash=\"#elementor-action%3Aaction%3Dlightbox%26settings%3DeyJpZCI6Mjc1MiwidXJsIjoiaHR0cHM6XC9cL2FndWlkZWluYmFyY2Vsb25hLmNvbVwvd3AtY29udGVudFwvdXBsb2Fkc1wvMjAyMFwvMDVcL1NvbmlhLWktdGlldGEtQ2FzYS1WaWNlbnMtMy5qcGciLCJzbGlkZXNob3ciOiI1MWEyMmVlOSJ9\">\n\t\t\t\t\t<div class=\"e-gallery-image elementor-gallery-item__image\" data-thumbnail=\"https:\/\/aguideinbarcelona.com\/wp-content\/uploads\/2020\/05\/Sonia-i-tieta-Casa-Vicens-3-768x432.jpg\" data-width=\"640\" data-height=\"360\" aria-label=\"\" role=\"img\" ><\/div>\n\t\t\t\t\t\t\t\t\t\t\t<div class=\"elementor-gallery-item__overlay\"><\/div>\n\t\t\t\t\t\t\t\t\t\t\t\t\t\t<\/a>\n\t\t\t\t\t\t\t<a class=\"e-gallery-item elementor-gallery-item elementor-animated-content\" href=\"https:\/\/aguideinbarcelona.com\/wp-content\/uploads\/2020\/05\/Calle-de-Gracia-4.jpg\" data-elementor-open-lightbox=\"yes\" data-elementor-lightbox-slideshow=\"51a22ee9\" data-elementor-lightbox-title=\"Calle de Gracia-4\" data-e-action-hash=\"#elementor-action%3Aaction%3Dlightbox%26settings%3DeyJpZCI6Mjc0MywidXJsIjoiaHR0cHM6XC9cL2FndWlkZWluYmFyY2Vsb25hLmNvbVwvd3AtY29udGVudFwvdXBsb2Fkc1wvMjAyMFwvMDVcL0NhbGxlLWRlLUdyYWNpYS00LmpwZyIsInNsaWRlc2hvdyI6IjUxYTIyZWU5In0%3D\">\n\t\t\t\t\t<div class=\"e-gallery-image elementor-gallery-item__image\" data-thumbnail=\"https:\/\/aguideinbarcelona.com\/wp-content\/uploads\/2020\/05\/Calle-de-Gracia-4-768x447.jpg\" data-width=\"640\" data-height=\"373\" aria-label=\"\" role=\"img\" ><\/div>\n\t\t\t\t\t\t\t\t\t\t\t<div class=\"elementor-gallery-item__overlay\"><\/div>\n\t\t\t\t\t\t\t\t\t\t\t\t\t\t<\/a>\n\t\t\t\t\t\t\t<a class=\"e-gallery-item elementor-gallery-item elementor-animated-content\" href=\"https:\/\/aguideinbarcelona.com\/wp-content\/uploads\/2020\/05\/Balco\u0301n-con-flores-Gracia-5-scaled.jpg\" data-elementor-open-lightbox=\"yes\" data-elementor-lightbox-slideshow=\"51a22ee9\" data-elementor-lightbox-title=\"Balco\u0301n con flores Gracia-5\" data-e-action-hash=\"#elementor-action%3Aaction%3Dlightbox%26settings%3DeyJpZCI6MjczNywidXJsIjoiaHR0cHM6XC9cL2FndWlkZWluYmFyY2Vsb25hLmNvbVwvd3AtY29udGVudFwvdXBsb2Fkc1wvMjAyMFwvMDVcL0JhbGNvXHUwMzAxbi1jb24tZmxvcmVzLUdyYWNpYS01LXNjYWxlZC5qcGciLCJzbGlkZXNob3ciOiI1MWEyMmVlOSJ9\">\n\t\t\t\t\t<div class=\"e-gallery-image elementor-gallery-item__image\" data-thumbnail=\"https:\/\/aguideinbarcelona.com\/wp-content\/uploads\/2020\/05\/Balco\u0301n-con-flores-Gracia-5-768x512.jpg\" data-width=\"640\" data-height=\"427\" aria-label=\"\" role=\"img\" ><\/div>\n\t\t\t\t\t\t\t\t\t\t\t<div class=\"elementor-gallery-item__overlay\"><\/div>\n\t\t\t\t\t\t\t\t\t\t\t\t\t\t<\/a>\n\t\t\t\t\t\t\t<a class=\"e-gallery-item elementor-gallery-item elementor-animated-content\" href=\"https:\/\/aguideinbarcelona.com\/wp-content\/uploads\/2020\/05\/Brindis-vi-blanc-6-scaled.jpg\" data-elementor-open-lightbox=\"yes\" data-elementor-lightbox-slideshow=\"51a22ee9\" data-elementor-lightbox-title=\"Brindis vi blanc-6\" data-e-action-hash=\"#elementor-action%3Aaction%3Dlightbox%26settings%3DeyJpZCI6Mjc0MCwidXJsIjoiaHR0cHM6XC9cL2FndWlkZWluYmFyY2Vsb25hLmNvbVwvd3AtY29udGVudFwvdXBsb2Fkc1wvMjAyMFwvMDVcL0JyaW5kaXMtdmktYmxhbmMtNi1zY2FsZWQuanBnIiwic2xpZGVzaG93IjoiNTFhMjJlZTkifQ%3D%3D\">\n\t\t\t\t\t<div class=\"e-gallery-image elementor-gallery-item__image\" data-thumbnail=\"https:\/\/aguideinbarcelona.com\/wp-content\/uploads\/2020\/05\/Brindis-vi-blanc-6-768x512.jpg\" data-width=\"640\" data-height=\"427\" aria-label=\"\" role=\"img\" ><\/div>\n\t\t\t\t\t\t\t\t\t\t\t<div class=\"elementor-gallery-item__overlay\"><\/div>\n\t\t\t\t\t\t\t\t\t\t\t\t\t\t<\/a>\n\t\t\t\t\t\t\t<a class=\"e-gallery-item elementor-gallery-item elementor-animated-content\" href=\"https:\/\/aguideinbarcelona.com\/wp-content\/uploads\/2020\/05\/Interior-enoteca-7-scaled.jpg\" data-elementor-open-lightbox=\"yes\" data-elementor-lightbox-slideshow=\"51a22ee9\" data-elementor-lightbox-title=\"Interior enoteca-7\" data-e-action-hash=\"#elementor-action%3Aaction%3Dlightbox%26settings%3DeyJpZCI6Mjc0OSwidXJsIjoiaHR0cHM6XC9cL2FndWlkZWluYmFyY2Vsb25hLmNvbVwvd3AtY29udGVudFwvdXBsb2Fkc1wvMjAyMFwvMDVcL0ludGVyaW9yLWVub3RlY2EtNy1zY2FsZWQuanBnIiwic2xpZGVzaG93IjoiNTFhMjJlZTkifQ%3D%3D\">\n\t\t\t\t\t<div class=\"e-gallery-image elementor-gallery-item__image\" data-thumbnail=\"https:\/\/aguideinbarcelona.com\/wp-content\/uploads\/2020\/05\/Interior-enoteca-7-768x512.jpg\" data-width=\"640\" data-height=\"427\" aria-label=\"\" role=\"img\" ><\/div>\n\t\t\t\t\t\t\t\t\t\t\t<div class=\"elementor-gallery-item__overlay\"><\/div>\n\t\t\t\t\t\t\t\t\t\t\t\t\t\t<\/a>\n\t\t\t\t\t<\/div>\n\t\t\t\t\t<\/div>\n\t\t\t\t<\/div>\n\t\t\t\t\t<\/div>\n\t\t<\/div>\n\t\t\t\t\t<\/div>\n\t\t<\/section>\n\t\t\t\t<\/div>\n\t\t","protected":false},"excerpt":{"rendered":"<p>Explore el cautivador y aut\u00e9ntico barrio de Gr\u00e0cia, donde Gaud\u00ed construy\u00f3 una de sus primeras y menos conocidas obras: Casa Vicens. Al final disfruta de una cata de vinos en Barcelona.<\/p>\n","protected":false},"author":4,"featured_media":2746,"parent":0,"menu_order":0,"comment_status":"closed","ping_status":"closed","template":"elementor_header_footer","meta":{"footnotes":""},"categories":[30],"tags":[],"class_list":["post-1224","page","type-page","status-publish","has-post-thumbnail","hentry","category-tours-en-barcelona","entry"],"_links":{"self":[{"href":"https:\/\/aguideinbarcelona.com\/es\/wp-json\/wp\/v2\/pages\/1224","targetHints":{"allow":["GET"]}}],"collection":[{"href":"https:\/\/aguideinbarcelona.com\/es\/wp-json\/wp\/v2\/pages"}],"about":[{"href":"https:\/\/aguideinbarcelona.com\/es\/wp-json\/wp\/v2\/types\/page"}],"author":[{"embeddable":true,"href":"https:\/\/aguideinbarcelona.com\/es\/wp-json\/wp\/v2\/users\/4"}],"replies":[{"embeddable":true,"href":"https:\/\/aguideinbarcelona.com\/es\/wp-json\/wp\/v2\/comments?post=1224"}],"version-history":[{"count":11,"href":"https:\/\/aguideinbarcelona.com\/es\/wp-json\/wp\/v2\/pages\/1224\/revisions"}],"predecessor-version":[{"id":6085,"href":"https:\/\/aguideinbarcelona.com\/es\/wp-json\/wp\/v2\/pages\/1224\/revisions\/6085"}],"wp:featuredmedia":[{"embeddable":true,"href":"https:\/\/aguideinbarcelona.com\/es\/wp-json\/wp\/v2\/media\/2746"}],"wp:attachment":[{"href":"https:\/\/aguideinbarcelona.com\/es\/wp-json\/wp\/v2\/media?parent=1224"}],"wp:term":[{"taxonomy":"category","embeddable":true,"href":"https:\/\/aguideinbarcelona.com\/es\/wp-json\/wp\/v2\/categories?post=1224"},{"taxonomy":"post_tag","embeddable":true,"href":"https:\/\/aguideinbarcelona.com\/es\/wp-json\/wp\/v2\/tags?post=1224"}],"curies":[{"name":"wp","href":"https:\/\/api.w.org\/{rel}","templated":true}]}}