{"id":1328,"date":"2020-04-09T09:01:18","date_gmt":"2020-04-09T07:01:18","guid":{"rendered":"https:\/\/aguideinbarcelona.com\/?page_id=1328"},"modified":"2026-02-06T18:59:57","modified_gmt":"2026-02-06T17:59:57","slug":"cata-de-vinos-privada-2h","status":"publish","type":"page","link":"https:\/\/aguideinbarcelona.com\/es\/cata-de-vinos-privada-2h\/","title":{"rendered":"Cata de vinos privada 2h"},"content":{"rendered":"\t\t<div data-elementor-type=\"wp-page\" data-elementor-id=\"1328\" class=\"elementor elementor-1328\" data-elementor-post-type=\"page\">\n\t\t\t\t\t\t<section class=\"elementor-section elementor-top-section elementor-element elementor-element-79c9c0b6 elementor-section-boxed elementor-section-height-default elementor-section-height-default\" data-id=\"79c9c0b6\" data-element_type=\"section\" data-e-type=\"section\">\n\t\t\t\t\t\t<div class=\"elementor-container elementor-column-gap-default\">\n\t\t\t\t\t<div class=\"elementor-column elementor-col-100 elementor-top-column elementor-element elementor-element-3b524081\" data-id=\"3b524081\" data-element_type=\"column\" data-e-type=\"column\">\n\t\t\t<div class=\"elementor-widget-wrap elementor-element-populated\">\n\t\t\t\t\t\t<section class=\"elementor-section elementor-inner-section elementor-element elementor-element-7f5be94b elementor-section-boxed elementor-section-height-default elementor-section-height-default\" data-id=\"7f5be94b\" data-element_type=\"section\" data-e-type=\"section\">\n\t\t\t\t\t\t<div class=\"elementor-container elementor-column-gap-default\">\n\t\t\t\t\t<div class=\"elementor-column elementor-col-50 elementor-inner-column elementor-element elementor-element-23c2b33d\" data-id=\"23c2b33d\" data-element_type=\"column\" data-e-type=\"column\">\n\t\t\t<div class=\"elementor-widget-wrap elementor-element-populated\">\n\t\t\t\t\t\t<div class=\"elementor-element elementor-element-2a899ffc elementor-nav-menu--dropdown-none menu_izq elementor-widget elementor-widget-global elementor-global-638 elementor-widget-nav-menu\" data-id=\"2a899ffc\" data-element_type=\"widget\" data-e-type=\"widget\" data-settings=\"{&quot;layout&quot;:&quot;vertical&quot;,&quot;submenu_icon&quot;:{&quot;value&quot;:&quot;fas fa-caret-down&quot;,&quot;library&quot;:&quot;fa-solid&quot;}}\" data-widget_type=\"nav-menu.default\">\n\t\t\t\t<div class=\"elementor-widget-container\">\n\t\t\t\t\t\t\t\t<nav aria-label=\"Men\u00fa\" class=\"elementor-nav-menu--main elementor-nav-menu__container elementor-nav-menu--layout-vertical e--pointer-none\">\n\t\t\t\t<ul id=\"menu-1-2a899ffc\" class=\"elementor-nav-menu sm-vertical\"><li class=\"menu-item menu-item-type-custom menu-item-object-custom menu-item-966\"><a href=\"https:\/\/aguideinbarcelona.com\/es\/tours-de-vinos\/\" class=\"elementor-item\"><span class=\"title_menu_tours\">TOURS DE VINOS:<\/span><\/a><\/li>\n<li class=\"menu-item menu-item-type-post_type menu-item-object-page menu-item-1375\"><a href=\"https:\/\/aguideinbarcelona.com\/es\/cata-de-vinos-privada-2h\/\" class=\"elementor-item\">Cata de vinos privada 2h<\/a><\/li>\n<li class=\"menu-item menu-item-type-post_type menu-item-object-page menu-item-1370\"><a href=\"https:\/\/aguideinbarcelona.com\/es\/cata-de-jamon-iberico-y-vino-en-barcelona-2h-1-2\/\" class=\"elementor-item\">Cata de jam\u00f3n ib\u00e9rico y vino en Barcelona 2h 1\/2<\/a><\/li>\n<li class=\"menu-item menu-item-type-post_type menu-item-object-page menu-item-1371\"><a href=\"https:\/\/aguideinbarcelona.com\/es\/penedes-4-horas-1-2\/\" class=\"elementor-item\">Pened\u00e8s 4 horas 1\/2<\/a><\/li>\n<li class=\"menu-item menu-item-type-post_type menu-item-object-page menu-item-1373\"><a href=\"https:\/\/aguideinbarcelona.com\/es\/penedes-con-almuerzo-9h\/\" class=\"elementor-item\">Pened\u00e8s con almuerzo 9h.<\/a><\/li>\n<li class=\"menu-item menu-item-type-post_type menu-item-object-page menu-item-1374\"><a href=\"https:\/\/aguideinbarcelona.com\/es\/penedes-con-4-x-4-en-9h\/\" class=\"elementor-item\">Pened\u00e8s con 4 \u00d7 4 en 9h.<\/a><\/li>\n<li class=\"menu-item menu-item-type-post_type menu-item-object-page menu-item-1369\"><a href=\"https:\/\/aguideinbarcelona.com\/es\/priorat-10-horas\/\" class=\"elementor-item\">Priorat 10 horas<\/a><\/li>\n<li class=\"menu-item menu-item-type-post_type menu-item-object-page menu-item-1372\"><a href=\"https:\/\/aguideinbarcelona.com\/es\/emporda-y-costa-brava-10-horas\/\" class=\"elementor-item\">Empord\u00e0 y Costa Brava 10 horas<\/a><\/li>\n<li class=\"menu-item menu-item-type-post_type menu-item-object-page menu-item-1368\"><a href=\"https:\/\/aguideinbarcelona.com\/es\/alella-3-4-horas\/\" class=\"elementor-item\">Alella 3-4 horas<\/a><\/li>\n<\/ul>\t\t\t<\/nav>\n\t\t\t\t\t\t<nav class=\"elementor-nav-menu--dropdown elementor-nav-menu__container\" aria-hidden=\"true\">\n\t\t\t\t<ul id=\"menu-2-2a899ffc\" class=\"elementor-nav-menu sm-vertical\"><li class=\"menu-item menu-item-type-custom menu-item-object-custom menu-item-966\"><a href=\"https:\/\/aguideinbarcelona.com\/es\/tours-de-vinos\/\" class=\"elementor-item\" tabindex=\"-1\"><span class=\"title_menu_tours\">TOURS DE VINOS:<\/span><\/a><\/li>\n<li class=\"menu-item menu-item-type-post_type menu-item-object-page menu-item-1375\"><a href=\"https:\/\/aguideinbarcelona.com\/es\/cata-de-vinos-privada-2h\/\" class=\"elementor-item\" tabindex=\"-1\">Cata de vinos privada 2h<\/a><\/li>\n<li class=\"menu-item menu-item-type-post_type menu-item-object-page menu-item-1370\"><a href=\"https:\/\/aguideinbarcelona.com\/es\/cata-de-jamon-iberico-y-vino-en-barcelona-2h-1-2\/\" class=\"elementor-item\" tabindex=\"-1\">Cata de jam\u00f3n ib\u00e9rico y vino en Barcelona 2h 1\/2<\/a><\/li>\n<li class=\"menu-item menu-item-type-post_type menu-item-object-page menu-item-1371\"><a href=\"https:\/\/aguideinbarcelona.com\/es\/penedes-4-horas-1-2\/\" class=\"elementor-item\" tabindex=\"-1\">Pened\u00e8s 4 horas 1\/2<\/a><\/li>\n<li class=\"menu-item menu-item-type-post_type menu-item-object-page menu-item-1373\"><a href=\"https:\/\/aguideinbarcelona.com\/es\/penedes-con-almuerzo-9h\/\" class=\"elementor-item\" tabindex=\"-1\">Pened\u00e8s con almuerzo 9h.<\/a><\/li>\n<li class=\"menu-item menu-item-type-post_type menu-item-object-page menu-item-1374\"><a href=\"https:\/\/aguideinbarcelona.com\/es\/penedes-con-4-x-4-en-9h\/\" class=\"elementor-item\" tabindex=\"-1\">Pened\u00e8s con 4 \u00d7 4 en 9h.<\/a><\/li>\n<li class=\"menu-item menu-item-type-post_type menu-item-object-page menu-item-1369\"><a href=\"https:\/\/aguideinbarcelona.com\/es\/priorat-10-horas\/\" class=\"elementor-item\" tabindex=\"-1\">Priorat 10 horas<\/a><\/li>\n<li class=\"menu-item menu-item-type-post_type menu-item-object-page menu-item-1372\"><a href=\"https:\/\/aguideinbarcelona.com\/es\/emporda-y-costa-brava-10-horas\/\" class=\"elementor-item\" tabindex=\"-1\">Empord\u00e0 y Costa Brava 10 horas<\/a><\/li>\n<li class=\"menu-item menu-item-type-post_type menu-item-object-page menu-item-1368\"><a href=\"https:\/\/aguideinbarcelona.com\/es\/alella-3-4-horas\/\" class=\"elementor-item\" tabindex=\"-1\">Alella 3-4 horas<\/a><\/li>\n<\/ul>\t\t\t<\/nav>\n\t\t\t\t\t\t<\/div>\n\t\t\t\t<\/div>\n\t\t\t\t<div class=\"elementor-element elementor-element-a13ec6b elementor-widget elementor-widget-spacer\" data-id=\"a13ec6b\" data-element_type=\"widget\" data-e-type=\"widget\" data-widget_type=\"spacer.default\">\n\t\t\t\t<div class=\"elementor-widget-container\">\n\t\t\t\t\t\t\t<div class=\"elementor-spacer\">\n\t\t\t<div class=\"elementor-spacer-inner\"><\/div>\n\t\t<\/div>\n\t\t\t\t\t\t<\/div>\n\t\t\t\t<\/div>\n\t\t\t\t<div class=\"elementor-element elementor-element-0d7a719 elementor-align-center elementor-widget elementor-widget-button\" data-id=\"0d7a719\" data-element_type=\"widget\" data-e-type=\"widget\" data-widget_type=\"button.default\">\n\t\t\t\t<div class=\"elementor-widget-container\">\n\t\t\t\t\t\t\t\t\t<div class=\"elementor-button-wrapper\">\n\t\t\t\t\t<a class=\"elementor-button elementor-button-link elementor-size-md\" href=\"https:\/\/aguideinbarcelona.com\/es\/contactar\/\">\n\t\t\t\t\t\t<span class=\"elementor-button-content-wrapper\">\n\t\t\t\t\t\t\t\t\t<span class=\"elementor-button-text\">Para reservar este tour cont\u00e1ctenos<\/span>\n\t\t\t\t\t<\/span>\n\t\t\t\t\t<\/a>\n\t\t\t\t<\/div>\n\t\t\t\t\t\t\t\t<\/div>\n\t\t\t\t<\/div>\n\t\t\t\t\t<\/div>\n\t\t<\/div>\n\t\t\t\t<div class=\"elementor-column elementor-col-50 elementor-inner-column elementor-element elementor-element-30038e0b\" data-id=\"30038e0b\" data-element_type=\"column\" data-e-type=\"column\">\n\t\t\t<div class=\"elementor-widget-wrap elementor-element-populated\">\n\t\t\t\t\t\t<div class=\"elementor-element elementor-element-24aa8b25 elementor-widget elementor-widget-text-editor\" data-id=\"24aa8b25\" data-element_type=\"widget\" data-e-type=\"widget\" data-widget_type=\"text-editor.default\">\n\t\t\t\t<div class=\"elementor-widget-container\">\n\t\t\t\t\t\t\t\t\t<h3 style=\"text-align: center;\"><span style=\"color: #974578;\"><i>Cata de vinos privada 2h<\/i><\/span><\/h3>\t\t\t\t\t\t\t\t<\/div>\n\t\t\t\t<\/div>\n\t\t\t\t<div class=\"elementor-element elementor-element-8b7b2b6 elementor--h-position-center elementor--v-position-middle elementor-arrows-position-inside elementor-pagination-position-inside elementor-widget elementor-widget-slides\" data-id=\"8b7b2b6\" data-element_type=\"widget\" data-e-type=\"widget\" data-settings=\"{&quot;navigation&quot;:&quot;both&quot;,&quot;autoplay&quot;:&quot;yes&quot;,&quot;pause_on_hover&quot;:&quot;yes&quot;,&quot;pause_on_interaction&quot;:&quot;yes&quot;,&quot;autoplay_speed&quot;:5000,&quot;infinite&quot;:&quot;yes&quot;,&quot;transition&quot;:&quot;slide&quot;,&quot;transition_speed&quot;:500}\" data-widget_type=\"slides.default\">\n\t\t\t\t<div class=\"elementor-widget-container\">\n\t\t\t\t\t\t\t\t\t<div class=\"elementor-swiper\">\n\t\t\t\t\t<div class=\"elementor-slides-wrapper elementor-main-swiper swiper\" role=\"region\" aria-roledescription=\"carousel\" aria-label=\"Diapositivas\" dir=\"ltr\" data-animation=\"fadeInUp\">\n\t\t\t\t<div class=\"swiper-wrapper elementor-slides\">\n\t\t\t\t\t\t\t\t\t\t<div class=\"elementor-repeater-item-972480f swiper-slide\" role=\"group\" aria-roledescription=\"slide\"><div class=\"swiper-slide-bg\" role=\"img\" aria-label=\"copa vi negre i formatge i pernil-1\"><\/div><div class=\"swiper-slide-inner\" ><div class=\"swiper-slide-contents\"><\/div><\/div><\/div>\t\t\t\t<\/div>\n\t\t\t\t\t\t\t<\/div>\n\t\t\t\t<\/div>\n\t\t\t\t\t\t\t\t<\/div>\n\t\t\t\t<\/div>\n\t\t\t\t<div class=\"elementor-element elementor-element-32922622 elementor-widget elementor-widget-text-editor\" data-id=\"32922622\" data-element_type=\"widget\" data-e-type=\"widget\" data-widget_type=\"text-editor.default\">\n\t\t\t\t<div class=\"elementor-widget-container\">\n\t\t\t\t\t\t\t\t\t<p class=\"p1\" style=\"text-align: center;\"><strong><span class=\"s1\" style=\"color: #974578;\"><i>Recorra 4 diferentes denominaciones de origen a trav\u00e9s de la cata de sus vinos<\/i><\/span><\/strong><\/p><p class=\"p2\" style=\"text-align: justify;\"><span class=\"s1\"><b>Usted es una de esas personas para las que descubrir una nueva cultura y pa\u00eds significa tambi\u00e9n degustar su comida aut\u00f3ctona y beber los vinos de la zona visitada<\/b>.<\/span><\/p><p class=\"p2\" style=\"text-align: justify;\"><span class=\"s1\">En el caso de Catalu\u00f1a tenemos 11 diferentes denominaciones de origen de vino m\u00e1s la denominaci\u00f3n de origen Cava, nuestro conocido vino espumoso elaborado con el m\u00e9todo tradicional Champenoise. <\/span><\/p><p class=\"p2\" style=\"text-align: justify;\"><span class=\"s1\"> \u00bfQu\u00e9 diferencias hay entre un vino tinto del Priorat y uno del Montsant? , entre un cava y un champagne?, entre un vino blanco monovarietal de la uva Xarel-lo del Pened\u00e9s y uno de garnacha blanca de la Terra Alta &#8230; ? Perm\u00edtanme compartir con ustedes una tarde enogastron\u00f3mica en nuestra enoteca favorita del casco antiguo de Barcelona; <b>descubramos juntos<\/b> <b>el fascinante mundo del vino a trav\u00e9s de<span class=\"Apple-converted-space\">\u00a0 <\/span>una cata privada de vinos catalanes\/ espa\u00f1oles.<\/b><\/span><\/p><p class=\"p2\" style=\"text-align: justify;\"><span class=\"s2\" style=\"color: #974578;\"><b> Descripci\u00f3n de la actividad<\/b><\/span><span class=\"s1\"><span style=\"color: #974578;\">:<\/span> Como sommelier les guiar\u00e9 a trav\u00e9s de la cata de 4 vinos de denominaciones de origen catalanas diferentes acompa\u00f1\u00e1ndolos con una peque\u00f1a selecci\u00f3n de 3 quesos y tostaditas de pan.<\/span><\/p>\t\t\t\t\t\t\t\t<\/div>\n\t\t\t\t<\/div>\n\t\t\t\t<div class=\"elementor-element elementor-element-da3e25f elementor-widget elementor-widget-text-editor\" data-id=\"da3e25f\" data-element_type=\"widget\" data-e-type=\"widget\" data-widget_type=\"text-editor.default\">\n\t\t\t\t<div class=\"elementor-widget-container\">\n\t\t\t\t\t\t\t\t\t<p style=\"text-align: left;\"><span style=\"color: #974578;\"><strong>Precios de la actividad: <\/strong><\/span><\/p><ul style=\"text-align: left;\"><li>2 personas : 359\u20ac (179,5 \u20ac \/ pers.)<\/li><li>3 personas: 412 \u20ac (137,3 \u20ac \/ pers.)<\/li><li>4 personas: 464 \u20ac (116 \u20ac \/ pers.)<\/li><li>5 personas: 517 \u20ac (103,4 \u20ac \/ pers.)<\/li><li>6 personas: 569 \u20ac (94,83 \u20ac \/ pers.)<\/li><li>7 personas: 622 \u20ac (89 \u20ac \/ pers.)<\/li><li>8 personas: 674\u20ac (84,2 \u20ac \/ pers.)<\/li><\/ul><p class=\"p1\"><span class=\"s2\">*M\u00ednimo 2 personas m\u00e1ximo 8 (para m\u00e1s personas solicite presupuesto).<\/span><\/p><p style=\"text-align: left;\"><span style=\"color: #974578;\"><strong>Duraci\u00f3n de la cata<\/strong>:<\/span> 2 horas.<\/p>\t\t\t\t\t\t\t\t<\/div>\n\t\t\t\t<\/div>\n\t\t\t\t<div class=\"elementor-element elementor-element-2f0aac9 elementor-widget elementor-widget-text-editor\" data-id=\"2f0aac9\" data-element_type=\"widget\" data-e-type=\"widget\" data-widget_type=\"text-editor.default\">\n\t\t\t\t<div class=\"elementor-widget-container\">\n\t\t\t\t\t\t\t\t\t<p class=\"p1\"><span style=\"color: #974578;\"><span class=\"s1\"><b>El precio incluye<\/b><\/span><span class=\"s2\">:<\/span><\/span><\/p><p><span class=\"s1\"><b><span style=\"font-size: 16px;\">\u2713 <\/span>Cata privada guiada<\/b> <strong>de 4 vinos catalanes\/ espa\u00f1oles + agua.<\/strong><\/span><\/p><p><span class=\"s1\"><b><span style=\"font-size: 16px;\">\u2713\u00a0 Degustaci\u00f3n<\/span><\/b>\u00a0<strong>de 3 quesos con tostaditas.<\/strong><\/span><\/p><p><span class=\"s1\"><b><span style=\"font-size: 16px;\">\u2713 <\/span><\/b><span style=\"font-size: 16px;\">\u00a0<\/span><b>Sommelier certificado.<\/b><\/span><\/p><p class=\"p4\"><span class=\"s1\">*Si prefieren una selecci\u00f3n de vinos de diferentes denominaciones de origen espa\u00f1olas en vez de s\u00f3lo catalanas, podemos hacerlo. El precio puede cambiar.<\/span><\/p><p class=\"p2\"><span class=\"s4\" style=\"color: #974578;\"><b>Horario de la actividad<\/b><\/span><span class=\"s1\"><span style=\"color: #974578;\">:<\/span> de mi\u00e9rcoles a viernes de las 18h a las 20h<span class=\"Apple-converted-space\">\u00a0 <\/span>(el horario se puede cambiar bajo solicitud y si nuestra enoteca tiene disponibilidad de espacio).<\/span><\/p><p class=\"p1\"><span class=\"s2\">**<\/span><strong><span style=\"color: #974578;\"><span class=\"s1\">Tenga en cuenta <\/span><\/span><span style=\"color: #974578;\"><span class=\"s1\">que<\/span><\/span><\/strong><span style=\"color: #974578;\"><span class=\"s2\">:<\/span><\/span><\/p><p class=\"p2\"><span class=\"s1\">-La edad m\u00ednima para beber es de 18 a\u00f1os, hay opciones de bebidas no alcoh\u00f3licas disponibles.<\/span><\/p><p class=\"p2\"><span class=\"s1\">-Si tiene alguna alergia alimentaria o restricciones diet\u00e9ticas, inf\u00f3rmenos al hacer la reserva.<\/span><\/p>\t\t\t\t\t\t\t\t<\/div>\n\t\t\t\t<\/div>\n\t\t\t\t<div class=\"elementor-element elementor-element-fbe006b elementor-align-center elementor-widget elementor-widget-button\" data-id=\"fbe006b\" data-element_type=\"widget\" data-e-type=\"widget\" data-widget_type=\"button.default\">\n\t\t\t\t<div class=\"elementor-widget-container\">\n\t\t\t\t\t\t\t\t\t<div class=\"elementor-button-wrapper\">\n\t\t\t\t\t<a class=\"elementor-button elementor-button-link elementor-size-xl\" href=\"https:\/\/aguideinbarcelona.com\/es\/contactar\/\">\n\t\t\t\t\t\t<span class=\"elementor-button-content-wrapper\">\n\t\t\t\t\t\t\t\t\t<span class=\"elementor-button-text\">Para reservar este tour cont\u00e1ctenos<\/span>\n\t\t\t\t\t<\/span>\n\t\t\t\t\t<\/a>\n\t\t\t\t<\/div>\n\t\t\t\t\t\t\t\t<\/div>\n\t\t\t\t<\/div>\n\t\t\t\t\t<\/div>\n\t\t<\/div>\n\t\t\t\t\t<\/div>\n\t\t<\/section>\n\t\t\t\t<div class=\"elementor-element elementor-element-5939afd4 elementor-widget elementor-widget-spacer\" data-id=\"5939afd4\" data-element_type=\"widget\" data-e-type=\"widget\" data-widget_type=\"spacer.default\">\n\t\t\t\t<div class=\"elementor-widget-container\">\n\t\t\t\t\t\t\t<div class=\"elementor-spacer\">\n\t\t\t<div class=\"elementor-spacer-inner\"><\/div>\n\t\t<\/div>\n\t\t\t\t\t\t<\/div>\n\t\t\t\t<\/div>\n\t\t\t\t<div class=\"elementor-element elementor-element-f6e2843 elementor-widget elementor-widget-gallery\" data-id=\"f6e2843\" data-element_type=\"widget\" data-e-type=\"widget\" data-settings=\"{&quot;columns&quot;:3,&quot;lazyload&quot;:&quot;yes&quot;,&quot;gallery_layout&quot;:&quot;grid&quot;,&quot;columns_tablet&quot;:2,&quot;columns_mobile&quot;:1,&quot;gap&quot;:{&quot;unit&quot;:&quot;px&quot;,&quot;size&quot;:10,&quot;sizes&quot;:[]},&quot;gap_tablet&quot;:{&quot;unit&quot;:&quot;px&quot;,&quot;size&quot;:10,&quot;sizes&quot;:[]},&quot;gap_mobile&quot;:{&quot;unit&quot;:&quot;px&quot;,&quot;size&quot;:10,&quot;sizes&quot;:[]},&quot;link_to&quot;:&quot;file&quot;,&quot;aspect_ratio&quot;:&quot;3:2&quot;,&quot;overlay_background&quot;:&quot;yes&quot;,&quot;content_hover_animation&quot;:&quot;fade-in&quot;}\" data-widget_type=\"gallery.default\">\n\t\t\t\t<div class=\"elementor-widget-container\">\n\t\t\t\t\t\t\t<div class=\"elementor-gallery__container\">\n\t\t\t\t\t\t\t<a class=\"e-gallery-item elementor-gallery-item elementor-animated-content\" href=\"https:\/\/aguideinbarcelona.com\/wp-content\/uploads\/2020\/05\/Cata-de-vinos-2-1.jpg\" data-elementor-open-lightbox=\"yes\" data-elementor-lightbox-slideshow=\"f6e2843\" data-elementor-lightbox-title=\"Cata de vinos-2\" data-e-action-hash=\"#elementor-action%3Aaction%3Dlightbox%26settings%3DeyJpZCI6MzE0MCwidXJsIjoiaHR0cHM6XC9cL2FndWlkZWluYmFyY2Vsb25hLmNvbVwvd3AtY29udGVudFwvdXBsb2Fkc1wvMjAyMFwvMDVcL0NhdGEtZGUtdmlub3MtMi0xLmpwZyIsInNsaWRlc2hvdyI6ImY2ZTI4NDMifQ%3D%3D\">\n\t\t\t\t\t<div class=\"e-gallery-image elementor-gallery-item__image\" data-thumbnail=\"https:\/\/aguideinbarcelona.com\/wp-content\/uploads\/2020\/05\/Cata-de-vinos-2-1-300x208.jpg\" data-width=\"300\" data-height=\"208\" aria-label=\"\" role=\"img\" ><\/div>\n\t\t\t\t\t\t\t\t\t\t\t<div class=\"elementor-gallery-item__overlay\"><\/div>\n\t\t\t\t\t\t\t\t\t\t\t\t\t\t<\/a>\n\t\t\t\t\t\t\t<a class=\"e-gallery-item elementor-gallery-item elementor-animated-content\" href=\"https:\/\/aguideinbarcelona.com\/wp-content\/uploads\/2020\/05\/Mujer-catando-3-1.jpg\" data-elementor-open-lightbox=\"yes\" data-elementor-lightbox-slideshow=\"f6e2843\" data-elementor-lightbox-title=\"Mujer catando-3\" data-e-action-hash=\"#elementor-action%3Aaction%3Dlightbox%26settings%3DeyJpZCI6MzE1NSwidXJsIjoiaHR0cHM6XC9cL2FndWlkZWluYmFyY2Vsb25hLmNvbVwvd3AtY29udGVudFwvdXBsb2Fkc1wvMjAyMFwvMDVcL011amVyLWNhdGFuZG8tMy0xLmpwZyIsInNsaWRlc2hvdyI6ImY2ZTI4NDMifQ%3D%3D\">\n\t\t\t\t\t<div class=\"e-gallery-image elementor-gallery-item__image\" data-thumbnail=\"https:\/\/aguideinbarcelona.com\/wp-content\/uploads\/2020\/05\/Mujer-catando-3-1-300x200.jpg\" data-width=\"300\" data-height=\"200\" aria-label=\"\" role=\"img\" ><\/div>\n\t\t\t\t\t\t\t\t\t\t\t<div class=\"elementor-gallery-item__overlay\"><\/div>\n\t\t\t\t\t\t\t\t\t\t\t\t\t\t<\/a>\n\t\t\t\t\t\t\t<a class=\"e-gallery-item elementor-gallery-item elementor-animated-content\" href=\"https:\/\/aguideinbarcelona.com\/wp-content\/uploads\/2020\/05\/Catando-con-Anna-4-1-scaled.jpg\" data-elementor-open-lightbox=\"yes\" data-elementor-lightbox-slideshow=\"f6e2843\" data-elementor-lightbox-title=\"Catando con Anna -4\" data-e-action-hash=\"#elementor-action%3Aaction%3Dlightbox%26settings%3DeyJpZCI6MzE0MywidXJsIjoiaHR0cHM6XC9cL2FndWlkZWluYmFyY2Vsb25hLmNvbVwvd3AtY29udGVudFwvdXBsb2Fkc1wvMjAyMFwvMDVcL0NhdGFuZG8tY29uLUFubmEtNC0xLXNjYWxlZC5qcGciLCJzbGlkZXNob3ciOiJmNmUyODQzIn0%3D\">\n\t\t\t\t\t<div class=\"e-gallery-image elementor-gallery-item__image\" data-thumbnail=\"https:\/\/aguideinbarcelona.com\/wp-content\/uploads\/2020\/05\/Catando-con-Anna-4-1-300x225.jpg\" data-width=\"300\" data-height=\"225\" aria-label=\"\" role=\"img\" ><\/div>\n\t\t\t\t\t\t\t\t\t\t\t<div class=\"elementor-gallery-item__overlay\"><\/div>\n\t\t\t\t\t\t\t\t\t\t\t\t\t\t<\/a>\n\t\t\t\t\t\t\t<a class=\"e-gallery-item elementor-gallery-item elementor-animated-content\" href=\"https:\/\/aguideinbarcelona.com\/wp-content\/uploads\/2020\/05\/botellas-vino-5-1-scaled.jpg\" data-elementor-open-lightbox=\"yes\" data-elementor-lightbox-slideshow=\"f6e2843\" data-elementor-lightbox-title=\"botellas vino -5\" data-e-action-hash=\"#elementor-action%3Aaction%3Dlightbox%26settings%3DeyJpZCI6MzEzNywidXJsIjoiaHR0cHM6XC9cL2FndWlkZWluYmFyY2Vsb25hLmNvbVwvd3AtY29udGVudFwvdXBsb2Fkc1wvMjAyMFwvMDVcL2JvdGVsbGFzLXZpbm8tNS0xLXNjYWxlZC5qcGciLCJzbGlkZXNob3ciOiJmNmUyODQzIn0%3D\">\n\t\t\t\t\t<div class=\"e-gallery-image elementor-gallery-item__image\" data-thumbnail=\"https:\/\/aguideinbarcelona.com\/wp-content\/uploads\/2020\/05\/botellas-vino-5-1-300x225.jpg\" data-width=\"300\" data-height=\"225\" aria-label=\"\" role=\"img\" ><\/div>\n\t\t\t\t\t\t\t\t\t\t\t<div class=\"elementor-gallery-item__overlay\"><\/div>\n\t\t\t\t\t\t\t\t\t\t\t\t\t\t<\/a>\n\t\t\t\t\t\t\t<a class=\"e-gallery-item elementor-gallery-item elementor-animated-content\" href=\"https:\/\/aguideinbarcelona.com\/wp-content\/uploads\/2020\/05\/Llenando-copa-de-vino-rosado-6-1-scaled.jpg\" data-elementor-open-lightbox=\"yes\" data-elementor-lightbox-slideshow=\"f6e2843\" data-elementor-lightbox-title=\"Llenando copa de vino rosado-6\" data-e-action-hash=\"#elementor-action%3Aaction%3Dlightbox%26settings%3DeyJpZCI6MzE1MiwidXJsIjoiaHR0cHM6XC9cL2FndWlkZWluYmFyY2Vsb25hLmNvbVwvd3AtY29udGVudFwvdXBsb2Fkc1wvMjAyMFwvMDVcL0xsZW5hbmRvLWNvcGEtZGUtdmluby1yb3NhZG8tNi0xLXNjYWxlZC5qcGciLCJzbGlkZXNob3ciOiJmNmUyODQzIn0%3D\">\n\t\t\t\t\t<div class=\"e-gallery-image elementor-gallery-item__image\" data-thumbnail=\"https:\/\/aguideinbarcelona.com\/wp-content\/uploads\/2020\/05\/Llenando-copa-de-vino-rosado-6-1-200x300.jpg\" data-width=\"200\" data-height=\"300\" aria-label=\"\" role=\"img\" ><\/div>\n\t\t\t\t\t\t\t\t\t\t\t<div class=\"elementor-gallery-item__overlay\"><\/div>\n\t\t\t\t\t\t\t\t\t\t\t\t\t\t<\/a>\n\t\t\t\t\t\t\t<a class=\"e-gallery-item elementor-gallery-item elementor-animated-content\" href=\"https:\/\/aguideinbarcelona.com\/wp-content\/uploads\/2020\/05\/Copa-y-botella-tinto-Emporda\u0300-7-1.jpg\" data-elementor-open-lightbox=\"yes\" data-elementor-lightbox-slideshow=\"f6e2843\" data-elementor-lightbox-title=\"Copa y botella tinto Emporda\u0300 7\" data-e-action-hash=\"#elementor-action%3Aaction%3Dlightbox%26settings%3DeyJpZCI6MzE0OSwidXJsIjoiaHR0cHM6XC9cL2FndWlkZWluYmFyY2Vsb25hLmNvbVwvd3AtY29udGVudFwvdXBsb2Fkc1wvMjAyMFwvMDVcL0NvcGEteS1ib3RlbGxhLXRpbnRvLUVtcG9yZGFcdTAzMDAtNy0xLmpwZyIsInNsaWRlc2hvdyI6ImY2ZTI4NDMifQ%3D%3D\">\n\t\t\t\t\t<div class=\"e-gallery-image elementor-gallery-item__image\" data-thumbnail=\"https:\/\/aguideinbarcelona.com\/wp-content\/uploads\/2020\/05\/Copa-y-botella-tinto-Emporda\u0300-7-1-300x200.jpg\" data-width=\"300\" data-height=\"200\" aria-label=\"\" role=\"img\" ><\/div>\n\t\t\t\t\t\t\t\t\t\t\t<div class=\"elementor-gallery-item__overlay\"><\/div>\n\t\t\t\t\t\t\t\t\t\t\t\t\t\t<\/a>\n\t\t\t\t\t<\/div>\n\t\t\t\t\t<\/div>\n\t\t\t\t<\/div>\n\t\t\t\t\t<\/div>\n\t\t<\/div>\n\t\t\t\t\t<\/div>\n\t\t<\/section>\n\t\t\t\t<\/div>\n\t\t","protected":false},"excerpt":{"rendered":"<p>Para reservar este tour cont\u00e1ctenos Cata de vinos privada 2h Recorra 4 diferentes denominaciones de origen a trav\u00e9s de la cata de sus vinos Usted es una de esas personas para las que descubrir una nueva cultura y pa\u00eds significa tambi\u00e9n degustar su comida aut\u00f3ctona y beber los vinos de la zona visitada. En el &hellip; <\/p>\n<p class=\"link-more\"><a href=\"https:\/\/aguideinbarcelona.com\/es\/cata-de-vinos-privada-2h\/\" class=\"more-link\">Seguir leyendo<span class=\"screen-reader-text\"> \u00abCata de vinos privada 2h\u00bb<\/span><\/a><\/p>\n","protected":false},"author":4,"featured_media":3146,"parent":0,"menu_order":0,"comment_status":"closed","ping_status":"closed","template":"elementor_header_footer","meta":{"footnotes":""},"categories":[31],"tags":[],"class_list":["post-1328","page","type-page","status-publish","has-post-thumbnail","hentry","category-tours-de-vinos","entry"],"_links":{"self":[{"href":"https:\/\/aguideinbarcelona.com\/es\/wp-json\/wp\/v2\/pages\/1328","targetHints":{"allow":["GET"]}}],"collection":[{"href":"https:\/\/aguideinbarcelona.com\/es\/wp-json\/wp\/v2\/pages"}],"about":[{"href":"https:\/\/aguideinbarcelona.com\/es\/wp-json\/wp\/v2\/types\/page"}],"author":[{"embeddable":true,"href":"https:\/\/aguideinbarcelona.com\/es\/wp-json\/wp\/v2\/users\/4"}],"replies":[{"embeddable":true,"href":"https:\/\/aguideinbarcelona.com\/es\/wp-json\/wp\/v2\/comments?post=1328"}],"version-history":[{"count":6,"href":"https:\/\/aguideinbarcelona.com\/es\/wp-json\/wp\/v2\/pages\/1328\/revisions"}],"predecessor-version":[{"id":6117,"href":"https:\/\/aguideinbarcelona.com\/es\/wp-json\/wp\/v2\/pages\/1328\/revisions\/6117"}],"wp:featuredmedia":[{"embeddable":true,"href":"https:\/\/aguideinbarcelona.com\/es\/wp-json\/wp\/v2\/media\/3146"}],"wp:attachment":[{"href":"https:\/\/aguideinbarcelona.com\/es\/wp-json\/wp\/v2\/media?parent=1328"}],"wp:term":[{"taxonomy":"category","embeddable":true,"href":"https:\/\/aguideinbarcelona.com\/es\/wp-json\/wp\/v2\/categories?post=1328"},{"taxonomy":"post_tag","embeddable":true,"href":"https:\/\/aguideinbarcelona.com\/es\/wp-json\/wp\/v2\/tags?post=1328"}],"curies":[{"name":"wp","href":"https:\/\/api.w.org\/{rel}","templated":true}]}}