{"id":1356,"date":"2020-04-09T09:02:36","date_gmt":"2020-04-09T07:02:36","guid":{"rendered":"https:\/\/aguideinbarcelona.com\/?page_id=1356"},"modified":"2025-02-11T23:15:35","modified_gmt":"2025-02-11T22:15:35","slug":"cata-de-jamon-iberico-y-vino-en-barcelona-2h-1-2","status":"publish","type":"page","link":"https:\/\/aguideinbarcelona.com\/es\/cata-de-jamon-iberico-y-vino-en-barcelona-2h-1-2\/","title":{"rendered":"Cata de jam\u00f3n ib\u00e9rico y vino en Barcelona 2h 1\/2"},"content":{"rendered":"\t\t<div data-elementor-type=\"wp-page\" data-elementor-id=\"1356\" class=\"elementor elementor-1356\" data-elementor-post-type=\"page\">\n\t\t\t\t\t\t<section class=\"elementor-section elementor-top-section elementor-element elementor-element-1c1035de elementor-section-boxed elementor-section-height-default elementor-section-height-default\" data-id=\"1c1035de\" data-element_type=\"section\" data-e-type=\"section\">\n\t\t\t\t\t\t<div class=\"elementor-container elementor-column-gap-default\">\n\t\t\t\t\t<div class=\"elementor-column elementor-col-100 elementor-top-column elementor-element elementor-element-2daaf1a0\" data-id=\"2daaf1a0\" data-element_type=\"column\" data-e-type=\"column\">\n\t\t\t<div class=\"elementor-widget-wrap elementor-element-populated\">\n\t\t\t\t\t\t<section class=\"elementor-section elementor-inner-section elementor-element elementor-element-54185765 elementor-section-boxed elementor-section-height-default elementor-section-height-default\" data-id=\"54185765\" data-element_type=\"section\" data-e-type=\"section\">\n\t\t\t\t\t\t<div class=\"elementor-container elementor-column-gap-default\">\n\t\t\t\t\t<div class=\"elementor-column elementor-col-50 elementor-inner-column elementor-element elementor-element-25b133bb\" data-id=\"25b133bb\" data-element_type=\"column\" data-e-type=\"column\">\n\t\t\t<div class=\"elementor-widget-wrap elementor-element-populated\">\n\t\t\t\t\t\t<div class=\"elementor-element elementor-element-441d47d elementor-nav-menu--dropdown-none menu_izq elementor-widget elementor-widget-global elementor-global-638 elementor-widget-nav-menu\" data-id=\"441d47d\" data-element_type=\"widget\" data-e-type=\"widget\" data-settings=\"{&quot;layout&quot;:&quot;vertical&quot;,&quot;submenu_icon&quot;:{&quot;value&quot;:&quot;fas fa-caret-down&quot;,&quot;library&quot;:&quot;fa-solid&quot;}}\" data-widget_type=\"nav-menu.default\">\n\t\t\t\t<div class=\"elementor-widget-container\">\n\t\t\t\t\t\t\t\t<nav aria-label=\"Men\u00fa\" class=\"elementor-nav-menu--main elementor-nav-menu__container elementor-nav-menu--layout-vertical e--pointer-none\">\n\t\t\t\t<ul id=\"menu-1-441d47d\" class=\"elementor-nav-menu sm-vertical\"><li class=\"menu-item menu-item-type-custom menu-item-object-custom menu-item-966\"><a href=\"https:\/\/aguideinbarcelona.com\/es\/tours-de-vinos\/\" class=\"elementor-item\"><span class=\"title_menu_tours\">TOURS DE VINOS:<\/span><\/a><\/li>\n<li class=\"menu-item menu-item-type-post_type menu-item-object-page menu-item-1375\"><a href=\"https:\/\/aguideinbarcelona.com\/es\/cata-de-vinos-privada-2h\/\" class=\"elementor-item\">Cata de vinos privada 2h<\/a><\/li>\n<li class=\"menu-item menu-item-type-post_type menu-item-object-page menu-item-1370\"><a href=\"https:\/\/aguideinbarcelona.com\/es\/cata-de-jamon-iberico-y-vino-en-barcelona-2h-1-2\/\" class=\"elementor-item\">Cata de jam\u00f3n ib\u00e9rico y vino en Barcelona 2h 1\/2<\/a><\/li>\n<li class=\"menu-item menu-item-type-post_type menu-item-object-page menu-item-1371\"><a href=\"https:\/\/aguideinbarcelona.com\/es\/penedes-4-horas-1-2\/\" class=\"elementor-item\">Pened\u00e8s 4 horas 1\/2<\/a><\/li>\n<li class=\"menu-item menu-item-type-post_type menu-item-object-page menu-item-1373\"><a href=\"https:\/\/aguideinbarcelona.com\/es\/penedes-con-almuerzo-9h\/\" class=\"elementor-item\">Pened\u00e8s con almuerzo 9h.<\/a><\/li>\n<li class=\"menu-item menu-item-type-post_type menu-item-object-page menu-item-1374\"><a href=\"https:\/\/aguideinbarcelona.com\/es\/penedes-con-4-x-4-en-9h\/\" class=\"elementor-item\">Pened\u00e8s con 4 \u00d7 4 en 9h.<\/a><\/li>\n<li class=\"menu-item menu-item-type-post_type menu-item-object-page menu-item-1369\"><a href=\"https:\/\/aguideinbarcelona.com\/es\/priorat-10-horas\/\" class=\"elementor-item\">Priorat 10 horas<\/a><\/li>\n<li class=\"menu-item menu-item-type-post_type menu-item-object-page menu-item-1372\"><a href=\"https:\/\/aguideinbarcelona.com\/es\/emporda-y-costa-brava-10-horas\/\" class=\"elementor-item\">Empord\u00e0 y Costa Brava 10 horas<\/a><\/li>\n<li class=\"menu-item menu-item-type-post_type menu-item-object-page menu-item-1368\"><a href=\"https:\/\/aguideinbarcelona.com\/es\/alella-3-4-horas\/\" class=\"elementor-item\">Alella 3-4 horas<\/a><\/li>\n<\/ul>\t\t\t<\/nav>\n\t\t\t\t\t\t<nav class=\"elementor-nav-menu--dropdown elementor-nav-menu__container\" aria-hidden=\"true\">\n\t\t\t\t<ul id=\"menu-2-441d47d\" class=\"elementor-nav-menu sm-vertical\"><li class=\"menu-item menu-item-type-custom menu-item-object-custom menu-item-966\"><a href=\"https:\/\/aguideinbarcelona.com\/es\/tours-de-vinos\/\" class=\"elementor-item\" tabindex=\"-1\"><span class=\"title_menu_tours\">TOURS DE VINOS:<\/span><\/a><\/li>\n<li class=\"menu-item menu-item-type-post_type menu-item-object-page menu-item-1375\"><a href=\"https:\/\/aguideinbarcelona.com\/es\/cata-de-vinos-privada-2h\/\" class=\"elementor-item\" tabindex=\"-1\">Cata de vinos privada 2h<\/a><\/li>\n<li class=\"menu-item menu-item-type-post_type menu-item-object-page menu-item-1370\"><a href=\"https:\/\/aguideinbarcelona.com\/es\/cata-de-jamon-iberico-y-vino-en-barcelona-2h-1-2\/\" class=\"elementor-item\" tabindex=\"-1\">Cata de jam\u00f3n ib\u00e9rico y vino en Barcelona 2h 1\/2<\/a><\/li>\n<li class=\"menu-item menu-item-type-post_type menu-item-object-page menu-item-1371\"><a href=\"https:\/\/aguideinbarcelona.com\/es\/penedes-4-horas-1-2\/\" class=\"elementor-item\" tabindex=\"-1\">Pened\u00e8s 4 horas 1\/2<\/a><\/li>\n<li class=\"menu-item menu-item-type-post_type menu-item-object-page menu-item-1373\"><a href=\"https:\/\/aguideinbarcelona.com\/es\/penedes-con-almuerzo-9h\/\" class=\"elementor-item\" tabindex=\"-1\">Pened\u00e8s con almuerzo 9h.<\/a><\/li>\n<li class=\"menu-item menu-item-type-post_type menu-item-object-page menu-item-1374\"><a href=\"https:\/\/aguideinbarcelona.com\/es\/penedes-con-4-x-4-en-9h\/\" class=\"elementor-item\" tabindex=\"-1\">Pened\u00e8s con 4 \u00d7 4 en 9h.<\/a><\/li>\n<li class=\"menu-item menu-item-type-post_type menu-item-object-page menu-item-1369\"><a href=\"https:\/\/aguideinbarcelona.com\/es\/priorat-10-horas\/\" class=\"elementor-item\" tabindex=\"-1\">Priorat 10 horas<\/a><\/li>\n<li class=\"menu-item menu-item-type-post_type menu-item-object-page menu-item-1372\"><a href=\"https:\/\/aguideinbarcelona.com\/es\/emporda-y-costa-brava-10-horas\/\" class=\"elementor-item\" tabindex=\"-1\">Empord\u00e0 y Costa Brava 10 horas<\/a><\/li>\n<li class=\"menu-item menu-item-type-post_type menu-item-object-page menu-item-1368\"><a href=\"https:\/\/aguideinbarcelona.com\/es\/alella-3-4-horas\/\" class=\"elementor-item\" tabindex=\"-1\">Alella 3-4 horas<\/a><\/li>\n<\/ul>\t\t\t<\/nav>\n\t\t\t\t\t\t<\/div>\n\t\t\t\t<\/div>\n\t\t\t\t<div class=\"elementor-element elementor-element-7987a988 elementor-widget elementor-widget-spacer\" data-id=\"7987a988\" data-element_type=\"widget\" data-e-type=\"widget\" data-widget_type=\"spacer.default\">\n\t\t\t\t<div class=\"elementor-widget-container\">\n\t\t\t\t\t\t\t<div class=\"elementor-spacer\">\n\t\t\t<div class=\"elementor-spacer-inner\"><\/div>\n\t\t<\/div>\n\t\t\t\t\t\t<\/div>\n\t\t\t\t<\/div>\n\t\t\t\t<div class=\"elementor-element elementor-element-4553280 elementor-align-center elementor-widget elementor-widget-button\" data-id=\"4553280\" data-element_type=\"widget\" data-e-type=\"widget\" data-widget_type=\"button.default\">\n\t\t\t\t<div class=\"elementor-widget-container\">\n\t\t\t\t\t\t\t\t\t<div class=\"elementor-button-wrapper\">\n\t\t\t\t\t<a class=\"elementor-button elementor-button-link elementor-size-md\" href=\"https:\/\/aguideinbarcelona.com\/es\/contactar\/\">\n\t\t\t\t\t\t<span class=\"elementor-button-content-wrapper\">\n\t\t\t\t\t\t\t\t\t<span class=\"elementor-button-text\">Para reservar este tour cont\u00e1ctenos<\/span>\n\t\t\t\t\t<\/span>\n\t\t\t\t\t<\/a>\n\t\t\t\t<\/div>\n\t\t\t\t\t\t\t\t<\/div>\n\t\t\t\t<\/div>\n\t\t\t\t\t<\/div>\n\t\t<\/div>\n\t\t\t\t<div class=\"elementor-column elementor-col-50 elementor-inner-column elementor-element elementor-element-651f21d9\" data-id=\"651f21d9\" data-element_type=\"column\" data-e-type=\"column\">\n\t\t\t<div class=\"elementor-widget-wrap elementor-element-populated\">\n\t\t\t\t\t\t<div class=\"elementor-element elementor-element-f5aedf elementor-widget elementor-widget-text-editor\" data-id=\"f5aedf\" data-element_type=\"widget\" data-e-type=\"widget\" data-widget_type=\"text-editor.default\">\n\t\t\t\t<div class=\"elementor-widget-container\">\n\t\t\t\t\t\t\t\t\t<h3 style=\"text-align: center;\"><span style=\"color: #974578;\"><i>Cata de jam\u00f3n ib\u00e9rico y vino en Barcelona 2h 1\/2\n<\/i><\/span><\/h3>\t\t\t\t\t\t\t\t<\/div>\n\t\t\t\t<\/div>\n\t\t\t\t<div class=\"elementor-element elementor-element-35960f0d elementor--h-position-center elementor--v-position-middle elementor-arrows-position-inside elementor-pagination-position-inside elementor-widget elementor-widget-slides\" data-id=\"35960f0d\" data-element_type=\"widget\" data-e-type=\"widget\" data-settings=\"{&quot;navigation&quot;:&quot;both&quot;,&quot;autoplay&quot;:&quot;yes&quot;,&quot;pause_on_hover&quot;:&quot;yes&quot;,&quot;pause_on_interaction&quot;:&quot;yes&quot;,&quot;autoplay_speed&quot;:5000,&quot;infinite&quot;:&quot;yes&quot;,&quot;transition&quot;:&quot;slide&quot;,&quot;transition_speed&quot;:500}\" data-widget_type=\"slides.default\">\n\t\t\t\t<div class=\"elementor-widget-container\">\n\t\t\t\t\t\t\t\t\t<div class=\"elementor-swiper\">\n\t\t\t\t\t<div class=\"elementor-slides-wrapper elementor-main-swiper swiper\" role=\"region\" aria-roledescription=\"carousel\" aria-label=\"Diapositivas\" dir=\"ltr\" data-animation=\"fadeInUp\">\n\t\t\t\t<div class=\"swiper-wrapper elementor-slides\">\n\t\t\t\t\t\t\t\t\t\t<div class=\"elementor-repeater-item-972480f swiper-slide\" role=\"group\" aria-roledescription=\"slide\"><div class=\"swiper-slide-bg\" role=\"img\" aria-label=\"degustando jamon con amigas-1\"><\/div><div class=\"swiper-slide-inner\" ><div class=\"swiper-slide-contents\"><\/div><\/div><\/div>\t\t\t\t<\/div>\n\t\t\t\t\t\t\t<\/div>\n\t\t\t\t<\/div>\n\t\t\t\t\t\t\t\t<\/div>\n\t\t\t\t<\/div>\n\t\t\t\t<div class=\"elementor-element elementor-element-34b600ea elementor-widget elementor-widget-text-editor\" data-id=\"34b600ea\" data-element_type=\"widget\" data-e-type=\"widget\" data-widget_type=\"text-editor.default\">\n\t\t\t\t<div class=\"elementor-widget-container\">\n\t\t\t\t\t\t\t\t\t<p class=\"p1\" style=\"text-align: justify;\"><span style=\"color: #974578;\"><strong><span class=\"s1\"><i>Si Espa\u00f1a tuviera un tesoro gastron\u00f3mico nacional, sin duda ser\u00eda el \u00abjam\u00f3n ib\u00e9rico\u00bb.<\/i><\/span><\/strong><\/span><\/p>\n<p class=\"p2\" style=\"text-align: justify;\"><span class=\"s1\"><b>El jam\u00f3n de cerdo ib\u00e9rico de bellota es de esas delicatesen \u00fanicas en el mundo<\/b>.<\/span><\/p>\n<p class=\"p2\" style=\"text-align: justify;\"><span class=\"s1\">Al igual que pasa con el vino, este tipo de jam\u00f3n <b>tiene sus propias denominaciones de origen<\/b> dependiendo de donde proceda de la Pen\u00ednsula Ib\u00e9rica. Estas zonas reconocidas son 4: <span style=\"color: #000000;\"><a style=\"color: #000000;\" href=\"https:\/\/www.jamonarium.com\/es\/cms\/35\/zonas-produccion-jamon-iberico#1\"><span class=\"s2\">Extremadura -el para\u00edso de las dehesas<\/span><\/a><\/span><\/span><span class=\"s3\"><span style=\"color: #000000;\">&#8211;<\/span>, Salamanca -d\u00f3nde todo pasa por Guijuelo-, Jabugo &#8211; el jam\u00f3n mundialmente conocido- y Los Pedroches -la joya cordobesa-.<\/span><\/p>\n<p class=\"p3\" style=\"text-align: justify;\"><span class=\"s1\"><b>La raza<\/b> de la que proviene nuestro preciado jam\u00f3n es <b>el cerdo ib\u00e9rico<\/b>. Es un cerdo negro (de ah\u00ed viene el nombre de <i>jam\u00f3n <\/i>de <i>pata negra<\/i>) que es una mezcla entre nuestro jabal\u00ed y los cerdos que los fenicios trajeron a la pen\u00ednsula hace miles de a\u00f1os. <\/span><\/p>\n<p class=\"p3\" style=\"text-align: justify;\"><span class=\"s1\">El mejor jam\u00f3n dicen que es el de Bellota, \u00bfy eso qu\u00e9 quiere decir? Es el que proviene de cerdos que son alimentados durante sus \u00faltimos meses de vida a base de bellotas, plantas y hierbas<\/span><\/p>\n<p class=\"p3\" style=\"text-align: justify;\"><span class=\"s1\"><b>Descubra conmigo todos los secretos del exquisito jam\u00f3n<\/b> <b>ib\u00e9rico<\/b> a trav\u00e9s de un paseo por unos de nuestros conocidos mercados de comida ( La Boquer\u00eda o Santa Caterina) y sus diferentes negocios especializados en este producto. Y a continuaci\u00f3n cataremos juntos diferentes tipos de jam\u00f3n en nuestro local favorito de vinos del Casco Antiguo de Barcelona. <\/span><\/p>\n<p class=\"p3\" style=\"text-align: justify;\"><span class=\"s1\"><b>El arte del maridaje es en s\u00ed mismo un placer de los sentidos<\/b>, as\u00ed que maridaremos el jam\u00f3n con diferentes tipos de vinos espa\u00f1oles para ver cu\u00e1l nos sorprende m\u00e1s. Por supuesto, estando en Catalu\u00f1a no faltar\u00e9 nuestro pan con tomate y aceite de oliva!<\/span><\/p>\t\t\t\t\t\t\t\t<\/div>\n\t\t\t\t<\/div>\n\t\t\t\t<div class=\"elementor-element elementor-element-e54060b elementor-widget elementor-widget-text-editor\" data-id=\"e54060b\" data-element_type=\"widget\" data-e-type=\"widget\" data-widget_type=\"text-editor.default\">\n\t\t\t\t<div class=\"elementor-widget-container\">\n\t\t\t\t\t\t\t\t\t<p style=\"text-align: justify;\"><span style=\"color: #974578;\"><strong>Precios de esta actividad:<\/strong><\/span><\/p><ul class=\"ul1\"><li class=\"li1\"><span class=\"s2\">2 personas : 315\u20ac ( 157,5\u20ac \/ por persona)<\/span><\/li><li class=\"li1\"><span class=\"s2\">3 personas: 352\u20ac ( 117,33\u20ac\/ por persona)<\/span><\/li><li class=\"li1\"><span class=\"s2\">4 personas: 370\u20ac ( 92,5\u20ac \/ por persona)<\/span><\/li><li class=\"li1\"><span class=\"s2\">5 personas: 426\u20ac ( 85,2\u20ac \/ por persona)<\/span><\/li><li class=\"li1\"><span class=\"s2\">6 personas: 440\u20ac ( 73,3\u20ac \/ por persona)<\/span><\/li><li class=\"li1\"><span class=\"s2\">7 personas: 475\u20ac ( 67,86\u20ac \/ por persona)<\/span><\/li><li class=\"li1\"><span class=\"s2\">8 personas: 510\u20ac (63,75\u20ac \/ por persona)<\/span><\/li><\/ul><p class=\"p1\"><span class=\"s2\">*M\u00ednimo 2 personas m\u00e1ximo 8 (para m\u00e1s personas solicite presupuesto).<\/span><\/p><p style=\"text-align: justify;\"><span style=\"color: #974578;\"><strong> Duraci\u00f3n del tour: <\/strong><\/span><span class=\"s2\">2 horas y media.<\/span><\/p>\t\t\t\t\t\t\t\t<\/div>\n\t\t\t\t<\/div>\n\t\t\t\t<div class=\"elementor-element elementor-element-1d0d018b elementor-widget elementor-widget-text-editor\" data-id=\"1d0d018b\" data-element_type=\"widget\" data-e-type=\"widget\" data-widget_type=\"text-editor.default\">\n\t\t\t\t<div class=\"elementor-widget-container\">\n\t\t\t\t\t\t\t\t\t<p style=\"text-align: justify;\"><span style=\"color: #974578;\"><b>El precio incluye<\/b>:<\/span><\/p><p style=\"text-align: justify;\">\u2713 <b>Gu\u00eda gourmet sommelier.<\/b><\/p><p style=\"text-align: justify;\">\u2713 <b>Visita de la Boquer\u00eda o Mercado de Santa Caterina.<\/b><\/p><p style=\"text-align: justify;\">\u2713 <b>Cata privada de 4 tipos diferentes de jam\u00f3n ib\u00e9rico<\/b>.<\/p><p style=\"text-align: justify;\">\u2713 <b>Cata de 4 tipos de vinos espa\u00f1oles.<\/b><\/p><p>\u2713<b> Receptores individuales y auriculares de un solo uso<\/b> a trav\u00e9s del cual oir\u00e1n a\u00a0 la gu\u00eda hablando por su micr\u00f3fono. Los utilizaremos para el paseo por el mercado y exteriores.<\/p><p style=\"text-align: justify;\"><span style=\"color: #974578;\"><b>Horario del tour<\/b>: <span style=\"color: #000000;\">de mi\u00e9rcoles a viernes<\/span><\/span><span style=\"color: #000000;\">\u00a0<\/span>de 17h a 19\u00b430h (otros horarios disponibles bajo petici\u00f3n si la enoteca tiene disponibilidad).<\/p><p style=\"text-align: justify;\"><span style=\"color: #974578;\"><b>Punto de encuentro<\/b>:<\/span> Puedo encontrarme con usted en su hotel si est\u00e1 ubicado en el centro de la ciudad o\u00a0 podemos acordar un lugar c\u00e9ntrico.<\/p><p style=\"text-align: justify;\">**<span style=\"color: #974578;\"><b>Tenga en cuenta que<\/b>:<\/span><\/p><p style=\"text-align: justify;\">\u2022 La edad m\u00ednima para beber es de 18 a\u00f1os, hay opciones de bebidas no alcoh\u00f3licas disponibles.<\/p><p style=\"text-align: justify;\">\u2022 Si tiene alguna alergia a los alimentos o restricciones diet\u00e9ticas, inf\u00f3rmenos al hacer la reserva8<\/p>\t\t\t\t\t\t\t\t<\/div>\n\t\t\t\t<\/div>\n\t\t\t\t<div class=\"elementor-element elementor-element-00058bb elementor-align-center elementor-widget elementor-widget-button\" data-id=\"00058bb\" data-element_type=\"widget\" data-e-type=\"widget\" data-widget_type=\"button.default\">\n\t\t\t\t<div class=\"elementor-widget-container\">\n\t\t\t\t\t\t\t\t\t<div class=\"elementor-button-wrapper\">\n\t\t\t\t\t<a class=\"elementor-button elementor-button-link elementor-size-xl\" href=\"https:\/\/aguideinbarcelona.com\/es\/contactar\/\">\n\t\t\t\t\t\t<span class=\"elementor-button-content-wrapper\">\n\t\t\t\t\t\t\t\t\t<span class=\"elementor-button-text\">Para reservar este tour cont\u00e1ctenos<\/span>\n\t\t\t\t\t<\/span>\n\t\t\t\t\t<\/a>\n\t\t\t\t<\/div>\n\t\t\t\t\t\t\t\t<\/div>\n\t\t\t\t<\/div>\n\t\t\t\t\t<\/div>\n\t\t<\/div>\n\t\t\t\t\t<\/div>\n\t\t<\/section>\n\t\t\t\t<div class=\"elementor-element elementor-element-43530ff1 elementor-widget elementor-widget-spacer\" data-id=\"43530ff1\" data-element_type=\"widget\" data-e-type=\"widget\" data-widget_type=\"spacer.default\">\n\t\t\t\t<div class=\"elementor-widget-container\">\n\t\t\t\t\t\t\t<div class=\"elementor-spacer\">\n\t\t\t<div class=\"elementor-spacer-inner\"><\/div>\n\t\t<\/div>\n\t\t\t\t\t\t<\/div>\n\t\t\t\t<\/div>\n\t\t\t\t<div class=\"elementor-element elementor-element-decd7ed elementor-widget elementor-widget-gallery\" data-id=\"decd7ed\" data-element_type=\"widget\" data-e-type=\"widget\" data-settings=\"{&quot;columns&quot;:3,&quot;lazyload&quot;:&quot;yes&quot;,&quot;gallery_layout&quot;:&quot;grid&quot;,&quot;columns_tablet&quot;:2,&quot;columns_mobile&quot;:1,&quot;gap&quot;:{&quot;unit&quot;:&quot;px&quot;,&quot;size&quot;:10,&quot;sizes&quot;:[]},&quot;gap_tablet&quot;:{&quot;unit&quot;:&quot;px&quot;,&quot;size&quot;:10,&quot;sizes&quot;:[]},&quot;gap_mobile&quot;:{&quot;unit&quot;:&quot;px&quot;,&quot;size&quot;:10,&quot;sizes&quot;:[]},&quot;link_to&quot;:&quot;file&quot;,&quot;aspect_ratio&quot;:&quot;3:2&quot;,&quot;overlay_background&quot;:&quot;yes&quot;,&quot;content_hover_animation&quot;:&quot;fade-in&quot;}\" data-widget_type=\"gallery.default\">\n\t\t\t\t<div class=\"elementor-widget-container\">\n\t\t\t\t\t\t\t<div class=\"elementor-gallery__container\">\n\t\t\t\t\t\t\t<a class=\"e-gallery-item elementor-gallery-item elementor-animated-content\" href=\"https:\/\/aguideinbarcelona.com\/wp-content\/uploads\/2020\/05\/Botiga-pernil-tallant-foto-de-Sonia-2.jpg\" data-elementor-open-lightbox=\"yes\" data-elementor-lightbox-slideshow=\"decd7ed\" data-elementor-lightbox-title=\"Botiga pernil tallant foto de Sonia-2\" data-e-action-hash=\"#elementor-action%3Aaction%3Dlightbox%26settings%3DeyJpZCI6MzAzMiwidXJsIjoiaHR0cHM6XC9cL2FndWlkZWluYmFyY2Vsb25hLmNvbVwvd3AtY29udGVudFwvdXBsb2Fkc1wvMjAyMFwvMDVcL0JvdGlnYS1wZXJuaWwtdGFsbGFudC1mb3RvLWRlLVNvbmlhLTIuanBnIiwic2xpZGVzaG93IjoiZGVjZDdlZCJ9\">\n\t\t\t\t\t<div class=\"e-gallery-image elementor-gallery-item__image\" data-thumbnail=\"https:\/\/aguideinbarcelona.com\/wp-content\/uploads\/2020\/05\/Botiga-pernil-tallant-foto-de-Sonia-2-300x200.jpg\" data-width=\"300\" data-height=\"200\" aria-label=\"\" role=\"img\" ><\/div>\n\t\t\t\t\t\t\t\t\t\t\t<div class=\"elementor-gallery-item__overlay\"><\/div>\n\t\t\t\t\t\t\t\t\t\t\t\t\t\t<\/a>\n\t\t\t\t\t\t\t<a class=\"e-gallery-item elementor-gallery-item elementor-animated-content\" href=\"https:\/\/aguideinbarcelona.com\/wp-content\/uploads\/2020\/05\/loncha-de-jamon-3.jpg\" data-elementor-open-lightbox=\"yes\" data-elementor-lightbox-slideshow=\"decd7ed\" data-elementor-lightbox-title=\"loncha de jamon-3\" data-e-action-hash=\"#elementor-action%3Aaction%3Dlightbox%26settings%3DeyJpZCI6MzA0MSwidXJsIjoiaHR0cHM6XC9cL2FndWlkZWluYmFyY2Vsb25hLmNvbVwvd3AtY29udGVudFwvdXBsb2Fkc1wvMjAyMFwvMDVcL2xvbmNoYS1kZS1qYW1vbi0zLmpwZyIsInNsaWRlc2hvdyI6ImRlY2Q3ZWQifQ%3D%3D\">\n\t\t\t\t\t<div class=\"e-gallery-image elementor-gallery-item__image\" data-thumbnail=\"https:\/\/aguideinbarcelona.com\/wp-content\/uploads\/2020\/05\/loncha-de-jamon-3-300x201.jpg\" data-width=\"300\" data-height=\"201\" aria-label=\"\" role=\"img\" ><\/div>\n\t\t\t\t\t\t\t\t\t\t\t<div class=\"elementor-gallery-item__overlay\"><\/div>\n\t\t\t\t\t\t\t\t\t\t\t\t\t\t<\/a>\n\t\t\t\t\t\t\t<a class=\"e-gallery-item elementor-gallery-item elementor-animated-content\" href=\"https:\/\/aguideinbarcelona.com\/wp-content\/uploads\/2020\/05\/Entrada-Boqueria-4-scaled.jpg\" data-elementor-open-lightbox=\"yes\" data-elementor-lightbox-slideshow=\"decd7ed\" data-elementor-lightbox-title=\"Entrada Boqueria-4\" data-e-action-hash=\"#elementor-action%3Aaction%3Dlightbox%26settings%3DeyJpZCI6MzAzOCwidXJsIjoiaHR0cHM6XC9cL2FndWlkZWluYmFyY2Vsb25hLmNvbVwvd3AtY29udGVudFwvdXBsb2Fkc1wvMjAyMFwvMDVcL0VudHJhZGEtQm9xdWVyaWEtNC1zY2FsZWQuanBnIiwic2xpZGVzaG93IjoiZGVjZDdlZCJ9\">\n\t\t\t\t\t<div class=\"e-gallery-image elementor-gallery-item__image\" data-thumbnail=\"https:\/\/aguideinbarcelona.com\/wp-content\/uploads\/2020\/05\/Entrada-Boqueria-4-300x203.jpg\" data-width=\"300\" data-height=\"203\" aria-label=\"\" role=\"img\" ><\/div>\n\t\t\t\t\t\t\t\t\t\t\t<div class=\"elementor-gallery-item__overlay\"><\/div>\n\t\t\t\t\t\t\t\t\t\t\t\t\t\t<\/a>\n\t\t\t\t\t\t\t<a class=\"e-gallery-item elementor-gallery-item elementor-animated-content\" href=\"https:\/\/aguideinbarcelona.com\/wp-content\/uploads\/2020\/05\/Quiosco-jamon-Boqueria-5.jpg\" data-elementor-open-lightbox=\"yes\" data-elementor-lightbox-slideshow=\"decd7ed\" data-elementor-lightbox-title=\"Quiosco jamon Boqueria -5\" data-e-action-hash=\"#elementor-action%3Aaction%3Dlightbox%26settings%3DeyJpZCI6MzA0NCwidXJsIjoiaHR0cHM6XC9cL2FndWlkZWluYmFyY2Vsb25hLmNvbVwvd3AtY29udGVudFwvdXBsb2Fkc1wvMjAyMFwvMDVcL1F1aW9zY28tamFtb24tQm9xdWVyaWEtNS5qcGciLCJzbGlkZXNob3ciOiJkZWNkN2VkIn0%3D\">\n\t\t\t\t\t<div class=\"e-gallery-image elementor-gallery-item__image\" data-thumbnail=\"https:\/\/aguideinbarcelona.com\/wp-content\/uploads\/2020\/05\/Quiosco-jamon-Boqueria-5-300x200.jpg\" data-width=\"300\" data-height=\"200\" aria-label=\"\" role=\"img\" ><\/div>\n\t\t\t\t\t\t\t\t\t\t\t<div class=\"elementor-gallery-item__overlay\"><\/div>\n\t\t\t\t\t\t\t\t\t\t\t\t\t\t<\/a>\n\t\t\t\t\t\t\t<a class=\"e-gallery-item elementor-gallery-item elementor-animated-content\" href=\"https:\/\/aguideinbarcelona.com\/wp-content\/uploads\/2020\/05\/Amigas-brindando-6-1-scaled.jpg\" data-elementor-open-lightbox=\"yes\" data-elementor-lightbox-slideshow=\"decd7ed\" data-elementor-lightbox-title=\"Amigas brindando 6\" data-e-action-hash=\"#elementor-action%3Aaction%3Dlightbox%26settings%3DeyJpZCI6MzE3NiwidXJsIjoiaHR0cHM6XC9cL2FndWlkZWluYmFyY2Vsb25hLmNvbVwvd3AtY29udGVudFwvdXBsb2Fkc1wvMjAyMFwvMDVcL0FtaWdhcy1icmluZGFuZG8tNi0xLXNjYWxlZC5qcGciLCJzbGlkZXNob3ciOiJkZWNkN2VkIn0%3D\">\n\t\t\t\t\t<div class=\"e-gallery-image elementor-gallery-item__image\" data-thumbnail=\"https:\/\/aguideinbarcelona.com\/wp-content\/uploads\/2020\/05\/Amigas-brindando-6-1-300x225.jpg\" data-width=\"300\" data-height=\"225\" aria-label=\"\" role=\"img\" ><\/div>\n\t\t\t\t\t\t\t\t\t\t\t<div class=\"elementor-gallery-item__overlay\"><\/div>\n\t\t\t\t\t\t\t\t\t\t\t\t\t\t<\/a>\n\t\t\t\t\t\t\t<a class=\"e-gallery-item elementor-gallery-item elementor-animated-content\" href=\"https:\/\/aguideinbarcelona.com\/wp-content\/uploads\/2020\/05\/wine-smelling-7.jpg\" data-elementor-open-lightbox=\"yes\" data-elementor-lightbox-slideshow=\"decd7ed\" data-elementor-lightbox-title=\"wine smelling-7\" data-e-action-hash=\"#elementor-action%3Aaction%3Dlightbox%26settings%3DeyJpZCI6MzA0NywidXJsIjoiaHR0cHM6XC9cL2FndWlkZWluYmFyY2Vsb25hLmNvbVwvd3AtY29udGVudFwvdXBsb2Fkc1wvMjAyMFwvMDVcL3dpbmUtc21lbGxpbmctNy5qcGciLCJzbGlkZXNob3ciOiJkZWNkN2VkIn0%3D\">\n\t\t\t\t\t<div class=\"e-gallery-image elementor-gallery-item__image\" data-thumbnail=\"https:\/\/aguideinbarcelona.com\/wp-content\/uploads\/2020\/05\/wine-smelling-7-300x200.jpg\" data-width=\"300\" data-height=\"200\" aria-label=\"\" role=\"img\" ><\/div>\n\t\t\t\t\t\t\t\t\t\t\t<div class=\"elementor-gallery-item__overlay\"><\/div>\n\t\t\t\t\t\t\t\t\t\t\t\t\t\t<\/a>\n\t\t\t\t\t<\/div>\n\t\t\t\t\t<\/div>\n\t\t\t\t<\/div>\n\t\t\t\t\t<\/div>\n\t\t<\/div>\n\t\t\t\t\t<\/div>\n\t\t<\/section>\n\t\t\t\t<\/div>\n\t\t","protected":false},"excerpt":{"rendered":"<p>Para reservar este tour cont\u00e1ctenos Cata de jam\u00f3n ib\u00e9rico y vino en Barcelona 2h 1\/2 Si Espa\u00f1a tuviera un tesoro gastron\u00f3mico nacional, sin duda ser\u00eda el \u00abjam\u00f3n ib\u00e9rico\u00bb. El jam\u00f3n de cerdo ib\u00e9rico de bellota es de esas delicatesen \u00fanicas en el mundo. Al igual que pasa con el vino, este tipo de jam\u00f3n tiene &hellip; <\/p>\n<p class=\"link-more\"><a href=\"https:\/\/aguideinbarcelona.com\/es\/cata-de-jamon-iberico-y-vino-en-barcelona-2h-1-2\/\" class=\"more-link\">Seguir leyendo<span class=\"screen-reader-text\"> \u00abCata de jam\u00f3n ib\u00e9rico y vino en Barcelona 2h 1\/2\u00bb<\/span><\/a><\/p>\n","protected":false},"author":4,"featured_media":3035,"parent":0,"menu_order":0,"comment_status":"closed","ping_status":"closed","template":"elementor_header_footer","meta":{"footnotes":""},"categories":[31],"tags":[],"class_list":["post-1356","page","type-page","status-publish","has-post-thumbnail","hentry","category-tours-de-vinos","entry"],"_links":{"self":[{"href":"https:\/\/aguideinbarcelona.com\/es\/wp-json\/wp\/v2\/pages\/1356","targetHints":{"allow":["GET"]}}],"collection":[{"href":"https:\/\/aguideinbarcelona.com\/es\/wp-json\/wp\/v2\/pages"}],"about":[{"href":"https:\/\/aguideinbarcelona.com\/es\/wp-json\/wp\/v2\/types\/page"}],"author":[{"embeddable":true,"href":"https:\/\/aguideinbarcelona.com\/es\/wp-json\/wp\/v2\/users\/4"}],"replies":[{"embeddable":true,"href":"https:\/\/aguideinbarcelona.com\/es\/wp-json\/wp\/v2\/comments?post=1356"}],"version-history":[{"count":3,"href":"https:\/\/aguideinbarcelona.com\/es\/wp-json\/wp\/v2\/pages\/1356\/revisions"}],"predecessor-version":[{"id":5940,"href":"https:\/\/aguideinbarcelona.com\/es\/wp-json\/wp\/v2\/pages\/1356\/revisions\/5940"}],"wp:featuredmedia":[{"embeddable":true,"href":"https:\/\/aguideinbarcelona.com\/es\/wp-json\/wp\/v2\/media\/3035"}],"wp:attachment":[{"href":"https:\/\/aguideinbarcelona.com\/es\/wp-json\/wp\/v2\/media?parent=1356"}],"wp:term":[{"taxonomy":"category","embeddable":true,"href":"https:\/\/aguideinbarcelona.com\/es\/wp-json\/wp\/v2\/categories?post=1356"},{"taxonomy":"post_tag","embeddable":true,"href":"https:\/\/aguideinbarcelona.com\/es\/wp-json\/wp\/v2\/tags?post=1356"}],"curies":[{"name":"wp","href":"https:\/\/api.w.org\/{rel}","templated":true}]}}