{"id":1363,"date":"2020-04-09T09:08:11","date_gmt":"2020-04-09T07:08:11","guid":{"rendered":"https:\/\/aguideinbarcelona.com\/?page_id=1363"},"modified":"2020-06-10T11:15:38","modified_gmt":"2020-06-10T09:15:38","slug":"alella-3-4-horas","status":"publish","type":"page","link":"https:\/\/aguideinbarcelona.com\/es\/alella-3-4-horas\/","title":{"rendered":"Alella 3-4 horas"},"content":{"rendered":"\t\t<div data-elementor-type=\"wp-page\" data-elementor-id=\"1363\" class=\"elementor elementor-1363\" data-elementor-post-type=\"page\">\n\t\t\t\t\t\t<section class=\"elementor-section elementor-top-section elementor-element elementor-element-2ab0ec44 elementor-section-boxed elementor-section-height-default elementor-section-height-default\" data-id=\"2ab0ec44\" data-element_type=\"section\" data-e-type=\"section\">\n\t\t\t\t\t\t<div class=\"elementor-container elementor-column-gap-default\">\n\t\t\t\t\t<div class=\"elementor-column elementor-col-100 elementor-top-column elementor-element elementor-element-6e19b1e7\" data-id=\"6e19b1e7\" data-element_type=\"column\" data-e-type=\"column\">\n\t\t\t<div class=\"elementor-widget-wrap elementor-element-populated\">\n\t\t\t\t\t\t<section class=\"elementor-section elementor-inner-section elementor-element elementor-element-4d1a0c3 elementor-section-boxed elementor-section-height-default elementor-section-height-default\" data-id=\"4d1a0c3\" data-element_type=\"section\" data-e-type=\"section\">\n\t\t\t\t\t\t<div class=\"elementor-container elementor-column-gap-default\">\n\t\t\t\t\t<div class=\"elementor-column elementor-col-50 elementor-inner-column elementor-element elementor-element-3c3f72ec\" data-id=\"3c3f72ec\" data-element_type=\"column\" data-e-type=\"column\">\n\t\t\t<div class=\"elementor-widget-wrap elementor-element-populated\">\n\t\t\t\t\t\t<div class=\"elementor-element elementor-element-6ae66099 elementor-nav-menu--dropdown-none menu_izq elementor-widget elementor-widget-global elementor-global-638 elementor-widget-nav-menu\" data-id=\"6ae66099\" data-element_type=\"widget\" data-e-type=\"widget\" data-settings=\"{&quot;layout&quot;:&quot;vertical&quot;,&quot;submenu_icon&quot;:{&quot;value&quot;:&quot;fas fa-caret-down&quot;,&quot;library&quot;:&quot;fa-solid&quot;}}\" data-widget_type=\"nav-menu.default\">\n\t\t\t\t<div class=\"elementor-widget-container\">\n\t\t\t\t\t\t\t\t<nav aria-label=\"Men\u00fa\" class=\"elementor-nav-menu--main elementor-nav-menu__container elementor-nav-menu--layout-vertical e--pointer-none\">\n\t\t\t\t<ul id=\"menu-1-6ae66099\" class=\"elementor-nav-menu sm-vertical\"><li class=\"menu-item menu-item-type-custom menu-item-object-custom menu-item-966\"><a href=\"https:\/\/aguideinbarcelona.com\/es\/tours-de-vinos\/\" class=\"elementor-item\"><span class=\"title_menu_tours\">TOURS DE VINOS:<\/span><\/a><\/li>\n<li class=\"menu-item menu-item-type-post_type menu-item-object-page menu-item-1375\"><a href=\"https:\/\/aguideinbarcelona.com\/es\/cata-de-vinos-privada-2h\/\" class=\"elementor-item\">Cata de vinos privada 2h<\/a><\/li>\n<li class=\"menu-item menu-item-type-post_type menu-item-object-page menu-item-1370\"><a href=\"https:\/\/aguideinbarcelona.com\/es\/cata-de-jamon-iberico-y-vino-en-barcelona-2h-1-2\/\" class=\"elementor-item\">Cata de jam\u00f3n ib\u00e9rico y vino en Barcelona 2h 1\/2<\/a><\/li>\n<li class=\"menu-item menu-item-type-post_type menu-item-object-page menu-item-1371\"><a href=\"https:\/\/aguideinbarcelona.com\/es\/penedes-4-horas-1-2\/\" class=\"elementor-item\">Pened\u00e8s 4 horas 1\/2<\/a><\/li>\n<li class=\"menu-item menu-item-type-post_type menu-item-object-page menu-item-1373\"><a href=\"https:\/\/aguideinbarcelona.com\/es\/penedes-con-almuerzo-9h\/\" class=\"elementor-item\">Pened\u00e8s con almuerzo 9h.<\/a><\/li>\n<li class=\"menu-item menu-item-type-post_type menu-item-object-page menu-item-1374\"><a href=\"https:\/\/aguideinbarcelona.com\/es\/penedes-con-4-x-4-en-9h\/\" class=\"elementor-item\">Pened\u00e8s con 4 \u00d7 4 en 9h.<\/a><\/li>\n<li class=\"menu-item menu-item-type-post_type menu-item-object-page menu-item-1369\"><a href=\"https:\/\/aguideinbarcelona.com\/es\/priorat-10-horas\/\" class=\"elementor-item\">Priorat 10 horas<\/a><\/li>\n<li class=\"menu-item menu-item-type-post_type menu-item-object-page menu-item-1372\"><a href=\"https:\/\/aguideinbarcelona.com\/es\/emporda-y-costa-brava-10-horas\/\" class=\"elementor-item\">Empord\u00e0 y Costa Brava 10 horas<\/a><\/li>\n<li class=\"menu-item menu-item-type-post_type menu-item-object-page menu-item-1368\"><a href=\"https:\/\/aguideinbarcelona.com\/es\/alella-3-4-horas\/\" class=\"elementor-item\">Alella 3-4 horas<\/a><\/li>\n<\/ul>\t\t\t<\/nav>\n\t\t\t\t\t\t<nav class=\"elementor-nav-menu--dropdown elementor-nav-menu__container\" aria-hidden=\"true\">\n\t\t\t\t<ul id=\"menu-2-6ae66099\" class=\"elementor-nav-menu sm-vertical\"><li class=\"menu-item menu-item-type-custom menu-item-object-custom menu-item-966\"><a href=\"https:\/\/aguideinbarcelona.com\/es\/tours-de-vinos\/\" class=\"elementor-item\" tabindex=\"-1\"><span class=\"title_menu_tours\">TOURS DE VINOS:<\/span><\/a><\/li>\n<li class=\"menu-item menu-item-type-post_type menu-item-object-page menu-item-1375\"><a href=\"https:\/\/aguideinbarcelona.com\/es\/cata-de-vinos-privada-2h\/\" class=\"elementor-item\" tabindex=\"-1\">Cata de vinos privada 2h<\/a><\/li>\n<li class=\"menu-item menu-item-type-post_type menu-item-object-page menu-item-1370\"><a href=\"https:\/\/aguideinbarcelona.com\/es\/cata-de-jamon-iberico-y-vino-en-barcelona-2h-1-2\/\" class=\"elementor-item\" tabindex=\"-1\">Cata de jam\u00f3n ib\u00e9rico y vino en Barcelona 2h 1\/2<\/a><\/li>\n<li class=\"menu-item menu-item-type-post_type menu-item-object-page menu-item-1371\"><a href=\"https:\/\/aguideinbarcelona.com\/es\/penedes-4-horas-1-2\/\" class=\"elementor-item\" tabindex=\"-1\">Pened\u00e8s 4 horas 1\/2<\/a><\/li>\n<li class=\"menu-item menu-item-type-post_type menu-item-object-page menu-item-1373\"><a href=\"https:\/\/aguideinbarcelona.com\/es\/penedes-con-almuerzo-9h\/\" class=\"elementor-item\" tabindex=\"-1\">Pened\u00e8s con almuerzo 9h.<\/a><\/li>\n<li class=\"menu-item menu-item-type-post_type menu-item-object-page menu-item-1374\"><a href=\"https:\/\/aguideinbarcelona.com\/es\/penedes-con-4-x-4-en-9h\/\" class=\"elementor-item\" tabindex=\"-1\">Pened\u00e8s con 4 \u00d7 4 en 9h.<\/a><\/li>\n<li class=\"menu-item menu-item-type-post_type menu-item-object-page menu-item-1369\"><a href=\"https:\/\/aguideinbarcelona.com\/es\/priorat-10-horas\/\" class=\"elementor-item\" tabindex=\"-1\">Priorat 10 horas<\/a><\/li>\n<li class=\"menu-item menu-item-type-post_type menu-item-object-page menu-item-1372\"><a href=\"https:\/\/aguideinbarcelona.com\/es\/emporda-y-costa-brava-10-horas\/\" class=\"elementor-item\" tabindex=\"-1\">Empord\u00e0 y Costa Brava 10 horas<\/a><\/li>\n<li class=\"menu-item menu-item-type-post_type menu-item-object-page menu-item-1368\"><a href=\"https:\/\/aguideinbarcelona.com\/es\/alella-3-4-horas\/\" class=\"elementor-item\" tabindex=\"-1\">Alella 3-4 horas<\/a><\/li>\n<\/ul>\t\t\t<\/nav>\n\t\t\t\t\t\t<\/div>\n\t\t\t\t<\/div>\n\t\t\t\t<div class=\"elementor-element elementor-element-40be393 elementor-widget elementor-widget-spacer\" data-id=\"40be393\" data-element_type=\"widget\" data-e-type=\"widget\" data-widget_type=\"spacer.default\">\n\t\t\t\t<div class=\"elementor-widget-container\">\n\t\t\t\t\t\t\t<div class=\"elementor-spacer\">\n\t\t\t<div class=\"elementor-spacer-inner\"><\/div>\n\t\t<\/div>\n\t\t\t\t\t\t<\/div>\n\t\t\t\t<\/div>\n\t\t\t\t<div class=\"elementor-element elementor-element-fc6ab09 elementor-align-center elementor-widget elementor-widget-button\" data-id=\"fc6ab09\" data-element_type=\"widget\" data-e-type=\"widget\" data-widget_type=\"button.default\">\n\t\t\t\t<div class=\"elementor-widget-container\">\n\t\t\t\t\t\t\t\t\t<div class=\"elementor-button-wrapper\">\n\t\t\t\t\t<a class=\"elementor-button elementor-button-link elementor-size-md\" href=\"https:\/\/aguideinbarcelona.com\/es\/contactar\/\">\n\t\t\t\t\t\t<span class=\"elementor-button-content-wrapper\">\n\t\t\t\t\t\t\t\t\t<span class=\"elementor-button-text\">Para reservar este tour cont\u00e1ctenos<\/span>\n\t\t\t\t\t<\/span>\n\t\t\t\t\t<\/a>\n\t\t\t\t<\/div>\n\t\t\t\t\t\t\t\t<\/div>\n\t\t\t\t<\/div>\n\t\t\t\t\t<\/div>\n\t\t<\/div>\n\t\t\t\t<div class=\"elementor-column elementor-col-50 elementor-inner-column elementor-element elementor-element-7828ab96\" data-id=\"7828ab96\" data-element_type=\"column\" data-e-type=\"column\">\n\t\t\t<div class=\"elementor-widget-wrap elementor-element-populated\">\n\t\t\t\t\t\t<div class=\"elementor-element elementor-element-473ca00 elementor-widget elementor-widget-text-editor\" data-id=\"473ca00\" data-element_type=\"widget\" data-e-type=\"widget\" data-widget_type=\"text-editor.default\">\n\t\t\t\t<div class=\"elementor-widget-container\">\n\t\t\t\t\t\t\t\t\t<h3 style=\"text-align: center;\"><span style=\"color: #974578;\"><i>Alella 3-4 horas<\/i><\/span><\/h3>\t\t\t\t\t\t\t\t<\/div>\n\t\t\t\t<\/div>\n\t\t\t\t<div class=\"elementor-element elementor-element-7cc88cb8 elementor--h-position-center elementor--v-position-middle elementor-arrows-position-inside elementor-pagination-position-inside elementor-widget elementor-widget-slides\" data-id=\"7cc88cb8\" data-element_type=\"widget\" data-e-type=\"widget\" data-settings=\"{&quot;navigation&quot;:&quot;both&quot;,&quot;autoplay&quot;:&quot;yes&quot;,&quot;pause_on_hover&quot;:&quot;yes&quot;,&quot;pause_on_interaction&quot;:&quot;yes&quot;,&quot;autoplay_speed&quot;:5000,&quot;infinite&quot;:&quot;yes&quot;,&quot;transition&quot;:&quot;slide&quot;,&quot;transition_speed&quot;:500}\" data-widget_type=\"slides.default\">\n\t\t\t\t<div class=\"elementor-widget-container\">\n\t\t\t\t\t\t\t\t\t<div class=\"elementor-swiper\">\n\t\t\t\t\t<div class=\"elementor-slides-wrapper elementor-main-swiper swiper\" role=\"region\" aria-roledescription=\"carousel\" aria-label=\"Diapositivas\" dir=\"ltr\" data-animation=\"fadeInUp\">\n\t\t\t\t<div class=\"swiper-wrapper elementor-slides\">\n\t\t\t\t\t\t\t\t\t\t<div class=\"elementor-repeater-item-972480f swiper-slide\" role=\"group\" aria-roledescription=\"slide\"><div class=\"swiper-slide-bg\" role=\"img\" aria-label=\"Vinyes Alella amb mar-1\"><\/div><div class=\"swiper-slide-inner\" ><div class=\"swiper-slide-contents\"><\/div><\/div><\/div>\t\t\t\t<\/div>\n\t\t\t\t\t\t\t<\/div>\n\t\t\t\t<\/div>\n\t\t\t\t\t\t\t\t<\/div>\n\t\t\t\t<\/div>\n\t\t\t\t<div class=\"elementor-element elementor-element-584cd2b4 elementor-widget elementor-widget-text-editor\" data-id=\"584cd2b4\" data-element_type=\"widget\" data-e-type=\"widget\" data-widget_type=\"text-editor.default\">\n\t\t\t\t<div class=\"elementor-widget-container\">\n\t\t\t\t\t\t\t\t\t<p class=\"p1\" style=\"text-align: center;\"><span style=\"color: #974578;\"><strong><span class=\"s1\"><i>Tour de Vi\u00f1edos y Bodegas en Alella medio d\u00eda<\/i><\/span><\/strong><\/span><\/p>\n<p class=\"p1\" style=\"text-align: justify;\"><span class=\"s1\">Este es <b>uno de los mejores tours de vinos desde Barcelona cuando su tiempo disponible es muy limitado<\/b> ya que la regi\u00f3n vin\u00edcola de Alella est\u00e1 a solo 21 km \/12 millas de la ciudad.<\/span><\/p>\n<p class=\"p1\" style=\"text-align: justify;\"><span class=\"s1\">Alella es <b>la denominaci\u00f3n de origen vin\u00edcola m\u00e1s peque\u00f1a en Espa\u00f1a<\/b>, con s\u00f3lo 227 ha de vi\u00f1as plantadas. Viajar\u00e1 <b>tan s\u00f3lo 25 minutos al norte de Barcelona<\/b>, y estar\u00e1 rodeado de <b>hermosos vi\u00f1edos con vista al mar Mediterr\u00e1neo<\/b> y disfrutando de sus maravillosos vinos.<\/span><\/p>\n<p class=\"p1\" style=\"text-align: justify;\"><span class=\"s1\">La bodega boutique que visitamos es Alta Alella. Esta bodega es la culminaci\u00f3n de un proyecto familiar que comenz\u00f3 hace m\u00e1s de veinte a\u00f1os con Josep Maria Pujol-Busquets y su esposa Cristina Guill\u00e9n. Desde el principio, la <b>agricultura ecol\u00f3gica y el respeto por el medio ambiente y la naturaleza<\/b> han sido la base para hacer sus vinos y cavas ecol\u00f3gicos y naturales en la DO Alella y la DO Cava, con una voluntad de transparencia en lo que hacen, siendo un verdadero reflejo del terru\u00f1o.<\/span><\/p>\n<p class=\"p1\" style=\"text-align: justify;\"><span class=\"s1\">En este tour de vinos de Alta Alella <b>tenemos la opci\u00f3n de ir en tren o en coche<\/b> <b>privado con conductor.<\/b><\/span><\/p>\n<p class=\"p1\" style=\"text-align: justify;\"><span class=\"s1\">&#8211; <b>en tren<\/b>: desde la estaci\u00f3n de Plaza de Catalunya hasta la ciudad del Masnou, (26 minutos de viaje) y luego 10 minutos en taxi hasta la bodega de Alta Alella.<\/span><\/p>\n<p class=\"p1\" style=\"text-align: justify;\"><span class=\"s1\">&#8211; <b>en coche con chofer<\/b>: desde su hotel en Barcelona directamente hasta el estado vin\u00edcola de Alta Alella.<\/span><\/p>\n<p class=\"p1\" style=\"text-align: justify;\"><span class=\"s1\">La visita guiada al vi\u00f1edo y la bodega, seguida de la degustaci\u00f3n de seis de sus vinos y cavas, dura aproximadamente 1 hora y media. <b>Este tour incluye la asistencia de un gu\u00eda de vinos experto que lo acompa\u00f1a todo el tiempo desde su hotel en Barcelona<\/b>, la visita guiada y la degustaci\u00f3n de la bodega y el transporte seg\u00fan cu\u00e1l sea su opci\u00f3n: tren o autom\u00f3vil con chofer.<\/span><\/p>\n<p class=\"p1\" style=\"text-align: justify;\"><span class=\"s1\">Para este tour de Alella, preg\u00fantenos los precios, depende del tipo de transporte utilizado.<\/span><\/p>\t\t\t\t\t\t\t\t<\/div>\n\t\t\t\t<\/div>\n\t\t\t\t<div class=\"elementor-element elementor-element-011aa53 elementor-align-center elementor-widget elementor-widget-button\" data-id=\"011aa53\" data-element_type=\"widget\" data-e-type=\"widget\" data-widget_type=\"button.default\">\n\t\t\t\t<div class=\"elementor-widget-container\">\n\t\t\t\t\t\t\t\t\t<div class=\"elementor-button-wrapper\">\n\t\t\t\t\t<a class=\"elementor-button elementor-button-link elementor-size-xl\" href=\"https:\/\/aguideinbarcelona.com\/es\/contactar\/\">\n\t\t\t\t\t\t<span class=\"elementor-button-content-wrapper\">\n\t\t\t\t\t\t\t\t\t<span class=\"elementor-button-text\">Para reservar este tour cont\u00e1ctenos<\/span>\n\t\t\t\t\t<\/span>\n\t\t\t\t\t<\/a>\n\t\t\t\t<\/div>\n\t\t\t\t\t\t\t\t<\/div>\n\t\t\t\t<\/div>\n\t\t\t\t\t<\/div>\n\t\t<\/div>\n\t\t\t\t\t<\/div>\n\t\t<\/section>\n\t\t\t\t<div class=\"elementor-element elementor-element-30849f11 elementor-widget elementor-widget-spacer\" data-id=\"30849f11\" data-element_type=\"widget\" data-e-type=\"widget\" data-widget_type=\"spacer.default\">\n\t\t\t\t<div class=\"elementor-widget-container\">\n\t\t\t\t\t\t\t<div class=\"elementor-spacer\">\n\t\t\t<div class=\"elementor-spacer-inner\"><\/div>\n\t\t<\/div>\n\t\t\t\t\t\t<\/div>\n\t\t\t\t<\/div>\n\t\t\t\t<div class=\"elementor-element elementor-element-5372c461 elementor-widget elementor-widget-gallery\" data-id=\"5372c461\" data-element_type=\"widget\" data-e-type=\"widget\" data-settings=\"{&quot;columns&quot;:3,&quot;lazyload&quot;:&quot;yes&quot;,&quot;gallery_layout&quot;:&quot;grid&quot;,&quot;columns_tablet&quot;:2,&quot;columns_mobile&quot;:1,&quot;gap&quot;:{&quot;unit&quot;:&quot;px&quot;,&quot;size&quot;:10,&quot;sizes&quot;:[]},&quot;gap_tablet&quot;:{&quot;unit&quot;:&quot;px&quot;,&quot;size&quot;:10,&quot;sizes&quot;:[]},&quot;gap_mobile&quot;:{&quot;unit&quot;:&quot;px&quot;,&quot;size&quot;:10,&quot;sizes&quot;:[]},&quot;link_to&quot;:&quot;file&quot;,&quot;aspect_ratio&quot;:&quot;3:2&quot;,&quot;overlay_background&quot;:&quot;yes&quot;,&quot;content_hover_animation&quot;:&quot;fade-in&quot;}\" data-widget_type=\"gallery.default\">\n\t\t\t\t<div class=\"elementor-widget-container\">\n\t\t\t\t\t\t\t<div class=\"elementor-gallery__container\">\n\t\t\t\t\t\t\t<a class=\"e-gallery-item elementor-gallery-item elementor-animated-content\" href=\"https:\/\/aguideinbarcelona.com\/wp-content\/uploads\/2020\/05\/Taula-parada-vistes-mar-2-scaled.jpg\" data-elementor-open-lightbox=\"yes\" data-elementor-lightbox-slideshow=\"5372c461\" data-elementor-lightbox-title=\"Taula parada vistes mar-2\" data-e-action-hash=\"#elementor-action%3Aaction%3Dlightbox%26settings%3DeyJpZCI6MzAyMCwidXJsIjoiaHR0cHM6XC9cL2FndWlkZWluYmFyY2Vsb25hLmNvbVwvd3AtY29udGVudFwvdXBsb2Fkc1wvMjAyMFwvMDVcL1RhdWxhLXBhcmFkYS12aXN0ZXMtbWFyLTItc2NhbGVkLmpwZyIsInNsaWRlc2hvdyI6IjUzNzJjNDYxIn0%3D\">\n\t\t\t\t\t<div class=\"e-gallery-image elementor-gallery-item__image\" data-thumbnail=\"https:\/\/aguideinbarcelona.com\/wp-content\/uploads\/2020\/05\/Taula-parada-vistes-mar-2-300x224.jpg\" data-width=\"300\" data-height=\"224\" aria-label=\"\" role=\"img\" ><\/div>\n\t\t\t\t\t\t\t\t\t\t\t<div class=\"elementor-gallery-item__overlay\"><\/div>\n\t\t\t\t\t\t\t\t\t\t\t\t\t\t<\/a>\n\t\t\t\t\t\t\t<a class=\"e-gallery-item elementor-gallery-item elementor-animated-content\" href=\"https:\/\/aguideinbarcelona.com\/wp-content\/uploads\/2020\/05\/Edifici-enoturisme-3-scaled.jpg\" data-elementor-open-lightbox=\"yes\" data-elementor-lightbox-slideshow=\"5372c461\" data-elementor-lightbox-title=\"Edifici enoturisme-3\" data-e-action-hash=\"#elementor-action%3Aaction%3Dlightbox%26settings%3DeyJpZCI6MzAxNCwidXJsIjoiaHR0cHM6XC9cL2FndWlkZWluYmFyY2Vsb25hLmNvbVwvd3AtY29udGVudFwvdXBsb2Fkc1wvMjAyMFwvMDVcL0VkaWZpY2ktZW5vdHVyaXNtZS0zLXNjYWxlZC5qcGciLCJzbGlkZXNob3ciOiI1MzcyYzQ2MSJ9\">\n\t\t\t\t\t<div class=\"e-gallery-image elementor-gallery-item__image\" data-thumbnail=\"https:\/\/aguideinbarcelona.com\/wp-content\/uploads\/2020\/05\/Edifici-enoturisme-3-300x224.jpg\" data-width=\"300\" data-height=\"224\" aria-label=\"\" role=\"img\" ><\/div>\n\t\t\t\t\t\t\t\t\t\t\t<div class=\"elementor-gallery-item__overlay\"><\/div>\n\t\t\t\t\t\t\t\t\t\t\t\t\t\t<\/a>\n\t\t\t\t\t\t\t<a class=\"e-gallery-item elementor-gallery-item elementor-animated-content\" href=\"https:\/\/aguideinbarcelona.com\/wp-content\/uploads\/2020\/05\/Centre-Enoturisme-i-vinyes-Alella-4.jpg\" data-elementor-open-lightbox=\"yes\" data-elementor-lightbox-slideshow=\"5372c461\" data-elementor-lightbox-title=\"Centre Enoturisme i vinyes Alella-4\" data-e-action-hash=\"#elementor-action%3Aaction%3Dlightbox%26settings%3DeyJpZCI6MzAxMSwidXJsIjoiaHR0cHM6XC9cL2FndWlkZWluYmFyY2Vsb25hLmNvbVwvd3AtY29udGVudFwvdXBsb2Fkc1wvMjAyMFwvMDVcL0NlbnRyZS1Fbm90dXJpc21lLWktdmlueWVzLUFsZWxsYS00LmpwZyIsInNsaWRlc2hvdyI6IjUzNzJjNDYxIn0%3D\">\n\t\t\t\t\t<div class=\"e-gallery-image elementor-gallery-item__image\" data-thumbnail=\"https:\/\/aguideinbarcelona.com\/wp-content\/uploads\/2020\/05\/Centre-Enoturisme-i-vinyes-Alella-4-300x156.jpg\" data-width=\"300\" data-height=\"156\" aria-label=\"\" role=\"img\" ><\/div>\n\t\t\t\t\t\t\t\t\t\t\t<div class=\"elementor-gallery-item__overlay\"><\/div>\n\t\t\t\t\t\t\t\t\t\t\t\t\t\t<\/a>\n\t\t\t\t\t\t\t<a class=\"e-gallery-item elementor-gallery-item elementor-animated-content\" href=\"https:\/\/aguideinbarcelona.com\/wp-content\/uploads\/2020\/05\/taula-de-seleccio-5-scaled.jpg\" data-elementor-open-lightbox=\"yes\" data-elementor-lightbox-slideshow=\"5372c461\" data-elementor-lightbox-title=\"taula de seleccio-5\" data-e-action-hash=\"#elementor-action%3Aaction%3Dlightbox%26settings%3DeyJpZCI6MzAxNywidXJsIjoiaHR0cHM6XC9cL2FndWlkZWluYmFyY2Vsb25hLmNvbVwvd3AtY29udGVudFwvdXBsb2Fkc1wvMjAyMFwvMDVcL3RhdWxhLWRlLXNlbGVjY2lvLTUtc2NhbGVkLmpwZyIsInNsaWRlc2hvdyI6IjUzNzJjNDYxIn0%3D\">\n\t\t\t\t\t<div class=\"e-gallery-image elementor-gallery-item__image\" data-thumbnail=\"https:\/\/aguideinbarcelona.com\/wp-content\/uploads\/2020\/05\/taula-de-seleccio-5-300x224.jpg\" data-width=\"300\" data-height=\"224\" aria-label=\"\" role=\"img\" ><\/div>\n\t\t\t\t\t\t\t\t\t\t\t<div class=\"elementor-gallery-item__overlay\"><\/div>\n\t\t\t\t\t\t\t\t\t\t\t\t\t\t<\/a>\n\t\t\t\t\t\t\t<a class=\"e-gallery-item elementor-gallery-item elementor-animated-content\" href=\"https:\/\/aguideinbarcelona.com\/wp-content\/uploads\/2020\/05\/Ampolla-Alta-Alella-6.jpg\" data-elementor-open-lightbox=\"yes\" data-elementor-lightbox-slideshow=\"5372c461\" data-elementor-lightbox-title=\"Ampolla Alta Alella-6\" data-e-action-hash=\"#elementor-action%3Aaction%3Dlightbox%26settings%3DeyJpZCI6MzAwOCwidXJsIjoiaHR0cHM6XC9cL2FndWlkZWluYmFyY2Vsb25hLmNvbVwvd3AtY29udGVudFwvdXBsb2Fkc1wvMjAyMFwvMDVcL0FtcG9sbGEtQWx0YS1BbGVsbGEtNi5qcGciLCJzbGlkZXNob3ciOiI1MzcyYzQ2MSJ9\">\n\t\t\t\t\t<div class=\"e-gallery-image elementor-gallery-item__image\" data-thumbnail=\"https:\/\/aguideinbarcelona.com\/wp-content\/uploads\/2020\/05\/Ampolla-Alta-Alella-6-300x175.jpg\" data-width=\"300\" data-height=\"175\" aria-label=\"\" role=\"img\" ><\/div>\n\t\t\t\t\t\t\t\t\t\t\t<div class=\"elementor-gallery-item__overlay\"><\/div>\n\t\t\t\t\t\t\t\t\t\t\t\t\t\t<\/a>\n\t\t\t\t\t\t\t<a class=\"e-gallery-item elementor-gallery-item elementor-animated-content\" href=\"https:\/\/aguideinbarcelona.com\/wp-content\/uploads\/2020\/05\/Vinyes-Alella-7.jpg\" data-elementor-open-lightbox=\"yes\" data-elementor-lightbox-slideshow=\"5372c461\" data-elementor-lightbox-title=\"Vinyes Alella-7\" data-e-action-hash=\"#elementor-action%3Aaction%3Dlightbox%26settings%3DeyJpZCI6MzAyNiwidXJsIjoiaHR0cHM6XC9cL2FndWlkZWluYmFyY2Vsb25hLmNvbVwvd3AtY29udGVudFwvdXBsb2Fkc1wvMjAyMFwvMDVcL1Zpbnllcy1BbGVsbGEtNy5qcGciLCJzbGlkZXNob3ciOiI1MzcyYzQ2MSJ9\">\n\t\t\t\t\t<div class=\"e-gallery-image elementor-gallery-item__image\" data-thumbnail=\"https:\/\/aguideinbarcelona.com\/wp-content\/uploads\/2020\/05\/Vinyes-Alella-7-300x200.jpg\" data-width=\"300\" data-height=\"200\" aria-label=\"\" role=\"img\" ><\/div>\n\t\t\t\t\t\t\t\t\t\t\t<div class=\"elementor-gallery-item__overlay\"><\/div>\n\t\t\t\t\t\t\t\t\t\t\t\t\t\t<\/a>\n\t\t\t\t\t<\/div>\n\t\t\t\t\t<\/div>\n\t\t\t\t<\/div>\n\t\t\t\t\t<\/div>\n\t\t<\/div>\n\t\t\t\t\t<\/div>\n\t\t<\/section>\n\t\t\t\t<\/div>\n\t\t","protected":false},"excerpt":{"rendered":"<p>Para reservar este tour cont\u00e1ctenos Alella 3-4 horas Tour de Vi\u00f1edos y Bodegas en Alella medio d\u00eda Este es uno de los mejores tours de vinos desde Barcelona cuando su tiempo disponible es muy limitado ya que la regi\u00f3n vin\u00edcola de Alella est\u00e1 a solo 21 km \/12 millas de la ciudad. Alella es la &hellip; <\/p>\n<p class=\"link-more\"><a href=\"https:\/\/aguideinbarcelona.com\/es\/alella-3-4-horas\/\" class=\"more-link\">Seguir leyendo<span class=\"screen-reader-text\"> \u00abAlella 3-4 horas\u00bb<\/span><\/a><\/p>\n","protected":false},"author":4,"featured_media":3023,"parent":0,"menu_order":0,"comment_status":"closed","ping_status":"closed","template":"elementor_header_footer","meta":{"footnotes":""},"categories":[31],"tags":[],"class_list":["post-1363","page","type-page","status-publish","has-post-thumbnail","hentry","category-tours-de-vinos","entry"],"_links":{"self":[{"href":"https:\/\/aguideinbarcelona.com\/es\/wp-json\/wp\/v2\/pages\/1363","targetHints":{"allow":["GET"]}}],"collection":[{"href":"https:\/\/aguideinbarcelona.com\/es\/wp-json\/wp\/v2\/pages"}],"about":[{"href":"https:\/\/aguideinbarcelona.com\/es\/wp-json\/wp\/v2\/types\/page"}],"author":[{"embeddable":true,"href":"https:\/\/aguideinbarcelona.com\/es\/wp-json\/wp\/v2\/users\/4"}],"replies":[{"embeddable":true,"href":"https:\/\/aguideinbarcelona.com\/es\/wp-json\/wp\/v2\/comments?post=1363"}],"version-history":[{"count":0,"href":"https:\/\/aguideinbarcelona.com\/es\/wp-json\/wp\/v2\/pages\/1363\/revisions"}],"wp:featuredmedia":[{"embeddable":true,"href":"https:\/\/aguideinbarcelona.com\/es\/wp-json\/wp\/v2\/media\/3023"}],"wp:attachment":[{"href":"https:\/\/aguideinbarcelona.com\/es\/wp-json\/wp\/v2\/media?parent=1363"}],"wp:term":[{"taxonomy":"category","embeddable":true,"href":"https:\/\/aguideinbarcelona.com\/es\/wp-json\/wp\/v2\/categories?post=1363"},{"taxonomy":"post_tag","embeddable":true,"href":"https:\/\/aguideinbarcelona.com\/es\/wp-json\/wp\/v2\/tags?post=1363"}],"curies":[{"name":"wp","href":"https:\/\/api.w.org\/{rel}","templated":true}]}}