{"id":1409,"date":"2020-04-09T11:07:34","date_gmt":"2020-04-09T09:07:34","guid":{"rendered":"https:\/\/aguideinbarcelona.com\/?page_id=1409"},"modified":"2020-06-10T11:13:52","modified_gmt":"2020-06-10T09:13:52","slug":"girona-y-costa-brava-9h","status":"publish","type":"page","link":"https:\/\/aguideinbarcelona.com\/es\/girona-y-costa-brava-9h\/","title":{"rendered":"Girona y Costa Brava 9h"},"content":{"rendered":"\t\t<div data-elementor-type=\"wp-page\" data-elementor-id=\"1409\" class=\"elementor elementor-1409\" data-elementor-post-type=\"page\">\n\t\t\t\t\t\t<section class=\"elementor-section elementor-top-section elementor-element elementor-element-2cc622ba elementor-section-boxed elementor-section-height-default elementor-section-height-default\" data-id=\"2cc622ba\" data-element_type=\"section\" data-e-type=\"section\">\n\t\t\t\t\t\t<div class=\"elementor-container elementor-column-gap-default\">\n\t\t\t\t\t<div class=\"elementor-column elementor-col-100 elementor-top-column elementor-element elementor-element-495c16f\" data-id=\"495c16f\" data-element_type=\"column\" data-e-type=\"column\">\n\t\t\t<div class=\"elementor-widget-wrap elementor-element-populated\">\n\t\t\t\t\t\t<section class=\"elementor-section elementor-inner-section elementor-element elementor-element-76c30b4 elementor-section-boxed elementor-section-height-default elementor-section-height-default\" data-id=\"76c30b4\" data-element_type=\"section\" data-e-type=\"section\">\n\t\t\t\t\t\t<div class=\"elementor-container elementor-column-gap-default\">\n\t\t\t\t\t<div class=\"elementor-column elementor-col-50 elementor-inner-column elementor-element elementor-element-4a7aa7b7\" data-id=\"4a7aa7b7\" data-element_type=\"column\" data-e-type=\"column\">\n\t\t\t<div class=\"elementor-widget-wrap elementor-element-populated\">\n\t\t\t\t\t\t<div class=\"elementor-element elementor-element-b082357 elementor-nav-menu--dropdown-none menu_izq elementor-widget elementor-widget-nav-menu\" data-id=\"b082357\" data-element_type=\"widget\" data-e-type=\"widget\" data-settings=\"{&quot;layout&quot;:&quot;vertical&quot;,&quot;submenu_icon&quot;:{&quot;value&quot;:&quot;&lt;i class=\\&quot;fas fa-caret-down\\&quot; aria-hidden=\\&quot;true\\&quot;&gt;&lt;\\\/i&gt;&quot;,&quot;library&quot;:&quot;fa-solid&quot;}}\" data-widget_type=\"nav-menu.default\">\n\t\t\t\t<div class=\"elementor-widget-container\">\n\t\t\t\t\t\t\t\t<nav aria-label=\"Men\u00fa\" class=\"elementor-nav-menu--main elementor-nav-menu__container elementor-nav-menu--layout-vertical e--pointer-none\">\n\t\t\t\t<ul id=\"menu-1-b082357\" class=\"elementor-nav-menu sm-vertical\"><li class=\"menu-item menu-item-type-custom menu-item-object-custom menu-item-967\"><a href=\"https:\/\/aguideinbarcelona.com\/es\/tours-fuera-de-la-ciudad\/\" class=\"elementor-item\"><span class=\"title_menu_tours\">TOURS FUERA DE LA CIUDAD:<\/span><\/a><\/li>\n<li class=\"menu-item menu-item-type-post_type menu-item-object-page menu-item-1436\"><a href=\"https:\/\/aguideinbarcelona.com\/es\/montserrat-medio-dia-5-o-6h\/\" class=\"elementor-item\">Montserrat medio d\u00eda 5 o 6h<\/a><\/li>\n<li class=\"menu-item menu-item-type-post_type menu-item-object-page menu-item-1437\"><a href=\"https:\/\/aguideinbarcelona.com\/es\/montserrat-y-sitges-8h\/\" class=\"elementor-item\">Montserrat y Sitges 8h<\/a><\/li>\n<li class=\"menu-item menu-item-type-post_type menu-item-object-page menu-item-1442\"><a href=\"https:\/\/aguideinbarcelona.com\/es\/montserrat-y-vinedos-8h\/\" class=\"elementor-item\">Montserrat y Vi\u00f1edos 8h<\/a><\/li>\n<li class=\"menu-item menu-item-type-post_type menu-item-object-page menu-item-1439\"><a href=\"https:\/\/aguideinbarcelona.com\/es\/museo-dali-y-girona-9h\/\" class=\"elementor-item\">Museo Dal\u00ed y Girona 9h<\/a><\/li>\n<li class=\"menu-item menu-item-type-post_type menu-item-object-page menu-item-1438\"><a href=\"https:\/\/aguideinbarcelona.com\/es\/museo-dali-y-costa-brava-9h\/\" class=\"elementor-item\">Museo Dal\u00ed y Costa Brava 9h<\/a><\/li>\n<li class=\"menu-item menu-item-type-post_type menu-item-object-page menu-item-1440\"><a href=\"https:\/\/aguideinbarcelona.com\/es\/museo-dali-y-vinedos-10h\/\" class=\"elementor-item\">Museo Dal\u00ed y vi\u00f1edos 10h<\/a><\/li>\n<li class=\"menu-item menu-item-type-post_type menu-item-object-page menu-item-1441\"><a href=\"https:\/\/aguideinbarcelona.com\/es\/girona-y-costa-brava-9h\/\" class=\"elementor-item\">Girona y Costa Brava 9h<\/a><\/li>\n<\/ul>\t\t\t<\/nav>\n\t\t\t\t\t\t<nav class=\"elementor-nav-menu--dropdown elementor-nav-menu__container\" aria-hidden=\"true\">\n\t\t\t\t<ul id=\"menu-2-b082357\" class=\"elementor-nav-menu sm-vertical\"><li class=\"menu-item menu-item-type-custom menu-item-object-custom menu-item-967\"><a href=\"https:\/\/aguideinbarcelona.com\/es\/tours-fuera-de-la-ciudad\/\" class=\"elementor-item\" tabindex=\"-1\"><span class=\"title_menu_tours\">TOURS FUERA DE LA CIUDAD:<\/span><\/a><\/li>\n<li class=\"menu-item menu-item-type-post_type menu-item-object-page menu-item-1436\"><a href=\"https:\/\/aguideinbarcelona.com\/es\/montserrat-medio-dia-5-o-6h\/\" class=\"elementor-item\" tabindex=\"-1\">Montserrat medio d\u00eda 5 o 6h<\/a><\/li>\n<li class=\"menu-item menu-item-type-post_type menu-item-object-page menu-item-1437\"><a href=\"https:\/\/aguideinbarcelona.com\/es\/montserrat-y-sitges-8h\/\" class=\"elementor-item\" tabindex=\"-1\">Montserrat y Sitges 8h<\/a><\/li>\n<li class=\"menu-item menu-item-type-post_type menu-item-object-page menu-item-1442\"><a href=\"https:\/\/aguideinbarcelona.com\/es\/montserrat-y-vinedos-8h\/\" class=\"elementor-item\" tabindex=\"-1\">Montserrat y Vi\u00f1edos 8h<\/a><\/li>\n<li class=\"menu-item menu-item-type-post_type menu-item-object-page menu-item-1439\"><a href=\"https:\/\/aguideinbarcelona.com\/es\/museo-dali-y-girona-9h\/\" class=\"elementor-item\" tabindex=\"-1\">Museo Dal\u00ed y Girona 9h<\/a><\/li>\n<li class=\"menu-item menu-item-type-post_type menu-item-object-page menu-item-1438\"><a href=\"https:\/\/aguideinbarcelona.com\/es\/museo-dali-y-costa-brava-9h\/\" class=\"elementor-item\" tabindex=\"-1\">Museo Dal\u00ed y Costa Brava 9h<\/a><\/li>\n<li class=\"menu-item menu-item-type-post_type menu-item-object-page menu-item-1440\"><a href=\"https:\/\/aguideinbarcelona.com\/es\/museo-dali-y-vinedos-10h\/\" class=\"elementor-item\" tabindex=\"-1\">Museo Dal\u00ed y vi\u00f1edos 10h<\/a><\/li>\n<li class=\"menu-item menu-item-type-post_type menu-item-object-page menu-item-1441\"><a href=\"https:\/\/aguideinbarcelona.com\/es\/girona-y-costa-brava-9h\/\" class=\"elementor-item\" tabindex=\"-1\">Girona y Costa Brava 9h<\/a><\/li>\n<\/ul>\t\t\t<\/nav>\n\t\t\t\t\t\t<\/div>\n\t\t\t\t<\/div>\n\t\t\t\t<div class=\"elementor-element elementor-element-5597df2e elementor-widget elementor-widget-spacer\" data-id=\"5597df2e\" data-element_type=\"widget\" data-e-type=\"widget\" data-widget_type=\"spacer.default\">\n\t\t\t\t<div class=\"elementor-widget-container\">\n\t\t\t\t\t\t\t<div class=\"elementor-spacer\">\n\t\t\t<div class=\"elementor-spacer-inner\"><\/div>\n\t\t<\/div>\n\t\t\t\t\t\t<\/div>\n\t\t\t\t<\/div>\n\t\t\t\t<div class=\"elementor-element elementor-element-2e0e0505 elementor-align-center elementor-widget elementor-widget-button\" data-id=\"2e0e0505\" data-element_type=\"widget\" data-e-type=\"widget\" data-widget_type=\"button.default\">\n\t\t\t\t<div class=\"elementor-widget-container\">\n\t\t\t\t\t\t\t\t\t<div class=\"elementor-button-wrapper\">\n\t\t\t\t\t<a class=\"elementor-button elementor-button-link elementor-size-md\" href=\"https:\/\/aguideinbarcelona.com\/es\/contactar\">\n\t\t\t\t\t\t<span class=\"elementor-button-content-wrapper\">\n\t\t\t\t\t\t\t\t\t<span class=\"elementor-button-text\">Para reservar este tour cont\u00e1ctenos<\/span>\n\t\t\t\t\t<\/span>\n\t\t\t\t\t<\/a>\n\t\t\t\t<\/div>\n\t\t\t\t\t\t\t\t<\/div>\n\t\t\t\t<\/div>\n\t\t\t\t<div class=\"elementor-element elementor-element-20e6a942 elementor-widget elementor-widget-spacer\" data-id=\"20e6a942\" data-element_type=\"widget\" data-e-type=\"widget\" data-widget_type=\"spacer.default\">\n\t\t\t\t<div class=\"elementor-widget-container\">\n\t\t\t\t\t\t\t<div class=\"elementor-spacer\">\n\t\t\t<div class=\"elementor-spacer-inner\"><\/div>\n\t\t<\/div>\n\t\t\t\t\t\t<\/div>\n\t\t\t\t<\/div>\n\t\t\t\t\t<\/div>\n\t\t<\/div>\n\t\t\t\t<div class=\"elementor-column elementor-col-50 elementor-inner-column elementor-element elementor-element-2ac5ec85\" data-id=\"2ac5ec85\" data-element_type=\"column\" data-e-type=\"column\">\n\t\t\t<div class=\"elementor-widget-wrap elementor-element-populated\">\n\t\t\t\t\t\t<div class=\"elementor-element elementor-element-57d46d85 elementor-widget elementor-widget-text-editor\" data-id=\"57d46d85\" data-element_type=\"widget\" data-e-type=\"widget\" data-widget_type=\"text-editor.default\">\n\t\t\t\t<div class=\"elementor-widget-container\">\n\t\t\t\t\t\t\t\t\t<h3 style=\"text-align: center;\"><em><span style=\"color: #99ec00;\">Museo Dal\u00ed y Costa Brava 9h<\/span><\/em><\/h3>\t\t\t\t\t\t\t\t<\/div>\n\t\t\t\t<\/div>\n\t\t\t\t<div class=\"elementor-element elementor-element-7849db66 elementor--h-position-center elementor--v-position-middle elementor-arrows-position-inside elementor-pagination-position-inside elementor-widget elementor-widget-slides\" data-id=\"7849db66\" data-element_type=\"widget\" data-e-type=\"widget\" data-settings=\"{&quot;navigation&quot;:&quot;both&quot;,&quot;autoplay&quot;:&quot;yes&quot;,&quot;pause_on_hover&quot;:&quot;yes&quot;,&quot;pause_on_interaction&quot;:&quot;yes&quot;,&quot;autoplay_speed&quot;:5000,&quot;infinite&quot;:&quot;yes&quot;,&quot;transition&quot;:&quot;slide&quot;,&quot;transition_speed&quot;:500}\" data-widget_type=\"slides.default\">\n\t\t\t\t<div class=\"elementor-widget-container\">\n\t\t\t\t\t\t\t\t\t<div class=\"elementor-swiper\">\n\t\t\t\t\t<div class=\"elementor-slides-wrapper elementor-main-swiper swiper\" role=\"region\" aria-roledescription=\"carousel\" aria-label=\"Diapositivas\" dir=\"ltr\" data-animation=\"fadeInUp\">\n\t\t\t\t<div class=\"swiper-wrapper elementor-slides\">\n\t\t\t\t\t\t\t\t\t\t<div class=\"elementor-repeater-item-972480f swiper-slide\" role=\"group\" aria-roledescription=\"slide\"><div class=\"swiper-slide-bg\" role=\"img\" aria-label=\"Girona casa riu i pont-1\"><\/div><div class=\"swiper-slide-inner\" ><div class=\"swiper-slide-contents\"><\/div><\/div><\/div>\t\t\t\t<\/div>\n\t\t\t\t\t\t\t<\/div>\n\t\t\t\t<\/div>\n\t\t\t\t\t\t\t\t<\/div>\n\t\t\t\t<\/div>\n\t\t\t\t<div class=\"elementor-element elementor-element-6c09b22a elementor-widget elementor-widget-text-editor\" data-id=\"6c09b22a\" data-element_type=\"widget\" data-e-type=\"widget\" data-widget_type=\"text-editor.default\">\n\t\t\t\t<div class=\"elementor-widget-container\">\n\t\t\t\t\t\t\t\t\t<p class=\"p1\" style=\"text-align: justify;\"><span style=\"color: #99ec00;\"><strong><span class=\"s1\"><i>Excursi\u00f3n de d\u00eda completo desde Barcelona con visita guiada del museo Dal\u00ed de Figueres y tour de la Costa Brava.<\/i><\/span><\/strong><\/span><\/p><p class=\"p2\" style=\"text-align: justify;\"><span class=\"s1\" style=\"color: #000000;\">\u201c<b>Si alg\u00fan d\u00eda me muero, aunque es poco probable, espero que la gente en los caf\u00e9s diga: <i>Dal\u00ed ha muerto, pero no del todo<\/i><\/b>\u00bb &#8211; Salvador Dal\u00ed.<\/span><\/p><p class=\"p2\" style=\"text-align: justify;\"><span class=\"s1\" style=\"color: #000000;\">\u00a1Eso es muy cierto, se\u00f1or Dal\u00ed!<\/span><\/p><p class=\"p2\" style=\"text-align: justify;\"><span class=\"s1\" style=\"color: #000000;\">Desde 1974, <b>el Teatro-Museo Dal\u00ed<\/b> se levanta sobre los restos del antiguo Teatro Municipal de Figueres y se considera la \u00faltima gran obra de Salvador Dal\u00ed. Todo en \u00e9l fue concebido y dise\u00f1ado por el artista para ofrecer a los visitantes una experiencia real e invitarles a su mundo \u00fanico y cautivador.<\/span><\/p><p class=\"p2\" style=\"text-align: justify;\"><span class=\"s1\" style=\"color: #000000;\"><b>Sum\u00e9rjase en el mundo surrealista de este incre\u00edble artista<\/b>. Est\u00e1 m\u00e1s all\u00e1 de cualquier expectativa.<\/span><\/p><p class=\"p2\" style=\"text-align: justify;\"><span class=\"s1\" style=\"color: #000000;\">Le guiaremos a trav\u00e9s de una selecci\u00f3n de las mejores obras.<\/span><\/p><p class=\"p2\" style=\"text-align: justify;\"><span class=\"s1\" style=\"color: #000000;\">El museo est\u00e1 ubicado en la ciudad de Figueres, a 138 km \/ 86 millas al norte de Barcelona.<\/span><\/p><p class=\"p2\" style=\"text-align: justify;\"><span class=\"s1\" style=\"color: #000000;\">Luego nuestro conductor nos llevar\u00e1 a <b>la Costa Brava<\/b>.<\/span><\/p><p class=\"p2\" style=\"text-align: justify;\"><span class=\"s1\" style=\"color: #000000;\">El nombre lo dice todo, significa la \u00abcosta salvaje\u00bb en espa\u00f1ol. Nombre con el que la bautiz\u00f3 el poeta y periodista catal\u00e1n Ferran Agull\u00f3 a principios del siglo XX.<\/span><\/p><p class=\"p2\" style=\"text-align: justify;\"><span class=\"s1\" style=\"color: #000000;\"><b>La Costa Brava es uno de los tramos de costa m\u00e1s bellos y v\u00edrgenes de Europa, destino de los amantes del mar<\/b>.<\/span><\/p><p class=\"p2\" style=\"text-align: justify;\"><span class=\"s1\" style=\"color: #000000;\">Acantilados impresionantes que brillan con el reflejo del color verde azulado del mar Mediterr\u00e1neo. <\/span><\/p><p class=\"p2\" style=\"text-align: justify;\"><span class=\"s1\" style=\"color: #000000;\">\u00a1En este d\u00eda no se olvide de su c\u00e1mara de fotos , los paisajes inspiradores est\u00e1n garantizados!<\/span><\/p><p class=\"p2\" style=\"text-align: justify;\"><span class=\"s1\" style=\"color: #000000;\">Recomendamos usen calzado c\u00f3modo ya que recorreremos a pie uno de los muchos senderos costeros de estos hermosos pueblos.<\/span><\/p>\t\t\t\t\t\t\t\t<\/div>\n\t\t\t\t<\/div>\n\t\t\t\t<div class=\"elementor-element elementor-element-5b6125b8 elementor-widget elementor-widget-text-editor\" data-id=\"5b6125b8\" data-element_type=\"widget\" data-e-type=\"widget\" data-widget_type=\"text-editor.default\">\n\t\t\t\t<div class=\"elementor-widget-container\">\n\t\t\t\t\t\t\t\t\t<p style=\"text-align: left;\"><span style=\"color: #99ec00;\"><strong>Precio del tour<\/strong>:\u00a0<\/span>1030 \u20ac total para grupos de 1 a 6 personas.<\/p><p class=\"p1\"><span class=\"s2\">* Para grupos de 7 o m\u00e1s, solicite una nueva cotizaci\u00f3n.<\/span><\/p><p style=\"text-align: left;\"><span style=\"color: #99ec00;\"><strong>Duraci\u00f3n del Tour: <\/strong><\/span>9 horas.<\/p>\t\t\t\t\t\t\t\t<\/div>\n\t\t\t\t<\/div>\n\t\t\t\t<div class=\"elementor-element elementor-element-1f6fbfc7 elementor-widget elementor-widget-text-editor\" data-id=\"1f6fbfc7\" data-element_type=\"widget\" data-e-type=\"widget\" data-widget_type=\"text-editor.default\">\n\t\t\t\t<div class=\"elementor-widget-container\">\n\t\t\t\t\t\t\t\t\t<p class=\"p1\"><span class=\"s1\" style=\"color: #99ec00;\"><b>El precio incluye:<\/b><\/span><\/p><p><span class=\"s1\"><b><span class=\"s3\">\u2713 <\/span>Coche o minivan Mercedes con chofer durante 9 horas.<\/b><\/span><\/p><p><span class=\"s1\"><b><span class=\"s3\">\u2713 <\/span>Tour privado de 9 horas<\/b> <b>con un gu\u00eda tur\u00edstico oficial de Catalu\u00f1a.<\/b><\/span><\/p><p><span class=\"s1\"><b><span class=\"s3\">\u2713 <\/span>Visita guiada del museo Dal\u00ed de Figueres.<\/b><\/span><\/p><p><b>\u2713 Receptores individuales y auriculares de un solo uso<\/b>\u00a0a trav\u00e9s del cual oir\u00e1n a\u00a0 la gu\u00eda hablando por su micr\u00f3fono.<span class=\"Apple-converted-space\">\u00a0\u00a0<\/span><\/p><p class=\"p2\"><span class=\"s1\">Evite largas colas de espera en monumentos y museos: somos gu\u00edas oficiales y nuestra licencia nos da<span class=\"Apple-converted-space\">\u00a0 <\/span>preferencia en la entrada.<\/span><\/p><p class=\"p1\"><span class=\"s1\" style=\"color: #99ec00;\"><b>El precio excluye:<\/b><\/span><\/p><p><span class=\"s1\"><span class=\"s3\">\u2713 <\/span>Entradas y visita guiada del museo Dal\u00ed de Figueres <\/span><\/p><p><span class=\"s1\"><span class=\"s3\">\u2713 <\/span>Almuerzo.<\/span><\/p>\t\t\t\t\t\t\t\t<\/div>\n\t\t\t\t<\/div>\n\t\t\t\t<div class=\"elementor-element elementor-element-ba9ddaf elementor-align-center elementor-widget elementor-widget-button\" data-id=\"ba9ddaf\" data-element_type=\"widget\" data-e-type=\"widget\" data-widget_type=\"button.default\">\n\t\t\t\t<div class=\"elementor-widget-container\">\n\t\t\t\t\t\t\t\t\t<div class=\"elementor-button-wrapper\">\n\t\t\t\t\t<a class=\"elementor-button elementor-button-link elementor-size-xl\" href=\"https:\/\/aguideinbarcelona.com\/es\/contactar\">\n\t\t\t\t\t\t<span class=\"elementor-button-content-wrapper\">\n\t\t\t\t\t\t\t\t\t<span class=\"elementor-button-text\">Para reservar este tour cont\u00e1ctenos<\/span>\n\t\t\t\t\t<\/span>\n\t\t\t\t\t<\/a>\n\t\t\t\t<\/div>\n\t\t\t\t\t\t\t\t<\/div>\n\t\t\t\t<\/div>\n\t\t\t\t\t<\/div>\n\t\t<\/div>\n\t\t\t\t\t<\/div>\n\t\t<\/section>\n\t\t\t\t<div class=\"elementor-element elementor-element-6eceb296 elementor-widget elementor-widget-spacer\" data-id=\"6eceb296\" data-element_type=\"widget\" data-e-type=\"widget\" data-widget_type=\"spacer.default\">\n\t\t\t\t<div class=\"elementor-widget-container\">\n\t\t\t\t\t\t\t<div class=\"elementor-spacer\">\n\t\t\t<div class=\"elementor-spacer-inner\"><\/div>\n\t\t<\/div>\n\t\t\t\t\t\t<\/div>\n\t\t\t\t<\/div>\n\t\t\t\t<div class=\"elementor-element elementor-element-5ca81320 elementor-widget elementor-widget-gallery\" data-id=\"5ca81320\" data-element_type=\"widget\" data-e-type=\"widget\" data-settings=\"{&quot;columns&quot;:3,&quot;lazyload&quot;:&quot;yes&quot;,&quot;gallery_layout&quot;:&quot;grid&quot;,&quot;columns_tablet&quot;:2,&quot;columns_mobile&quot;:1,&quot;gap&quot;:{&quot;unit&quot;:&quot;px&quot;,&quot;size&quot;:10,&quot;sizes&quot;:[]},&quot;gap_tablet&quot;:{&quot;unit&quot;:&quot;px&quot;,&quot;size&quot;:10,&quot;sizes&quot;:[]},&quot;gap_mobile&quot;:{&quot;unit&quot;:&quot;px&quot;,&quot;size&quot;:10,&quot;sizes&quot;:[]},&quot;link_to&quot;:&quot;file&quot;,&quot;aspect_ratio&quot;:&quot;3:2&quot;,&quot;overlay_background&quot;:&quot;yes&quot;,&quot;content_hover_animation&quot;:&quot;fade-in&quot;}\" data-widget_type=\"gallery.default\">\n\t\t\t\t<div class=\"elementor-widget-container\">\n\t\t\t\t\t\t\t<div class=\"elementor-gallery__container\">\n\t\t\t\t\t\t\t<a class=\"e-gallery-item elementor-gallery-item elementor-animated-content\" href=\"https:\/\/aguideinbarcelona.com\/wp-content\/uploads\/2020\/05\/Catedral-Girona-lateral-2.jpg\" data-elementor-open-lightbox=\"yes\" data-elementor-lightbox-slideshow=\"5ca81320\" data-elementor-lightbox-title=\"Catedral Girona lateral -2\" data-e-action-hash=\"#elementor-action%3Aaction%3Dlightbox%26settings%3DeyJpZCI6MjkwNCwidXJsIjoiaHR0cHM6XC9cL2FndWlkZWluYmFyY2Vsb25hLmNvbVwvd3AtY29udGVudFwvdXBsb2Fkc1wvMjAyMFwvMDVcL0NhdGVkcmFsLUdpcm9uYS1sYXRlcmFsLTIuanBnIiwic2xpZGVzaG93IjoiNWNhODEzMjAifQ%3D%3D\">\n\t\t\t\t\t<div class=\"e-gallery-image elementor-gallery-item__image\" data-thumbnail=\"https:\/\/aguideinbarcelona.com\/wp-content\/uploads\/2020\/05\/Catedral-Girona-lateral-2-768x576.jpg\" data-width=\"640\" data-height=\"480\" aria-label=\"\" role=\"img\" ><\/div>\n\t\t\t\t\t\t\t\t\t\t\t<div class=\"elementor-gallery-item__overlay\"><\/div>\n\t\t\t\t\t\t\t\t\t\t\t\t\t\t<\/a>\n\t\t\t\t\t\t\t<a class=\"e-gallery-item elementor-gallery-item elementor-animated-content\" href=\"https:\/\/aguideinbarcelona.com\/wp-content\/uploads\/2020\/05\/Sonia-a-Girona-3.jpg\" data-elementor-open-lightbox=\"yes\" data-elementor-lightbox-slideshow=\"5ca81320\" data-elementor-lightbox-title=\"Sonia a Girona 3\" data-e-action-hash=\"#elementor-action%3Aaction%3Dlightbox%26settings%3DeyJpZCI6Mjk3MCwidXJsIjoiaHR0cHM6XC9cL2FndWlkZWluYmFyY2Vsb25hLmNvbVwvd3AtY29udGVudFwvdXBsb2Fkc1wvMjAyMFwvMDVcL1NvbmlhLWEtR2lyb25hLTMuanBnIiwic2xpZGVzaG93IjoiNWNhODEzMjAifQ%3D%3D\">\n\t\t\t\t\t<div class=\"e-gallery-image elementor-gallery-item__image\" data-thumbnail=\"https:\/\/aguideinbarcelona.com\/wp-content\/uploads\/2020\/05\/Sonia-a-Girona-3-768x432.jpg\" data-width=\"640\" data-height=\"360\" aria-label=\"\" role=\"img\" ><\/div>\n\t\t\t\t\t\t\t\t\t\t\t<div class=\"elementor-gallery-item__overlay\"><\/div>\n\t\t\t\t\t\t\t\t\t\t\t\t\t\t<\/a>\n\t\t\t\t\t\t\t<a class=\"e-gallery-item elementor-gallery-item elementor-animated-content\" href=\"https:\/\/aguideinbarcelona.com\/wp-content\/uploads\/2020\/05\/Rambla-Girona-retallada-4.jpg\" data-elementor-open-lightbox=\"yes\" data-elementor-lightbox-slideshow=\"5ca81320\" data-elementor-lightbox-title=\"Rambla Girona retallada 4\" data-e-action-hash=\"#elementor-action%3Aaction%3Dlightbox%26settings%3DeyJpZCI6Mjk2NywidXJsIjoiaHR0cHM6XC9cL2FndWlkZWluYmFyY2Vsb25hLmNvbVwvd3AtY29udGVudFwvdXBsb2Fkc1wvMjAyMFwvMDVcL1JhbWJsYS1HaXJvbmEtcmV0YWxsYWRhLTQuanBnIiwic2xpZGVzaG93IjoiNWNhODEzMjAifQ%3D%3D\">\n\t\t\t\t\t<div class=\"e-gallery-image elementor-gallery-item__image\" data-thumbnail=\"https:\/\/aguideinbarcelona.com\/wp-content\/uploads\/2020\/05\/Rambla-Girona-retallada-4-768x512.jpg\" data-width=\"640\" data-height=\"427\" aria-label=\"\" role=\"img\" ><\/div>\n\t\t\t\t\t\t\t\t\t\t\t<div class=\"elementor-gallery-item__overlay\"><\/div>\n\t\t\t\t\t\t\t\t\t\t\t\t\t\t<\/a>\n\t\t\t\t\t\t\t<a class=\"e-gallery-item elementor-gallery-item elementor-animated-content\" href=\"https:\/\/aguideinbarcelona.com\/wp-content\/uploads\/2020\/05\/Calella-de-Palafrugell-barques-pescadors-5-scaled.jpg\" data-elementor-open-lightbox=\"yes\" data-elementor-lightbox-slideshow=\"5ca81320\" data-elementor-lightbox-title=\"Calella de Palafrugell barques pescadors-5\" data-e-action-hash=\"#elementor-action%3Aaction%3Dlightbox%26settings%3DeyJpZCI6MjkwMSwidXJsIjoiaHR0cHM6XC9cL2FndWlkZWluYmFyY2Vsb25hLmNvbVwvd3AtY29udGVudFwvdXBsb2Fkc1wvMjAyMFwvMDVcL0NhbGVsbGEtZGUtUGFsYWZydWdlbGwtYmFycXVlcy1wZXNjYWRvcnMtNS1zY2FsZWQuanBnIiwic2xpZGVzaG93IjoiNWNhODEzMjAifQ%3D%3D\">\n\t\t\t\t\t<div class=\"e-gallery-image elementor-gallery-item__image\" data-thumbnail=\"https:\/\/aguideinbarcelona.com\/wp-content\/uploads\/2020\/05\/Calella-de-Palafrugell-barques-pescadors-5-768x386.jpg\" data-width=\"640\" data-height=\"322\" aria-label=\"\" role=\"img\" ><\/div>\n\t\t\t\t\t\t\t\t\t\t\t<div class=\"elementor-gallery-item__overlay\"><\/div>\n\t\t\t\t\t\t\t\t\t\t\t\t\t\t<\/a>\n\t\t\t\t\t\t\t<a class=\"e-gallery-item elementor-gallery-item elementor-animated-content\" href=\"https:\/\/aguideinbarcelona.com\/wp-content\/uploads\/2020\/05\/Costa-Brava-mirant-mar-6-scaled.jpg\" data-elementor-open-lightbox=\"yes\" data-elementor-lightbox-slideshow=\"5ca81320\" data-elementor-lightbox-title=\"Costa Brava mirant mar- 6\" data-e-action-hash=\"#elementor-action%3Aaction%3Dlightbox%26settings%3DeyJpZCI6MjkyNywidXJsIjoiaHR0cHM6XC9cL2FndWlkZWluYmFyY2Vsb25hLmNvbVwvd3AtY29udGVudFwvdXBsb2Fkc1wvMjAyMFwvMDVcL0Nvc3RhLUJyYXZhLW1pcmFudC1tYXItNi1zY2FsZWQuanBnIiwic2xpZGVzaG93IjoiNWNhODEzMjAifQ%3D%3D\">\n\t\t\t\t\t<div class=\"e-gallery-image elementor-gallery-item__image\" data-thumbnail=\"https:\/\/aguideinbarcelona.com\/wp-content\/uploads\/2020\/05\/Costa-Brava-mirant-mar-6-768x512.jpg\" data-width=\"640\" data-height=\"427\" aria-label=\"\" role=\"img\" ><\/div>\n\t\t\t\t\t\t\t\t\t\t\t<div class=\"elementor-gallery-item__overlay\"><\/div>\n\t\t\t\t\t\t\t\t\t\t\t\t\t\t<\/a>\n\t\t\t\t\t\t\t<a class=\"e-gallery-item elementor-gallery-item elementor-animated-content\" href=\"https:\/\/aguideinbarcelona.com\/wp-content\/uploads\/2020\/05\/Barca-a-la-platja-retallada-7-scaled.jpg\" data-elementor-open-lightbox=\"yes\" data-elementor-lightbox-slideshow=\"5ca81320\" data-elementor-lightbox-title=\"Barca a la platja retallada-7\" data-e-action-hash=\"#elementor-action%3Aaction%3Dlightbox%26settings%3DeyJpZCI6Mjg4MywidXJsIjoiaHR0cHM6XC9cL2FndWlkZWluYmFyY2Vsb25hLmNvbVwvd3AtY29udGVudFwvdXBsb2Fkc1wvMjAyMFwvMDVcL0JhcmNhLWEtbGEtcGxhdGphLXJldGFsbGFkYS03LXNjYWxlZC5qcGciLCJzbGlkZXNob3ciOiI1Y2E4MTMyMCJ9\">\n\t\t\t\t\t<div class=\"e-gallery-image elementor-gallery-item__image\" data-thumbnail=\"https:\/\/aguideinbarcelona.com\/wp-content\/uploads\/2020\/05\/Barca-a-la-platja-retallada-7-768x510.jpg\" data-width=\"640\" data-height=\"425\" aria-label=\"\" role=\"img\" ><\/div>\n\t\t\t\t\t\t\t\t\t\t\t<div class=\"elementor-gallery-item__overlay\"><\/div>\n\t\t\t\t\t\t\t\t\t\t\t\t\t\t<\/a>\n\t\t\t\t\t<\/div>\n\t\t\t\t\t<\/div>\n\t\t\t\t<\/div>\n\t\t\t\t\t<\/div>\n\t\t<\/div>\n\t\t\t\t\t<\/div>\n\t\t<\/section>\n\t\t\t\t<\/div>\n\t\t","protected":false},"excerpt":{"rendered":"<p>Visite con nosotros Girona, una verdadera joya en t\u00e9rminos de arquitectura medieval y su antiguo barrio jud\u00edo. Y para los amantes del mar, la Costa Brava es una de las costas m\u00e1s hermosas de Europa.<\/p>\n","protected":false},"author":4,"featured_media":2865,"parent":0,"menu_order":0,"comment_status":"closed","ping_status":"closed","template":"elementor_header_footer","meta":{"footnotes":""},"categories":[29],"tags":[],"class_list":["post-1409","page","type-page","status-publish","has-post-thumbnail","hentry","category-tours-fuera-de-la-ciudad","entry"],"_links":{"self":[{"href":"https:\/\/aguideinbarcelona.com\/es\/wp-json\/wp\/v2\/pages\/1409","targetHints":{"allow":["GET"]}}],"collection":[{"href":"https:\/\/aguideinbarcelona.com\/es\/wp-json\/wp\/v2\/pages"}],"about":[{"href":"https:\/\/aguideinbarcelona.com\/es\/wp-json\/wp\/v2\/types\/page"}],"author":[{"embeddable":true,"href":"https:\/\/aguideinbarcelona.com\/es\/wp-json\/wp\/v2\/users\/4"}],"replies":[{"embeddable":true,"href":"https:\/\/aguideinbarcelona.com\/es\/wp-json\/wp\/v2\/comments?post=1409"}],"version-history":[{"count":0,"href":"https:\/\/aguideinbarcelona.com\/es\/wp-json\/wp\/v2\/pages\/1409\/revisions"}],"wp:featuredmedia":[{"embeddable":true,"href":"https:\/\/aguideinbarcelona.com\/es\/wp-json\/wp\/v2\/media\/2865"}],"wp:attachment":[{"href":"https:\/\/aguideinbarcelona.com\/es\/wp-json\/wp\/v2\/media?parent=1409"}],"wp:term":[{"taxonomy":"category","embeddable":true,"href":"https:\/\/aguideinbarcelona.com\/es\/wp-json\/wp\/v2\/categories?post=1409"},{"taxonomy":"post_tag","embeddable":true,"href":"https:\/\/aguideinbarcelona.com\/es\/wp-json\/wp\/v2\/tags?post=1409"}],"curies":[{"name":"wp","href":"https:\/\/api.w.org\/{rel}","templated":true}]}}