{"id":4447,"date":"2020-05-22T23:29:55","date_gmt":"2020-05-22T21:29:55","guid":{"rendered":"https:\/\/aguideinbarcelona.com\/privacy-policy\/"},"modified":"2020-06-08T11:40:05","modified_gmt":"2020-06-08T09:40:05","slug":"politica-de-privacidad","status":"publish","type":"page","link":"https:\/\/aguideinbarcelona.com\/es\/politica-de-privacidad\/","title":{"rendered":"Pol\u00edtica de privacidad"},"content":{"rendered":"\t\t<div data-elementor-type=\"wp-page\" data-elementor-id=\"4447\" class=\"elementor elementor-4447 elementor-3451\" data-elementor-post-type=\"page\">\n\t\t\t\t\t\t<section class=\"elementor-section elementor-top-section elementor-element elementor-element-9f404a4 elementor-section-stretched elementor-section-full_width elementor-section-height-default elementor-section-height-default\" data-id=\"9f404a4\" data-element_type=\"section\" data-e-type=\"section\" data-settings=\"{&quot;stretch_section&quot;:&quot;section-stretched&quot;}\">\n\t\t\t\t\t\t<div class=\"elementor-container elementor-column-gap-no\">\n\t\t\t\t\t<div class=\"elementor-column elementor-col-100 elementor-top-column elementor-element elementor-element-c95ab4c\" data-id=\"c95ab4c\" data-element_type=\"column\" data-e-type=\"column\">\n\t\t\t<div class=\"elementor-widget-wrap elementor-element-populated\">\n\t\t\t\t\t\t<div class=\"elementor-element elementor-element-9987e81 elementor--h-position-center elementor--v-position-middle elementor-arrows-position-inside elementor-pagination-position-inside elementor-widget elementor-widget-slides\" data-id=\"9987e81\" data-element_type=\"widget\" data-e-type=\"widget\" data-settings=\"{&quot;navigation&quot;:&quot;both&quot;,&quot;autoplay&quot;:&quot;yes&quot;,&quot;pause_on_hover&quot;:&quot;yes&quot;,&quot;pause_on_interaction&quot;:&quot;yes&quot;,&quot;autoplay_speed&quot;:5000,&quot;infinite&quot;:&quot;yes&quot;,&quot;transition&quot;:&quot;slide&quot;,&quot;transition_speed&quot;:500}\" data-widget_type=\"slides.default\">\n\t\t\t\t<div class=\"elementor-widget-container\">\n\t\t\t\t\t\t\t\t\t<div class=\"elementor-swiper\">\n\t\t\t\t\t<div class=\"elementor-slides-wrapper elementor-main-swiper swiper\" role=\"region\" aria-roledescription=\"carousel\" aria-label=\"Diapositivas\" dir=\"ltr\" data-animation=\"fadeInUp\">\n\t\t\t\t<div class=\"swiper-wrapper elementor-slides\">\n\t\t\t\t\t\t\t\t\t\t<div class=\"elementor-repeater-item-47fe2e3 swiper-slide\" role=\"group\" aria-roledescription=\"slide\"><div class=\"swiper-slide-bg\" role=\"img\" aria-label=\"bcn\"><\/div><div class=\"swiper-slide-inner\" ><div class=\"swiper-slide-contents\"><\/div><\/div><\/div>\t\t\t\t<\/div>\n\t\t\t\t\t\t\t<\/div>\n\t\t\t\t<\/div>\n\t\t\t\t\t\t\t\t<\/div>\n\t\t\t\t<\/div>\n\t\t\t\t\t<\/div>\n\t\t<\/div>\n\t\t\t\t\t<\/div>\n\t\t<\/section>\n\t\t\t\t<section class=\"elementor-section elementor-top-section elementor-element elementor-element-44bfef39 elementor-section-stretched elementor-section-boxed elementor-section-height-default elementor-section-height-default\" data-id=\"44bfef39\" data-element_type=\"section\" data-e-type=\"section\" data-settings=\"{&quot;stretch_section&quot;:&quot;section-stretched&quot;}\">\n\t\t\t\t\t\t<div class=\"elementor-container elementor-column-gap-default\">\n\t\t\t\t\t<div class=\"elementor-column elementor-col-100 elementor-top-column elementor-element elementor-element-87d3919\" data-id=\"87d3919\" data-element_type=\"column\" data-e-type=\"column\">\n\t\t\t<div class=\"elementor-widget-wrap elementor-element-populated\">\n\t\t\t\t\t\t<div class=\"elementor-element elementor-element-03eee52 elementor-widget elementor-widget-text-editor\" data-id=\"03eee52\" data-element_type=\"widget\" data-e-type=\"widget\" data-widget_type=\"text-editor.default\">\n\t\t\t\t<div class=\"elementor-widget-container\">\n\t\t\t\t\t\t\t\t\t<h1>Pol\u00edtica de privacidad<\/h1>\t\t\t\t\t\t\t\t<\/div>\n\t\t\t\t<\/div>\n\t\t\t\t<div class=\"elementor-element elementor-element-10464d5e elementor-widget elementor-widget-text-editor\" data-id=\"10464d5e\" data-element_type=\"widget\" data-e-type=\"widget\" data-widget_type=\"text-editor.default\">\n\t\t\t\t<div class=\"elementor-widget-container\">\n\t\t\t\t\t\t\t\t\t<p><span>En cumplimiento del Cap\u00edtulo II de la Ley 34\/2002, LSSICE, le informamos que este sitio web es propiedad de\u00a0\u00a0<\/span><strong><span>Sandra Benzal Vert<\/span><\/strong><span>\u00a0, en adelante tambi\u00e9n del Proveedor, con domicilio en\u00a0\u00a0<\/span><strong><span>Carrer Esperanto 2, \u00e0tic 2\u00aa, Sant Cugat del Vall\u00e8s<\/span><\/strong><span>\u00a0, n\u00famero de tel\u00e9fono : 0034- 629480456, y correo electr\u00f3nico:\u00a0\u00a0<\/span><strong><span>sandra@aguideinbarcelona.com<\/span><\/strong><span>\u00a0.<\/span><\/p><p><strong><span>Sandra Benzal Vert<\/span><\/strong><span>\u00a0, es responsable de este sitio web y de conformidad con las disposiciones de la normativa vigente sobre protecci\u00f3n de datos personales, el Reglamento (UE) 2016\/679 a partir del 27 de abril de 2016 (GDPR) sobre la Protecci\u00f3n de datos personales, con respecto al tratamiento de datos personales y a la libre circulaci\u00f3n de dichos datos, la Ley Org\u00e1nica 15\/1999, de 13 de diciembre, de Protecci\u00f3n de Datos Personales (LOPD) y la Ley 34\/2002, de 11 de julio, de la Sociedad de la Informaci\u00f3n y Electr\u00f3nica Commerce Services (LSSICE), ha implementado todas las medidas de seguridad, tanto t\u00e9cnicas como organizativas, establecidas por el Real Decreto 1720\/2007 del 21 de diciembre (que desarrolla la LOPD) para garantizar y proteger la confidencialidad, integridad y disponibilidad de los datos ingresados.<\/span><\/p><p><span>A los efectos de las disposiciones de la LOPD,\u00a0\u00a0<\/span><strong><span>Sandra Benzal Vert<\/span><\/strong><span>\u00a0\u00a0le informa que la informaci\u00f3n que nos proporciona voluntariamente se incorporar\u00e1 a nuestros sistemas de informaci\u00f3n para llevar a cabo los procedimientos comerciales y administrativos necesarios con los usuarios del sitio web.\u00a0Las operaciones previstas para realizarse son las siguientes: responder a consultas y \/ o proporcionar informaci\u00f3n solicitada por el Usuario;\u00a0realizar la prestaci\u00f3n de servicios y \/ o productos contratados o suscritos por el Usuario;\u00a0realice todas las actividades de\u00a0\u00a0<\/span><strong><span>Sandra Benzal Vert<\/span><\/strong><span>\u00a0\u00a0descritas en este aviso legal y env\u00ede el bolet\u00edn del sitio web.<\/span><\/p><p><span>El firmante garantiza la veracidad de los datos proporcionados y se compromete a comunicar cualquier cambio que pueda ocurrir en ellos.<\/span><\/p><p><span>El Proveedor, marcado con un asterisco (*) en los cuadros correspondientes del formulario de contacto, informa al Usuario de estas obligaciones, indicando qu\u00e9 datos son necesarios.\u00a0Al indicar e ingresar los datos, el Usuario otorga un consentimiento inequ\u00edvoco a\u00a0\u00a0<\/span><strong><span>Sandra Benzal Vert<\/span><\/strong><span>\u00a0\u00a0para proceder con el procesamiento de dichos datos proporcionados para los fines mencionados anteriormente.<\/span><\/p><p><span>No proporcionar los datos personales solicitados o no aceptar esta pol\u00edtica de protecci\u00f3n de datos significa que es imposible suscribirse, registrarse o recibir informaci\u00f3n sobre los productos y servicios del Proveedor.<\/span><\/p><p><span>De acuerdo con las regulaciones vigentes con respecto a la protecci\u00f3n de datos personales, el Proveedor cumple con todas las disposiciones de las regulaciones GDPR y LOPD para el tratamiento de datos personales bajo su responsabilidad, marcadamente con los principios descritos en el Art\u00edculo 5 del RGPD y al Art\u00edculo 4 de la LOPD, por el cual son tratados de manera legal, leal y transparente en relaci\u00f3n con la parte interesada y adecuados, relevantes y limitados a lo que es necesario en relaci\u00f3n con los fines para los cuales son tratados.<\/span><\/p><p><span>El CONTROLADOR DE DATOS garantiza que ha implementado pol\u00edticas t\u00e9cnicas y organizativas apropiadas para aplicar las medidas de seguridad establecidas por el GDPR y la LOPD para proteger los derechos y libertades de los Usuarios.<\/span><\/p><p><span>De conformidad con esta normativa, le informamos que tiene derecho a solicitar el acceso, la rectificaci\u00f3n, la portabilidad y la eliminaci\u00f3n de sus datos y la limitaci\u00f3n y oposici\u00f3n a su tratamiento contactando a un\u00a0\u00a0<\/span><strong><span>Carrer Esperanto 2, \u00e0tic 2\u00aa, Sant Cugat del Vall\u00e8s<\/span><\/strong><span>\u00a0, enviando un correo electr\u00f3nico a\u00a0\u00a0<\/span><strong><span>sandra@aguideinbarcelona.com<\/span><\/strong><span>\u00a0., Indicando como Asunto: \u00abLOPD, Derechos ARCO\u00bb, y adjuntando una fotocopia de su identificaci\u00f3n o cualquier identificaci\u00f3n legal similar, seg\u00fan lo indique la ley.\u00a0Tiene derecho a retirar el consentimiento otorgado en cualquier momento.\u00a0La retirada del consentimiento no afectar\u00e1 la legalidad del tratamiento realizado antes de la retirada del consentimiento.\u00a0Tambi\u00e9n tiene derecho a presentar una reclamaci\u00f3n ante la autoridad supervisora \u200b\u200bsi cree que sus derechos pueden haber sido violados en relaci\u00f3n con la protecci\u00f3n de sus datos (agpd.es).<\/span><\/p><p><strong><span>CONFIDENCIALIDAD Y TRANSFERENCIA DE DATOS A TERCEROS<\/span><\/strong><\/p><p><span>La informaci\u00f3n que proporcione ser\u00e1 tratada de manera confidencial.\u00a0El Proveedor ha adoptado todas las medidas t\u00e9cnicas y organizativas y todos los niveles de protecci\u00f3n necesarios para garantizar la seguridad en el tratamiento de los datos y evitar su alteraci\u00f3n, p\u00e9rdida, robo, tratamiento o acceso no autorizado, de acuerdo con el estado de la tecnolog\u00eda y naturaleza de los datos almacenados.\u00a0Asimismo, tambi\u00e9n se garantiza que el tratamiento y registro en archivos, programas, sistemas o equipos, locales y centros cumplan con los requisitos y condiciones de integridad y seguridad establecidos en la normativa vigente.<\/span><\/p><p><strong><span>Sandra Benzal Vert<\/span><\/strong><span>\u00a0\u00a0no transferir\u00e1 datos personales a terceros, excepto por obligaci\u00f3n legal.\u00a0Sin embargo, en el caso de ser transferido a un tercero, la informaci\u00f3n ser\u00eda obtenida previamente por el Usuario solicitando el consentimiento expreso para dicha asignaci\u00f3n.\u00a0La entidad responsable de la base de datos, as\u00ed como aquellas que intervienen en cualquier fase del tratamiento, y \/ o las entidades a las que han sido notificadas, -en cualquier caso siempre con la correspondiente autorizaci\u00f3n otorgada por el usuario-, est\u00e1n obligadas a observar el secreto profesional, la adopci\u00f3n de niveles de protecci\u00f3n, as\u00ed como las medidas t\u00e9cnicas y organizativas necesarias para garantizar la seguridad de los datos personales, evitando, en la medida de lo posible, el acceso no autorizado, modificaciones ilegales, sustracciones y \/ o p\u00e9rdida de datos, para garantizar el nivel correspondiente de seguridad de los archivos de los Proveedores, de acuerdo con la naturaleza y la sensibilidad de los datos proporcionados por los usuarios de este sitio web.<\/span><\/p><p><strong><span>ACEPTACI\u00d3N Y CONSENTIMIENTO<\/span><\/strong><\/p><p><span>El Usuario declara haber sido informado de las condiciones relativas a la protecci\u00f3n de datos personales, aceptando y consintiendo el tratamiento autom\u00e1tico de los mismos por\u00a0\u00a0<\/span><strong><span>Sandra Benzal Vert<\/span><\/strong><span>\u00a0\u00a0en la forma y para los fines indicados en esta Pol\u00edtica de Protecci\u00f3n de Datos Personales.<\/span><\/p><p><span>A trav\u00e9s de esta Pol\u00edtica de privacidad, le informamos que las fotograf\u00edas que se publican en el sitio web son propiedad de\u00a0\u00a0<\/span><strong><span>Sandra Benzal Vert<\/span><\/strong><span>\u00a0, incluidas las de menores, de las cuales, para obtenerlas, se ha obtenido el consentimiento previo de los padres, tutores o abogados. representantes mediante la firma de los formularios realizados a tal efecto por los centros en los que forman parte los menores.\u00a0Sin embargo, los padres, tutores o representantes de los menores, como titulares legales del ejercicio de los derechos de los menores mencionados anteriormente, y siempre proporcionando una solicitud formal previa por escrito, pueden indicar la negativa a utilizar la imagen del menor;\u00a0en este caso, la imagen se mostrar\u00e1 en forma pixelada.<\/span><\/p><p><strong><span>PRECISI\u00d3N Y VERDAD DE LOS DATOS<\/span><\/strong><\/p><p><span>El Usuario es el \u00fanico responsable de la exactitud y veracidad de los datos enviados a\u00a0\u00a0<\/span><strong><span>Sandra Benzal Vert<\/span><\/strong><span>\u00a0, exonerando al Proveedor de cualquier responsabilidad a este respecto.\u00a0Los usuarios garantizan y se hacen responsables, en cualquier caso, con respecto a la precisi\u00f3n, validez y autenticidad de los datos personales proporcionados, y se comprometen a mantener los datos proporcionados debidamente actualizados.\u00a0El usuario acepta proporcionar informaci\u00f3n completa y correcta en el formulario de registro o suscripci\u00f3n.<\/span><\/p><p><strong><span>CONTENIDO DE WEBLINKS<\/span><\/strong><\/p><p><strong><span>Sandra Benzal Vert se<\/span><\/strong><span>\u00a0\u00a0reserva el derecho de actualizar, modificar o eliminar la informaci\u00f3n contenida en el sitio web, e incluso puede limitar o rechazar el acceso a la informaci\u00f3n.<\/span><\/p><p><strong><span>Sandra Benzal Vert<\/span><\/strong><span>\u00a0\u00a0no asume ning\u00fan tipo de responsabilidad por la informaci\u00f3n contenida en los sitios web de terceros a los que se pueda acceder a trav\u00e9s de los enlaces desde cualquier era web propiedad del Proveedor.<\/span><\/p><p><span>La presencia de enlaces es solo para fines informativos y en ning\u00fan caso implica ninguna sugerencia, invitaci\u00f3n o reconocimiento con respecto a ellos.<\/span><\/p><p><strong><span>CAMBIOS EN ESTA POL\u00cdTICA DE PRIVACIDAD<\/span><\/strong><\/p><p><strong><span>Sandra Benzal Vert se<\/span><\/strong><span>\u00a0\u00a0reserva el derecho de modificar la pol\u00edtica actual para adaptarla a la nueva legislaci\u00f3n o jurisprudencia.<\/span><\/p><p><strong><span>CORREO COMERCIAL<\/span><\/strong><\/p><p><strong><span>Sandra Benzal Vert se<\/span><\/strong><span>\u00a0\u00a0reserva el derecho de modificar la pol\u00edtica actual para adaptarla a la nueva legislaci\u00f3n o jurisprudencia.<\/span><\/p><p><span>Seg\u00fan la LSSICE,\u00a0\u00a0<\/span><strong><span>Sandra Benzal Vert<\/span><\/strong><span>\u00a0\u00a0no realiza pr\u00e1cticas de SPAM, por lo tanto, no env\u00eda correos electr\u00f3nicos comerciales que no hayan sido previamente solicitados o autorizados por el Usuario.\u00a0En consecuencia, en cada una de las formas de la p\u00e1gina web, el usuario tiene la posibilidad de dar su consentimiento expreso para recibir nuestros correos electr\u00f3nicos de boletines, independientemente de la informaci\u00f3n comercial solicitada puntualmente.<\/span><\/p><p><strong><span>Secci\u00f3n de cl\u00e1usula de contacto web<\/span><\/strong><\/p><p><span>La comunicaci\u00f3n enviada se incorporar\u00e1 a un archivo del cual\u00a0\u00a0<\/span><strong><span>Sandra Benzal Vert<\/span><\/strong><span>\u00a0\u00a0es responsable.\u00a0Esta comunicaci\u00f3n se utilizar\u00e1 exclusivamente para procesar sus datos para satisfacer su solicitud, siempre de conformidad con el Reglamento (UE) 2016\/679 (GDPR), la Ley Org\u00e1nica 15\/1999 (LOPD) y el Real Decreto 1720\/2007 ( desarrollo de la LOPD), sobre protecci\u00f3n de datos personales.\u00a0Sus datos no ser\u00e1n comunicados (compartidos con) a terceros, excepto por obligaci\u00f3n legal, y se mantendr\u00e1n siempre que no solicite una cancelaci\u00f3n.<\/span><\/p><p><span>En cualquier momento puede ejercer el derecho de acceso, rectificaci\u00f3n, portabilidad y oposici\u00f3n, o si corresponde, la limitaci\u00f3n y \/ o cancelaci\u00f3n del procesamiento, proporcion\u00e1ndolo por escrito, indicando sus datos personales a\u00a0\u00a0<\/span><strong><span>Carrer Esperanto 2, \u00e0tic 2\u00aa, Sant Cugat del Vall\u00e8s<\/span><\/strong><span>\u00a0\u00a0o por correo electr\u00f3nico a\u00a0\u00a0<\/span><strong><span>sandra@aguideinbarcelona.com<\/span><\/strong><span>\u00a0.<\/span><\/p><p><strong><span>LEGISLACI\u00d3N<\/span><\/strong><\/p><p><span>A todos los efectos, las relaciones entre\u00a0\u00a0<\/span><strong><span>Sandra Benzal Vert<\/span><\/strong><span>\u00a0\u00a0y los Usuarios de sus servicios telem\u00e1ticos, presentes en este sitio web, est\u00e1n sujetas a la legislaci\u00f3n y jurisdicci\u00f3n espa\u00f1olas a las que se someten expresamente las partes, siendo competentes para la resoluci\u00f3n de todas las disputas que surjan o est\u00e9n relacionadas con su uso los tribunales de\u00a0\u00a0<\/span><strong><span>barcelona<\/span><\/strong><span>\u00a0.<\/span><\/p>\t\t\t\t\t\t\t\t<\/div>\n\t\t\t\t<\/div>\n\t\t\t\t\t<\/div>\n\t\t<\/div>\n\t\t\t\t\t<\/div>\n\t\t<\/section>\n\t\t\t\t<section class=\"elementor-section elementor-top-section elementor-element elementor-element-651e171 elementor-section-boxed elementor-section-height-default elementor-section-height-default\" data-id=\"651e171\" data-element_type=\"section\" data-e-type=\"section\">\n\t\t\t\t\t\t<div class=\"elementor-container elementor-column-gap-default\">\n\t\t\t\t\t<div class=\"elementor-column elementor-col-100 elementor-top-column elementor-element elementor-element-0fc34d5\" data-id=\"0fc34d5\" data-element_type=\"column\" data-e-type=\"column\">\n\t\t\t<div class=\"elementor-widget-wrap elementor-element-populated\">\n\t\t\t\t\t\t<div class=\"elementor-element elementor-element-7b6ae82 elementor-widget elementor-widget-spacer\" data-id=\"7b6ae82\" data-element_type=\"widget\" data-e-type=\"widget\" data-widget_type=\"spacer.default\">\n\t\t\t\t<div class=\"elementor-widget-container\">\n\t\t\t\t\t\t\t<div class=\"elementor-spacer\">\n\t\t\t<div class=\"elementor-spacer-inner\"><\/div>\n\t\t<\/div>\n\t\t\t\t\t\t<\/div>\n\t\t\t\t<\/div>\n\t\t\t\t\t<\/div>\n\t\t<\/div>\n\t\t\t\t\t<\/div>\n\t\t<\/section>\n\t\t\t\t<\/div>\n\t\t","protected":false},"excerpt":{"rendered":"<p>Pol\u00edtica de privacidad En cumplimiento del Cap\u00edtulo II de la Ley 34\/2002, LSSICE, le informamos que este sitio web es propiedad de\u00a0\u00a0Sandra Benzal Vert\u00a0, en adelante tambi\u00e9n del Proveedor, con domicilio en\u00a0\u00a0Carrer Esperanto 2, \u00e0tic 2\u00aa, Sant Cugat del Vall\u00e8s\u00a0, n\u00famero de tel\u00e9fono : 0034- 629480456, y correo electr\u00f3nico:\u00a0\u00a0sandra@aguideinbarcelona.com\u00a0. Sandra Benzal Vert\u00a0, es responsable de &hellip; <\/p>\n<p class=\"link-more\"><a href=\"https:\/\/aguideinbarcelona.com\/es\/politica-de-privacidad\/\" class=\"more-link\">Seguir leyendo<span class=\"screen-reader-text\"> \u00abPol\u00edtica de privacidad\u00bb<\/span><\/a><\/p>\n","protected":false},"author":4,"featured_media":0,"parent":0,"menu_order":0,"comment_status":"closed","ping_status":"closed","template":"elementor_header_footer","meta":{"footnotes":""},"categories":[],"tags":[],"class_list":["post-4447","page","type-page","status-publish","hentry","entry"],"_links":{"self":[{"href":"https:\/\/aguideinbarcelona.com\/es\/wp-json\/wp\/v2\/pages\/4447","targetHints":{"allow":["GET"]}}],"collection":[{"href":"https:\/\/aguideinbarcelona.com\/es\/wp-json\/wp\/v2\/pages"}],"about":[{"href":"https:\/\/aguideinbarcelona.com\/es\/wp-json\/wp\/v2\/types\/page"}],"author":[{"embeddable":true,"href":"https:\/\/aguideinbarcelona.com\/es\/wp-json\/wp\/v2\/users\/4"}],"replies":[{"embeddable":true,"href":"https:\/\/aguideinbarcelona.com\/es\/wp-json\/wp\/v2\/comments?post=4447"}],"version-history":[{"count":0,"href":"https:\/\/aguideinbarcelona.com\/es\/wp-json\/wp\/v2\/pages\/4447\/revisions"}],"wp:attachment":[{"href":"https:\/\/aguideinbarcelona.com\/es\/wp-json\/wp\/v2\/media?parent=4447"}],"wp:term":[{"taxonomy":"category","embeddable":true,"href":"https:\/\/aguideinbarcelona.com\/es\/wp-json\/wp\/v2\/categories?post=4447"},{"taxonomy":"post_tag","embeddable":true,"href":"https:\/\/aguideinbarcelona.com\/es\/wp-json\/wp\/v2\/tags?post=4447"}],"curies":[{"name":"wp","href":"https:\/\/api.w.org\/{rel}","templated":true}]}}