{"id":504,"date":"2020-04-07T04:20:48","date_gmt":"2020-04-07T02:20:48","guid":{"rendered":"https:\/\/aguideinbarcelona.com\/?page_id=504"},"modified":"2020-05-24T19:25:01","modified_gmt":"2020-05-24T17:25:01","slug":"tours-en-barcelona","status":"publish","type":"page","link":"https:\/\/aguideinbarcelona.com\/es\/tours-en-barcelona\/","title":{"rendered":"Tours en Barcelona"},"content":{"rendered":"\t\t<div data-elementor-type=\"wp-page\" data-elementor-id=\"504\" class=\"elementor elementor-504\" data-elementor-post-type=\"page\">\n\t\t\t\t\t\t<section class=\"elementor-section elementor-top-section elementor-element elementor-element-824ea3b elementor-section-boxed elementor-section-height-default elementor-section-height-default\" data-id=\"824ea3b\" data-element_type=\"section\" data-e-type=\"section\">\n\t\t\t\t\t\t<div class=\"elementor-container elementor-column-gap-default\">\n\t\t\t\t\t<div class=\"elementor-column elementor-col-100 elementor-top-column elementor-element elementor-element-77ec470\" data-id=\"77ec470\" data-element_type=\"column\" data-e-type=\"column\">\n\t\t\t<div class=\"elementor-widget-wrap elementor-element-populated\">\n\t\t\t\t\t\t<div class=\"elementor-element elementor-element-38653ca5 elementor-widget elementor-widget-text-editor\" data-id=\"38653ca5\" data-element_type=\"widget\" data-e-type=\"widget\" data-widget_type=\"text-editor.default\">\n\t\t\t\t<div class=\"elementor-widget-container\">\n\t\t\t\t\t\t\t\t\t<h3><span style=\"color: #99ec00;\">Tours en Barcelona<\/span><\/h3>\t\t\t\t\t\t\t\t<\/div>\n\t\t\t\t<\/div>\n\t\t\t\t\t<\/div>\n\t\t<\/div>\n\t\t\t\t\t<\/div>\n\t\t<\/section>\n\t\t\t\t<section class=\"elementor-section elementor-top-section elementor-element elementor-element-ac5b060 elementor-section-boxed elementor-section-height-default elementor-section-height-default\" data-id=\"ac5b060\" data-element_type=\"section\" data-e-type=\"section\">\n\t\t\t\t\t\t<div class=\"elementor-container elementor-column-gap-default\">\n\t\t\t\t\t<div class=\"elementor-column elementor-col-100 elementor-top-column elementor-element elementor-element-1be8eb9\" data-id=\"1be8eb9\" data-element_type=\"column\" data-e-type=\"column\">\n\t\t\t<div class=\"elementor-widget-wrap elementor-element-populated\">\n\t\t\t\t\t\t<div class=\"elementor-element elementor-element-6974b91 elementor-grid-3 elementor-grid-tablet-2 elementor-grid-mobile-1 elementor-posts--thumbnail-top elementor-widget elementor-widget-posts\" data-id=\"6974b91\" data-element_type=\"widget\" data-e-type=\"widget\" data-settings=\"{&quot;classic_row_gap&quot;:{&quot;unit&quot;:&quot;px&quot;,&quot;size&quot;:40,&quot;sizes&quot;:[]},&quot;classic_columns&quot;:&quot;3&quot;,&quot;classic_columns_tablet&quot;:&quot;2&quot;,&quot;classic_columns_mobile&quot;:&quot;1&quot;,&quot;classic_row_gap_tablet&quot;:{&quot;unit&quot;:&quot;px&quot;,&quot;size&quot;:&quot;&quot;,&quot;sizes&quot;:[]},&quot;classic_row_gap_mobile&quot;:{&quot;unit&quot;:&quot;px&quot;,&quot;size&quot;:&quot;&quot;,&quot;sizes&quot;:[]}}\" data-widget_type=\"posts.classic\">\n\t\t\t\t<div class=\"elementor-widget-container\">\n\t\t\t\t\t\t\t<div class=\"elementor-posts-container elementor-posts elementor-posts--skin-classic elementor-grid\" role=\"list\">\n\t\t\t\t<article class=\"elementor-post elementor-grid-item post-1218 page type-page status-publish has-post-thumbnail hentry category-tours-en-barcelona entry\" role=\"listitem\">\n\t\t\t\t<a class=\"elementor-post__thumbnail__link\" href=\"https:\/\/aguideinbarcelona.com\/es\/tour-gaudi-en-4-horas\/\" tabindex=\"-1\" >\n\t\t\t<div class=\"elementor-post__thumbnail\"><img fetchpriority=\"high\" decoding=\"async\" width=\"300\" height=\"217\" src=\"https:\/\/aguideinbarcelona.com\/wp-content\/uploads\/2020\/05\/Parc-Gu\u0308ell-banco-con-palmeras-1-300x217.jpg\" class=\"attachment-medium size-medium wp-image-2761\" alt=\"\" srcset=\"https:\/\/aguideinbarcelona.com\/wp-content\/uploads\/2020\/05\/Parc-Gu\u0308ell-banco-con-palmeras-1-300x217.jpg 300w, https:\/\/aguideinbarcelona.com\/wp-content\/uploads\/2020\/05\/Parc-Gu\u0308ell-banco-con-palmeras-1-768x556.jpg 768w, https:\/\/aguideinbarcelona.com\/wp-content\/uploads\/2020\/05\/Parc-Gu\u0308ell-banco-con-palmeras-1.jpg 810w\" sizes=\"(max-width: 300px) 100vw, 300px\" \/><\/div>\n\t\t<\/a>\n\t\t\t\t<div class=\"elementor-post__text\">\n\t\t\t\t<h3 class=\"elementor-post__title\">\n\t\t\t<a href=\"https:\/\/aguideinbarcelona.com\/es\/tour-gaudi-en-4-horas\/\" >\n\t\t\t\tTour Gaud\u00ed en 4 Horas\t\t\t<\/a>\n\t\t<\/h3>\n\t\t\t\t<div class=\"elementor-post__excerpt\">\n\t\t\t<p>Si desea visitar las obras m\u00e1s importantes de Antoni Gaud\u00ed en Barcelona, este es el tour ideal para usted: Sagrada Familia, Parc G\u00fcell, Casa Mil\u00e0\u2026y mucho m\u00e1s.<\/p>\n\t\t<\/div>\n\t\t\n\t\t<a class=\"elementor-post__read-more\" href=\"https:\/\/aguideinbarcelona.com\/es\/tour-gaudi-en-4-horas\/\" aria-label=\"M\u00e1s informaci\u00f3n sobre Tour Gaud\u00ed en 4 Horas\" tabindex=\"-1\" >\n\t\t\t<div id=\"book_btn_green\">+ M\u00e1s informaci\u00f3n<\/div>\t\t<\/a>\n\n\t\t\t\t<\/div>\n\t\t\t\t<\/article>\n\t\t\t\t<article class=\"elementor-post elementor-grid-item post-1220 page type-page status-publish has-post-thumbnail hentry category-tours-en-barcelona entry\" role=\"listitem\">\n\t\t\t\t<a class=\"elementor-post__thumbnail__link\" href=\"https:\/\/aguideinbarcelona.com\/es\/tour-del-barrio-gotico-3-o-4h\/\" tabindex=\"-1\" >\n\t\t\t<div class=\"elementor-post__thumbnail\"><img decoding=\"async\" width=\"300\" height=\"201\" src=\"https:\/\/aguideinbarcelona.com\/wp-content\/uploads\/2020\/05\/Carrer-del-Bisbe-1-principal-300x201.jpg\" class=\"attachment-medium size-medium wp-image-2773\" alt=\"\" srcset=\"https:\/\/aguideinbarcelona.com\/wp-content\/uploads\/2020\/05\/Carrer-del-Bisbe-1-principal-300x201.jpg 300w, https:\/\/aguideinbarcelona.com\/wp-content\/uploads\/2020\/05\/Carrer-del-Bisbe-1-principal-768x515.jpg 768w, https:\/\/aguideinbarcelona.com\/wp-content\/uploads\/2020\/05\/Carrer-del-Bisbe-1-principal.jpg 1024w\" sizes=\"(max-width: 300px) 100vw, 300px\" \/><\/div>\n\t\t<\/a>\n\t\t\t\t<div class=\"elementor-post__text\">\n\t\t\t\t<h3 class=\"elementor-post__title\">\n\t\t\t<a href=\"https:\/\/aguideinbarcelona.com\/es\/tour-del-barrio-gotico-3-o-4h\/\" >\n\t\t\t\tTour del Barrio G\u00f3tico 3 o 4h\t\t\t<\/a>\n\t\t<\/h3>\n\t\t\t\t<div class=\"elementor-post__excerpt\">\n\t\t\t<p>Para reservar este tour cont\u00e1ctenos Tour del Barrio G\u00f3tico 3 o 4h De la ciudad romana al famoso paseo de La Rambla Un paseo por<\/p>\n\t\t<\/div>\n\t\t\n\t\t<a class=\"elementor-post__read-more\" href=\"https:\/\/aguideinbarcelona.com\/es\/tour-del-barrio-gotico-3-o-4h\/\" aria-label=\"M\u00e1s informaci\u00f3n sobre Tour del Barrio G\u00f3tico 3 o 4h\" tabindex=\"-1\" >\n\t\t\t<div id=\"book_btn_green\">+ M\u00e1s informaci\u00f3n<\/div>\t\t<\/a>\n\n\t\t\t\t<\/div>\n\t\t\t\t<\/article>\n\t\t\t\t<article class=\"elementor-post elementor-grid-item post-1222 page type-page status-publish has-post-thumbnail hentry category-tours-en-barcelona entry\" role=\"listitem\">\n\t\t\t\t<a class=\"elementor-post__thumbnail__link\" href=\"https:\/\/aguideinbarcelona.com\/es\/tour-de-barcelona-dia-completo-8h\/\" tabindex=\"-1\" >\n\t\t\t<div class=\"elementor-post__thumbnail\"><img decoding=\"async\" width=\"300\" height=\"200\" src=\"https:\/\/aguideinbarcelona.com\/wp-content\/uploads\/2020\/05\/Las-Ramblas-de-di\u0301a-1-300x200.jpg\" class=\"attachment-medium size-medium wp-image-2712\" alt=\"\" srcset=\"https:\/\/aguideinbarcelona.com\/wp-content\/uploads\/2020\/05\/Las-Ramblas-de-di\u0301a-1-300x200.jpg 300w, https:\/\/aguideinbarcelona.com\/wp-content\/uploads\/2020\/05\/Las-Ramblas-de-di\u0301a-1-1024x683.jpg 1024w, https:\/\/aguideinbarcelona.com\/wp-content\/uploads\/2020\/05\/Las-Ramblas-de-di\u0301a-1-768x512.jpg 768w, https:\/\/aguideinbarcelona.com\/wp-content\/uploads\/2020\/05\/Las-Ramblas-de-di\u0301a-1-1536x1024.jpg 1536w, https:\/\/aguideinbarcelona.com\/wp-content\/uploads\/2020\/05\/Las-Ramblas-de-di\u0301a-1-2048x1365.jpg 2048w, https:\/\/aguideinbarcelona.com\/wp-content\/uploads\/2020\/05\/Las-Ramblas-de-di\u0301a-1-1568x1045.jpg 1568w, https:\/\/aguideinbarcelona.com\/wp-content\/uploads\/2020\/05\/Las-Ramblas-de-di\u0301a-1-scaled.jpg 1920w\" sizes=\"(max-width: 300px) 100vw, 300px\" \/><\/div>\n\t\t<\/a>\n\t\t\t\t<div class=\"elementor-post__text\">\n\t\t\t\t<h3 class=\"elementor-post__title\">\n\t\t\t<a href=\"https:\/\/aguideinbarcelona.com\/es\/tour-de-barcelona-dia-completo-8h\/\" >\n\t\t\t\tTour de Barcelona d\u00eda completo 8h\t\t\t<\/a>\n\t\t<\/h3>\n\t\t\t\t<div class=\"elementor-post__excerpt\">\n\t\t\t<p>Descubra la ciudad explorando al m\u00e1ximo todos sus rincones emblem\u00e1ticos  en un d\u00eda completo: Barrio G\u00f3tico, Gaud\u00ed, las Ramblas\u2026<\/p>\n\t\t<\/div>\n\t\t\n\t\t<a class=\"elementor-post__read-more\" href=\"https:\/\/aguideinbarcelona.com\/es\/tour-de-barcelona-dia-completo-8h\/\" aria-label=\"M\u00e1s informaci\u00f3n sobre Tour de Barcelona d\u00eda completo 8h\" tabindex=\"-1\" >\n\t\t\t<div id=\"book_btn_green\">+ M\u00e1s informaci\u00f3n<\/div>\t\t<\/a>\n\n\t\t\t\t<\/div>\n\t\t\t\t<\/article>\n\t\t\t\t<article class=\"elementor-post elementor-grid-item post-794 page type-page status-publish has-post-thumbnail hentry category-tours-en-barcelona entry\" role=\"listitem\">\n\t\t\t\t<a class=\"elementor-post__thumbnail__link\" href=\"https:\/\/aguideinbarcelona.com\/es\/museo-picasso-y-cata-de-vinos-4h\/\" tabindex=\"-1\" >\n\t\t\t<div class=\"elementor-post__thumbnail\"><img loading=\"lazy\" decoding=\"async\" width=\"300\" height=\"222\" src=\"https:\/\/aguideinbarcelona.com\/wp-content\/uploads\/2020\/05\/meninas-pintura-Picasso-1-300x222.jpg\" class=\"attachment-medium size-medium wp-image-2815\" alt=\"\" srcset=\"https:\/\/aguideinbarcelona.com\/wp-content\/uploads\/2020\/05\/meninas-pintura-Picasso-1-300x222.jpg 300w, https:\/\/aguideinbarcelona.com\/wp-content\/uploads\/2020\/05\/meninas-pintura-Picasso-1-1024x757.jpg 1024w, https:\/\/aguideinbarcelona.com\/wp-content\/uploads\/2020\/05\/meninas-pintura-Picasso-1-768x568.jpg 768w, https:\/\/aguideinbarcelona.com\/wp-content\/uploads\/2020\/05\/meninas-pintura-Picasso-1.jpg 1067w\" sizes=\"(max-width: 300px) 100vw, 300px\" \/><\/div>\n\t\t<\/a>\n\t\t\t\t<div class=\"elementor-post__text\">\n\t\t\t\t<h3 class=\"elementor-post__title\">\n\t\t\t<a href=\"https:\/\/aguideinbarcelona.com\/es\/museo-picasso-y-cata-de-vinos-4h\/\" >\n\t\t\t\tMuseo Picasso y cata de vinos 4h\t\t\t<\/a>\n\t\t<\/h3>\n\t\t\t\t<div class=\"elementor-post__excerpt\">\n\t\t\t<p>Para reservar este tour cont\u00e1ctenos Museo Picasso y cata de vinos 4h Un tour para descubrir los or\u00edgenes y la genialidad de uno de los<\/p>\n\t\t<\/div>\n\t\t\n\t\t<a class=\"elementor-post__read-more\" href=\"https:\/\/aguideinbarcelona.com\/es\/museo-picasso-y-cata-de-vinos-4h\/\" aria-label=\"M\u00e1s informaci\u00f3n sobre Museo Picasso y cata de vinos 4h\" tabindex=\"-1\" >\n\t\t\t<div id=\"book_btn_green\">+ M\u00e1s informaci\u00f3n<\/div>\t\t<\/a>\n\n\t\t\t\t<\/div>\n\t\t\t\t<\/article>\n\t\t\t\t<article class=\"elementor-post elementor-grid-item post-1224 page type-page status-publish has-post-thumbnail hentry category-tours-en-barcelona entry\" role=\"listitem\">\n\t\t\t\t<a class=\"elementor-post__thumbnail__link\" href=\"https:\/\/aguideinbarcelona.com\/es\/gaudi-y-cata-de-vinos-en-el-barrio-de-gracia-4h\/\" tabindex=\"-1\" >\n\t\t\t<div class=\"elementor-post__thumbnail\"><img loading=\"lazy\" decoding=\"async\" width=\"300\" height=\"138\" src=\"https:\/\/aguideinbarcelona.com\/wp-content\/uploads\/2020\/05\/Casa-Vicens-1-300x138.jpg\" class=\"attachment-medium size-medium wp-image-2746\" alt=\"\" srcset=\"https:\/\/aguideinbarcelona.com\/wp-content\/uploads\/2020\/05\/Casa-Vicens-1-300x138.jpg 300w, https:\/\/aguideinbarcelona.com\/wp-content\/uploads\/2020\/05\/Casa-Vicens-1-1024x471.jpg 1024w, https:\/\/aguideinbarcelona.com\/wp-content\/uploads\/2020\/05\/Casa-Vicens-1-768x353.jpg 768w, https:\/\/aguideinbarcelona.com\/wp-content\/uploads\/2020\/05\/Casa-Vicens-1-1536x706.jpg 1536w, https:\/\/aguideinbarcelona.com\/wp-content\/uploads\/2020\/05\/Casa-Vicens-1-1568x721.jpg 1568w, https:\/\/aguideinbarcelona.com\/wp-content\/uploads\/2020\/05\/Casa-Vicens-1.jpg 1680w\" sizes=\"(max-width: 300px) 100vw, 300px\" \/><\/div>\n\t\t<\/a>\n\t\t\t\t<div class=\"elementor-post__text\">\n\t\t\t\t<h3 class=\"elementor-post__title\">\n\t\t\t<a href=\"https:\/\/aguideinbarcelona.com\/es\/gaudi-y-cata-de-vinos-en-el-barrio-de-gracia-4h\/\" >\n\t\t\t\tGaud\u00ed y cata de vinos en el barrio de Gr\u00e0cia 4h\t\t\t<\/a>\n\t\t<\/h3>\n\t\t\t\t<div class=\"elementor-post__excerpt\">\n\t\t\t<p>Explore el cautivador y aut\u00e9ntico barrio de Gr\u00e0cia, donde Gaud\u00ed construy\u00f3 una de sus primeras y menos conocidas obras: Casa Vicens. Al final disfruta de una cata de vinos en Barcelona.<\/p>\n\t\t<\/div>\n\t\t\n\t\t<a class=\"elementor-post__read-more\" href=\"https:\/\/aguideinbarcelona.com\/es\/gaudi-y-cata-de-vinos-en-el-barrio-de-gracia-4h\/\" aria-label=\"M\u00e1s informaci\u00f3n sobre Gaud\u00ed y cata de vinos en el barrio de Gr\u00e0cia 4h\" tabindex=\"-1\" >\n\t\t\t<div id=\"book_btn_green\">+ M\u00e1s informaci\u00f3n<\/div>\t\t<\/a>\n\n\t\t\t\t<\/div>\n\t\t\t\t<\/article>\n\t\t\t\t<\/div>\n\t\t\n\t\t\t\t\t\t<\/div>\n\t\t\t\t<\/div>\n\t\t\t\t\t<\/div>\n\t\t<\/div>\n\t\t\t\t\t<\/div>\n\t\t<\/section>\n\t\t\t\t<\/div>\n\t\t","protected":false},"excerpt":{"rendered":"<p>Tours en Barcelona<\/p>\n","protected":false},"author":4,"featured_media":0,"parent":0,"menu_order":0,"comment_status":"closed","ping_status":"closed","template":"elementor_header_footer","meta":{"footnotes":""},"categories":[],"tags":[],"class_list":["post-504","page","type-page","status-publish","hentry","entry"],"_links":{"self":[{"href":"https:\/\/aguideinbarcelona.com\/es\/wp-json\/wp\/v2\/pages\/504","targetHints":{"allow":["GET"]}}],"collection":[{"href":"https:\/\/aguideinbarcelona.com\/es\/wp-json\/wp\/v2\/pages"}],"about":[{"href":"https:\/\/aguideinbarcelona.com\/es\/wp-json\/wp\/v2\/types\/page"}],"author":[{"embeddable":true,"href":"https:\/\/aguideinbarcelona.com\/es\/wp-json\/wp\/v2\/users\/4"}],"replies":[{"embeddable":true,"href":"https:\/\/aguideinbarcelona.com\/es\/wp-json\/wp\/v2\/comments?post=504"}],"version-history":[{"count":0,"href":"https:\/\/aguideinbarcelona.com\/es\/wp-json\/wp\/v2\/pages\/504\/revisions"}],"wp:attachment":[{"href":"https:\/\/aguideinbarcelona.com\/es\/wp-json\/wp\/v2\/media?parent=504"}],"wp:term":[{"taxonomy":"category","embeddable":true,"href":"https:\/\/aguideinbarcelona.com\/es\/wp-json\/wp\/v2\/categories?post=504"},{"taxonomy":"post_tag","embeddable":true,"href":"https:\/\/aguideinbarcelona.com\/es\/wp-json\/wp\/v2\/tags?post=504"}],"curies":[{"name":"wp","href":"https:\/\/api.w.org\/{rel}","templated":true}]}}