{"id":728,"date":"2020-04-10T09:17:37","date_gmt":"2020-04-10T07:17:37","guid":{"rendered":"https:\/\/aguideinbarcelona.com\/?page_id=728"},"modified":"2020-05-24T19:25:10","modified_gmt":"2020-05-24T17:25:10","slug":"tours-de-vinos","status":"publish","type":"page","link":"https:\/\/aguideinbarcelona.com\/es\/tours-de-vinos\/","title":{"rendered":"Tours de Vinos"},"content":{"rendered":"\t\t<div data-elementor-type=\"wp-page\" data-elementor-id=\"728\" class=\"elementor elementor-728\" data-elementor-post-type=\"page\">\n\t\t\t\t\t\t<section class=\"elementor-section elementor-top-section elementor-element elementor-element-824ea3b elementor-section-boxed elementor-section-height-default elementor-section-height-default\" data-id=\"824ea3b\" data-element_type=\"section\" data-e-type=\"section\">\n\t\t\t\t\t\t<div class=\"elementor-container elementor-column-gap-default\">\n\t\t\t\t\t<div class=\"elementor-column elementor-col-100 elementor-top-column elementor-element elementor-element-77ec470\" data-id=\"77ec470\" data-element_type=\"column\" data-e-type=\"column\">\n\t\t\t<div class=\"elementor-widget-wrap elementor-element-populated\">\n\t\t\t\t\t\t<div class=\"elementor-element elementor-element-38653ca5 elementor-widget elementor-widget-text-editor\" data-id=\"38653ca5\" data-element_type=\"widget\" data-e-type=\"widget\" data-widget_type=\"text-editor.default\">\n\t\t\t\t<div class=\"elementor-widget-container\">\n\t\t\t\t\t\t\t\t\t<h3><span style=\"color: #974578;\">Tours de vinos<\/span><\/h3>\t\t\t\t\t\t\t\t<\/div>\n\t\t\t\t<\/div>\n\t\t\t\t\t<\/div>\n\t\t<\/div>\n\t\t\t\t\t<\/div>\n\t\t<\/section>\n\t\t\t\t<section class=\"elementor-section elementor-top-section elementor-element elementor-element-ac5b060 elementor-section-boxed elementor-section-height-default elementor-section-height-default\" data-id=\"ac5b060\" data-element_type=\"section\" data-e-type=\"section\">\n\t\t\t\t\t\t<div class=\"elementor-container elementor-column-gap-default\">\n\t\t\t\t\t<div class=\"elementor-column elementor-col-100 elementor-top-column elementor-element elementor-element-1be8eb9\" data-id=\"1be8eb9\" data-element_type=\"column\" data-e-type=\"column\">\n\t\t\t<div class=\"elementor-widget-wrap elementor-element-populated\">\n\t\t\t\t\t\t<div class=\"elementor-element elementor-element-ef395a9 elementor-grid-3 elementor-grid-tablet-2 elementor-grid-mobile-1 elementor-posts--thumbnail-top elementor-widget elementor-widget-posts\" data-id=\"ef395a9\" data-element_type=\"widget\" data-e-type=\"widget\" data-settings=\"{&quot;classic_row_gap&quot;:{&quot;unit&quot;:&quot;px&quot;,&quot;size&quot;:40,&quot;sizes&quot;:[]},&quot;classic_columns&quot;:&quot;3&quot;,&quot;classic_columns_tablet&quot;:&quot;2&quot;,&quot;classic_columns_mobile&quot;:&quot;1&quot;,&quot;classic_row_gap_tablet&quot;:{&quot;unit&quot;:&quot;px&quot;,&quot;size&quot;:&quot;&quot;,&quot;sizes&quot;:[]},&quot;classic_row_gap_mobile&quot;:{&quot;unit&quot;:&quot;px&quot;,&quot;size&quot;:&quot;&quot;,&quot;sizes&quot;:[]}}\" data-widget_type=\"posts.classic\">\n\t\t\t\t<div class=\"elementor-widget-container\">\n\t\t\t\t\t\t\t<div class=\"elementor-posts-container elementor-posts elementor-posts--skin-classic elementor-grid\" role=\"list\">\n\t\t\t\t<article class=\"elementor-post elementor-grid-item post-1328 page type-page status-publish has-post-thumbnail hentry category-tours-de-vinos entry\" role=\"listitem\">\n\t\t\t\t<a class=\"elementor-post__thumbnail__link\" href=\"https:\/\/aguideinbarcelona.com\/es\/cata-de-vinos-privada-2h\/\" tabindex=\"-1\" >\n\t\t\t<div class=\"elementor-post__thumbnail\"><img fetchpriority=\"high\" decoding=\"async\" width=\"300\" height=\"200\" src=\"https:\/\/aguideinbarcelona.com\/wp-content\/uploads\/2020\/05\/copa-vi-negre-i-formatge-i-pernil-1-1-300x200.jpg\" class=\"attachment-medium size-medium wp-image-3146\" alt=\"\" srcset=\"https:\/\/aguideinbarcelona.com\/wp-content\/uploads\/2020\/05\/copa-vi-negre-i-formatge-i-pernil-1-1-300x200.jpg 300w, https:\/\/aguideinbarcelona.com\/wp-content\/uploads\/2020\/05\/copa-vi-negre-i-formatge-i-pernil-1-1-1024x683.jpg 1024w, https:\/\/aguideinbarcelona.com\/wp-content\/uploads\/2020\/05\/copa-vi-negre-i-formatge-i-pernil-1-1-768x512.jpg 768w, https:\/\/aguideinbarcelona.com\/wp-content\/uploads\/2020\/05\/copa-vi-negre-i-formatge-i-pernil-1-1-1536x1024.jpg 1536w, https:\/\/aguideinbarcelona.com\/wp-content\/uploads\/2020\/05\/copa-vi-negre-i-formatge-i-pernil-1-1-2048x1365.jpg 2048w, https:\/\/aguideinbarcelona.com\/wp-content\/uploads\/2020\/05\/copa-vi-negre-i-formatge-i-pernil-1-1-1568x1045.jpg 1568w, https:\/\/aguideinbarcelona.com\/wp-content\/uploads\/2020\/05\/copa-vi-negre-i-formatge-i-pernil-1-1-scaled.jpg 1920w\" sizes=\"(max-width: 300px) 100vw, 300px\" \/><\/div>\n\t\t<\/a>\n\t\t\t\t<div class=\"elementor-post__text\">\n\t\t\t\t<h3 class=\"elementor-post__title\">\n\t\t\t<a href=\"https:\/\/aguideinbarcelona.com\/es\/cata-de-vinos-privada-2h\/\" >\n\t\t\t\tCata de vinos privada 2h\t\t\t<\/a>\n\t\t<\/h3>\n\t\t\t\t<div class=\"elementor-post__excerpt\">\n\t\t\t<p>Para reservar este tour cont\u00e1ctenos Cata de vinos privada 2h Recorra 4 diferentes denominaciones de origen a trav\u00e9s de la cata de sus vinos Usted<\/p>\n\t\t<\/div>\n\t\t\n\t\t<a class=\"elementor-post__read-more\" href=\"https:\/\/aguideinbarcelona.com\/es\/cata-de-vinos-privada-2h\/\" aria-label=\"M\u00e1s informaci\u00f3n sobre Cata de vinos privada 2h\" tabindex=\"-1\" >\n\t\t\t<div id=\"book_btn_green\">+ M\u00e1s informaci\u00f3n<\/div>\t\t<\/a>\n\n\t\t\t\t<\/div>\n\t\t\t\t<\/article>\n\t\t\t\t<article class=\"elementor-post elementor-grid-item post-1356 page type-page status-publish has-post-thumbnail hentry category-tours-de-vinos entry\" role=\"listitem\">\n\t\t\t\t<a class=\"elementor-post__thumbnail__link\" href=\"https:\/\/aguideinbarcelona.com\/es\/cata-de-jamon-iberico-y-vino-en-barcelona-2h-1-2\/\" tabindex=\"-1\" >\n\t\t\t<div class=\"elementor-post__thumbnail\"><img decoding=\"async\" width=\"300\" height=\"169\" src=\"https:\/\/aguideinbarcelona.com\/wp-content\/uploads\/2020\/05\/degustando-jamon-con-amigas-1-300x169.jpg\" class=\"attachment-medium size-medium wp-image-3035\" alt=\"\" srcset=\"https:\/\/aguideinbarcelona.com\/wp-content\/uploads\/2020\/05\/degustando-jamon-con-amigas-1-300x169.jpg 300w, https:\/\/aguideinbarcelona.com\/wp-content\/uploads\/2020\/05\/degustando-jamon-con-amigas-1.jpg 678w\" sizes=\"(max-width: 300px) 100vw, 300px\" \/><\/div>\n\t\t<\/a>\n\t\t\t\t<div class=\"elementor-post__text\">\n\t\t\t\t<h3 class=\"elementor-post__title\">\n\t\t\t<a href=\"https:\/\/aguideinbarcelona.com\/es\/cata-de-jamon-iberico-y-vino-en-barcelona-2h-1-2\/\" >\n\t\t\t\tCata de jam\u00f3n ib\u00e9rico y vino en Barcelona 2h 1\/2\t\t\t<\/a>\n\t\t<\/h3>\n\t\t\t\t<div class=\"elementor-post__excerpt\">\n\t\t\t<p>Para reservar este tour cont\u00e1ctenos Cata de jam\u00f3n ib\u00e9rico y vino en Barcelona 2h 1\/2 Si Espa\u00f1a tuviera un tesoro gastron\u00f3mico nacional, sin duda ser\u00eda<\/p>\n\t\t<\/div>\n\t\t\n\t\t<a class=\"elementor-post__read-more\" href=\"https:\/\/aguideinbarcelona.com\/es\/cata-de-jamon-iberico-y-vino-en-barcelona-2h-1-2\/\" aria-label=\"M\u00e1s informaci\u00f3n sobre Cata de jam\u00f3n ib\u00e9rico y vino en Barcelona 2h 1\/2\" tabindex=\"-1\" >\n\t\t\t<div id=\"book_btn_green\">+ M\u00e1s informaci\u00f3n<\/div>\t\t<\/a>\n\n\t\t\t\t<\/div>\n\t\t\t\t<\/article>\n\t\t\t\t<article class=\"elementor-post elementor-grid-item post-1355 page type-page status-publish has-post-thumbnail hentry category-tours-de-vinos entry\" role=\"listitem\">\n\t\t\t\t<a class=\"elementor-post__thumbnail__link\" href=\"https:\/\/aguideinbarcelona.com\/es\/penedes-4-horas-1-2\/\" tabindex=\"-1\" >\n\t\t\t<div class=\"elementor-post__thumbnail\"><img decoding=\"async\" width=\"300\" height=\"225\" src=\"https:\/\/aguideinbarcelona.com\/wp-content\/uploads\/2020\/05\/Sandra-amb-vinya-i-Montserrat-1-1-300x225.jpg\" class=\"attachment-medium size-medium wp-image-3171\" alt=\"\" srcset=\"https:\/\/aguideinbarcelona.com\/wp-content\/uploads\/2020\/05\/Sandra-amb-vinya-i-Montserrat-1-1-300x225.jpg 300w, https:\/\/aguideinbarcelona.com\/wp-content\/uploads\/2020\/05\/Sandra-amb-vinya-i-Montserrat-1-1-1024x769.jpg 1024w, https:\/\/aguideinbarcelona.com\/wp-content\/uploads\/2020\/05\/Sandra-amb-vinya-i-Montserrat-1-1-768x577.jpg 768w, https:\/\/aguideinbarcelona.com\/wp-content\/uploads\/2020\/05\/Sandra-amb-vinya-i-Montserrat-1-1-1536x1154.jpg 1536w, https:\/\/aguideinbarcelona.com\/wp-content\/uploads\/2020\/05\/Sandra-amb-vinya-i-Montserrat-1-1-2048x1539.jpg 2048w, https:\/\/aguideinbarcelona.com\/wp-content\/uploads\/2020\/05\/Sandra-amb-vinya-i-Montserrat-1-1-1568x1178.jpg 1568w, https:\/\/aguideinbarcelona.com\/wp-content\/uploads\/2020\/05\/Sandra-amb-vinya-i-Montserrat-1-1-scaled.jpg 1920w\" sizes=\"(max-width: 300px) 100vw, 300px\" \/><\/div>\n\t\t<\/a>\n\t\t\t\t<div class=\"elementor-post__text\">\n\t\t\t\t<h3 class=\"elementor-post__title\">\n\t\t\t<a href=\"https:\/\/aguideinbarcelona.com\/es\/penedes-4-horas-1-2\/\" >\n\t\t\t\tPened\u00e8s 4 horas 1\/2\t\t\t<\/a>\n\t\t<\/h3>\n\t\t\t\t<div class=\"elementor-post__excerpt\">\n\t\t\t<p>\u00bfEst\u00e1 buscando un tour de cava cerca de Barcelona? Descubra el fascinante mundo de nuestro m\u00e1s famoso vino espumoso haciendo el recorrido por la regi\u00f3n vin\u00edcola del Pened\u00e8s.<\/p>\n\t\t<\/div>\n\t\t\n\t\t<a class=\"elementor-post__read-more\" href=\"https:\/\/aguideinbarcelona.com\/es\/penedes-4-horas-1-2\/\" aria-label=\"M\u00e1s informaci\u00f3n sobre Pened\u00e8s 4 horas 1\/2\" tabindex=\"-1\" >\n\t\t\t<div id=\"book_btn_green\">+ M\u00e1s informaci\u00f3n<\/div>\t\t<\/a>\n\n\t\t\t\t<\/div>\n\t\t\t\t<\/article>\n\t\t\t\t<article class=\"elementor-post elementor-grid-item post-1353 page type-page status-publish has-post-thumbnail hentry category-tours-de-vinos entry\" role=\"listitem\">\n\t\t\t\t<a class=\"elementor-post__thumbnail__link\" href=\"https:\/\/aguideinbarcelona.com\/es\/penedes-con-almuerzo-9h\/\" tabindex=\"-1\" >\n\t\t\t<div class=\"elementor-post__thumbnail\"><img loading=\"lazy\" decoding=\"async\" width=\"300\" height=\"195\" src=\"https:\/\/aguideinbarcelona.com\/wp-content\/uploads\/2020\/05\/Albet-i-Noya-vinyes-1-300x195.jpg\" class=\"attachment-medium size-medium wp-image-3095\" alt=\"\" srcset=\"https:\/\/aguideinbarcelona.com\/wp-content\/uploads\/2020\/05\/Albet-i-Noya-vinyes-1-300x195.jpg 300w, https:\/\/aguideinbarcelona.com\/wp-content\/uploads\/2020\/05\/Albet-i-Noya-vinyes-1.jpg 665w\" sizes=\"(max-width: 300px) 100vw, 300px\" \/><\/div>\n\t\t<\/a>\n\t\t\t\t<div class=\"elementor-post__text\">\n\t\t\t\t<h3 class=\"elementor-post__title\">\n\t\t\t<a href=\"https:\/\/aguideinbarcelona.com\/es\/penedes-con-almuerzo-9h\/\" >\n\t\t\t\tPened\u00e8s con almuerzo 9h.\t\t\t<\/a>\n\t\t<\/h3>\n\t\t\t\t<div class=\"elementor-post__excerpt\">\n\t\t\t<p>Para reservar este tour cont\u00e1ctenos Pened\u00e8s con almuerzo 9h. Tour de vi\u00f1edos y bodegas en el Pened\u00e8s d\u00eda completo\u00a0incluye almuerzo. Pened\u00e9s es una regi\u00f3n con<\/p>\n\t\t<\/div>\n\t\t\n\t\t<a class=\"elementor-post__read-more\" href=\"https:\/\/aguideinbarcelona.com\/es\/penedes-con-almuerzo-9h\/\" aria-label=\"M\u00e1s informaci\u00f3n sobre Pened\u00e8s con almuerzo 9h.\" tabindex=\"-1\" >\n\t\t\t<div id=\"book_btn_green\">+ M\u00e1s informaci\u00f3n<\/div>\t\t<\/a>\n\n\t\t\t\t<\/div>\n\t\t\t\t<\/article>\n\t\t\t\t<article class=\"elementor-post elementor-grid-item post-1352 page type-page status-publish has-post-thumbnail hentry category-tours-de-vinos entry\" role=\"listitem\">\n\t\t\t\t<a class=\"elementor-post__thumbnail__link\" href=\"https:\/\/aguideinbarcelona.com\/es\/penedes-con-4-x-4-en-9h\/\" tabindex=\"-1\" >\n\t\t\t<div class=\"elementor-post__thumbnail\"><img loading=\"lazy\" decoding=\"async\" width=\"300\" height=\"225\" src=\"https:\/\/aguideinbarcelona.com\/wp-content\/uploads\/2020\/05\/Mehari-Albet-i-Noya-1-300x225.jpg\" class=\"attachment-medium size-medium wp-image-3080\" alt=\"\" srcset=\"https:\/\/aguideinbarcelona.com\/wp-content\/uploads\/2020\/05\/Mehari-Albet-i-Noya-1-300x225.jpg 300w, https:\/\/aguideinbarcelona.com\/wp-content\/uploads\/2020\/05\/Mehari-Albet-i-Noya-1.jpg 500w\" sizes=\"(max-width: 300px) 100vw, 300px\" \/><\/div>\n\t\t<\/a>\n\t\t\t\t<div class=\"elementor-post__text\">\n\t\t\t\t<h3 class=\"elementor-post__title\">\n\t\t\t<a href=\"https:\/\/aguideinbarcelona.com\/es\/penedes-con-4-x-4-en-9h\/\" >\n\t\t\t\tPened\u00e8s con 4 \u00d7 4 en 9h.\t\t\t<\/a>\n\t\t<\/h3>\n\t\t\t\t<div class=\"elementor-post__excerpt\">\n\t\t\t<p>Para reservar este tour cont\u00e1ctenos Pened\u00e8s con 4 \u00d7 4 en 9h. Tour de vi\u00f1edos y bodegas en el Pened\u00e8s d\u00eda completo\u00a0incluye recorrido entre vi\u00f1as<\/p>\n\t\t<\/div>\n\t\t\n\t\t<a class=\"elementor-post__read-more\" href=\"https:\/\/aguideinbarcelona.com\/es\/penedes-con-4-x-4-en-9h\/\" aria-label=\"M\u00e1s informaci\u00f3n sobre Pened\u00e8s con 4 \u00d7 4 en 9h.\" tabindex=\"-1\" >\n\t\t\t<div id=\"book_btn_green\">+ M\u00e1s informaci\u00f3n<\/div>\t\t<\/a>\n\n\t\t\t\t<\/div>\n\t\t\t\t<\/article>\n\t\t\t\t<article class=\"elementor-post elementor-grid-item post-1362 page type-page status-publish has-post-thumbnail hentry category-tours-de-vinos entry\" role=\"listitem\">\n\t\t\t\t<a class=\"elementor-post__thumbnail__link\" href=\"https:\/\/aguideinbarcelona.com\/es\/priorat-10-horas\/\" tabindex=\"-1\" >\n\t\t\t<div class=\"elementor-post__thumbnail\"><img loading=\"lazy\" decoding=\"async\" width=\"300\" height=\"169\" src=\"https:\/\/aguideinbarcelona.com\/wp-content\/uploads\/2020\/05\/Copa-Priorat-1-300x169.jpg\" class=\"attachment-medium size-medium wp-image-3116\" alt=\"\" srcset=\"https:\/\/aguideinbarcelona.com\/wp-content\/uploads\/2020\/05\/Copa-Priorat-1-300x169.jpg 300w, https:\/\/aguideinbarcelona.com\/wp-content\/uploads\/2020\/05\/Copa-Priorat-1-768x432.jpg 768w, https:\/\/aguideinbarcelona.com\/wp-content\/uploads\/2020\/05\/Copa-Priorat-1.jpg 928w\" sizes=\"(max-width: 300px) 100vw, 300px\" \/><\/div>\n\t\t<\/a>\n\t\t\t\t<div class=\"elementor-post__text\">\n\t\t\t\t<h3 class=\"elementor-post__title\">\n\t\t\t<a href=\"https:\/\/aguideinbarcelona.com\/es\/priorat-10-horas\/\" >\n\t\t\t\tPriorat 10 horas\t\t\t<\/a>\n\t\t<\/h3>\n\t\t\t\t<div class=\"elementor-post__excerpt\">\n\t\t\t<p>Un tour de vi\u00f1edos y bodegas en el Priorat de d\u00eda completo. Una tierra vin\u00edcola de paisajes abruptos y fascinantes de donde nacen grandes vinos que algunos cr\u00edticos consideran de los mejores del mundo.<\/p>\n\t\t<\/div>\n\t\t\n\t\t<a class=\"elementor-post__read-more\" href=\"https:\/\/aguideinbarcelona.com\/es\/priorat-10-horas\/\" aria-label=\"M\u00e1s informaci\u00f3n sobre Priorat 10 horas\" tabindex=\"-1\" >\n\t\t\t<div id=\"book_btn_green\">+ M\u00e1s informaci\u00f3n<\/div>\t\t<\/a>\n\n\t\t\t\t<\/div>\n\t\t\t\t<\/article>\n\t\t\t\t<article class=\"elementor-post elementor-grid-item post-1363 page type-page status-publish has-post-thumbnail hentry category-tours-de-vinos entry\" role=\"listitem\">\n\t\t\t\t<a class=\"elementor-post__thumbnail__link\" href=\"https:\/\/aguideinbarcelona.com\/es\/alella-3-4-horas\/\" tabindex=\"-1\" >\n\t\t\t<div class=\"elementor-post__thumbnail\"><img loading=\"lazy\" decoding=\"async\" width=\"300\" height=\"194\" src=\"https:\/\/aguideinbarcelona.com\/wp-content\/uploads\/2020\/05\/Vinyes-Alella-amb-mar-1-300x194.jpg\" class=\"attachment-medium size-medium wp-image-3023\" alt=\"\" srcset=\"https:\/\/aguideinbarcelona.com\/wp-content\/uploads\/2020\/05\/Vinyes-Alella-amb-mar-1-300x194.jpg 300w, https:\/\/aguideinbarcelona.com\/wp-content\/uploads\/2020\/05\/Vinyes-Alella-amb-mar-1-1024x663.jpg 1024w, https:\/\/aguideinbarcelona.com\/wp-content\/uploads\/2020\/05\/Vinyes-Alella-amb-mar-1-768x497.jpg 768w, https:\/\/aguideinbarcelona.com\/wp-content\/uploads\/2020\/05\/Vinyes-Alella-amb-mar-1-1536x994.jpg 1536w, https:\/\/aguideinbarcelona.com\/wp-content\/uploads\/2020\/05\/Vinyes-Alella-amb-mar-1-2048x1325.jpg 2048w, https:\/\/aguideinbarcelona.com\/wp-content\/uploads\/2020\/05\/Vinyes-Alella-amb-mar-1-1568x1014.jpg 1568w, https:\/\/aguideinbarcelona.com\/wp-content\/uploads\/2020\/05\/Vinyes-Alella-amb-mar-1-scaled.jpg 1920w\" sizes=\"(max-width: 300px) 100vw, 300px\" \/><\/div>\n\t\t<\/a>\n\t\t\t\t<div class=\"elementor-post__text\">\n\t\t\t\t<h3 class=\"elementor-post__title\">\n\t\t\t<a href=\"https:\/\/aguideinbarcelona.com\/es\/alella-3-4-horas\/\" >\n\t\t\t\tAlella 3-4 horas\t\t\t<\/a>\n\t\t<\/h3>\n\t\t\t\t<div class=\"elementor-post__excerpt\">\n\t\t\t<p>Para reservar este tour cont\u00e1ctenos Alella 3-4 horas Tour de Vi\u00f1edos y Bodegas en Alella medio d\u00eda Este es uno de los mejores tours de<\/p>\n\t\t<\/div>\n\t\t\n\t\t<a class=\"elementor-post__read-more\" href=\"https:\/\/aguideinbarcelona.com\/es\/alella-3-4-horas\/\" aria-label=\"M\u00e1s informaci\u00f3n sobre Alella 3-4 horas\" tabindex=\"-1\" >\n\t\t\t<div id=\"book_btn_green\">+ M\u00e1s informaci\u00f3n<\/div>\t\t<\/a>\n\n\t\t\t\t<\/div>\n\t\t\t\t<\/article>\n\t\t\t\t<article class=\"elementor-post elementor-grid-item post-1354 page type-page status-publish has-post-thumbnail hentry category-tours-de-vinos entry\" role=\"listitem\">\n\t\t\t\t<a class=\"elementor-post__thumbnail__link\" href=\"https:\/\/aguideinbarcelona.com\/es\/emporda-y-costa-brava-10-horas\/\" tabindex=\"-1\" >\n\t\t\t<div class=\"elementor-post__thumbnail\"><img loading=\"lazy\" decoding=\"async\" width=\"300\" height=\"200\" src=\"https:\/\/aguideinbarcelona.com\/wp-content\/uploads\/2020\/05\/Vinyes-Emporda\u0300-amb-Mar-1-300x200.jpg\" class=\"attachment-medium size-medium wp-image-3339\" alt=\"\" srcset=\"https:\/\/aguideinbarcelona.com\/wp-content\/uploads\/2020\/05\/Vinyes-Emporda\u0300-amb-Mar-1-300x200.jpg 300w, https:\/\/aguideinbarcelona.com\/wp-content\/uploads\/2020\/05\/Vinyes-Emporda\u0300-amb-Mar-1-768x512.jpg 768w, https:\/\/aguideinbarcelona.com\/wp-content\/uploads\/2020\/05\/Vinyes-Emporda\u0300-amb-Mar-1.jpg 847w\" sizes=\"(max-width: 300px) 100vw, 300px\" \/><\/div>\n\t\t<\/a>\n\t\t\t\t<div class=\"elementor-post__text\">\n\t\t\t\t<h3 class=\"elementor-post__title\">\n\t\t\t<a href=\"https:\/\/aguideinbarcelona.com\/es\/emporda-y-costa-brava-10-horas\/\" >\n\t\t\t\tEmpord\u00e0 y Costa Brava 10 horas\t\t\t<\/a>\n\t\t<\/h3>\n\t\t\t\t<div class=\"elementor-post__excerpt\">\n\t\t\t<p>\u00bfSe imagina un delicioso desayuno con vino frente a un impresionante paisaje de vi\u00f1edos? La preciosa regi\u00f3n vin\u00edcola del Empord\u00e0 se extiende entre los Pirineos y el mar Mediterr\u00e1neo de la Costa Brava.<\/p>\n\t\t<\/div>\n\t\t\n\t\t<a class=\"elementor-post__read-more\" href=\"https:\/\/aguideinbarcelona.com\/es\/emporda-y-costa-brava-10-horas\/\" aria-label=\"M\u00e1s informaci\u00f3n sobre Empord\u00e0 y Costa Brava 10 horas\" tabindex=\"-1\" >\n\t\t\t<div id=\"book_btn_green\">+ M\u00e1s informaci\u00f3n<\/div>\t\t<\/a>\n\n\t\t\t\t<\/div>\n\t\t\t\t<\/article>\n\t\t\t\t<\/div>\n\t\t\n\t\t\t\t\t\t<\/div>\n\t\t\t\t<\/div>\n\t\t\t\t\t<\/div>\n\t\t<\/div>\n\t\t\t\t\t<\/div>\n\t\t<\/section>\n\t\t\t\t<\/div>\n\t\t","protected":false},"excerpt":{"rendered":"<p>Tours de vinos<\/p>\n","protected":false},"author":4,"featured_media":0,"parent":0,"menu_order":0,"comment_status":"closed","ping_status":"closed","template":"elementor_header_footer","meta":{"footnotes":""},"categories":[],"tags":[],"class_list":["post-728","page","type-page","status-publish","hentry","entry"],"_links":{"self":[{"href":"https:\/\/aguideinbarcelona.com\/es\/wp-json\/wp\/v2\/pages\/728","targetHints":{"allow":["GET"]}}],"collection":[{"href":"https:\/\/aguideinbarcelona.com\/es\/wp-json\/wp\/v2\/pages"}],"about":[{"href":"https:\/\/aguideinbarcelona.com\/es\/wp-json\/wp\/v2\/types\/page"}],"author":[{"embeddable":true,"href":"https:\/\/aguideinbarcelona.com\/es\/wp-json\/wp\/v2\/users\/4"}],"replies":[{"embeddable":true,"href":"https:\/\/aguideinbarcelona.com\/es\/wp-json\/wp\/v2\/comments?post=728"}],"version-history":[{"count":0,"href":"https:\/\/aguideinbarcelona.com\/es\/wp-json\/wp\/v2\/pages\/728\/revisions"}],"wp:attachment":[{"href":"https:\/\/aguideinbarcelona.com\/es\/wp-json\/wp\/v2\/media?parent=728"}],"wp:term":[{"taxonomy":"category","embeddable":true,"href":"https:\/\/aguideinbarcelona.com\/es\/wp-json\/wp\/v2\/categories?post=728"},{"taxonomy":"post_tag","embeddable":true,"href":"https:\/\/aguideinbarcelona.com\/es\/wp-json\/wp\/v2\/tags?post=728"}],"curies":[{"name":"wp","href":"https:\/\/api.w.org\/{rel}","templated":true}]}}