{"id":889,"date":"2020-04-09T09:01:11","date_gmt":"2020-04-09T07:01:11","guid":{"rendered":"https:\/\/aguideinbarcelona.com\/?page_id=889"},"modified":"2026-02-06T15:57:32","modified_gmt":"2026-02-06T14:57:32","slug":"la-barcelona-esencial-en-4-horas","status":"publish","type":"page","link":"https:\/\/aguideinbarcelona.com\/es\/la-barcelona-esencial-en-4-horas\/","title":{"rendered":"La Barcelona esencial en 4 horas"},"content":{"rendered":"\t\t<div data-elementor-type=\"wp-page\" data-elementor-id=\"889\" class=\"elementor elementor-889\" data-elementor-post-type=\"page\">\n\t\t\t\t\t\t<section class=\"elementor-section elementor-top-section elementor-element elementor-element-79f80346 elementor-section-boxed elementor-section-height-default elementor-section-height-default\" data-id=\"79f80346\" data-element_type=\"section\" data-e-type=\"section\">\n\t\t\t\t\t\t<div class=\"elementor-container elementor-column-gap-default\">\n\t\t\t\t\t<div class=\"elementor-column elementor-col-100 elementor-top-column elementor-element elementor-element-6057d6be\" data-id=\"6057d6be\" data-element_type=\"column\" data-e-type=\"column\">\n\t\t\t<div class=\"elementor-widget-wrap elementor-element-populated\">\n\t\t\t\t\t\t<section class=\"elementor-section elementor-inner-section elementor-element elementor-element-6c2425a0 elementor-section-boxed elementor-section-height-default elementor-section-height-default\" data-id=\"6c2425a0\" data-element_type=\"section\" data-e-type=\"section\">\n\t\t\t\t\t\t<div class=\"elementor-container elementor-column-gap-default\">\n\t\t\t\t\t<div class=\"elementor-column elementor-col-50 elementor-inner-column elementor-element elementor-element-7337e7ae\" data-id=\"7337e7ae\" data-element_type=\"column\" data-e-type=\"column\">\n\t\t\t<div class=\"elementor-widget-wrap elementor-element-populated\">\n\t\t\t\t\t\t<div class=\"elementor-element elementor-element-3725f627 elementor-nav-menu--dropdown-none menu_izq elementor-widget elementor-widget-global elementor-global-607 elementor-widget-nav-menu\" data-id=\"3725f627\" data-element_type=\"widget\" data-e-type=\"widget\" data-settings=\"{&quot;layout&quot;:&quot;vertical&quot;,&quot;submenu_icon&quot;:{&quot;value&quot;:&quot;fas fa-caret-down&quot;,&quot;library&quot;:&quot;fa-solid&quot;}}\" data-widget_type=\"nav-menu.default\">\n\t\t\t\t<div class=\"elementor-widget-container\">\n\t\t\t\t\t\t\t\t<nav aria-label=\"Men\u00fa\" class=\"elementor-nav-menu--main elementor-nav-menu__container elementor-nav-menu--layout-vertical e--pointer-none\">\n\t\t\t\t<ul id=\"menu-1-3725f627\" class=\"elementor-nav-menu sm-vertical\"><li class=\"menu-item menu-item-type-custom menu-item-object-custom menu-item-968\"><a href=\"https:\/\/aguideinbarcelona.com\/es\/tours-en-barcelona\/\" class=\"elementor-item\"><span class=\"title_menu_tours\">TOURS EN BARCELONA:<span\/><\/a><\/li>\n<li class=\"menu-item menu-item-type-post_type menu-item-object-page menu-item-963\"><a href=\"https:\/\/aguideinbarcelona.com\/es\/la-barcelona-esencial-en-4-horas\/\" class=\"elementor-item\">La Barcelona esencial en 4 horas<\/a><\/li>\n<li class=\"menu-item menu-item-type-post_type menu-item-object-page menu-item-1325\"><a href=\"https:\/\/aguideinbarcelona.com\/es\/tour-gaudi-en-4-horas\/\" class=\"elementor-item\">Tour Gaud\u00ed en 4 Horas<\/a><\/li>\n<li class=\"menu-item menu-item-type-post_type menu-item-object-page menu-item-1324\"><a href=\"https:\/\/aguideinbarcelona.com\/es\/tour-del-barrio-gotico-3-o-4h\/\" class=\"elementor-item\">Tour del Barrio G\u00f3tico 3 o 4h<\/a><\/li>\n<li class=\"menu-item menu-item-type-post_type menu-item-object-page menu-item-1323\"><a href=\"https:\/\/aguideinbarcelona.com\/es\/tour-de-barcelona-dia-completo-8h\/\" class=\"elementor-item\">Tour de Barcelona d\u00eda completo 8h<\/a><\/li>\n<li class=\"menu-item menu-item-type-post_type menu-item-object-page menu-item-1327\"><a href=\"https:\/\/aguideinbarcelona.com\/es\/museo-picasso-y-cata-de-vinos-4h\/\" class=\"elementor-item\">Museo Picasso y cata de vinos 4h<\/a><\/li>\n<li class=\"menu-item menu-item-type-post_type menu-item-object-page menu-item-1322\"><a href=\"https:\/\/aguideinbarcelona.com\/es\/gaudi-y-cata-de-vinos-en-el-barrio-de-gracia-4h\/\" class=\"elementor-item\">Gaud\u00ed y cata de vinos en el barrio de Gr\u00e0cia 4h<\/a><\/li>\n<\/ul>\t\t\t<\/nav>\n\t\t\t\t\t\t<nav class=\"elementor-nav-menu--dropdown elementor-nav-menu__container\" aria-hidden=\"true\">\n\t\t\t\t<ul id=\"menu-2-3725f627\" class=\"elementor-nav-menu sm-vertical\"><li class=\"menu-item menu-item-type-custom menu-item-object-custom menu-item-968\"><a href=\"https:\/\/aguideinbarcelona.com\/es\/tours-en-barcelona\/\" class=\"elementor-item\" tabindex=\"-1\"><span class=\"title_menu_tours\">TOURS EN BARCELONA:<span\/><\/a><\/li>\n<li class=\"menu-item menu-item-type-post_type menu-item-object-page menu-item-963\"><a href=\"https:\/\/aguideinbarcelona.com\/es\/la-barcelona-esencial-en-4-horas\/\" class=\"elementor-item\" tabindex=\"-1\">La Barcelona esencial en 4 horas<\/a><\/li>\n<li class=\"menu-item menu-item-type-post_type menu-item-object-page menu-item-1325\"><a href=\"https:\/\/aguideinbarcelona.com\/es\/tour-gaudi-en-4-horas\/\" class=\"elementor-item\" tabindex=\"-1\">Tour Gaud\u00ed en 4 Horas<\/a><\/li>\n<li class=\"menu-item menu-item-type-post_type menu-item-object-page menu-item-1324\"><a href=\"https:\/\/aguideinbarcelona.com\/es\/tour-del-barrio-gotico-3-o-4h\/\" class=\"elementor-item\" tabindex=\"-1\">Tour del Barrio G\u00f3tico 3 o 4h<\/a><\/li>\n<li class=\"menu-item menu-item-type-post_type menu-item-object-page menu-item-1323\"><a href=\"https:\/\/aguideinbarcelona.com\/es\/tour-de-barcelona-dia-completo-8h\/\" class=\"elementor-item\" tabindex=\"-1\">Tour de Barcelona d\u00eda completo 8h<\/a><\/li>\n<li class=\"menu-item menu-item-type-post_type menu-item-object-page menu-item-1327\"><a href=\"https:\/\/aguideinbarcelona.com\/es\/museo-picasso-y-cata-de-vinos-4h\/\" class=\"elementor-item\" tabindex=\"-1\">Museo Picasso y cata de vinos 4h<\/a><\/li>\n<li class=\"menu-item menu-item-type-post_type menu-item-object-page menu-item-1322\"><a href=\"https:\/\/aguideinbarcelona.com\/es\/gaudi-y-cata-de-vinos-en-el-barrio-de-gracia-4h\/\" class=\"elementor-item\" tabindex=\"-1\">Gaud\u00ed y cata de vinos en el barrio de Gr\u00e0cia 4h<\/a><\/li>\n<\/ul>\t\t\t<\/nav>\n\t\t\t\t\t\t<\/div>\n\t\t\t\t<\/div>\n\t\t\t\t<div class=\"elementor-element elementor-element-ca5025b elementor-widget elementor-widget-spacer\" data-id=\"ca5025b\" data-element_type=\"widget\" data-e-type=\"widget\" data-widget_type=\"spacer.default\">\n\t\t\t\t<div class=\"elementor-widget-container\">\n\t\t\t\t\t\t\t<div class=\"elementor-spacer\">\n\t\t\t<div class=\"elementor-spacer-inner\"><\/div>\n\t\t<\/div>\n\t\t\t\t\t\t<\/div>\n\t\t\t\t<\/div>\n\t\t\t\t<div class=\"elementor-element elementor-element-8ad9c03 elementor-align-center elementor-widget elementor-widget-button\" data-id=\"8ad9c03\" data-element_type=\"widget\" data-e-type=\"widget\" data-widget_type=\"button.default\">\n\t\t\t\t<div class=\"elementor-widget-container\">\n\t\t\t\t\t\t\t\t\t<div class=\"elementor-button-wrapper\">\n\t\t\t\t\t<a class=\"elementor-button elementor-button-link elementor-size-md\" href=\"https:\/\/aguideinbarcelona.com\/es\/contactar\/\">\n\t\t\t\t\t\t<span class=\"elementor-button-content-wrapper\">\n\t\t\t\t\t\t\t\t\t<span class=\"elementor-button-text\">Para reservar este tour cont\u00e1ctenos<\/span>\n\t\t\t\t\t<\/span>\n\t\t\t\t\t<\/a>\n\t\t\t\t<\/div>\n\t\t\t\t\t\t\t\t<\/div>\n\t\t\t\t<\/div>\n\t\t\t\t<div class=\"elementor-element elementor-element-19165a9 elementor-widget elementor-widget-spacer\" data-id=\"19165a9\" data-element_type=\"widget\" data-e-type=\"widget\" data-widget_type=\"spacer.default\">\n\t\t\t\t<div class=\"elementor-widget-container\">\n\t\t\t\t\t\t\t<div class=\"elementor-spacer\">\n\t\t\t<div class=\"elementor-spacer-inner\"><\/div>\n\t\t<\/div>\n\t\t\t\t\t\t<\/div>\n\t\t\t\t<\/div>\n\t\t\t\t\t<\/div>\n\t\t<\/div>\n\t\t\t\t<div class=\"elementor-column elementor-col-50 elementor-inner-column elementor-element elementor-element-3a91580c\" data-id=\"3a91580c\" data-element_type=\"column\" data-e-type=\"column\">\n\t\t\t<div class=\"elementor-widget-wrap elementor-element-populated\">\n\t\t\t\t\t\t<div class=\"elementor-element elementor-element-37b197ea elementor-widget elementor-widget-text-editor\" data-id=\"37b197ea\" data-element_type=\"widget\" data-e-type=\"widget\" data-widget_type=\"text-editor.default\">\n\t\t\t\t<div class=\"elementor-widget-container\">\n\t\t\t\t\t\t\t\t\t<h3 style=\"text-align: center;\"><em><span style=\"color: #99ec00;\">La Barcelona esencial en 4 horas<\/span><\/em><\/h3>\t\t\t\t\t\t\t\t<\/div>\n\t\t\t\t<\/div>\n\t\t\t\t<div class=\"elementor-element elementor-element-d7d8db9 elementor--h-position-center elementor--v-position-middle elementor-arrows-position-inside elementor-pagination-position-inside elementor-widget elementor-widget-slides\" data-id=\"d7d8db9\" data-element_type=\"widget\" data-e-type=\"widget\" data-settings=\"{&quot;navigation&quot;:&quot;both&quot;,&quot;autoplay&quot;:&quot;yes&quot;,&quot;pause_on_hover&quot;:&quot;yes&quot;,&quot;pause_on_interaction&quot;:&quot;yes&quot;,&quot;autoplay_speed&quot;:5000,&quot;infinite&quot;:&quot;yes&quot;,&quot;transition&quot;:&quot;slide&quot;,&quot;transition_speed&quot;:500}\" data-widget_type=\"slides.default\">\n\t\t\t\t<div class=\"elementor-widget-container\">\n\t\t\t\t\t\t\t\t\t<div class=\"elementor-swiper\">\n\t\t\t\t\t<div class=\"elementor-slides-wrapper elementor-main-swiper swiper\" role=\"region\" aria-roledescription=\"carousel\" aria-label=\"Diapositivas\" dir=\"ltr\" data-animation=\"fadeInUp\">\n\t\t\t\t<div class=\"swiper-wrapper elementor-slides\">\n\t\t\t\t\t\t\t\t\t\t<div class=\"elementor-repeater-item-972480f swiper-slide\" role=\"group\" aria-roledescription=\"slide\"><div class=\"swiper-slide-bg\" role=\"img\" aria-label=\"Panora\u0301mica Barcelona 4 - Principal -1\"><\/div><div class=\"swiper-slide-inner\" ><div class=\"swiper-slide-contents\"><\/div><\/div><\/div>\t\t\t\t<\/div>\n\t\t\t\t\t\t\t<\/div>\n\t\t\t\t<\/div>\n\t\t\t\t\t\t\t\t<\/div>\n\t\t\t\t<\/div>\n\t\t\t\t<div class=\"elementor-element elementor-element-1ed0dd78 elementor-widget elementor-widget-text-editor\" data-id=\"1ed0dd78\" data-element_type=\"widget\" data-e-type=\"widget\" data-widget_type=\"text-editor.default\">\n\t\t\t\t<div class=\"elementor-widget-container\">\n\t\t\t\t\t\t\t\t\t<p class=\"p1\" style=\"text-align: justify;\"><span class=\"s1\" style=\"color: #000000;\">Si su tiempo en la ciudad es limitado y desea que un gu\u00eda experto local le muestre los monumentos m\u00e1s importantes de Barcelona: <b>este es el tour ideal para usted<\/b>.<\/span><\/p><p class=\"p1\" style=\"text-align: justify;\"><span class=\"s1\" style=\"color: #000000;\">Descubra con esta visita guiada de Barcelona <b>la arquitectura de Antoni Gaud\u00ed y el Barrio G\u00f3tico.<\/b><\/span><\/p><p class=\"p1\" style=\"text-align: justify;\"><span class=\"s1\" style=\"color: #000000;\">Tendr\u00e1 una excelente visi\u00f3n general de <b>los lugares m\u00e1s emblem\u00e1ticos de la ciudad en pocas horas.<\/b><\/span><\/p><p class=\"p1\" style=\"text-align: justify;\"><span class=\"s1\" style=\"color: #000000;\">Nos sumergiremos en la historia de la Antigua \u00c9poca Romana y de la Edad Media caminando por el Barrio G\u00f3tico y el <b>Barrio Jud\u00edo<\/b> de Barcelona.<\/span><\/p><p class=\"p1\" style=\"text-align: justify;\"><span class=\"s1\" style=\"color: #000000;\">Descubriremos la arquitectura modernista de principios del S.XX y su principal representante visitando <b>por dentro un edificio de Antoni Gaud\u00ed<\/b>, eligiendo entre:<\/span><\/p><p class=\"p1\" style=\"text-align: justify;\"><span class=\"s1\" style=\"color: #000000;\">-la visita guiada de la Sagrada Famila o<\/span><\/p><p class=\"p1\" style=\"text-align: justify;\"><span class=\"s1\" style=\"color: #000000;\">&#8211; la visita guiada del Parque G\u00fcell o<\/span><\/p><p class=\"p1\" style=\"text-align: justify;\"><span class=\"s1\" style=\"color: #000000;\">-la visita guiada de la casa Mil\u00e0 ( la Pedrera).<\/span><\/p><p class=\"p1\" style=\"text-align: justify;\"><span class=\"s1\" style=\"color: #000000;\">Recorreremos el elegante Paseo de Gr\u00e0cia y veremos d\u00f3nde viv\u00eda la burgues\u00eda catalana en aquella \u00e9poca y donde se construyeron algunas de <b>las casas modernistas m\u00e1s famosas <\/b>como las de la conocida<b> \u201cManzana de la Discordia\u201d<\/b><\/span><\/p>\t\t\t\t\t\t\t\t<\/div>\n\t\t\t\t<\/div>\n\t\t\t\t<div class=\"elementor-element elementor-element-33a2c6c elementor-widget elementor-widget-text-editor\" data-id=\"33a2c6c\" data-element_type=\"widget\" data-e-type=\"widget\" data-widget_type=\"text-editor.default\">\n\t\t\t\t<div class=\"elementor-widget-container\">\n\t\t\t\t\t\t\t\t\t<p><span style=\"color: #99ec00;\"><strong>Precio del tour<\/strong>:<\/span> 340 \u20ac <span class=\"s1\">para grupos de 1 a 6 personas ( precio total, no por persona) 21% de IVA incluido.<\/span><\/p><p><span style=\"color: #ff0000;\"><strong>\u00a0<\/strong><\/span><span class=\"s1\">Para grupos mayores solicite una nueva cotizaci\u00f3n.<\/span><\/p><p><span style=\"color: #99ec00;\"><strong>Duraci\u00f3n del tour<\/strong>:<\/span> 4 horas.<\/p>\t\t\t\t\t\t\t\t<\/div>\n\t\t\t\t<\/div>\n\t\t\t\t<div class=\"elementor-element elementor-element-2fb7f77 elementor-widget elementor-widget-text-editor\" data-id=\"2fb7f77\" data-element_type=\"widget\" data-e-type=\"widget\" data-widget_type=\"text-editor.default\">\n\t\t\t\t<div class=\"elementor-widget-container\">\n\t\t\t\t\t\t\t\t\t<p><span style=\"color: #99ec00;\"><b>El precio incluye:<\/b><\/span><\/p><p><strong><span style=\"text-align: justify;\">\u2713<\/span><\/strong><span style=\"text-align: justify;\">\u00a0<\/span><strong>Tour privado de 4 horas con un gu\u00eda tur\u00edstico oficial de Barcelona<\/strong>.<\/p><p>Evite colas en monumentos y museos: somos gu\u00edas oficiales y nuestra licencia nos da\u00a0 preferencia en la entrada.<\/p><p><b> \u2713 Receptores individuales y auriculares de un solo uso<\/b> a trav\u00e9s del cual oir\u00e1n a\u00a0 la gu\u00eda hablando por su micr\u00f3fono.<span class=\"Apple-converted-space\">\u00a0\u00a0<\/span><\/p><p><span style=\"color: #99ec00;\"><b>El precio excluye<\/b>:<\/span><\/p><p><span style=\"text-align: justify;\">\u2713<\/span><span style=\"text-align: justify;\">\u00a0<\/span>Coste de entradas a los lugares de inter\u00e9s que lo requieran.<\/p><p><span style=\"text-align: justify;\">\u2713<\/span><span style=\"text-align: justify;\">\u00a0<\/span>Taxis o cualquier otro medio de transporte.<\/p><p><span style=\"color: #99ec00;\"><span style=\"color: #ff0000;\">** <\/span><b>Tenga en cuenta que<\/b>:<\/span><\/p><p>-Para entrar a la Bas\u00edlica de la Sagrada Familia, los hombros, el vientre y las rodillas deben estar cubiertos .<\/p><p>-Para entrar en la catedral g\u00f3tica de Santa Eulalia, deben cubrirse los hombros y las rodillas.<\/p><p>-Domingo: no se permiten visitas en la Catedral de Santa Eulalia.<\/p>\t\t\t\t\t\t\t\t<\/div>\n\t\t\t\t<\/div>\n\t\t\t\t<div class=\"elementor-element elementor-element-ac26da6 elementor-align-center elementor-widget elementor-widget-button\" data-id=\"ac26da6\" data-element_type=\"widget\" data-e-type=\"widget\" data-widget_type=\"button.default\">\n\t\t\t\t<div class=\"elementor-widget-container\">\n\t\t\t\t\t\t\t\t\t<div class=\"elementor-button-wrapper\">\n\t\t\t\t\t<a class=\"elementor-button elementor-button-link elementor-size-xl\" href=\"https:\/\/aguideinbarcelona.com\/es\/contactar\/\">\n\t\t\t\t\t\t<span class=\"elementor-button-content-wrapper\">\n\t\t\t\t\t\t\t\t\t<span class=\"elementor-button-text\">Para reservar este tour cont\u00e1ctenos<\/span>\n\t\t\t\t\t<\/span>\n\t\t\t\t\t<\/a>\n\t\t\t\t<\/div>\n\t\t\t\t\t\t\t\t<\/div>\n\t\t\t\t<\/div>\n\t\t\t\t\t<\/div>\n\t\t<\/div>\n\t\t\t\t\t<\/div>\n\t\t<\/section>\n\t\t\t\t<div class=\"elementor-element elementor-element-51d6319e elementor-widget elementor-widget-spacer\" data-id=\"51d6319e\" data-element_type=\"widget\" data-e-type=\"widget\" data-widget_type=\"spacer.default\">\n\t\t\t\t<div class=\"elementor-widget-container\">\n\t\t\t\t\t\t\t<div class=\"elementor-spacer\">\n\t\t\t<div class=\"elementor-spacer-inner\"><\/div>\n\t\t<\/div>\n\t\t\t\t\t\t<\/div>\n\t\t\t\t<\/div>\n\t\t\t\t<div class=\"elementor-element elementor-element-fc54ee7 elementor-widget elementor-widget-gallery\" data-id=\"fc54ee7\" data-element_type=\"widget\" data-e-type=\"widget\" data-settings=\"{&quot;columns&quot;:3,&quot;lazyload&quot;:&quot;yes&quot;,&quot;gallery_layout&quot;:&quot;grid&quot;,&quot;columns_tablet&quot;:2,&quot;columns_mobile&quot;:1,&quot;gap&quot;:{&quot;unit&quot;:&quot;px&quot;,&quot;size&quot;:10,&quot;sizes&quot;:[]},&quot;gap_tablet&quot;:{&quot;unit&quot;:&quot;px&quot;,&quot;size&quot;:10,&quot;sizes&quot;:[]},&quot;gap_mobile&quot;:{&quot;unit&quot;:&quot;px&quot;,&quot;size&quot;:10,&quot;sizes&quot;:[]},&quot;link_to&quot;:&quot;file&quot;,&quot;aspect_ratio&quot;:&quot;3:2&quot;,&quot;overlay_background&quot;:&quot;yes&quot;,&quot;content_hover_animation&quot;:&quot;fade-in&quot;}\" data-widget_type=\"gallery.default\">\n\t\t\t\t<div class=\"elementor-widget-container\">\n\t\t\t\t\t\t\t<div class=\"elementor-gallery__container\">\n\t\t\t\t\t\t\t<a class=\"e-gallery-item elementor-gallery-item elementor-animated-content\" href=\"https:\/\/aguideinbarcelona.com\/wp-content\/uploads\/2020\/05\/Sagrada-Familia-entera-2.jpg\" data-elementor-open-lightbox=\"yes\" data-elementor-lightbox-slideshow=\"fc54ee7\" data-elementor-lightbox-title=\"Sagrada Familia entera- 2\" data-e-action-hash=\"#elementor-action%3Aaction%3Dlightbox%26settings%3DeyJpZCI6MjcwNCwidXJsIjoiaHR0cHM6XC9cL2FndWlkZWluYmFyY2Vsb25hLmNvbVwvd3AtY29udGVudFwvdXBsb2Fkc1wvMjAyMFwvMDVcL1NhZ3JhZGEtRmFtaWxpYS1lbnRlcmEtMi5qcGciLCJzbGlkZXNob3ciOiJmYzU0ZWU3In0%3D\">\n\t\t\t\t\t<div class=\"e-gallery-image elementor-gallery-item__image\" data-thumbnail=\"https:\/\/aguideinbarcelona.com\/wp-content\/uploads\/2020\/05\/Sagrada-Familia-entera-2.jpg\" data-width=\"640\" data-height=\"426\" aria-label=\"\" role=\"img\" ><\/div>\n\t\t\t\t\t\t\t\t\t\t\t<div class=\"elementor-gallery-item__overlay\"><\/div>\n\t\t\t\t\t\t\t\t\t\t\t\t\t\t<\/a>\n\t\t\t\t\t\t\t<a class=\"e-gallery-item elementor-gallery-item elementor-animated-content\" href=\"https:\/\/aguideinbarcelona.com\/wp-content\/uploads\/2020\/05\/Casa-conserge-y-entrada-Parc-Gu\u0308ell-3-scaled.jpg\" data-elementor-open-lightbox=\"yes\" data-elementor-lightbox-slideshow=\"fc54ee7\" data-elementor-lightbox-title=\"Casa conserge y entrada Parc Gu\u0308ell - 3\" data-e-action-hash=\"#elementor-action%3Aaction%3Dlightbox%26settings%3DeyJpZCI6MjY5NSwidXJsIjoiaHR0cHM6XC9cL2FndWlkZWluYmFyY2Vsb25hLmNvbVwvd3AtY29udGVudFwvdXBsb2Fkc1wvMjAyMFwvMDVcL0Nhc2EtY29uc2VyZ2UteS1lbnRyYWRhLVBhcmMtR3VcdTAzMDhlbGwtMy1zY2FsZWQuanBnIiwic2xpZGVzaG93IjoiZmM1NGVlNyJ9\">\n\t\t\t\t\t<div class=\"e-gallery-image elementor-gallery-item__image\" data-thumbnail=\"https:\/\/aguideinbarcelona.com\/wp-content\/uploads\/2020\/05\/Casa-conserge-y-entrada-Parc-Gu\u0308ell-3-768x512.jpg\" data-width=\"640\" data-height=\"427\" aria-label=\"\" role=\"img\" ><\/div>\n\t\t\t\t\t\t\t\t\t\t\t<div class=\"elementor-gallery-item__overlay\"><\/div>\n\t\t\t\t\t\t\t\t\t\t\t\t\t\t<\/a>\n\t\t\t\t\t\t\t<a class=\"e-gallery-item elementor-gallery-item elementor-animated-content\" href=\"https:\/\/aguideinbarcelona.com\/wp-content\/uploads\/2020\/05\/Casa-Batllo\u0301-Fachada-superior-4.jpg\" data-elementor-open-lightbox=\"yes\" data-elementor-lightbox-slideshow=\"fc54ee7\" data-elementor-lightbox-title=\"Casa Batllo\u0301 Fachada superior- 4\" data-e-action-hash=\"#elementor-action%3Aaction%3Dlightbox%26settings%3DeyJpZCI6MjY5MiwidXJsIjoiaHR0cHM6XC9cL2FndWlkZWluYmFyY2Vsb25hLmNvbVwvd3AtY29udGVudFwvdXBsb2Fkc1wvMjAyMFwvMDVcL0Nhc2EtQmF0bGxvXHUwMzAxLUZhY2hhZGEtc3VwZXJpb3ItNC5qcGciLCJzbGlkZXNob3ciOiJmYzU0ZWU3In0%3D\">\n\t\t\t\t\t<div class=\"e-gallery-image elementor-gallery-item__image\" data-thumbnail=\"https:\/\/aguideinbarcelona.com\/wp-content\/uploads\/2020\/05\/Casa-Batllo\u0301-Fachada-superior-4-768x615.jpg\" data-width=\"640\" data-height=\"513\" aria-label=\"\" role=\"img\" ><\/div>\n\t\t\t\t\t\t\t\t\t\t\t<div class=\"elementor-gallery-item__overlay\"><\/div>\n\t\t\t\t\t\t\t\t\t\t\t\t\t\t<\/a>\n\t\t\t\t\t\t\t<a class=\"e-gallery-item elementor-gallery-item elementor-animated-content\" href=\"https:\/\/aguideinbarcelona.com\/wp-content\/uploads\/2020\/05\/Plac\u0327a-de-la-Seu-amb-Catedral-5-scaled.jpg\" data-elementor-open-lightbox=\"yes\" data-elementor-lightbox-slideshow=\"fc54ee7\" data-elementor-lightbox-title=\"Plac\u0327a de la Seu amb Catedral - 5\" data-e-action-hash=\"#elementor-action%3Aaction%3Dlightbox%26settings%3DeyJpZCI6MjcwMSwidXJsIjoiaHR0cHM6XC9cL2FndWlkZWluYmFyY2Vsb25hLmNvbVwvd3AtY29udGVudFwvdXBsb2Fkc1wvMjAyMFwvMDVcL1BsYWNcdTAzMjdhLWRlLWxhLVNldS1hbWItQ2F0ZWRyYWwtNS1zY2FsZWQuanBnIiwic2xpZGVzaG93IjoiZmM1NGVlNyJ9\">\n\t\t\t\t\t<div class=\"e-gallery-image elementor-gallery-item__image\" data-thumbnail=\"https:\/\/aguideinbarcelona.com\/wp-content\/uploads\/2020\/05\/Plac\u0327a-de-la-Seu-amb-Catedral-5-768x433.jpg\" data-width=\"640\" data-height=\"361\" aria-label=\"\" role=\"img\" ><\/div>\n\t\t\t\t\t\t\t\t\t\t\t<div class=\"elementor-gallery-item__overlay\"><\/div>\n\t\t\t\t\t\t\t\t\t\t\t\t\t\t<\/a>\n\t\t\t\t\t\t\t<a class=\"e-gallery-item elementor-gallery-item elementor-animated-content\" href=\"https:\/\/aguideinbarcelona.com\/wp-content\/uploads\/2020\/05\/Carrer-del-Bisbe-6-scaled.jpg\" data-elementor-open-lightbox=\"yes\" data-elementor-lightbox-slideshow=\"fc54ee7\" data-elementor-lightbox-title=\"Carrer del Bisbe- 6\" data-e-action-hash=\"#elementor-action%3Aaction%3Dlightbox%26settings%3DeyJpZCI6MjY4OSwidXJsIjoiaHR0cHM6XC9cL2FndWlkZWluYmFyY2Vsb25hLmNvbVwvd3AtY29udGVudFwvdXBsb2Fkc1wvMjAyMFwvMDVcL0NhcnJlci1kZWwtQmlzYmUtNi1zY2FsZWQuanBnIiwic2xpZGVzaG93IjoiZmM1NGVlNyJ9\">\n\t\t\t\t\t<div class=\"e-gallery-image elementor-gallery-item__image\" data-thumbnail=\"https:\/\/aguideinbarcelona.com\/wp-content\/uploads\/2020\/05\/Carrer-del-Bisbe-6-768x626.jpg\" data-width=\"640\" data-height=\"522\" aria-label=\"\" role=\"img\" ><\/div>\n\t\t\t\t\t\t\t\t\t\t\t<div class=\"elementor-gallery-item__overlay\"><\/div>\n\t\t\t\t\t\t\t\t\t\t\t\t\t\t<\/a>\n\t\t\t\t\t\t\t<a class=\"e-gallery-item elementor-gallery-item elementor-animated-content\" href=\"https:\/\/aguideinbarcelona.com\/wp-content\/uploads\/2020\/05\/Sonia-con-turistas-y-mapa-ciudad-grande-7.jpg\" data-elementor-open-lightbox=\"yes\" data-elementor-lightbox-slideshow=\"fc54ee7\" data-elementor-lightbox-title=\"Sonia con turistas y mapa ciudad grande-7\" data-e-action-hash=\"#elementor-action%3Aaction%3Dlightbox%26settings%3DeyJpZCI6MjcwNywidXJsIjoiaHR0cHM6XC9cL2FndWlkZWluYmFyY2Vsb25hLmNvbVwvd3AtY29udGVudFwvdXBsb2Fkc1wvMjAyMFwvMDVcL1NvbmlhLWNvbi10dXJpc3Rhcy15LW1hcGEtY2l1ZGFkLWdyYW5kZS03LmpwZyIsInNsaWRlc2hvdyI6ImZjNTRlZTcifQ%3D%3D\">\n\t\t\t\t\t<div class=\"e-gallery-image elementor-gallery-item__image\" data-thumbnail=\"https:\/\/aguideinbarcelona.com\/wp-content\/uploads\/2020\/05\/Sonia-con-turistas-y-mapa-ciudad-grande-7.jpg\" data-width=\"550\" data-height=\"389\" aria-label=\"\" role=\"img\" ><\/div>\n\t\t\t\t\t\t\t\t\t\t\t<div class=\"elementor-gallery-item__overlay\"><\/div>\n\t\t\t\t\t\t\t\t\t\t\t\t\t\t<\/a>\n\t\t\t\t\t<\/div>\n\t\t\t\t\t<\/div>\n\t\t\t\t<\/div>\n\t\t\t\t\t<\/div>\n\t\t<\/div>\n\t\t\t\t\t<\/div>\n\t\t<\/section>\n\t\t\t\t<\/div>\n\t\t","protected":false},"excerpt":{"rendered":"<p>Para reservar este tour cont\u00e1ctenos La Barcelona esencial en 4 horas Si su tiempo en la ciudad es limitado y desea que un gu\u00eda experto local le muestre los monumentos m\u00e1s importantes de Barcelona: este es el tour ideal para usted. Descubra con esta visita guiada de Barcelona la arquitectura de Antoni Gaud\u00ed y el &hellip; <\/p>\n<p class=\"link-more\"><a href=\"https:\/\/aguideinbarcelona.com\/es\/la-barcelona-esencial-en-4-horas\/\" class=\"more-link\">Seguir leyendo<span class=\"screen-reader-text\"> \u00abLa Barcelona esencial en 4 horas\u00bb<\/span><\/a><\/p>\n","protected":false},"author":4,"featured_media":2698,"parent":0,"menu_order":0,"comment_status":"closed","ping_status":"closed","template":"elementor_header_footer","meta":{"footnotes":""},"categories":[],"tags":[],"class_list":["post-889","page","type-page","status-publish","has-post-thumbnail","hentry","entry"],"_links":{"self":[{"href":"https:\/\/aguideinbarcelona.com\/es\/wp-json\/wp\/v2\/pages\/889","targetHints":{"allow":["GET"]}}],"collection":[{"href":"https:\/\/aguideinbarcelona.com\/es\/wp-json\/wp\/v2\/pages"}],"about":[{"href":"https:\/\/aguideinbarcelona.com\/es\/wp-json\/wp\/v2\/types\/page"}],"author":[{"embeddable":true,"href":"https:\/\/aguideinbarcelona.com\/es\/wp-json\/wp\/v2\/users\/4"}],"replies":[{"embeddable":true,"href":"https:\/\/aguideinbarcelona.com\/es\/wp-json\/wp\/v2\/comments?post=889"}],"version-history":[{"count":6,"href":"https:\/\/aguideinbarcelona.com\/es\/wp-json\/wp\/v2\/pages\/889\/revisions"}],"predecessor-version":[{"id":6068,"href":"https:\/\/aguideinbarcelona.com\/es\/wp-json\/wp\/v2\/pages\/889\/revisions\/6068"}],"wp:featuredmedia":[{"embeddable":true,"href":"https:\/\/aguideinbarcelona.com\/es\/wp-json\/wp\/v2\/media\/2698"}],"wp:attachment":[{"href":"https:\/\/aguideinbarcelona.com\/es\/wp-json\/wp\/v2\/media?parent=889"}],"wp:term":[{"taxonomy":"category","embeddable":true,"href":"https:\/\/aguideinbarcelona.com\/es\/wp-json\/wp\/v2\/categories?post=889"},{"taxonomy":"post_tag","embeddable":true,"href":"https:\/\/aguideinbarcelona.com\/es\/wp-json\/wp\/v2\/tags?post=889"}],"curies":[{"name":"wp","href":"https:\/\/api.w.org\/{rel}","templated":true}]}}